{"id":6822,"date":"2020-12-08T09:27:22","date_gmt":"2020-12-08T09:27:22","guid":{"rendered":"https:\/\/vmbshop.ch\/?post_type=product&#038;p=6822"},"modified":"2024-03-20T22:40:38","modified_gmt":"2024-03-20T22:40:38","slug":"rolos-de-swab-de-celulose-com-2x500-pecas-r03","status":"publish","type":"product","link":"https:\/\/vmbcosmetics.ch\/pt\/produto\/rolos-de-swab-de-celulose-com-2x500-pecas-r03\/","title":{"rendered":"Swabs de celulose \u2013 rolos de 2 x 500 pe\u00e7as (R03)"},"content":{"rendered":"<p><span style=\"font-weight: 400;\">Cada rolo cont\u00e9m 2 <\/span><span style=\"font-weight: 400;\">Pacotes<\/span><span style=\"font-weight: 400;\"> com 500 swabs de celulose cada<\/span><span style=\"font-weight: 400;\"> e, portanto, oferece um rico suprimento<\/span><span style=\"font-weight: 400;\"> para suas necessidades di\u00e1rias. Fabricados com materiais de alta qualidade, esses cotonetes proporcionam uma absor\u00e7\u00e3o eficaz e s\u00e3o <\/span><span style=\"font-weight: 400;\">sem fiapos,<\/span><span style=\"font-weight: 400;\"> que <\/span><span style=\"font-weight: 400;\">sem problemas<\/span><span style=\"font-weight: 400;\"> e a aplica\u00e7\u00e3o precisa \u00e9 garantida.<\/span><\/p>\n<p>&nbsp;<\/p>\n<p><span style=\"font-weight: 400;\">Os swabs de celulose s\u00e3o vers\u00e1teis e adequados para uma ampla gama de aplica\u00e7\u00f5es, desde limpeza e <\/span><span style=\"font-weight: 400;\">Prepara\u00e7\u00e3o da pele <\/span><span style=\"font-weight: 400;\">para aplica\u00e7\u00f5es laboratoriais e procedimentos m\u00e9dicos. Sua textura macia e n\u00e3o irritante <\/span><span style=\"font-weight: 400;\">Caracter\u00edsticas<\/span><span style=\"font-weight: 400;\"> torna-os ideais para <\/span><span style=\"font-weight: 400;\">uso em superf\u00edcies sens\u00edveis<\/span><span style=\"font-weight: 400;\"> Pele.<\/span><\/p>\n<p>&nbsp;<\/p>\n<p><span style=\"font-weight: 400;\">Al\u00e9m disso, esses rolos s\u00e3o pr\u00e1ticos e econ\u00f4micos e ajudam a manter seu estoque por mais tempo. <\/span><span style=\"font-weight: 400;\">para receber<\/span><span style=\"font-weight: 400;\">. Seja para uso profissional em instala\u00e7\u00f5es m\u00e9dicas ou para uso dom\u00e9stico, os swabs de celulose - rolos de 2 x 500 (R03) s\u00e3o uma op\u00e7\u00e3o confi\u00e1vel e eficiente.<\/span><\/p>\n<p>&nbsp;<\/p>\n<p><span style=\"font-weight: 400;\">Investir em qualidade e <\/span><span style=\"font-weight: 400;\">Conveni\u00eancia <\/span><span style=\"font-weight: 400;\">- Adquira agora os cotonetes de celulose - rolos com 2 x 500 unidades (R03) e garanta resultados excelentes em <\/span><span style=\"font-weight: 400;\">Suas atividades di\u00e1rias<\/span><span style=\"font-weight: 400;\">.<\/span><\/p>\n<p>&nbsp;<\/p>","protected":false},"excerpt":{"rendered":"<p><span style=\"font-weight: 400;\">Procurar por <\/span><span style=\"font-weight: 400;\">um<\/span><span style=\"font-weight: 400;\"> confi\u00e1vel<\/span><span style=\"font-weight: 400;\">atendimento de alta qualidade <\/span><span style=\"font-weight: 400;\">para suas necessidades m\u00e9dicas ou de cuidados pessoais? Apresentamos os cotonetes de celulose - rolos de 2 x 500 unidades (R03), a solu\u00e7\u00e3o ideal para a \u00e1rea m\u00e9dica,<\/span><span style=\"font-weight: 400;\"> tecnologia de laborat\u00f3rio<\/span><span style=\"font-weight: 400;\"> ou aplica\u00e7\u00f5es est\u00e9ticas.<\/span><\/p>\n<p>&nbsp;<\/p>\n<p>Swabs de celulose de duas fileiras, prontos para uso, feitos de celulose altamente branqueada de acordo com DAB com bordas perfuradas<\/p>\n<p>Para manicure ou tratamento de feridas externas<\/p>\n<p>n\u00e3o est\u00e9ril<\/p>\n<p>Tamanho C\/L: 5 \/ 4 cm<\/p>","protected":false},"featured_media":14736,"comment_status":"closed","ping_status":"closed","template":"","meta":[],"product_brand":[],"product_cat":[124],"product_tag":[],"class_list":{"0":"post-6822","1":"product","2":"type-product","3":"status-publish","4":"has-post-thumbnail","6":"product_cat-diverses","8":"first","9":"instock","10":"taxable","11":"shipping-taxable","12":"purchasable","13":"product-type-simple"},"yoast_head":"<!-- This site is optimized with the Yoast SEO plugin v26.4 - https:\/\/yoast.com\/wordpress\/plugins\/seo\/ -->\n<title>Cellulose-Tupfer - Rollen mit 2 x 500 St\u00fcck (R03) - VMB Cosmetics Shop | Produkte f\u00fcr N\u00e4gel<\/title>\n<meta name=\"robots\" content=\"index, follow, max-snippet:-1, max-image-preview:large, max-video-preview:-1\" \/>\n<link rel=\"canonical\" href=\"https:\/\/vmbcosmetics.ch\/pt\/produto\/rolos-de-swab-de-celulose-com-2x500-pecas-r03\/\" \/>\n<meta property=\"og:locale\" content=\"pt_BR\" \/>\n<meta property=\"og:type\" content=\"article\" \/>\n<meta property=\"og:title\" content=\"Cellulose-Tupfer - Rollen mit 2 x 500 St\u00fcck (R03) - VMB Cosmetics Shop | Produkte f\u00fcr N\u00e4gel\" \/>\n<meta property=\"og:description\" content=\"Suchen Sie nach einer zuverl\u00e4ssigen, qualitativ hochwertigen Versorgung f\u00fcr Ihre medizinischen oder pers\u00f6nlichen Pflegebed\u00fcrfnisse? Wir pr\u00e4sentieren die Cellulose-Tupfer - Rollen mit 2 x 500 St\u00fcck (R03), die ideale L\u00f6sung f\u00fcr medizinische, labortechnische oder \u00e4sthetische Anwendungen.  &nbsp;  Gebrauchsfertige, zweireihige Zellstofftupfer aus hochgebleichtem Zellstoff nach DAB mit gestanzten R\u00e4ndern  F\u00fcr Manik\u00fcre oder zur \u00e4usseren Wundversorgung  nicht steril  Gr\u00f6sse L\/B: 5 \/ 4 cm\" \/>\n<meta property=\"og:url\" content=\"https:\/\/vmbcosmetics.ch\/pt\/produto\/rolos-de-swab-de-celulose-com-2x500-pecas-r03\/\" \/>\n<meta property=\"og:site_name\" content=\"VMB Cosmetics Shop | Produkte f\u00fcr N\u00e4gel\" \/>\n<meta property=\"article:modified_time\" content=\"2024-03-20T22:40:38+00:00\" \/>\n<meta property=\"og:image\" content=\"https:\/\/vmbcosmetics.ch\/wp-content\/uploads\/2023\/08\/7440001.png\" \/>\n\t<meta property=\"og:image:width\" content=\"385\" \/>\n\t<meta property=\"og:image:height\" content=\"386\" \/>\n\t<meta property=\"og:image:type\" content=\"image\/png\" \/>\n<meta name=\"twitter:card\" content=\"summary_large_image\" \/>\n<meta name=\"twitter:label1\" content=\"Est. tempo de leitura\" \/>\n\t<meta name=\"twitter:data1\" content=\"2 minutos\" \/>\n<script type=\"application\/ld+json\" class=\"yoast-schema-graph\">{\"@context\":\"https:\/\/schema.org\",\"@graph\":[{\"@type\":\"WebPage\",\"@id\":\"https:\/\/vmbcosmetics.ch\/produkt\/cellulose-tupfer-rollen-mit-2x500-stueck-r03\/\",\"url\":\"https:\/\/vmbcosmetics.ch\/produkt\/cellulose-tupfer-rollen-mit-2x500-stueck-r03\/\",\"name\":\"Cellulose-Tupfer - Rollen mit 2 x 500 St\u00fcck (R03) - VMB Cosmetics Shop | Produkte f\u00fcr N\u00e4gel\",\"isPartOf\":{\"@id\":\"https:\/\/vmbcosmetics.ch\/#website\"},\"primaryImageOfPage\":{\"@id\":\"https:\/\/vmbcosmetics.ch\/produkt\/cellulose-tupfer-rollen-mit-2x500-stueck-r03\/#primaryimage\"},\"image\":{\"@id\":\"https:\/\/vmbcosmetics.ch\/produkt\/cellulose-tupfer-rollen-mit-2x500-stueck-r03\/#primaryimage\"},\"thumbnailUrl\":\"https:\/\/vmbcosmetics.ch\/wp-content\/uploads\/2023\/08\/7440001.png\",\"datePublished\":\"2020-12-08T09:27:22+00:00\",\"dateModified\":\"2024-03-20T22:40:38+00:00\",\"breadcrumb\":{\"@id\":\"https:\/\/vmbcosmetics.ch\/produkt\/cellulose-tupfer-rollen-mit-2x500-stueck-r03\/#breadcrumb\"},\"inLanguage\":\"pt-BR\",\"potentialAction\":[{\"@type\":\"ReadAction\",\"target\":[\"https:\/\/vmbcosmetics.ch\/produkt\/cellulose-tupfer-rollen-mit-2x500-stueck-r03\/\"]}]},{\"@type\":\"ImageObject\",\"inLanguage\":\"pt-BR\",\"@id\":\"https:\/\/vmbcosmetics.ch\/produkt\/cellulose-tupfer-rollen-mit-2x500-stueck-r03\/#primaryimage\",\"url\":\"https:\/\/vmbcosmetics.ch\/wp-content\/uploads\/2023\/08\/7440001.png\",\"contentUrl\":\"https:\/\/vmbcosmetics.ch\/wp-content\/uploads\/2023\/08\/7440001.png\",\"width\":385,\"height\":386},{\"@type\":\"BreadcrumbList\",\"@id\":\"https:\/\/vmbcosmetics.ch\/produkt\/cellulose-tupfer-rollen-mit-2x500-stueck-r03\/#breadcrumb\",\"itemListElement\":[{\"@type\":\"ListItem\",\"position\":1,\"name\":\"In\u00edcio\",\"item\":\"https:\/\/vmbcosmetics.ch\/\"},{\"@type\":\"ListItem\",\"position\":2,\"name\":\"Shop\",\"item\":\"https:\/\/vmbcosmetics.ch\/shop\/\"},{\"@type\":\"ListItem\",\"position\":3,\"name\":\"Cellulose-Tupfer &#8211; Rollen mit 2 x 500 St\u00fcck (R03)\"}]},{\"@type\":\"WebSite\",\"@id\":\"https:\/\/vmbcosmetics.ch\/#website\",\"url\":\"https:\/\/vmbcosmetics.ch\/\",\"name\":\"VMB Cosmetics Shop | Produkte f\u00fcr N\u00e4gel\",\"description\":\"Die besten Produkte f\u00fcr die N\u00e4gel finden Sie hier. Wir haben eine Vielzahl von Farben und Zubeh\u00f6r f\u00fcr Ihre N\u00e4gel.\",\"potentialAction\":[{\"@type\":\"SearchAction\",\"target\":{\"@type\":\"EntryPoint\",\"urlTemplate\":\"https:\/\/vmbcosmetics.ch\/?s={search_term_string}\"},\"query-input\":{\"@type\":\"PropertyValueSpecification\",\"valueRequired\":true,\"valueName\":\"search_term_string\"}}],\"inLanguage\":\"pt-BR\"}]}<\/script>\n<!-- \/ Yoast SEO plugin. -->","yoast_head_json":{"title":"Cotonetes de celulose - rolos com 2 x 500 pe\u00e7as (R03) - VMB Cosmetics Shop | Produtos para unhas","robots":{"index":"index","follow":"follow","max-snippet":"max-snippet:-1","max-image-preview":"max-image-preview:large","max-video-preview":"max-video-preview:-1"},"canonical":"https:\/\/vmbcosmetics.ch\/pt\/produto\/rolos-de-swab-de-celulose-com-2x500-pecas-r03\/","og_locale":"pt_BR","og_type":"article","og_title":"Cellulose-Tupfer - Rollen mit 2 x 500 St\u00fcck (R03) - VMB Cosmetics Shop | Produkte f\u00fcr N\u00e4gel","og_description":"Suchen Sie nach einer zuverl\u00e4ssigen, qualitativ hochwertigen Versorgung f\u00fcr Ihre medizinischen oder pers\u00f6nlichen Pflegebed\u00fcrfnisse? Wir pr\u00e4sentieren die Cellulose-Tupfer - Rollen mit 2 x 500 St\u00fcck (R03), die ideale L\u00f6sung f\u00fcr medizinische, labortechnische oder \u00e4sthetische Anwendungen.  &nbsp;  Gebrauchsfertige, zweireihige Zellstofftupfer aus hochgebleichtem Zellstoff nach DAB mit gestanzten R\u00e4ndern  F\u00fcr Manik\u00fcre oder zur \u00e4usseren Wundversorgung  nicht steril  Gr\u00f6sse L\/B: 5 \/ 4 cm","og_url":"https:\/\/vmbcosmetics.ch\/pt\/produto\/rolos-de-swab-de-celulose-com-2x500-pecas-r03\/","og_site_name":"VMB Cosmetics Shop | Produkte f\u00fcr N\u00e4gel","article_modified_time":"2024-03-20T22:40:38+00:00","og_image":[{"width":385,"height":386,"url":"https:\/\/vmbcosmetics.ch\/wp-content\/uploads\/2023\/08\/7440001.png","type":"image\/png"}],"twitter_card":"summary_large_image","twitter_misc":{"Est. tempo de leitura":"2 minutos"},"schema":{"@context":"https:\/\/schema.org","@graph":[{"@type":"WebPage","@id":"https:\/\/vmbcosmetics.ch\/produkt\/cellulose-tupfer-rollen-mit-2x500-stueck-r03\/","url":"https:\/\/vmbcosmetics.ch\/produkt\/cellulose-tupfer-rollen-mit-2x500-stueck-r03\/","name":"Cotonetes de celulose - rolos com 2 x 500 pe\u00e7as (R03) - VMB Cosmetics Shop | Produtos para unhas","isPartOf":{"@id":"https:\/\/vmbcosmetics.ch\/#website"},"primaryImageOfPage":{"@id":"https:\/\/vmbcosmetics.ch\/produkt\/cellulose-tupfer-rollen-mit-2x500-stueck-r03\/#primaryimage"},"image":{"@id":"https:\/\/vmbcosmetics.ch\/produkt\/cellulose-tupfer-rollen-mit-2x500-stueck-r03\/#primaryimage"},"thumbnailUrl":"https:\/\/vmbcosmetics.ch\/wp-content\/uploads\/2023\/08\/7440001.png","datePublished":"2020-12-08T09:27:22+00:00","dateModified":"2024-03-20T22:40:38+00:00","breadcrumb":{"@id":"https:\/\/vmbcosmetics.ch\/produkt\/cellulose-tupfer-rollen-mit-2x500-stueck-r03\/#breadcrumb"},"inLanguage":"pt-BR","potentialAction":[{"@type":"ReadAction","target":["https:\/\/vmbcosmetics.ch\/produkt\/cellulose-tupfer-rollen-mit-2x500-stueck-r03\/"]}]},{"@type":"ImageObject","inLanguage":"pt-BR","@id":"https:\/\/vmbcosmetics.ch\/produkt\/cellulose-tupfer-rollen-mit-2x500-stueck-r03\/#primaryimage","url":"https:\/\/vmbcosmetics.ch\/wp-content\/uploads\/2023\/08\/7440001.png","contentUrl":"https:\/\/vmbcosmetics.ch\/wp-content\/uploads\/2023\/08\/7440001.png","width":385,"height":386},{"@type":"BreadcrumbList","@id":"https:\/\/vmbcosmetics.ch\/produkt\/cellulose-tupfer-rollen-mit-2x500-stueck-r03\/#breadcrumb","itemListElement":[{"@type":"ListItem","position":1,"name":"In\u00edcio","item":"https:\/\/vmbcosmetics.ch\/"},{"@type":"ListItem","position":2,"name":"Shop","item":"https:\/\/vmbcosmetics.ch\/shop\/"},{"@type":"ListItem","position":3,"name":"Cellulose-Tupfer &#8211; Rollen mit 2 x 500 St\u00fcck (R03)"}]},{"@type":"WebSite","@id":"https:\/\/vmbcosmetics.ch\/#website","url":"https:\/\/vmbcosmetics.ch\/","name":"VMB Cosmetics Shop | Produtos para unhas","description":"Voc\u00ea pode encontrar os melhores produtos para unhas aqui. Temos uma variedade de cores e acess\u00f3rios para as suas unhas.","potentialAction":[{"@type":"SearchAction","target":{"@type":"EntryPoint","urlTemplate":"https:\/\/vmbcosmetics.ch\/?s={search_term_string}"},"query-input":{"@type":"PropertyValueSpecification","valueRequired":true,"valueName":"search_term_string"}}],"inLanguage":"pt-BR"}]}},"_links":{"self":[{"href":"https:\/\/vmbcosmetics.ch\/pt\/wp-json\/wp\/v2\/product\/6822","targetHints":{"allow":["GET"]}}],"collection":[{"href":"https:\/\/vmbcosmetics.ch\/pt\/wp-json\/wp\/v2\/product"}],"about":[{"href":"https:\/\/vmbcosmetics.ch\/pt\/wp-json\/wp\/v2\/types\/product"}],"replies":[{"embeddable":true,"href":"https:\/\/vmbcosmetics.ch\/pt\/wp-json\/wp\/v2\/comments?post=6822"}],"wp:featuredmedia":[{"embeddable":true,"href":"https:\/\/vmbcosmetics.ch\/pt\/wp-json\/wp\/v2\/media\/14736"}],"wp:attachment":[{"href":"https:\/\/vmbcosmetics.ch\/pt\/wp-json\/wp\/v2\/media?parent=6822"}],"wp:term":[{"taxonomy":"product_brand","embeddable":true,"href":"https:\/\/vmbcosmetics.ch\/pt\/wp-json\/wp\/v2\/product_brand?post=6822"},{"taxonomy":"product_cat","embeddable":true,"href":"https:\/\/vmbcosmetics.ch\/pt\/wp-json\/wp\/v2\/product_cat?post=6822"},{"taxonomy":"product_tag","embeddable":true,"href":"https:\/\/vmbcosmetics.ch\/pt\/wp-json\/wp\/v2\/product_tag?post=6822"}],"curies":[{"name":"wp","href":"https:\/\/api.w.org\/{rel}","templated":true}]}}