{"id":6792,"date":"2020-11-29T16:27:28","date_gmt":"2020-11-29T16:27:28","guid":{"rendered":"https:\/\/vmbshop.ch\/?post_type=product&#038;p=6792"},"modified":"2023-08-21T22:40:09","modified_gmt":"2023-08-21T22:40:09","slug":"luvas-de-nitrilo-violeta-sem-po-extra-fortes-tamanho-s","status":"publish","type":"product","link":"https:\/\/vmbcosmetics.ch\/pt\/produto\/luvas-de-nitrilo-violeta-sem-po-extra-fortes-tamanho-s\/","title":{"rendered":"Luvas de nitrilo roxas \u2013 sem p\u00f3 \u2013 extra fortes, tamanho S"},"content":{"rendered":"","protected":false},"excerpt":{"rendered":"<p>Luvas de nitrilo roxas - sem p\u00f3 - extra fortes<\/p>\n<p>Tamanho S<\/p>\n<p>Caixa de 100 unidades<\/p>","protected":false},"featured_media":14726,"comment_status":"closed","ping_status":"closed","template":"","meta":[],"product_brand":[],"product_cat":[140],"product_tag":[],"class_list":{"0":"post-6792","1":"product","2":"type-product","3":"status-publish","4":"has-post-thumbnail","6":"product_cat-handschuhe","8":"first","9":"instock","10":"taxable","11":"shipping-taxable","12":"purchasable","13":"product-type-simple"},"yoast_head":"<!-- This site is optimized with the Yoast SEO plugin v26.4 - https:\/\/yoast.com\/wordpress\/plugins\/seo\/ -->\n<title>Violette Nitrilhandschuhe - puderfrei - extra stark, Gr\u00f6sse S - VMB Cosmetics Shop | Produkte f\u00fcr N\u00e4gel<\/title>\n<meta name=\"robots\" content=\"index, follow, max-snippet:-1, max-image-preview:large, max-video-preview:-1\" \/>\n<link rel=\"canonical\" href=\"https:\/\/vmbcosmetics.ch\/pt\/produto\/luvas-de-nitrilo-violeta-sem-po-extra-fortes-tamanho-s\/\" \/>\n<meta property=\"og:locale\" content=\"pt_BR\" \/>\n<meta property=\"og:type\" content=\"article\" \/>\n<meta property=\"og:title\" content=\"Violette Nitrilhandschuhe - puderfrei - extra stark, Gr\u00f6sse S - VMB Cosmetics Shop | Produkte f\u00fcr N\u00e4gel\" \/>\n<meta property=\"og:description\" content=\"Violette Nitrilhandschuhe - puderfrei - extra stark  Gr\u00f6sse S  Box mit 100 Einheiten\" \/>\n<meta property=\"og:url\" content=\"https:\/\/vmbcosmetics.ch\/pt\/produto\/luvas-de-nitrilo-violeta-sem-po-extra-fortes-tamanho-s\/\" \/>\n<meta property=\"og:site_name\" content=\"VMB Cosmetics Shop | Produkte f\u00fcr N\u00e4gel\" \/>\n<meta property=\"article:modified_time\" content=\"2023-08-21T22:40:09+00:00\" \/>\n<meta property=\"og:image\" content=\"https:\/\/vmbcosmetics.ch\/wp-content\/uploads\/2023\/08\/2916102.png\" \/>\n\t<meta property=\"og:image:width\" content=\"431\" \/>\n\t<meta property=\"og:image:height\" content=\"449\" \/>\n\t<meta property=\"og:image:type\" content=\"image\/png\" \/>\n<meta name=\"twitter:card\" content=\"summary_large_image\" \/>\n<script type=\"application\/ld+json\" class=\"yoast-schema-graph\">{\"@context\":\"https:\/\/schema.org\",\"@graph\":[{\"@type\":\"WebPage\",\"@id\":\"https:\/\/vmbcosmetics.ch\/produkt\/violette-nitrilhandschuhe-puderfrei-extra-stark-groesse-s\/\",\"url\":\"https:\/\/vmbcosmetics.ch\/produkt\/violette-nitrilhandschuhe-puderfrei-extra-stark-groesse-s\/\",\"name\":\"Violette Nitrilhandschuhe - puderfrei - extra stark, Gr\u00f6sse S - VMB Cosmetics Shop | Produkte f\u00fcr N\u00e4gel\",\"isPartOf\":{\"@id\":\"https:\/\/vmbcosmetics.ch\/#website\"},\"primaryImageOfPage\":{\"@id\":\"https:\/\/vmbcosmetics.ch\/produkt\/violette-nitrilhandschuhe-puderfrei-extra-stark-groesse-s\/#primaryimage\"},\"image\":{\"@id\":\"https:\/\/vmbcosmetics.ch\/produkt\/violette-nitrilhandschuhe-puderfrei-extra-stark-groesse-s\/#primaryimage\"},\"thumbnailUrl\":\"https:\/\/vmbcosmetics.ch\/wp-content\/uploads\/2023\/08\/2916102.png\",\"datePublished\":\"2020-11-29T16:27:28+00:00\",\"dateModified\":\"2023-08-21T22:40:09+00:00\",\"breadcrumb\":{\"@id\":\"https:\/\/vmbcosmetics.ch\/produkt\/violette-nitrilhandschuhe-puderfrei-extra-stark-groesse-s\/#breadcrumb\"},\"inLanguage\":\"pt-BR\",\"potentialAction\":[{\"@type\":\"ReadAction\",\"target\":[\"https:\/\/vmbcosmetics.ch\/produkt\/violette-nitrilhandschuhe-puderfrei-extra-stark-groesse-s\/\"]}]},{\"@type\":\"ImageObject\",\"inLanguage\":\"pt-BR\",\"@id\":\"https:\/\/vmbcosmetics.ch\/produkt\/violette-nitrilhandschuhe-puderfrei-extra-stark-groesse-s\/#primaryimage\",\"url\":\"https:\/\/vmbcosmetics.ch\/wp-content\/uploads\/2023\/08\/2916102.png\",\"contentUrl\":\"https:\/\/vmbcosmetics.ch\/wp-content\/uploads\/2023\/08\/2916102.png\",\"width\":431,\"height\":449},{\"@type\":\"BreadcrumbList\",\"@id\":\"https:\/\/vmbcosmetics.ch\/produkt\/violette-nitrilhandschuhe-puderfrei-extra-stark-groesse-s\/#breadcrumb\",\"itemListElement\":[{\"@type\":\"ListItem\",\"position\":1,\"name\":\"In\u00edcio\",\"item\":\"https:\/\/vmbcosmetics.ch\/\"},{\"@type\":\"ListItem\",\"position\":2,\"name\":\"Shop\",\"item\":\"https:\/\/vmbcosmetics.ch\/shop\/\"},{\"@type\":\"ListItem\",\"position\":3,\"name\":\"Violette Nitrilhandschuhe &#8211; puderfrei &#8211; extra stark, Gr\u00f6sse S\"}]},{\"@type\":\"WebSite\",\"@id\":\"https:\/\/vmbcosmetics.ch\/#website\",\"url\":\"https:\/\/vmbcosmetics.ch\/\",\"name\":\"VMB Cosmetics Shop | Produkte f\u00fcr N\u00e4gel\",\"description\":\"Die besten Produkte f\u00fcr die N\u00e4gel finden Sie hier. Wir haben eine Vielzahl von Farben und Zubeh\u00f6r f\u00fcr Ihre N\u00e4gel.\",\"potentialAction\":[{\"@type\":\"SearchAction\",\"target\":{\"@type\":\"EntryPoint\",\"urlTemplate\":\"https:\/\/vmbcosmetics.ch\/?s={search_term_string}\"},\"query-input\":{\"@type\":\"PropertyValueSpecification\",\"valueRequired\":true,\"valueName\":\"search_term_string\"}}],\"inLanguage\":\"pt-BR\"}]}<\/script>\n<!-- \/ Yoast SEO plugin. -->","yoast_head_json":{"title":"Luvas de nitrilo violeta - sem p\u00f3 - extra fortes, tamanho S - VMB Cosmetics Shop | Produtos para unhas","robots":{"index":"index","follow":"follow","max-snippet":"max-snippet:-1","max-image-preview":"max-image-preview:large","max-video-preview":"max-video-preview:-1"},"canonical":"https:\/\/vmbcosmetics.ch\/pt\/produto\/luvas-de-nitrilo-violeta-sem-po-extra-fortes-tamanho-s\/","og_locale":"pt_BR","og_type":"article","og_title":"Violette Nitrilhandschuhe - puderfrei - extra stark, Gr\u00f6sse S - VMB Cosmetics Shop | Produkte f\u00fcr N\u00e4gel","og_description":"Violette Nitrilhandschuhe - puderfrei - extra stark  Gr\u00f6sse S  Box mit 100 Einheiten","og_url":"https:\/\/vmbcosmetics.ch\/pt\/produto\/luvas-de-nitrilo-violeta-sem-po-extra-fortes-tamanho-s\/","og_site_name":"VMB Cosmetics Shop | Produkte f\u00fcr N\u00e4gel","article_modified_time":"2023-08-21T22:40:09+00:00","og_image":[{"width":431,"height":449,"url":"https:\/\/vmbcosmetics.ch\/wp-content\/uploads\/2023\/08\/2916102.png","type":"image\/png"}],"twitter_card":"summary_large_image","schema":{"@context":"https:\/\/schema.org","@graph":[{"@type":"WebPage","@id":"https:\/\/vmbcosmetics.ch\/produkt\/violette-nitrilhandschuhe-puderfrei-extra-stark-groesse-s\/","url":"https:\/\/vmbcosmetics.ch\/produkt\/violette-nitrilhandschuhe-puderfrei-extra-stark-groesse-s\/","name":"Luvas de nitrilo violeta - sem p\u00f3 - extra fortes, tamanho S - VMB Cosmetics Shop | Produtos para unhas","isPartOf":{"@id":"https:\/\/vmbcosmetics.ch\/#website"},"primaryImageOfPage":{"@id":"https:\/\/vmbcosmetics.ch\/produkt\/violette-nitrilhandschuhe-puderfrei-extra-stark-groesse-s\/#primaryimage"},"image":{"@id":"https:\/\/vmbcosmetics.ch\/produkt\/violette-nitrilhandschuhe-puderfrei-extra-stark-groesse-s\/#primaryimage"},"thumbnailUrl":"https:\/\/vmbcosmetics.ch\/wp-content\/uploads\/2023\/08\/2916102.png","datePublished":"2020-11-29T16:27:28+00:00","dateModified":"2023-08-21T22:40:09+00:00","breadcrumb":{"@id":"https:\/\/vmbcosmetics.ch\/produkt\/violette-nitrilhandschuhe-puderfrei-extra-stark-groesse-s\/#breadcrumb"},"inLanguage":"pt-BR","potentialAction":[{"@type":"ReadAction","target":["https:\/\/vmbcosmetics.ch\/produkt\/violette-nitrilhandschuhe-puderfrei-extra-stark-groesse-s\/"]}]},{"@type":"ImageObject","inLanguage":"pt-BR","@id":"https:\/\/vmbcosmetics.ch\/produkt\/violette-nitrilhandschuhe-puderfrei-extra-stark-groesse-s\/#primaryimage","url":"https:\/\/vmbcosmetics.ch\/wp-content\/uploads\/2023\/08\/2916102.png","contentUrl":"https:\/\/vmbcosmetics.ch\/wp-content\/uploads\/2023\/08\/2916102.png","width":431,"height":449},{"@type":"BreadcrumbList","@id":"https:\/\/vmbcosmetics.ch\/produkt\/violette-nitrilhandschuhe-puderfrei-extra-stark-groesse-s\/#breadcrumb","itemListElement":[{"@type":"ListItem","position":1,"name":"In\u00edcio","item":"https:\/\/vmbcosmetics.ch\/"},{"@type":"ListItem","position":2,"name":"Shop","item":"https:\/\/vmbcosmetics.ch\/shop\/"},{"@type":"ListItem","position":3,"name":"Violette Nitrilhandschuhe &#8211; puderfrei &#8211; extra stark, Gr\u00f6sse S"}]},{"@type":"WebSite","@id":"https:\/\/vmbcosmetics.ch\/#website","url":"https:\/\/vmbcosmetics.ch\/","name":"VMB Cosmetics Shop | Produtos para unhas","description":"Voc\u00ea pode encontrar os melhores produtos para unhas aqui. Temos uma variedade de cores e acess\u00f3rios para as suas unhas.","potentialAction":[{"@type":"SearchAction","target":{"@type":"EntryPoint","urlTemplate":"https:\/\/vmbcosmetics.ch\/?s={search_term_string}"},"query-input":{"@type":"PropertyValueSpecification","valueRequired":true,"valueName":"search_term_string"}}],"inLanguage":"pt-BR"}]}},"_links":{"self":[{"href":"https:\/\/vmbcosmetics.ch\/pt\/wp-json\/wp\/v2\/product\/6792","targetHints":{"allow":["GET"]}}],"collection":[{"href":"https:\/\/vmbcosmetics.ch\/pt\/wp-json\/wp\/v2\/product"}],"about":[{"href":"https:\/\/vmbcosmetics.ch\/pt\/wp-json\/wp\/v2\/types\/product"}],"replies":[{"embeddable":true,"href":"https:\/\/vmbcosmetics.ch\/pt\/wp-json\/wp\/v2\/comments?post=6792"}],"wp:featuredmedia":[{"embeddable":true,"href":"https:\/\/vmbcosmetics.ch\/pt\/wp-json\/wp\/v2\/media\/14726"}],"wp:attachment":[{"href":"https:\/\/vmbcosmetics.ch\/pt\/wp-json\/wp\/v2\/media?parent=6792"}],"wp:term":[{"taxonomy":"product_brand","embeddable":true,"href":"https:\/\/vmbcosmetics.ch\/pt\/wp-json\/wp\/v2\/product_brand?post=6792"},{"taxonomy":"product_cat","embeddable":true,"href":"https:\/\/vmbcosmetics.ch\/pt\/wp-json\/wp\/v2\/product_cat?post=6792"},{"taxonomy":"product_tag","embeddable":true,"href":"https:\/\/vmbcosmetics.ch\/pt\/wp-json\/wp\/v2\/product_tag?post=6792"}],"curies":[{"name":"wp","href":"https:\/\/api.w.org\/{rel}","templated":true}]}}