{"id":5138,"date":"2020-08-30T13:52:22","date_gmt":"2020-08-30T13:52:22","guid":{"rendered":"https:\/\/vmbshop.ch\/?post_type=product&#038;p=5138"},"modified":"2023-08-21T22:40:04","modified_gmt":"2023-08-21T22:40:04","slug":"branco-americano","status":"publish","type":"product","link":"https:\/\/vmbcosmetics.ch\/pt\/produto\/branco-americano\/","title":{"rendered":"Americano Branco"},"content":{"rendered":"","protected":false},"excerpt":{"rendered":"<p><strong>Descri\u00e7\u00e3o<\/strong><br \/>\nSNS oferece dois tons de branco para as pontas das unhas. French White \u00e9 um branco intenso que cria facilmente uma \u201clua\u201d ou \u201csorriso\u201d perfeito.<br \/>\nVoc\u00ea tamb\u00e9m tem a op\u00e7\u00e3o de usar French White Glitter para um branco mais transl\u00facido e com brilho perfeito.<br \/>\nSe preferir um visual natural, voc\u00ea tamb\u00e9m pode escolher American White para um branco mais suave e cremoso.<\/p>\n<p>&nbsp;<\/p>\n<p><strong>Recomendado<\/strong><strong> Usar:<\/strong><br \/>\nUse em combina\u00e7\u00e3o com um dos nossos p\u00f3s rosa para criar a apar\u00eancia de uma manicure francesa.<\/p>","protected":false},"featured_media":14723,"comment_status":"open","ping_status":"closed","template":"","meta":[],"product_brand":[],"product_cat":[165],"product_tag":[],"class_list":{"0":"post-5138","1":"product","2":"type-product","3":"status-publish","4":"has-post-thumbnail","6":"product_cat-aufbau-pulver-sns-nagel-produkte","8":"first","9":"instock","10":"taxable","11":"shipping-taxable","12":"purchasable","13":"product-type-simple"},"yoast_head":"<!-- This site is optimized with the Yoast SEO plugin v26.4 - https:\/\/yoast.com\/wordpress\/plugins\/seo\/ -->\n<title>American White - VMB Cosmetics Shop | Produkte f\u00fcr N\u00e4gel<\/title>\n<meta name=\"robots\" content=\"index, follow, max-snippet:-1, max-image-preview:large, max-video-preview:-1\" \/>\n<link rel=\"canonical\" href=\"https:\/\/vmbcosmetics.ch\/pt\/produto\/branco-americano\/\" \/>\n<meta property=\"og:locale\" content=\"pt_BR\" \/>\n<meta property=\"og:type\" content=\"article\" \/>\n<meta property=\"og:title\" content=\"American White - VMB Cosmetics Shop | Produkte f\u00fcr N\u00e4gel\" \/>\n<meta property=\"og:description\" content=\"Beschreibung SNS bietet zwei Weisst\u00f6ne f\u00fcr die Nagelspitzen an. French White ist ein intensives Weiss, das leicht einen perfekten \u201eMond\u201c oder ein \u201eL\u00e4cheln\u201c erzeugt. Sie haben auch die M\u00f6glichkeit, French White Glitter f\u00fcr ein durchscheinenderes Weiss mit perfektem Glanz zu verwenden. Wenn Sie einen nat\u00fcrlichen Look bevorzugen, k\u00f6nnen Sie auch American White f\u00fcr ein weicheres, cremigeres Weiss w\u00e4hlen.  &nbsp;  Empfohlener Gebrauch: Verwendung in Kombination mit einem von unseren rosa Pulver um den Look einer French Manik\u00fcre zu kreieren..\" \/>\n<meta property=\"og:url\" content=\"https:\/\/vmbcosmetics.ch\/pt\/produto\/branco-americano\/\" \/>\n<meta property=\"og:site_name\" content=\"VMB Cosmetics Shop | Produkte f\u00fcr N\u00e4gel\" \/>\n<meta property=\"article:modified_time\" content=\"2023-08-21T22:40:04+00:00\" \/>\n<meta property=\"og:image\" content=\"https:\/\/vmbcosmetics.ch\/wp-content\/uploads\/2023\/08\/102.jpg\" \/>\n\t<meta property=\"og:image:width\" content=\"350\" \/>\n\t<meta property=\"og:image:height\" content=\"350\" \/>\n\t<meta property=\"og:image:type\" content=\"image\/jpeg\" \/>\n<meta name=\"twitter:card\" content=\"summary_large_image\" \/>\n<script type=\"application\/ld+json\" class=\"yoast-schema-graph\">{\"@context\":\"https:\/\/schema.org\",\"@graph\":[{\"@type\":\"WebPage\",\"@id\":\"https:\/\/vmbcosmetics.ch\/pt\/produto\/american-white\/\",\"url\":\"https:\/\/vmbcosmetics.ch\/pt\/produto\/american-white\/\",\"name\":\"American White - VMB Cosmetics Shop | Produkte f\u00fcr N\u00e4gel\",\"isPartOf\":{\"@id\":\"https:\/\/vmbcosmetics.ch\/#website\"},\"primaryImageOfPage\":{\"@id\":\"https:\/\/vmbcosmetics.ch\/pt\/produto\/american-white\/#primaryimage\"},\"image\":{\"@id\":\"https:\/\/vmbcosmetics.ch\/pt\/produto\/american-white\/#primaryimage\"},\"thumbnailUrl\":\"https:\/\/vmbcosmetics.ch\/wp-content\/uploads\/2023\/08\/102.jpg\",\"datePublished\":\"2020-08-30T13:52:22+00:00\",\"dateModified\":\"2023-08-21T22:40:04+00:00\",\"breadcrumb\":{\"@id\":\"https:\/\/vmbcosmetics.ch\/pt\/produto\/american-white\/#breadcrumb\"},\"inLanguage\":\"pt-BR\",\"potentialAction\":[{\"@type\":\"ReadAction\",\"target\":[\"https:\/\/vmbcosmetics.ch\/pt\/produto\/american-white\/\"]}]},{\"@type\":\"ImageObject\",\"inLanguage\":\"pt-BR\",\"@id\":\"https:\/\/vmbcosmetics.ch\/pt\/produto\/american-white\/#primaryimage\",\"url\":\"https:\/\/vmbcosmetics.ch\/wp-content\/uploads\/2023\/08\/102.jpg\",\"contentUrl\":\"https:\/\/vmbcosmetics.ch\/wp-content\/uploads\/2023\/08\/102.jpg\",\"width\":350,\"height\":350},{\"@type\":\"BreadcrumbList\",\"@id\":\"https:\/\/vmbcosmetics.ch\/pt\/produto\/american-white\/#breadcrumb\",\"itemListElement\":[{\"@type\":\"ListItem\",\"position\":1,\"name\":\"In\u00edcio\",\"item\":\"https:\/\/vmbcosmetics.ch\/\"},{\"@type\":\"ListItem\",\"position\":2,\"name\":\"Shop\",\"item\":\"https:\/\/vmbcosmetics.ch\/shop\/\"},{\"@type\":\"ListItem\",\"position\":3,\"name\":\"American White\"}]},{\"@type\":\"WebSite\",\"@id\":\"https:\/\/vmbcosmetics.ch\/#website\",\"url\":\"https:\/\/vmbcosmetics.ch\/\",\"name\":\"VMB Cosmetics Shop | Produkte f\u00fcr N\u00e4gel\",\"description\":\"Die besten Produkte f\u00fcr die N\u00e4gel finden Sie hier. Wir haben eine Vielzahl von Farben und Zubeh\u00f6r f\u00fcr Ihre N\u00e4gel.\",\"potentialAction\":[{\"@type\":\"SearchAction\",\"target\":{\"@type\":\"EntryPoint\",\"urlTemplate\":\"https:\/\/vmbcosmetics.ch\/?s={search_term_string}\"},\"query-input\":{\"@type\":\"PropertyValueSpecification\",\"valueRequired\":true,\"valueName\":\"search_term_string\"}}],\"inLanguage\":\"pt-BR\"}]}<\/script>\n<!-- \/ Yoast SEO plugin. -->","yoast_head_json":{"title":"American White - VMB Cosmetics Shop | Produtos para unhas","robots":{"index":"index","follow":"follow","max-snippet":"max-snippet:-1","max-image-preview":"max-image-preview:large","max-video-preview":"max-video-preview:-1"},"canonical":"https:\/\/vmbcosmetics.ch\/pt\/produto\/branco-americano\/","og_locale":"pt_BR","og_type":"article","og_title":"American White - VMB Cosmetics Shop | Produkte f\u00fcr N\u00e4gel","og_description":"Beschreibung SNS bietet zwei Weisst\u00f6ne f\u00fcr die Nagelspitzen an. French White ist ein intensives Weiss, das leicht einen perfekten \u201eMond\u201c oder ein \u201eL\u00e4cheln\u201c erzeugt. Sie haben auch die M\u00f6glichkeit, French White Glitter f\u00fcr ein durchscheinenderes Weiss mit perfektem Glanz zu verwenden. Wenn Sie einen nat\u00fcrlichen Look bevorzugen, k\u00f6nnen Sie auch American White f\u00fcr ein weicheres, cremigeres Weiss w\u00e4hlen.  &nbsp;  Empfohlener Gebrauch: Verwendung in Kombination mit einem von unseren rosa Pulver um den Look einer French Manik\u00fcre zu kreieren..","og_url":"https:\/\/vmbcosmetics.ch\/pt\/produto\/branco-americano\/","og_site_name":"VMB Cosmetics Shop | Produkte f\u00fcr N\u00e4gel","article_modified_time":"2023-08-21T22:40:04+00:00","og_image":[{"width":350,"height":350,"url":"https:\/\/vmbcosmetics.ch\/wp-content\/uploads\/2023\/08\/102.jpg","type":"image\/jpeg"}],"twitter_card":"summary_large_image","schema":{"@context":"https:\/\/schema.org","@graph":[{"@type":"WebPage","@id":"https:\/\/vmbcosmetics.ch\/pt\/produto\/american-white\/","url":"https:\/\/vmbcosmetics.ch\/pt\/produto\/american-white\/","name":"American White - VMB Cosmetics Shop | Produtos para unhas","isPartOf":{"@id":"https:\/\/vmbcosmetics.ch\/#website"},"primaryImageOfPage":{"@id":"https:\/\/vmbcosmetics.ch\/pt\/produto\/american-white\/#primaryimage"},"image":{"@id":"https:\/\/vmbcosmetics.ch\/pt\/produto\/american-white\/#primaryimage"},"thumbnailUrl":"https:\/\/vmbcosmetics.ch\/wp-content\/uploads\/2023\/08\/102.jpg","datePublished":"2020-08-30T13:52:22+00:00","dateModified":"2023-08-21T22:40:04+00:00","breadcrumb":{"@id":"https:\/\/vmbcosmetics.ch\/pt\/produto\/american-white\/#breadcrumb"},"inLanguage":"pt-BR","potentialAction":[{"@type":"ReadAction","target":["https:\/\/vmbcosmetics.ch\/pt\/produto\/american-white\/"]}]},{"@type":"ImageObject","inLanguage":"pt-BR","@id":"https:\/\/vmbcosmetics.ch\/pt\/produto\/american-white\/#primaryimage","url":"https:\/\/vmbcosmetics.ch\/wp-content\/uploads\/2023\/08\/102.jpg","contentUrl":"https:\/\/vmbcosmetics.ch\/wp-content\/uploads\/2023\/08\/102.jpg","width":350,"height":350},{"@type":"BreadcrumbList","@id":"https:\/\/vmbcosmetics.ch\/pt\/produto\/american-white\/#breadcrumb","itemListElement":[{"@type":"ListItem","position":1,"name":"In\u00edcio","item":"https:\/\/vmbcosmetics.ch\/"},{"@type":"ListItem","position":2,"name":"Shop","item":"https:\/\/vmbcosmetics.ch\/shop\/"},{"@type":"ListItem","position":3,"name":"American White"}]},{"@type":"WebSite","@id":"https:\/\/vmbcosmetics.ch\/#website","url":"https:\/\/vmbcosmetics.ch\/","name":"VMB Cosmetics Shop | Produtos para unhas","description":"Voc\u00ea pode encontrar os melhores produtos para unhas aqui. Temos uma variedade de cores e acess\u00f3rios para as suas unhas.","potentialAction":[{"@type":"SearchAction","target":{"@type":"EntryPoint","urlTemplate":"https:\/\/vmbcosmetics.ch\/?s={search_term_string}"},"query-input":{"@type":"PropertyValueSpecification","valueRequired":true,"valueName":"search_term_string"}}],"inLanguage":"pt-BR"}]}},"_links":{"self":[{"href":"https:\/\/vmbcosmetics.ch\/pt\/wp-json\/wp\/v2\/product\/5138","targetHints":{"allow":["GET"]}}],"collection":[{"href":"https:\/\/vmbcosmetics.ch\/pt\/wp-json\/wp\/v2\/product"}],"about":[{"href":"https:\/\/vmbcosmetics.ch\/pt\/wp-json\/wp\/v2\/types\/product"}],"replies":[{"embeddable":true,"href":"https:\/\/vmbcosmetics.ch\/pt\/wp-json\/wp\/v2\/comments?post=5138"}],"wp:featuredmedia":[{"embeddable":true,"href":"https:\/\/vmbcosmetics.ch\/pt\/wp-json\/wp\/v2\/media\/14723"}],"wp:attachment":[{"href":"https:\/\/vmbcosmetics.ch\/pt\/wp-json\/wp\/v2\/media?parent=5138"}],"wp:term":[{"taxonomy":"product_brand","embeddable":true,"href":"https:\/\/vmbcosmetics.ch\/pt\/wp-json\/wp\/v2\/product_brand?post=5138"},{"taxonomy":"product_cat","embeddable":true,"href":"https:\/\/vmbcosmetics.ch\/pt\/wp-json\/wp\/v2\/product_cat?post=5138"},{"taxonomy":"product_tag","embeddable":true,"href":"https:\/\/vmbcosmetics.ch\/pt\/wp-json\/wp\/v2\/product_tag?post=5138"}],"curies":[{"name":"wp","href":"https:\/\/api.w.org\/{rel}","templated":true}]}}