{"id":4772,"date":"2020-05-05T08:39:29","date_gmt":"2020-05-05T08:39:29","guid":{"rendered":"https:\/\/vmbshop.ch\/?post_type=product&#038;p=4772"},"modified":"2023-09-26T01:31:46","modified_gmt":"2023-09-26T01:31:46","slug":"colecao-2-do-pais-das-maravilhas-do-inverno","status":"publish","type":"product","link":"https:\/\/vmbcosmetics.ch\/pt\/produto\/colecao-2-do-pais-das-maravilhas-do-inverno\/","title":{"rendered":"Bola de Neve \u2013 Cole\u00e7\u00e3o Winter Wonderland 2"},"content":{"rendered":"","protected":false},"excerpt":{"rendered":"<p><strong>Cole\u00e7\u00e3o pa\u00eds das maravilhas do inverno<\/strong><\/p>\n<p>Capacidade: Frasco com 28g (1oz) de p\u00f3 colorido<\/p>\n<p>Ingredientes ativos organicamente processados<\/p>\n<p>&nbsp;<\/p>\n<p>SNS Gelous Colors oferece uma grande sele\u00e7\u00e3o de cores originais deslumbrantes.<\/p>\n<p>Cada um deles oferece um acabamento espelhado brilhante que dura 14 dias ou mais, ao mesmo tempo que fornece nutrientes especiais ao leito ungueal natural.<\/p>","protected":false},"featured_media":14712,"comment_status":"closed","ping_status":"closed","template":"","meta":[],"product_brand":[],"product_cat":[164],"product_tag":[],"class_list":{"0":"post-4772","1":"product","2":"type-product","3":"status-publish","4":"has-post-thumbnail","6":"product_cat-winter-wonderland-kollektion","8":"first","9":"instock","10":"taxable","11":"shipping-taxable","12":"purchasable","13":"product-type-simple"},"yoast_head":"<!-- This site is optimized with the Yoast SEO plugin v26.4 - https:\/\/yoast.com\/wordpress\/plugins\/seo\/ -->\n<title>Snow Ball - Winter Wonderland Collection 2 - VMB Cosmetics Shop | Produkte f\u00fcr N\u00e4gel<\/title>\n<meta name=\"robots\" content=\"index, follow, max-snippet:-1, max-image-preview:large, max-video-preview:-1\" \/>\n<link rel=\"canonical\" href=\"https:\/\/vmbcosmetics.ch\/pt\/produto\/colecao-2-do-pais-das-maravilhas-do-inverno\/\" \/>\n<meta property=\"og:locale\" content=\"pt_BR\" \/>\n<meta property=\"og:type\" content=\"article\" \/>\n<meta property=\"og:title\" content=\"Snow Ball - Winter Wonderland Collection 2 - VMB Cosmetics Shop | Produkte f\u00fcr N\u00e4gel\" \/>\n<meta property=\"og:description\" content=\"Winter Wunderland Kollektion  Kapazit\u00e4t: Gef\u00e4ss mit 28g (1oz) Farbpulver  Organisch verarbeitete Wirkstoffe  &nbsp;  SNS Gelous Colors bieten eine grosse Auswahl an schillernden Originalfarben.  Jede von ihnen bieten ein brillantes Spiegelfinish, welches 14 Tage oder l\u00e4nger h\u00e4lt und gleichzeitig das nat\u00fcrliche Nagelbett mit speziellen N\u00e4hrstoffen versorgt.\" \/>\n<meta property=\"og:url\" content=\"https:\/\/vmbcosmetics.ch\/pt\/produto\/colecao-2-do-pais-das-maravilhas-do-inverno\/\" \/>\n<meta property=\"og:site_name\" content=\"VMB Cosmetics Shop | Produkte f\u00fcr N\u00e4gel\" \/>\n<meta property=\"article:modified_time\" content=\"2023-09-26T01:31:46+00:00\" \/>\n<meta property=\"og:image\" content=\"https:\/\/vmbcosmetics.ch\/wp-content\/uploads\/2023\/08\/WW02.jpg\" \/>\n\t<meta property=\"og:image:width\" content=\"350\" \/>\n\t<meta property=\"og:image:height\" content=\"350\" \/>\n\t<meta property=\"og:image:type\" content=\"image\/jpeg\" \/>\n<meta name=\"twitter:card\" content=\"summary_large_image\" \/>\n<script type=\"application\/ld+json\" class=\"yoast-schema-graph\">{\"@context\":\"https:\/\/schema.org\",\"@graph\":[{\"@type\":\"WebPage\",\"@id\":\"https:\/\/vmbcosmetics.ch\/produkt\/winter-wunderland-kollektion-2\/\",\"url\":\"https:\/\/vmbcosmetics.ch\/produkt\/winter-wunderland-kollektion-2\/\",\"name\":\"Snow Ball - Winter Wonderland Collection 2 - VMB Cosmetics Shop | Produkte f\u00fcr N\u00e4gel\",\"isPartOf\":{\"@id\":\"https:\/\/vmbcosmetics.ch\/#website\"},\"primaryImageOfPage\":{\"@id\":\"https:\/\/vmbcosmetics.ch\/produkt\/winter-wunderland-kollektion-2\/#primaryimage\"},\"image\":{\"@id\":\"https:\/\/vmbcosmetics.ch\/produkt\/winter-wunderland-kollektion-2\/#primaryimage\"},\"thumbnailUrl\":\"https:\/\/vmbcosmetics.ch\/wp-content\/uploads\/2023\/08\/WW02.jpg\",\"datePublished\":\"2020-05-05T08:39:29+00:00\",\"dateModified\":\"2023-09-26T01:31:46+00:00\",\"breadcrumb\":{\"@id\":\"https:\/\/vmbcosmetics.ch\/produkt\/winter-wunderland-kollektion-2\/#breadcrumb\"},\"inLanguage\":\"pt-BR\",\"potentialAction\":[{\"@type\":\"ReadAction\",\"target\":[\"https:\/\/vmbcosmetics.ch\/produkt\/winter-wunderland-kollektion-2\/\"]}]},{\"@type\":\"ImageObject\",\"inLanguage\":\"pt-BR\",\"@id\":\"https:\/\/vmbcosmetics.ch\/produkt\/winter-wunderland-kollektion-2\/#primaryimage\",\"url\":\"https:\/\/vmbcosmetics.ch\/wp-content\/uploads\/2023\/08\/WW02.jpg\",\"contentUrl\":\"https:\/\/vmbcosmetics.ch\/wp-content\/uploads\/2023\/08\/WW02.jpg\",\"width\":350,\"height\":350},{\"@type\":\"BreadcrumbList\",\"@id\":\"https:\/\/vmbcosmetics.ch\/produkt\/winter-wunderland-kollektion-2\/#breadcrumb\",\"itemListElement\":[{\"@type\":\"ListItem\",\"position\":1,\"name\":\"In\u00edcio\",\"item\":\"https:\/\/vmbcosmetics.ch\/\"},{\"@type\":\"ListItem\",\"position\":2,\"name\":\"Shop\",\"item\":\"https:\/\/vmbcosmetics.ch\/shop\/\"},{\"@type\":\"ListItem\",\"position\":3,\"name\":\"Snow Ball &#8211; Winter Wonderland Collection 2\"}]},{\"@type\":\"WebSite\",\"@id\":\"https:\/\/vmbcosmetics.ch\/#website\",\"url\":\"https:\/\/vmbcosmetics.ch\/\",\"name\":\"VMB Cosmetics Shop | Produkte f\u00fcr N\u00e4gel\",\"description\":\"Die besten Produkte f\u00fcr die N\u00e4gel finden Sie hier. Wir haben eine Vielzahl von Farben und Zubeh\u00f6r f\u00fcr Ihre N\u00e4gel.\",\"potentialAction\":[{\"@type\":\"SearchAction\",\"target\":{\"@type\":\"EntryPoint\",\"urlTemplate\":\"https:\/\/vmbcosmetics.ch\/?s={search_term_string}\"},\"query-input\":{\"@type\":\"PropertyValueSpecification\",\"valueRequired\":true,\"valueName\":\"search_term_string\"}}],\"inLanguage\":\"pt-BR\"}]}<\/script>\n<!-- \/ Yoast SEO plugin. -->","yoast_head_json":{"title":"Snow Ball - Winter Wonderland Collection 2 - VMB Cosmetics Shop | Produtos para unhas","robots":{"index":"index","follow":"follow","max-snippet":"max-snippet:-1","max-image-preview":"max-image-preview:large","max-video-preview":"max-video-preview:-1"},"canonical":"https:\/\/vmbcosmetics.ch\/pt\/produto\/colecao-2-do-pais-das-maravilhas-do-inverno\/","og_locale":"pt_BR","og_type":"article","og_title":"Snow Ball - Winter Wonderland Collection 2 - VMB Cosmetics Shop | Produkte f\u00fcr N\u00e4gel","og_description":"Winter Wunderland Kollektion  Kapazit\u00e4t: Gef\u00e4ss mit 28g (1oz) Farbpulver  Organisch verarbeitete Wirkstoffe  &nbsp;  SNS Gelous Colors bieten eine grosse Auswahl an schillernden Originalfarben.  Jede von ihnen bieten ein brillantes Spiegelfinish, welches 14 Tage oder l\u00e4nger h\u00e4lt und gleichzeitig das nat\u00fcrliche Nagelbett mit speziellen N\u00e4hrstoffen versorgt.","og_url":"https:\/\/vmbcosmetics.ch\/pt\/produto\/colecao-2-do-pais-das-maravilhas-do-inverno\/","og_site_name":"VMB Cosmetics Shop | Produkte f\u00fcr N\u00e4gel","article_modified_time":"2023-09-26T01:31:46+00:00","og_image":[{"width":350,"height":350,"url":"https:\/\/vmbcosmetics.ch\/wp-content\/uploads\/2023\/08\/WW02.jpg","type":"image\/jpeg"}],"twitter_card":"summary_large_image","schema":{"@context":"https:\/\/schema.org","@graph":[{"@type":"WebPage","@id":"https:\/\/vmbcosmetics.ch\/produkt\/winter-wunderland-kollektion-2\/","url":"https:\/\/vmbcosmetics.ch\/produkt\/winter-wunderland-kollektion-2\/","name":"Snow Ball - Winter Wonderland Collection 2 - VMB Cosmetics Shop | Produtos para unhas","isPartOf":{"@id":"https:\/\/vmbcosmetics.ch\/#website"},"primaryImageOfPage":{"@id":"https:\/\/vmbcosmetics.ch\/produkt\/winter-wunderland-kollektion-2\/#primaryimage"},"image":{"@id":"https:\/\/vmbcosmetics.ch\/produkt\/winter-wunderland-kollektion-2\/#primaryimage"},"thumbnailUrl":"https:\/\/vmbcosmetics.ch\/wp-content\/uploads\/2023\/08\/WW02.jpg","datePublished":"2020-05-05T08:39:29+00:00","dateModified":"2023-09-26T01:31:46+00:00","breadcrumb":{"@id":"https:\/\/vmbcosmetics.ch\/produkt\/winter-wunderland-kollektion-2\/#breadcrumb"},"inLanguage":"pt-BR","potentialAction":[{"@type":"ReadAction","target":["https:\/\/vmbcosmetics.ch\/produkt\/winter-wunderland-kollektion-2\/"]}]},{"@type":"ImageObject","inLanguage":"pt-BR","@id":"https:\/\/vmbcosmetics.ch\/produkt\/winter-wunderland-kollektion-2\/#primaryimage","url":"https:\/\/vmbcosmetics.ch\/wp-content\/uploads\/2023\/08\/WW02.jpg","contentUrl":"https:\/\/vmbcosmetics.ch\/wp-content\/uploads\/2023\/08\/WW02.jpg","width":350,"height":350},{"@type":"BreadcrumbList","@id":"https:\/\/vmbcosmetics.ch\/produkt\/winter-wunderland-kollektion-2\/#breadcrumb","itemListElement":[{"@type":"ListItem","position":1,"name":"In\u00edcio","item":"https:\/\/vmbcosmetics.ch\/"},{"@type":"ListItem","position":2,"name":"Shop","item":"https:\/\/vmbcosmetics.ch\/shop\/"},{"@type":"ListItem","position":3,"name":"Snow Ball &#8211; Winter Wonderland Collection 2"}]},{"@type":"WebSite","@id":"https:\/\/vmbcosmetics.ch\/#website","url":"https:\/\/vmbcosmetics.ch\/","name":"VMB Cosmetics Shop | Produtos para unhas","description":"Voc\u00ea pode encontrar os melhores produtos para unhas aqui. Temos uma variedade de cores e acess\u00f3rios para as suas unhas.","potentialAction":[{"@type":"SearchAction","target":{"@type":"EntryPoint","urlTemplate":"https:\/\/vmbcosmetics.ch\/?s={search_term_string}"},"query-input":{"@type":"PropertyValueSpecification","valueRequired":true,"valueName":"search_term_string"}}],"inLanguage":"pt-BR"}]}},"_links":{"self":[{"href":"https:\/\/vmbcosmetics.ch\/pt\/wp-json\/wp\/v2\/product\/4772","targetHints":{"allow":["GET"]}}],"collection":[{"href":"https:\/\/vmbcosmetics.ch\/pt\/wp-json\/wp\/v2\/product"}],"about":[{"href":"https:\/\/vmbcosmetics.ch\/pt\/wp-json\/wp\/v2\/types\/product"}],"replies":[{"embeddable":true,"href":"https:\/\/vmbcosmetics.ch\/pt\/wp-json\/wp\/v2\/comments?post=4772"}],"wp:featuredmedia":[{"embeddable":true,"href":"https:\/\/vmbcosmetics.ch\/pt\/wp-json\/wp\/v2\/media\/14712"}],"wp:attachment":[{"href":"https:\/\/vmbcosmetics.ch\/pt\/wp-json\/wp\/v2\/media?parent=4772"}],"wp:term":[{"taxonomy":"product_brand","embeddable":true,"href":"https:\/\/vmbcosmetics.ch\/pt\/wp-json\/wp\/v2\/product_brand?post=4772"},{"taxonomy":"product_cat","embeddable":true,"href":"https:\/\/vmbcosmetics.ch\/pt\/wp-json\/wp\/v2\/product_cat?post=4772"},{"taxonomy":"product_tag","embeddable":true,"href":"https:\/\/vmbcosmetics.ch\/pt\/wp-json\/wp\/v2\/product_tag?post=4772"}],"curies":[{"name":"wp","href":"https:\/\/api.w.org\/{rel}","templated":true}]}}