{"id":4680,"date":"2020-05-05T08:39:18","date_gmt":"2020-05-05T08:39:18","guid":{"rendered":"https:\/\/vmbshop.ch\/?post_type=product&#038;p=4680"},"modified":"2024-03-20T22:36:10","modified_gmt":"2024-03-20T22:36:10","slug":"cest-la-vie-colecao-14","status":"publish","type":"product","link":"https:\/\/vmbcosmetics.ch\/pt\/produto\/cest-la-vie-colecao-14\/","title":{"rendered":"Sacre Coeur \u2013 Cole\u00e7\u00e3o C&#039;est La Vie 14"},"content":{"rendered":"<h2><strong>Sacre Coeur - Cole\u00e7\u00e3o C'est La Vie 14<\/strong><\/h2>\n<p>&nbsp;<\/p>\n<h2><strong>Recursos exclusivos:<\/strong><\/h2>\n<p>&nbsp;<\/p>\n<ul>\n<li><span style=\"font-weight: 400;\">Tom de cor \u00fanico: um delicado <\/span><span style=\"font-weight: 400;\">Vermelho pastel<\/span><span style=\"font-weight: 400;\"> com <\/span><span style=\"font-weight: 400;\">Acentos perolados<\/span><span style=\"font-weight: 400;\">perfeito para sua <\/span><span style=\"font-weight: 400;\">Rotina de beleza<\/span><span style=\"font-weight: 400;\"> para dar um toque de glamour.<\/span><\/li>\n<li><span style=\"font-weight: 400;\">Excepcional<\/span><span style=\"font-weight: 400;\"> Durabilidade: <\/span><span style=\"font-weight: 400;\">O avan\u00e7ado <\/span><span style=\"font-weight: 400;\">Formula\u00e7\u00e3o<\/span><span style=\"font-weight: 400;\"> promessas <\/span><span style=\"font-weight: 400;\">uma vida \u00fatil prolongada<\/span><span style=\"font-weight: 400;\">de modo que <\/span><span style=\"font-weight: 400;\">Suas unhas ficar\u00e3o lindas por mais tempo.<\/span><\/li>\n<li><span style=\"font-weight: 400;\">F\u00e1cil de usar: <\/span><span style=\"font-weight: 400;\">A imers\u00e3o na cor garante uma cobertura completa e uniforme e \u00e9 t\u00e3o f\u00e1cil de aplicar pelo profissional quanto se fosse feito em casa.<\/span><\/li>\n<li><span style=\"font-weight: 400;\">Vegano e <\/span><span style=\"font-weight: 400;\">livre de testes em animais<\/span><span style=\"font-weight: 400;\">: Estamos comprometidos com a beleza \u00e9tica de nossas<\/span><span style=\"font-weight: 400;\"> P\u00f3 para unhas<\/span><span style=\"font-weight: 400;\"> 100% s\u00e3o veganos e n\u00e3o foram testados em animais.<\/span><\/li>\n<li><span style=\"font-weight: 400;\">Ecologicamente correto: embalagens sustent\u00e1veis que refletem nosso compromisso com o planeta.<\/span><\/li>\n<\/ul>\n<h2><strong>Perfeito para:<\/strong><\/h2>\n<p><span style=\"font-weight: 400;\">Ideal para a mulher moderna,<\/span><span style=\"font-weight: 400;\"> que<\/span><span style=\"font-weight: 400;\"> que desejam trazer a eleg\u00e2ncia e o charme da moda parisiense para seu estilo. Seja para um evento formal, uma reuni\u00e3o casual ou simplesmente para aprimorar seu visual cotidiano, o Sacre Coeur \u00e9 a escolha perfeita.<\/span><\/p>\n<h2><strong>Aplicativo:<\/strong><\/h2>\n<p><span style=\"font-weight: 400;\">Para <\/span><span style=\"font-weight: 400;\">Resultados \u00f3timos<\/span><span style=\"font-weight: 400;\"> aplique duas camadas do <\/span><span style=\"font-weight: 400;\">P\u00f3 para unhas<\/span><span style=\"font-weight: 400;\"> Sacre Coeur <\/span><span style=\"font-weight: 400;\">depois de ter usado uma camada de base de alta qualidade. Finalize com uma camada de acabamento para obter brilho duradouro e prote\u00e7\u00e3o adicional<\/span><span style=\"font-weight: 400;\">.<\/span><\/p>\n<p><span style=\"font-weight: 400;\">Descubra a beleza atemporal <\/span><span style=\"font-weight: 400;\">com o n\u00ba 14 de<\/span><span style=\"font-weight: 400;\"> da cole\u00e7\u00e3o C'est La Vie e deixe que<\/span><span style=\"font-weight: 400;\"> com <\/span><span style=\"font-weight: 400;\">Sacre Coeur para transformar suas unhas em uma obra de arte. Obter agora <\/span><span style=\"font-weight: 400;\">Seu p\u00f3 para unhas<\/span><span style=\"font-weight: 400;\"> e viva a vida com a eleg\u00e2ncia que voc\u00ea merece.<\/span><\/p>","protected":false},"excerpt":{"rendered":"<p><span style=\"font-weight: 400;\">Mergulhe no cora\u00e7\u00e3o da eleg\u00e2ncia parisiense com nosso <\/span><span style=\"font-weight: 400;\">P\u00f3 para unhas<\/span><span style=\"font-weight: 400;\"> Sacre Coeur<\/span><span style=\"font-weight: 400;\">No. 14<\/span><span style=\"font-weight: 400;\"> do exclusivo C'est La Vie <\/span><span style=\"font-weight: 400;\">Cole\u00e7\u00e3o<\/span><span style=\"font-weight: 400;\">. Inspirado na beleza majestosa da Bas\u00edlica de Sacr\u00e9-C\u0153ur, o <\/span><span style=\"font-weight: 400;\">este p\u00f3 para unhas<\/span><span style=\"font-weight: 400;\"> a ess\u00eancia do romantismo e da eleg\u00e2ncia franceses.<\/span><\/p>\n<p><strong>Esta \u00e9 uma cole\u00e7\u00e3o de vida<\/strong><\/p>\n<ul>\n<li>Capacidade: Frasco com 28g (1oz) de p\u00f3 colorido<\/li>\n<li>Ingredientes ativos organicamente processados<\/li>\n<\/ul>\n<p>&nbsp;<\/p>\n<p>SNS Gelous Colors oferece uma grande sele\u00e7\u00e3o de cores originais deslumbrantes.<\/p>\n<p>Cada um deles oferece um acabamento espelhado brilhante que dura 14 dias ou mais, ao mesmo tempo que fornece nutrientes especiais ao leito ungueal natural.<\/p>","protected":false},"featured_media":14649,"comment_status":"closed","ping_status":"closed","template":"","meta":[],"product_brand":[],"product_cat":[157],"product_tag":[],"class_list":{"0":"post-4680","1":"product","2":"type-product","3":"status-publish","4":"has-post-thumbnail","6":"product_cat-cest-la-vie-kollektion","8":"first","9":"instock","10":"taxable","11":"shipping-taxable","12":"purchasable","13":"product-type-simple"},"yoast_head":"<!-- This site is optimized with the Yoast SEO plugin v26.4 - https:\/\/yoast.com\/wordpress\/plugins\/seo\/ -->\n<title>Sacre Coeur - C&#039;est La Vie Collection 14 - VMB Cosmetics Shop | Produkte f\u00fcr N\u00e4gel<\/title>\n<meta name=\"robots\" content=\"index, follow, max-snippet:-1, max-image-preview:large, max-video-preview:-1\" \/>\n<link rel=\"canonical\" href=\"https:\/\/vmbcosmetics.ch\/pt\/produto\/cest-la-vie-colecao-14\/\" \/>\n<meta property=\"og:locale\" content=\"pt_BR\" \/>\n<meta property=\"og:type\" content=\"article\" \/>\n<meta property=\"og:title\" content=\"Sacre Coeur - C&#039;est La Vie Collection 14 - VMB Cosmetics Shop | Produkte f\u00fcr N\u00e4gel\" \/>\n<meta property=\"og:description\" content=\"Tauchen Sie ein in das Herz der Pariser Eleganz mit unserem Nagel Pulver Sacre Coeur, der Nr. 14 aus der exklusiven C\u2019est La Vie Kollektion. Inspiriert von der majest\u00e4tischen Sch\u00f6nheit der Basilika Sacr\u00e9-C\u0153ur, f\u00e4ngt dieses Nagel Pulver die Essenz der franz\u00f6sischen Romantik und Eleganz ein.  So ist das Leben Kollektion   Kapazit\u00e4t: Gef\u00e4ss mit 28g (1oz) Farbpulver  Organisch verarbeitete Wirkstoffe  &nbsp;  SNS Gelous Colors bieten eine grosse Auswahl an schillernden Originalfarben.  Jede von ihnen bieten ein brillantes Spiegelfinish, welches 14 Tage oder l\u00e4nger h\u00e4lt und gleichzeitig das nat\u00fcrliche Nagelbett mit speziellen N\u00e4hrstoffen versorgt.\" \/>\n<meta property=\"og:url\" content=\"https:\/\/vmbcosmetics.ch\/pt\/produto\/cest-la-vie-colecao-14\/\" \/>\n<meta property=\"og:site_name\" content=\"VMB Cosmetics Shop | Produkte f\u00fcr N\u00e4gel\" \/>\n<meta property=\"article:modified_time\" content=\"2024-03-20T22:36:10+00:00\" \/>\n<meta property=\"og:image\" content=\"https:\/\/vmbcosmetics.ch\/wp-content\/uploads\/2023\/08\/LV14.jpg\" \/>\n\t<meta property=\"og:image:width\" content=\"350\" \/>\n\t<meta property=\"og:image:height\" content=\"350\" \/>\n\t<meta property=\"og:image:type\" content=\"image\/jpeg\" \/>\n<meta name=\"twitter:card\" content=\"summary_large_image\" \/>\n<meta name=\"twitter:label1\" content=\"Est. tempo de leitura\" \/>\n\t<meta name=\"twitter:data1\" content=\"2 minutos\" \/>\n<script type=\"application\/ld+json\" class=\"yoast-schema-graph\">{\"@context\":\"https:\/\/schema.org\",\"@graph\":[{\"@type\":\"WebPage\",\"@id\":\"https:\/\/vmbcosmetics.ch\/produkt\/cest-la-vie-kollektion-14\/\",\"url\":\"https:\/\/vmbcosmetics.ch\/produkt\/cest-la-vie-kollektion-14\/\",\"name\":\"Sacre Coeur - C'est La Vie Collection 14 - VMB Cosmetics Shop | Produkte f\u00fcr N\u00e4gel\",\"isPartOf\":{\"@id\":\"https:\/\/vmbcosmetics.ch\/#website\"},\"primaryImageOfPage\":{\"@id\":\"https:\/\/vmbcosmetics.ch\/produkt\/cest-la-vie-kollektion-14\/#primaryimage\"},\"image\":{\"@id\":\"https:\/\/vmbcosmetics.ch\/produkt\/cest-la-vie-kollektion-14\/#primaryimage\"},\"thumbnailUrl\":\"https:\/\/vmbcosmetics.ch\/wp-content\/uploads\/2023\/08\/LV14.jpg\",\"datePublished\":\"2020-05-05T08:39:18+00:00\",\"dateModified\":\"2024-03-20T22:36:10+00:00\",\"breadcrumb\":{\"@id\":\"https:\/\/vmbcosmetics.ch\/produkt\/cest-la-vie-kollektion-14\/#breadcrumb\"},\"inLanguage\":\"pt-BR\",\"potentialAction\":[{\"@type\":\"ReadAction\",\"target\":[\"https:\/\/vmbcosmetics.ch\/produkt\/cest-la-vie-kollektion-14\/\"]}]},{\"@type\":\"ImageObject\",\"inLanguage\":\"pt-BR\",\"@id\":\"https:\/\/vmbcosmetics.ch\/produkt\/cest-la-vie-kollektion-14\/#primaryimage\",\"url\":\"https:\/\/vmbcosmetics.ch\/wp-content\/uploads\/2023\/08\/LV14.jpg\",\"contentUrl\":\"https:\/\/vmbcosmetics.ch\/wp-content\/uploads\/2023\/08\/LV14.jpg\",\"width\":350,\"height\":350},{\"@type\":\"BreadcrumbList\",\"@id\":\"https:\/\/vmbcosmetics.ch\/produkt\/cest-la-vie-kollektion-14\/#breadcrumb\",\"itemListElement\":[{\"@type\":\"ListItem\",\"position\":1,\"name\":\"In\u00edcio\",\"item\":\"https:\/\/vmbcosmetics.ch\/\"},{\"@type\":\"ListItem\",\"position\":2,\"name\":\"Shop\",\"item\":\"https:\/\/vmbcosmetics.ch\/shop\/\"},{\"@type\":\"ListItem\",\"position\":3,\"name\":\"Sacre Coeur &#8211; C&#8217;est La Vie Collection 14\"}]},{\"@type\":\"WebSite\",\"@id\":\"https:\/\/vmbcosmetics.ch\/#website\",\"url\":\"https:\/\/vmbcosmetics.ch\/\",\"name\":\"VMB Cosmetics Shop | Produkte f\u00fcr N\u00e4gel\",\"description\":\"Die besten Produkte f\u00fcr die N\u00e4gel finden Sie hier. Wir haben eine Vielzahl von Farben und Zubeh\u00f6r f\u00fcr Ihre N\u00e4gel.\",\"potentialAction\":[{\"@type\":\"SearchAction\",\"target\":{\"@type\":\"EntryPoint\",\"urlTemplate\":\"https:\/\/vmbcosmetics.ch\/?s={search_term_string}\"},\"query-input\":{\"@type\":\"PropertyValueSpecification\",\"valueRequired\":true,\"valueName\":\"search_term_string\"}}],\"inLanguage\":\"pt-BR\"}]}<\/script>\n<!-- \/ Yoast SEO plugin. -->","yoast_head_json":{"title":"Sacre Coeur - C'est La Vie Collection 14 - VMB Cosmetics Shop | Produtos para unhas","robots":{"index":"index","follow":"follow","max-snippet":"max-snippet:-1","max-image-preview":"max-image-preview:large","max-video-preview":"max-video-preview:-1"},"canonical":"https:\/\/vmbcosmetics.ch\/pt\/produto\/cest-la-vie-colecao-14\/","og_locale":"pt_BR","og_type":"article","og_title":"Sacre Coeur - C'est La Vie Collection 14 - VMB Cosmetics Shop | Produkte f\u00fcr N\u00e4gel","og_description":"Tauchen Sie ein in das Herz der Pariser Eleganz mit unserem Nagel Pulver Sacre Coeur, der Nr. 14 aus der exklusiven C\u2019est La Vie Kollektion. Inspiriert von der majest\u00e4tischen Sch\u00f6nheit der Basilika Sacr\u00e9-C\u0153ur, f\u00e4ngt dieses Nagel Pulver die Essenz der franz\u00f6sischen Romantik und Eleganz ein.  So ist das Leben Kollektion   Kapazit\u00e4t: Gef\u00e4ss mit 28g (1oz) Farbpulver  Organisch verarbeitete Wirkstoffe  &nbsp;  SNS Gelous Colors bieten eine grosse Auswahl an schillernden Originalfarben.  Jede von ihnen bieten ein brillantes Spiegelfinish, welches 14 Tage oder l\u00e4nger h\u00e4lt und gleichzeitig das nat\u00fcrliche Nagelbett mit speziellen N\u00e4hrstoffen versorgt.","og_url":"https:\/\/vmbcosmetics.ch\/pt\/produto\/cest-la-vie-colecao-14\/","og_site_name":"VMB Cosmetics Shop | Produkte f\u00fcr N\u00e4gel","article_modified_time":"2024-03-20T22:36:10+00:00","og_image":[{"width":350,"height":350,"url":"https:\/\/vmbcosmetics.ch\/wp-content\/uploads\/2023\/08\/LV14.jpg","type":"image\/jpeg"}],"twitter_card":"summary_large_image","twitter_misc":{"Est. tempo de leitura":"2 minutos"},"schema":{"@context":"https:\/\/schema.org","@graph":[{"@type":"WebPage","@id":"https:\/\/vmbcosmetics.ch\/produkt\/cest-la-vie-kollektion-14\/","url":"https:\/\/vmbcosmetics.ch\/produkt\/cest-la-vie-kollektion-14\/","name":"Sacre Coeur - C'est La Vie Collection 14 - VMB Cosmetics Shop | Produtos para unhas","isPartOf":{"@id":"https:\/\/vmbcosmetics.ch\/#website"},"primaryImageOfPage":{"@id":"https:\/\/vmbcosmetics.ch\/produkt\/cest-la-vie-kollektion-14\/#primaryimage"},"image":{"@id":"https:\/\/vmbcosmetics.ch\/produkt\/cest-la-vie-kollektion-14\/#primaryimage"},"thumbnailUrl":"https:\/\/vmbcosmetics.ch\/wp-content\/uploads\/2023\/08\/LV14.jpg","datePublished":"2020-05-05T08:39:18+00:00","dateModified":"2024-03-20T22:36:10+00:00","breadcrumb":{"@id":"https:\/\/vmbcosmetics.ch\/produkt\/cest-la-vie-kollektion-14\/#breadcrumb"},"inLanguage":"pt-BR","potentialAction":[{"@type":"ReadAction","target":["https:\/\/vmbcosmetics.ch\/produkt\/cest-la-vie-kollektion-14\/"]}]},{"@type":"ImageObject","inLanguage":"pt-BR","@id":"https:\/\/vmbcosmetics.ch\/produkt\/cest-la-vie-kollektion-14\/#primaryimage","url":"https:\/\/vmbcosmetics.ch\/wp-content\/uploads\/2023\/08\/LV14.jpg","contentUrl":"https:\/\/vmbcosmetics.ch\/wp-content\/uploads\/2023\/08\/LV14.jpg","width":350,"height":350},{"@type":"BreadcrumbList","@id":"https:\/\/vmbcosmetics.ch\/produkt\/cest-la-vie-kollektion-14\/#breadcrumb","itemListElement":[{"@type":"ListItem","position":1,"name":"In\u00edcio","item":"https:\/\/vmbcosmetics.ch\/"},{"@type":"ListItem","position":2,"name":"Shop","item":"https:\/\/vmbcosmetics.ch\/shop\/"},{"@type":"ListItem","position":3,"name":"Sacre Coeur &#8211; C&#8217;est La Vie Collection 14"}]},{"@type":"WebSite","@id":"https:\/\/vmbcosmetics.ch\/#website","url":"https:\/\/vmbcosmetics.ch\/","name":"VMB Cosmetics Shop | Produtos para unhas","description":"Voc\u00ea pode encontrar os melhores produtos para unhas aqui. Temos uma variedade de cores e acess\u00f3rios para as suas unhas.","potentialAction":[{"@type":"SearchAction","target":{"@type":"EntryPoint","urlTemplate":"https:\/\/vmbcosmetics.ch\/?s={search_term_string}"},"query-input":{"@type":"PropertyValueSpecification","valueRequired":true,"valueName":"search_term_string"}}],"inLanguage":"pt-BR"}]}},"_links":{"self":[{"href":"https:\/\/vmbcosmetics.ch\/pt\/wp-json\/wp\/v2\/product\/4680","targetHints":{"allow":["GET"]}}],"collection":[{"href":"https:\/\/vmbcosmetics.ch\/pt\/wp-json\/wp\/v2\/product"}],"about":[{"href":"https:\/\/vmbcosmetics.ch\/pt\/wp-json\/wp\/v2\/types\/product"}],"replies":[{"embeddable":true,"href":"https:\/\/vmbcosmetics.ch\/pt\/wp-json\/wp\/v2\/comments?post=4680"}],"wp:featuredmedia":[{"embeddable":true,"href":"https:\/\/vmbcosmetics.ch\/pt\/wp-json\/wp\/v2\/media\/14649"}],"wp:attachment":[{"href":"https:\/\/vmbcosmetics.ch\/pt\/wp-json\/wp\/v2\/media?parent=4680"}],"wp:term":[{"taxonomy":"product_brand","embeddable":true,"href":"https:\/\/vmbcosmetics.ch\/pt\/wp-json\/wp\/v2\/product_brand?post=4680"},{"taxonomy":"product_cat","embeddable":true,"href":"https:\/\/vmbcosmetics.ch\/pt\/wp-json\/wp\/v2\/product_cat?post=4680"},{"taxonomy":"product_tag","embeddable":true,"href":"https:\/\/vmbcosmetics.ch\/pt\/wp-json\/wp\/v2\/product_tag?post=4680"}],"curies":[{"name":"wp","href":"https:\/\/api.w.org\/{rel}","templated":true}]}}