{"id":4677,"date":"2020-05-05T08:39:18","date_gmt":"2020-05-05T08:39:18","guid":{"rendered":"https:\/\/vmbshop.ch\/?post_type=product&#038;p=4677"},"modified":"2024-03-20T18:49:46","modified_gmt":"2024-03-20T18:49:46","slug":"cest-la-vie-colecao-35","status":"publish","type":"product","link":"https:\/\/vmbcosmetics.ch\/pt\/produto\/cest-la-vie-colecao-35\/","title":{"rendered":"Magnifique \u2013 Cole\u00e7\u00e3o C&#039;est La Vie 35"},"content":{"rendered":"<h2><strong>Magnifique - C'est La Vie Collection No. 35<\/strong><\/h2>\n<p>&nbsp;<\/p>\n<h2><strong>Principais caracter\u00edsticas:<\/strong><\/h2>\n<p>&nbsp;<\/p>\n<ul>\n<li><span style=\"font-weight: 400;\">Exclusivo <\/span><span style=\"font-weight: 400;\">Cor: esta<\/span><span style=\"font-weight: 400;\"> As cores foram cuidadosamente selecionadas para refletir as \u00faltimas tend\u00eancias da moda, <\/span><span style=\"font-weight: 400;\">para que<\/span><span style=\"font-weight: 400;\"> suas unhas est\u00e3o sempre um passo \u00e0 frente.<\/span><\/li>\n<li><span style=\"font-weight: 400;\">Longa dura\u00e7\u00e3o: A f\u00f3rmula avan\u00e7ada proporciona um acabamento de longa dura\u00e7\u00e3o que <\/span><span style=\"font-weight: 400;\">resistente<\/span><span style=\"font-weight: 400;\"> contra lascas e <\/span><span style=\"font-weight: 400;\">desgaste \u00e9 e <\/span><span style=\"font-weight: 400;\">Suas unhas ficam perfeitas por mais tempo <\/span><span style=\"font-weight: 400;\">Veja.<\/span><\/li>\n<li><span style=\"font-weight: 400;\">Brilho superior: com um lustre incompar\u00e1vel <\/span><span style=\"font-weight: 400;\">concede o pr\u00eamio de n\u00famero 35 da<\/span><span style=\"font-weight: 400;\">r \"C'est La Vie <\/span><span style=\"font-weight: 400;\">d\u00e1 \u00e0s suas unhas um acabamento de alta qualidade, digno de um sal\u00e3o de beleza.<\/span><\/li>\n<li><span style=\"font-weight: 400;\">F\u00e1cil de usar: <\/span><span style=\"font-weight: 400;\">A imers\u00e3o na cor garante uma cobertura completa e uniforme e \u00e9 t\u00e3o f\u00e1cil de aplicar pelo profissional quanto se fosse feito em casa.<\/span><\/li>\n<li><span style=\"font-weight: 400;\">Vegano e <\/span><span style=\"font-weight: 400;\">livre de crueldade<\/span><span style=\"font-weight: 400;\">Comprometidos com a beleza \u00e9tica, nossos <\/span><span style=\"font-weight: 400;\">P\u00f3 para unhas<\/span><span style=\"font-weight: 400;\"> 100% vegana e livre de testes em animais.<\/span><\/li>\n<\/ul>\n<p><span style=\"font-weight: 400;\">Perfeito para: Mulheres que <\/span><span style=\"font-weight: 400;\">atrav\u00e9s de<\/span><span style=\"font-weight: 400;\"> Eleg\u00e2ncia e personalidade <\/span><span style=\"font-weight: 400;\">distinguir<\/span><span style=\"font-weight: 400;\"> seja na vida cotidiana ou em ocasi\u00f5es especiais. <\/span><span style=\"font-weight: 400;\">\"Magnifique\", n\u00ba 35 da cole\u00e7\u00e3o \"C'est La Vie\" <\/span><span style=\"font-weight: 400;\">\u00a0\u00e9 sua companheira para expressar seu estilo \u00fanico e sofisticado.<\/span><\/p>\n<p><span style=\"font-weight: 400;\">Destaque sua arte de unha com <\/span><span style=\"font-weight: 400;\">\"Magnifique\", n\u00ba 35 da \"Cole\u00e7\u00e3o C'est La Vie\" <\/span><span style=\"font-weight: 400;\">para um novo n\u00edvel e transforme suas unhas em <\/span><span style=\"font-weight: 400;\">uma declara\u00e7\u00e3o de moda atemporal.<\/span><span style=\"font-weight: 400;\"> Porque cada detalhe conta na vida, e suas unhas s\u00e3o o come\u00e7o perfeito.<\/span><\/p>","protected":false},"excerpt":{"rendered":"<p><span style=\"font-weight: 400;\">Descubra o ep\u00edtome da eleg\u00e2ncia e sofistica\u00e7\u00e3o com o <\/span><span style=\"font-weight: 400;\">\"Magnifique\", n\u00ba 35 de nossa cole\u00e7\u00e3o exclusiva \"C'est La Vie\".<\/span><span style=\"font-weight: 400;\"> Projetada para a mulher moderna que deseja expressar sua individualidade e estilo sem esfor\u00e7o, essa cole\u00e7\u00e3o promete, <\/span><span style=\"font-weight: 400;\">seus <\/span><span style=\"font-weight: 400;\">Nail art em <\/span><span style=\"font-weight: 400;\">um novo n\u00edvel <\/span><span style=\"font-weight: 400;\">para trazer.<\/span><\/p>\n<p><strong>Esta \u00e9 uma cole\u00e7\u00e3o de vida<\/strong><\/p>\n<ul>\n<li>Capacidade: Frasco com 28g (1oz) de p\u00f3 colorido<\/li>\n<li>Ingredientes ativos organicamente processados<\/li>\n<\/ul>\n<p>&nbsp;<\/p>\n<p>SNS Gelous Colors oferece uma grande sele\u00e7\u00e3o de cores originais deslumbrantes.<\/p>\n<p>Cada um deles oferece um acabamento espelhado brilhante que dura 14 dias ou mais, ao mesmo tempo que fornece nutrientes especiais ao leito ungueal natural.<\/p>","protected":false},"featured_media":14647,"comment_status":"closed","ping_status":"closed","template":"","meta":[],"product_brand":[],"product_cat":[157],"product_tag":[],"class_list":{"0":"post-4677","1":"product","2":"type-product","3":"status-publish","4":"has-post-thumbnail","6":"product_cat-cest-la-vie-kollektion","8":"first","9":"instock","10":"taxable","11":"shipping-taxable","12":"purchasable","13":"product-type-simple"},"yoast_head":"<!-- This site is optimized with the Yoast SEO plugin v26.4 - https:\/\/yoast.com\/wordpress\/plugins\/seo\/ -->\n<title>Magnifique - C&#039;est La Vie Collection 35 - VMB Cosmetics Shop | Produkte f\u00fcr N\u00e4gel<\/title>\n<meta name=\"robots\" content=\"index, follow, max-snippet:-1, max-image-preview:large, max-video-preview:-1\" \/>\n<link rel=\"canonical\" href=\"https:\/\/vmbcosmetics.ch\/pt\/produto\/cest-la-vie-colecao-35\/\" \/>\n<meta property=\"og:locale\" content=\"pt_BR\" \/>\n<meta property=\"og:type\" content=\"article\" \/>\n<meta property=\"og:title\" content=\"Magnifique - C&#039;est La Vie Collection 35 - VMB Cosmetics Shop | Produkte f\u00fcr N\u00e4gel\" \/>\n<meta property=\"og:description\" content=\"Entdecken Sie den Inbegriff von Eleganz und Raffinesse mit &quot;Magnifique&quot;, der Nr. 35 aus unserer exklusiven &quot;C&#039;est La Vie\u201d Kollektion. Entworfen f\u00fcr die moderne Frau, die ihre Individualit\u00e4t und ihren Stil m\u00fchelos zum Ausdruck bringen m\u00f6chte, verspricht diese Kollektion, ihre Nagelkunst auf ein neues Niveau zu bringen.  So ist das Leben Kollektion   Kapazit\u00e4t: Gef\u00e4ss mit 28g (1oz) Farbpulver  Organisch verarbeitete Wirkstoffe  &nbsp;  SNS Gelous Colors bieten eine grosse Auswahl an schillernden Originalfarben.  Jede von ihnen bieten ein brillantes Spiegelfinish, welches 14 Tage oder l\u00e4nger h\u00e4lt und gleichzeitig das nat\u00fcrliche Nagelbett mit speziellen N\u00e4hrstoffen versorgt.\" \/>\n<meta property=\"og:url\" content=\"https:\/\/vmbcosmetics.ch\/pt\/produto\/cest-la-vie-colecao-35\/\" \/>\n<meta property=\"og:site_name\" content=\"VMB Cosmetics Shop | Produkte f\u00fcr N\u00e4gel\" \/>\n<meta property=\"article:modified_time\" content=\"2024-03-20T18:49:46+00:00\" \/>\n<meta property=\"og:image\" content=\"https:\/\/vmbcosmetics.ch\/wp-content\/uploads\/2023\/08\/LV35.jpg\" \/>\n\t<meta property=\"og:image:width\" content=\"350\" \/>\n\t<meta property=\"og:image:height\" content=\"350\" \/>\n\t<meta property=\"og:image:type\" content=\"image\/jpeg\" \/>\n<meta name=\"twitter:card\" content=\"summary_large_image\" \/>\n<meta name=\"twitter:label1\" content=\"Est. tempo de leitura\" \/>\n\t<meta name=\"twitter:data1\" content=\"2 minutos\" \/>\n<script type=\"application\/ld+json\" class=\"yoast-schema-graph\">{\"@context\":\"https:\/\/schema.org\",\"@graph\":[{\"@type\":\"WebPage\",\"@id\":\"https:\/\/vmbcosmetics.ch\/produkt\/cest-la-vie-kollektion-35\/\",\"url\":\"https:\/\/vmbcosmetics.ch\/produkt\/cest-la-vie-kollektion-35\/\",\"name\":\"Magnifique - C'est La Vie Collection 35 - VMB Cosmetics Shop | Produkte f\u00fcr N\u00e4gel\",\"isPartOf\":{\"@id\":\"https:\/\/vmbcosmetics.ch\/#website\"},\"primaryImageOfPage\":{\"@id\":\"https:\/\/vmbcosmetics.ch\/produkt\/cest-la-vie-kollektion-35\/#primaryimage\"},\"image\":{\"@id\":\"https:\/\/vmbcosmetics.ch\/produkt\/cest-la-vie-kollektion-35\/#primaryimage\"},\"thumbnailUrl\":\"https:\/\/vmbcosmetics.ch\/wp-content\/uploads\/2023\/08\/LV35.jpg\",\"datePublished\":\"2020-05-05T08:39:18+00:00\",\"dateModified\":\"2024-03-20T18:49:46+00:00\",\"breadcrumb\":{\"@id\":\"https:\/\/vmbcosmetics.ch\/produkt\/cest-la-vie-kollektion-35\/#breadcrumb\"},\"inLanguage\":\"pt-BR\",\"potentialAction\":[{\"@type\":\"ReadAction\",\"target\":[\"https:\/\/vmbcosmetics.ch\/produkt\/cest-la-vie-kollektion-35\/\"]}]},{\"@type\":\"ImageObject\",\"inLanguage\":\"pt-BR\",\"@id\":\"https:\/\/vmbcosmetics.ch\/produkt\/cest-la-vie-kollektion-35\/#primaryimage\",\"url\":\"https:\/\/vmbcosmetics.ch\/wp-content\/uploads\/2023\/08\/LV35.jpg\",\"contentUrl\":\"https:\/\/vmbcosmetics.ch\/wp-content\/uploads\/2023\/08\/LV35.jpg\",\"width\":350,\"height\":350},{\"@type\":\"BreadcrumbList\",\"@id\":\"https:\/\/vmbcosmetics.ch\/produkt\/cest-la-vie-kollektion-35\/#breadcrumb\",\"itemListElement\":[{\"@type\":\"ListItem\",\"position\":1,\"name\":\"In\u00edcio\",\"item\":\"https:\/\/vmbcosmetics.ch\/\"},{\"@type\":\"ListItem\",\"position\":2,\"name\":\"Shop\",\"item\":\"https:\/\/vmbcosmetics.ch\/shop\/\"},{\"@type\":\"ListItem\",\"position\":3,\"name\":\"Magnifique &#8211; C&#8217;est La Vie Collection 35\"}]},{\"@type\":\"WebSite\",\"@id\":\"https:\/\/vmbcosmetics.ch\/#website\",\"url\":\"https:\/\/vmbcosmetics.ch\/\",\"name\":\"VMB Cosmetics Shop | Produkte f\u00fcr N\u00e4gel\",\"description\":\"Die besten Produkte f\u00fcr die N\u00e4gel finden Sie hier. Wir haben eine Vielzahl von Farben und Zubeh\u00f6r f\u00fcr Ihre N\u00e4gel.\",\"potentialAction\":[{\"@type\":\"SearchAction\",\"target\":{\"@type\":\"EntryPoint\",\"urlTemplate\":\"https:\/\/vmbcosmetics.ch\/?s={search_term_string}\"},\"query-input\":{\"@type\":\"PropertyValueSpecification\",\"valueRequired\":true,\"valueName\":\"search_term_string\"}}],\"inLanguage\":\"pt-BR\"}]}<\/script>\n<!-- \/ Yoast SEO plugin. -->","yoast_head_json":{"title":"Magnifique - C'est La Vie Collection 35 - VMB Cosmetics Shop | Produtos para unhas","robots":{"index":"index","follow":"follow","max-snippet":"max-snippet:-1","max-image-preview":"max-image-preview:large","max-video-preview":"max-video-preview:-1"},"canonical":"https:\/\/vmbcosmetics.ch\/pt\/produto\/cest-la-vie-colecao-35\/","og_locale":"pt_BR","og_type":"article","og_title":"Magnifique - C'est La Vie Collection 35 - VMB Cosmetics Shop | Produkte f\u00fcr N\u00e4gel","og_description":"Entdecken Sie den Inbegriff von Eleganz und Raffinesse mit \"Magnifique\", der Nr. 35 aus unserer exklusiven \"C'est La Vie\u201d Kollektion. Entworfen f\u00fcr die moderne Frau, die ihre Individualit\u00e4t und ihren Stil m\u00fchelos zum Ausdruck bringen m\u00f6chte, verspricht diese Kollektion, ihre Nagelkunst auf ein neues Niveau zu bringen.  So ist das Leben Kollektion   Kapazit\u00e4t: Gef\u00e4ss mit 28g (1oz) Farbpulver  Organisch verarbeitete Wirkstoffe  &nbsp;  SNS Gelous Colors bieten eine grosse Auswahl an schillernden Originalfarben.  Jede von ihnen bieten ein brillantes Spiegelfinish, welches 14 Tage oder l\u00e4nger h\u00e4lt und gleichzeitig das nat\u00fcrliche Nagelbett mit speziellen N\u00e4hrstoffen versorgt.","og_url":"https:\/\/vmbcosmetics.ch\/pt\/produto\/cest-la-vie-colecao-35\/","og_site_name":"VMB Cosmetics Shop | Produkte f\u00fcr N\u00e4gel","article_modified_time":"2024-03-20T18:49:46+00:00","og_image":[{"width":350,"height":350,"url":"https:\/\/vmbcosmetics.ch\/wp-content\/uploads\/2023\/08\/LV35.jpg","type":"image\/jpeg"}],"twitter_card":"summary_large_image","twitter_misc":{"Est. tempo de leitura":"2 minutos"},"schema":{"@context":"https:\/\/schema.org","@graph":[{"@type":"WebPage","@id":"https:\/\/vmbcosmetics.ch\/produkt\/cest-la-vie-kollektion-35\/","url":"https:\/\/vmbcosmetics.ch\/produkt\/cest-la-vie-kollektion-35\/","name":"Magnifique - C'est La Vie Collection 35 - VMB Cosmetics Shop | Produtos para unhas","isPartOf":{"@id":"https:\/\/vmbcosmetics.ch\/#website"},"primaryImageOfPage":{"@id":"https:\/\/vmbcosmetics.ch\/produkt\/cest-la-vie-kollektion-35\/#primaryimage"},"image":{"@id":"https:\/\/vmbcosmetics.ch\/produkt\/cest-la-vie-kollektion-35\/#primaryimage"},"thumbnailUrl":"https:\/\/vmbcosmetics.ch\/wp-content\/uploads\/2023\/08\/LV35.jpg","datePublished":"2020-05-05T08:39:18+00:00","dateModified":"2024-03-20T18:49:46+00:00","breadcrumb":{"@id":"https:\/\/vmbcosmetics.ch\/produkt\/cest-la-vie-kollektion-35\/#breadcrumb"},"inLanguage":"pt-BR","potentialAction":[{"@type":"ReadAction","target":["https:\/\/vmbcosmetics.ch\/produkt\/cest-la-vie-kollektion-35\/"]}]},{"@type":"ImageObject","inLanguage":"pt-BR","@id":"https:\/\/vmbcosmetics.ch\/produkt\/cest-la-vie-kollektion-35\/#primaryimage","url":"https:\/\/vmbcosmetics.ch\/wp-content\/uploads\/2023\/08\/LV35.jpg","contentUrl":"https:\/\/vmbcosmetics.ch\/wp-content\/uploads\/2023\/08\/LV35.jpg","width":350,"height":350},{"@type":"BreadcrumbList","@id":"https:\/\/vmbcosmetics.ch\/produkt\/cest-la-vie-kollektion-35\/#breadcrumb","itemListElement":[{"@type":"ListItem","position":1,"name":"In\u00edcio","item":"https:\/\/vmbcosmetics.ch\/"},{"@type":"ListItem","position":2,"name":"Shop","item":"https:\/\/vmbcosmetics.ch\/shop\/"},{"@type":"ListItem","position":3,"name":"Magnifique &#8211; C&#8217;est La Vie Collection 35"}]},{"@type":"WebSite","@id":"https:\/\/vmbcosmetics.ch\/#website","url":"https:\/\/vmbcosmetics.ch\/","name":"VMB Cosmetics Shop | Produtos para unhas","description":"Voc\u00ea pode encontrar os melhores produtos para unhas aqui. Temos uma variedade de cores e acess\u00f3rios para as suas unhas.","potentialAction":[{"@type":"SearchAction","target":{"@type":"EntryPoint","urlTemplate":"https:\/\/vmbcosmetics.ch\/?s={search_term_string}"},"query-input":{"@type":"PropertyValueSpecification","valueRequired":true,"valueName":"search_term_string"}}],"inLanguage":"pt-BR"}]}},"_links":{"self":[{"href":"https:\/\/vmbcosmetics.ch\/pt\/wp-json\/wp\/v2\/product\/4677","targetHints":{"allow":["GET"]}}],"collection":[{"href":"https:\/\/vmbcosmetics.ch\/pt\/wp-json\/wp\/v2\/product"}],"about":[{"href":"https:\/\/vmbcosmetics.ch\/pt\/wp-json\/wp\/v2\/types\/product"}],"replies":[{"embeddable":true,"href":"https:\/\/vmbcosmetics.ch\/pt\/wp-json\/wp\/v2\/comments?post=4677"}],"wp:featuredmedia":[{"embeddable":true,"href":"https:\/\/vmbcosmetics.ch\/pt\/wp-json\/wp\/v2\/media\/14647"}],"wp:attachment":[{"href":"https:\/\/vmbcosmetics.ch\/pt\/wp-json\/wp\/v2\/media?parent=4677"}],"wp:term":[{"taxonomy":"product_brand","embeddable":true,"href":"https:\/\/vmbcosmetics.ch\/pt\/wp-json\/wp\/v2\/product_brand?post=4677"},{"taxonomy":"product_cat","embeddable":true,"href":"https:\/\/vmbcosmetics.ch\/pt\/wp-json\/wp\/v2\/product_cat?post=4677"},{"taxonomy":"product_tag","embeddable":true,"href":"https:\/\/vmbcosmetics.ch\/pt\/wp-json\/wp\/v2\/product_tag?post=4677"}],"curies":[{"name":"wp","href":"https:\/\/api.w.org\/{rel}","templated":true}]}}