{"id":4447,"date":"2020-05-05T08:38:52","date_gmt":"2020-05-05T08:38:52","guid":{"rendered":"https:\/\/vmbshop.ch\/?post_type=product&#038;p=4447"},"modified":"2023-09-12T18:35:31","modified_gmt":"2023-09-12T18:35:31","slug":"arte-de-unha-dourada-com-strass-de-cristal-011","status":"publish","type":"product","link":"https:\/\/vmbcosmetics.ch\/pt\/produto\/arte-de-unha-dourada-com-strass-de-cristal-011\/","title":{"rendered":"Strass de cristal dourado, nail art (011)"},"content":{"rendered":"","protected":false},"excerpt":{"rendered":"<p>Sacos transparentes com pequenos strass de cristal dourado<\/p>","protected":false},"featured_media":14454,"comment_status":"closed","ping_status":"closed","template":"","meta":[],"product_brand":[],"product_cat":[134],"product_tag":[],"class_list":{"0":"post-4447","1":"product","2":"type-product","3":"status-publish","4":"has-post-thumbnail","6":"product_cat-strasssteine","8":"first","9":"instock","10":"taxable","11":"shipping-taxable","12":"purchasable","13":"product-type-simple"},"yoast_head":"<!-- This site is optimized with the Yoast SEO plugin v26.4 - https:\/\/yoast.com\/wordpress\/plugins\/seo\/ -->\n<title>Kristall Strasssteine goldig, Nail Art (011) - VMB Cosmetics Shop | Produkte f\u00fcr N\u00e4gel<\/title>\n<meta name=\"robots\" content=\"index, follow, max-snippet:-1, max-image-preview:large, max-video-preview:-1\" \/>\n<link rel=\"canonical\" href=\"https:\/\/vmbcosmetics.ch\/pt\/produto\/arte-de-unha-dourada-com-strass-de-cristal-011\/\" \/>\n<meta property=\"og:locale\" content=\"pt_BR\" \/>\n<meta property=\"og:type\" content=\"article\" \/>\n<meta property=\"og:title\" content=\"Kristall Strasssteine goldig, Nail Art (011) - VMB Cosmetics Shop | Produkte f\u00fcr N\u00e4gel\" \/>\n<meta property=\"og:description\" content=\"Transparente Beutel mit kleinen goldigen Kristall Strasssteinen\" \/>\n<meta property=\"og:url\" content=\"https:\/\/vmbcosmetics.ch\/pt\/produto\/arte-de-unha-dourada-com-strass-de-cristal-011\/\" \/>\n<meta property=\"og:site_name\" content=\"VMB Cosmetics Shop | Produkte f\u00fcr N\u00e4gel\" \/>\n<meta property=\"article:modified_time\" content=\"2023-09-12T18:35:31+00:00\" \/>\n<meta property=\"og:image\" content=\"https:\/\/vmbcosmetics.ch\/wp-content\/uploads\/2023\/08\/AE-SB-FVS-11.png\" \/>\n\t<meta property=\"og:image:width\" content=\"435\" \/>\n\t<meta property=\"og:image:height\" content=\"264\" \/>\n\t<meta property=\"og:image:type\" content=\"image\/png\" \/>\n<meta name=\"twitter:card\" content=\"summary_large_image\" \/>\n<script type=\"application\/ld+json\" class=\"yoast-schema-graph\">{\"@context\":\"https:\/\/schema.org\",\"@graph\":[{\"@type\":\"WebPage\",\"@id\":\"https:\/\/vmbcosmetics.ch\/produkt\/kristall-strasssteine-goldig-nail-art-011\/\",\"url\":\"https:\/\/vmbcosmetics.ch\/produkt\/kristall-strasssteine-goldig-nail-art-011\/\",\"name\":\"Kristall Strasssteine goldig, Nail Art (011) - VMB Cosmetics Shop | Produkte f\u00fcr N\u00e4gel\",\"isPartOf\":{\"@id\":\"https:\/\/vmbcosmetics.ch\/#website\"},\"primaryImageOfPage\":{\"@id\":\"https:\/\/vmbcosmetics.ch\/produkt\/kristall-strasssteine-goldig-nail-art-011\/#primaryimage\"},\"image\":{\"@id\":\"https:\/\/vmbcosmetics.ch\/produkt\/kristall-strasssteine-goldig-nail-art-011\/#primaryimage\"},\"thumbnailUrl\":\"https:\/\/vmbcosmetics.ch\/wp-content\/uploads\/2023\/08\/AE-SB-FVS-11.png\",\"datePublished\":\"2020-05-05T08:38:52+00:00\",\"dateModified\":\"2023-09-12T18:35:31+00:00\",\"breadcrumb\":{\"@id\":\"https:\/\/vmbcosmetics.ch\/produkt\/kristall-strasssteine-goldig-nail-art-011\/#breadcrumb\"},\"inLanguage\":\"pt-BR\",\"potentialAction\":[{\"@type\":\"ReadAction\",\"target\":[\"https:\/\/vmbcosmetics.ch\/produkt\/kristall-strasssteine-goldig-nail-art-011\/\"]}]},{\"@type\":\"ImageObject\",\"inLanguage\":\"pt-BR\",\"@id\":\"https:\/\/vmbcosmetics.ch\/produkt\/kristall-strasssteine-goldig-nail-art-011\/#primaryimage\",\"url\":\"https:\/\/vmbcosmetics.ch\/wp-content\/uploads\/2023\/08\/AE-SB-FVS-11.png\",\"contentUrl\":\"https:\/\/vmbcosmetics.ch\/wp-content\/uploads\/2023\/08\/AE-SB-FVS-11.png\",\"width\":435,\"height\":264},{\"@type\":\"BreadcrumbList\",\"@id\":\"https:\/\/vmbcosmetics.ch\/produkt\/kristall-strasssteine-goldig-nail-art-011\/#breadcrumb\",\"itemListElement\":[{\"@type\":\"ListItem\",\"position\":1,\"name\":\"In\u00edcio\",\"item\":\"https:\/\/vmbcosmetics.ch\/\"},{\"@type\":\"ListItem\",\"position\":2,\"name\":\"Shop\",\"item\":\"https:\/\/vmbcosmetics.ch\/shop\/\"},{\"@type\":\"ListItem\",\"position\":3,\"name\":\"Kristall Strasssteine goldig, Nail Art (011)\"}]},{\"@type\":\"WebSite\",\"@id\":\"https:\/\/vmbcosmetics.ch\/#website\",\"url\":\"https:\/\/vmbcosmetics.ch\/\",\"name\":\"VMB Cosmetics Shop | Produkte f\u00fcr N\u00e4gel\",\"description\":\"Die besten Produkte f\u00fcr die N\u00e4gel finden Sie hier. Wir haben eine Vielzahl von Farben und Zubeh\u00f6r f\u00fcr Ihre N\u00e4gel.\",\"potentialAction\":[{\"@type\":\"SearchAction\",\"target\":{\"@type\":\"EntryPoint\",\"urlTemplate\":\"https:\/\/vmbcosmetics.ch\/?s={search_term_string}\"},\"query-input\":{\"@type\":\"PropertyValueSpecification\",\"valueRequired\":true,\"valueName\":\"search_term_string\"}}],\"inLanguage\":\"pt-BR\"}]}<\/script>\n<!-- \/ Yoast SEO plugin. -->","yoast_head_json":{"title":"Crystal rhinestones gold, nail art (011) - VMB Cosmetics Shop | Produtos para unhas","robots":{"index":"index","follow":"follow","max-snippet":"max-snippet:-1","max-image-preview":"max-image-preview:large","max-video-preview":"max-video-preview:-1"},"canonical":"https:\/\/vmbcosmetics.ch\/pt\/produto\/arte-de-unha-dourada-com-strass-de-cristal-011\/","og_locale":"pt_BR","og_type":"article","og_title":"Kristall Strasssteine goldig, Nail Art (011) - VMB Cosmetics Shop | Produkte f\u00fcr N\u00e4gel","og_description":"Transparente Beutel mit kleinen goldigen Kristall Strasssteinen","og_url":"https:\/\/vmbcosmetics.ch\/pt\/produto\/arte-de-unha-dourada-com-strass-de-cristal-011\/","og_site_name":"VMB Cosmetics Shop | Produkte f\u00fcr N\u00e4gel","article_modified_time":"2023-09-12T18:35:31+00:00","og_image":[{"width":435,"height":264,"url":"https:\/\/vmbcosmetics.ch\/wp-content\/uploads\/2023\/08\/AE-SB-FVS-11.png","type":"image\/png"}],"twitter_card":"summary_large_image","schema":{"@context":"https:\/\/schema.org","@graph":[{"@type":"WebPage","@id":"https:\/\/vmbcosmetics.ch\/produkt\/kristall-strasssteine-goldig-nail-art-011\/","url":"https:\/\/vmbcosmetics.ch\/produkt\/kristall-strasssteine-goldig-nail-art-011\/","name":"Crystal rhinestones gold, nail art (011) - VMB Cosmetics Shop | Produtos para unhas","isPartOf":{"@id":"https:\/\/vmbcosmetics.ch\/#website"},"primaryImageOfPage":{"@id":"https:\/\/vmbcosmetics.ch\/produkt\/kristall-strasssteine-goldig-nail-art-011\/#primaryimage"},"image":{"@id":"https:\/\/vmbcosmetics.ch\/produkt\/kristall-strasssteine-goldig-nail-art-011\/#primaryimage"},"thumbnailUrl":"https:\/\/vmbcosmetics.ch\/wp-content\/uploads\/2023\/08\/AE-SB-FVS-11.png","datePublished":"2020-05-05T08:38:52+00:00","dateModified":"2023-09-12T18:35:31+00:00","breadcrumb":{"@id":"https:\/\/vmbcosmetics.ch\/produkt\/kristall-strasssteine-goldig-nail-art-011\/#breadcrumb"},"inLanguage":"pt-BR","potentialAction":[{"@type":"ReadAction","target":["https:\/\/vmbcosmetics.ch\/produkt\/kristall-strasssteine-goldig-nail-art-011\/"]}]},{"@type":"ImageObject","inLanguage":"pt-BR","@id":"https:\/\/vmbcosmetics.ch\/produkt\/kristall-strasssteine-goldig-nail-art-011\/#primaryimage","url":"https:\/\/vmbcosmetics.ch\/wp-content\/uploads\/2023\/08\/AE-SB-FVS-11.png","contentUrl":"https:\/\/vmbcosmetics.ch\/wp-content\/uploads\/2023\/08\/AE-SB-FVS-11.png","width":435,"height":264},{"@type":"BreadcrumbList","@id":"https:\/\/vmbcosmetics.ch\/produkt\/kristall-strasssteine-goldig-nail-art-011\/#breadcrumb","itemListElement":[{"@type":"ListItem","position":1,"name":"In\u00edcio","item":"https:\/\/vmbcosmetics.ch\/"},{"@type":"ListItem","position":2,"name":"Shop","item":"https:\/\/vmbcosmetics.ch\/shop\/"},{"@type":"ListItem","position":3,"name":"Kristall Strasssteine goldig, Nail Art (011)"}]},{"@type":"WebSite","@id":"https:\/\/vmbcosmetics.ch\/#website","url":"https:\/\/vmbcosmetics.ch\/","name":"VMB Cosmetics Shop | Produtos para unhas","description":"Voc\u00ea pode encontrar os melhores produtos para unhas aqui. Temos uma variedade de cores e acess\u00f3rios para as suas unhas.","potentialAction":[{"@type":"SearchAction","target":{"@type":"EntryPoint","urlTemplate":"https:\/\/vmbcosmetics.ch\/?s={search_term_string}"},"query-input":{"@type":"PropertyValueSpecification","valueRequired":true,"valueName":"search_term_string"}}],"inLanguage":"pt-BR"}]}},"_links":{"self":[{"href":"https:\/\/vmbcosmetics.ch\/pt\/wp-json\/wp\/v2\/product\/4447","targetHints":{"allow":["GET"]}}],"collection":[{"href":"https:\/\/vmbcosmetics.ch\/pt\/wp-json\/wp\/v2\/product"}],"about":[{"href":"https:\/\/vmbcosmetics.ch\/pt\/wp-json\/wp\/v2\/types\/product"}],"replies":[{"embeddable":true,"href":"https:\/\/vmbcosmetics.ch\/pt\/wp-json\/wp\/v2\/comments?post=4447"}],"wp:featuredmedia":[{"embeddable":true,"href":"https:\/\/vmbcosmetics.ch\/pt\/wp-json\/wp\/v2\/media\/14454"}],"wp:attachment":[{"href":"https:\/\/vmbcosmetics.ch\/pt\/wp-json\/wp\/v2\/media?parent=4447"}],"wp:term":[{"taxonomy":"product_brand","embeddable":true,"href":"https:\/\/vmbcosmetics.ch\/pt\/wp-json\/wp\/v2\/product_brand?post=4447"},{"taxonomy":"product_cat","embeddable":true,"href":"https:\/\/vmbcosmetics.ch\/pt\/wp-json\/wp\/v2\/product_cat?post=4447"},{"taxonomy":"product_tag","embeddable":true,"href":"https:\/\/vmbcosmetics.ch\/pt\/wp-json\/wp\/v2\/product_tag?post=4447"}],"curies":[{"name":"wp","href":"https:\/\/api.w.org\/{rel}","templated":true}]}}