{"id":4421,"date":"2020-05-05T08:38:50","date_gmt":"2020-05-05T08:38:50","guid":{"rendered":"https:\/\/vmbshop.ch\/?post_type=product&#038;p=4421"},"modified":"2023-09-11T21:14:17","modified_gmt":"2023-09-11T21:14:17","slug":"pincel-grande-para-po","status":"publish","type":"product","link":"https:\/\/vmbcosmetics.ch\/pt\/produto\/pincel-grande-para-po\/","title":{"rendered":"Pincel grande para p\u00f3"},"content":{"rendered":"","protected":false},"excerpt":{"rendered":"<p>Caracter\u00edsticas dos produtos:<\/p>\n<p>Projetado organicamente, f\u00e1cil de usar<\/p>\n<p>A escova Softney proporciona uma sensa\u00e7\u00e3o incrivelmente confort\u00e1vel ao toc\u00e1-la com as unhas ou para cuidados faciais<\/p>\n<p>A l\u00e3 de nylon \u00e9 macia e agrad\u00e1vel \u00e0 pele. Voc\u00ea pode experiment\u00e1-los no rosto e nas palmas das m\u00e3os. Melhor efeito, limpe com creme peeling etc.<\/p>\n<p>Remova facilmente part\u00edculas de poeira durante o esmalte criado na unha. Tamb\u00e9m pode ser usado como pincel para blush.<\/p>","protected":false},"featured_media":14428,"comment_status":"closed","ping_status":"closed","template":"","meta":[],"product_brand":[],"product_cat":[132],"product_tag":[],"class_list":{"0":"post-4421","1":"product","2":"type-product","3":"status-publish","4":"has-post-thumbnail","6":"product_cat-pinsel-und-buersten","8":"first","9":"instock","10":"taxable","11":"shipping-taxable","12":"purchasable","13":"product-type-simple"},"yoast_head":"<!-- This site is optimized with the Yoast SEO plugin v26.4 - https:\/\/yoast.com\/wordpress\/plugins\/seo\/ -->\n<title>Grosser Staubpinsel - VMB Cosmetics Shop | Produkte f\u00fcr N\u00e4gel<\/title>\n<meta name=\"robots\" content=\"index, follow, max-snippet:-1, max-image-preview:large, max-video-preview:-1\" \/>\n<link rel=\"canonical\" href=\"https:\/\/vmbcosmetics.ch\/pt\/produto\/pincel-grande-para-po\/\" \/>\n<meta property=\"og:locale\" content=\"pt_BR\" \/>\n<meta property=\"og:type\" content=\"article\" \/>\n<meta property=\"og:title\" content=\"Grosser Staubpinsel - VMB Cosmetics Shop | Produkte f\u00fcr N\u00e4gel\" \/>\n<meta property=\"og:description\" content=\"Produkte Eigenschaften:  Organisch gestaltet, einfach zu bedienen  Die Softney-B\u00fcrste gibt Ihnen ein unglaublich angenehmes Gef\u00fchl, wenn Sie sie mit Ihren N\u00e4geln oder f\u00fcr die Gesichtspflege ber\u00fchren  Nylonwolle ist weich und hautfreundlich. Sie k\u00f6nnen sie auf Gesicht und Handfl\u00e4chen ausprobieren. Beste Wirkung, mit Peelingcreme usw. reinigen.  Entfernen Sie Staubpartikel leicht w\u00e4hrend des Nagellacks, der auf dem Nagel erzeugt wird. Es kann auch als Rougepinsel verwendet werden.\" \/>\n<meta property=\"og:url\" content=\"https:\/\/vmbcosmetics.ch\/pt\/produto\/pincel-grande-para-po\/\" \/>\n<meta property=\"og:site_name\" content=\"VMB Cosmetics Shop | Produkte f\u00fcr N\u00e4gel\" \/>\n<meta property=\"article:modified_time\" content=\"2023-09-11T21:14:17+00:00\" \/>\n<meta property=\"og:image\" content=\"https:\/\/vmbcosmetics.ch\/wp-content\/uploads\/2023\/08\/pincel_po_grande.jpg\" \/>\n\t<meta property=\"og:image:width\" content=\"1125\" \/>\n\t<meta property=\"og:image:height\" content=\"1079\" \/>\n\t<meta property=\"og:image:type\" content=\"image\/jpeg\" \/>\n<meta name=\"twitter:card\" content=\"summary_large_image\" \/>\n<script type=\"application\/ld+json\" class=\"yoast-schema-graph\">{\"@context\":\"https:\/\/schema.org\",\"@graph\":[{\"@type\":\"WebPage\",\"@id\":\"https:\/\/vmbcosmetics.ch\/produkt\/grosser-staubpinsel\/\",\"url\":\"https:\/\/vmbcosmetics.ch\/produkt\/grosser-staubpinsel\/\",\"name\":\"Grosser Staubpinsel - VMB Cosmetics Shop | Produkte f\u00fcr N\u00e4gel\",\"isPartOf\":{\"@id\":\"https:\/\/vmbcosmetics.ch\/#website\"},\"primaryImageOfPage\":{\"@id\":\"https:\/\/vmbcosmetics.ch\/produkt\/grosser-staubpinsel\/#primaryimage\"},\"image\":{\"@id\":\"https:\/\/vmbcosmetics.ch\/produkt\/grosser-staubpinsel\/#primaryimage\"},\"thumbnailUrl\":\"https:\/\/vmbcosmetics.ch\/wp-content\/uploads\/2023\/08\/pincel_po_grande.jpg\",\"datePublished\":\"2020-05-05T08:38:50+00:00\",\"dateModified\":\"2023-09-11T21:14:17+00:00\",\"breadcrumb\":{\"@id\":\"https:\/\/vmbcosmetics.ch\/produkt\/grosser-staubpinsel\/#breadcrumb\"},\"inLanguage\":\"pt-BR\",\"potentialAction\":[{\"@type\":\"ReadAction\",\"target\":[\"https:\/\/vmbcosmetics.ch\/produkt\/grosser-staubpinsel\/\"]}]},{\"@type\":\"ImageObject\",\"inLanguage\":\"pt-BR\",\"@id\":\"https:\/\/vmbcosmetics.ch\/produkt\/grosser-staubpinsel\/#primaryimage\",\"url\":\"https:\/\/vmbcosmetics.ch\/wp-content\/uploads\/2023\/08\/pincel_po_grande.jpg\",\"contentUrl\":\"https:\/\/vmbcosmetics.ch\/wp-content\/uploads\/2023\/08\/pincel_po_grande.jpg\",\"width\":1125,\"height\":1079},{\"@type\":\"BreadcrumbList\",\"@id\":\"https:\/\/vmbcosmetics.ch\/produkt\/grosser-staubpinsel\/#breadcrumb\",\"itemListElement\":[{\"@type\":\"ListItem\",\"position\":1,\"name\":\"In\u00edcio\",\"item\":\"https:\/\/vmbcosmetics.ch\/\"},{\"@type\":\"ListItem\",\"position\":2,\"name\":\"Shop\",\"item\":\"https:\/\/vmbcosmetics.ch\/shop\/\"},{\"@type\":\"ListItem\",\"position\":3,\"name\":\"Grosser Staubpinsel\"}]},{\"@type\":\"WebSite\",\"@id\":\"https:\/\/vmbcosmetics.ch\/#website\",\"url\":\"https:\/\/vmbcosmetics.ch\/\",\"name\":\"VMB Cosmetics Shop | Produkte f\u00fcr N\u00e4gel\",\"description\":\"Die besten Produkte f\u00fcr die N\u00e4gel finden Sie hier. Wir haben eine Vielzahl von Farben und Zubeh\u00f6r f\u00fcr Ihre N\u00e4gel.\",\"potentialAction\":[{\"@type\":\"SearchAction\",\"target\":{\"@type\":\"EntryPoint\",\"urlTemplate\":\"https:\/\/vmbcosmetics.ch\/?s={search_term_string}\"},\"query-input\":{\"@type\":\"PropertyValueSpecification\",\"valueRequired\":true,\"valueName\":\"search_term_string\"}}],\"inLanguage\":\"pt-BR\"}]}<\/script>\n<!-- \/ Yoast SEO plugin. -->","yoast_head_json":{"title":"Large dusting brush - VMB Cosmetics Shop | Produtos para unhas","robots":{"index":"index","follow":"follow","max-snippet":"max-snippet:-1","max-image-preview":"max-image-preview:large","max-video-preview":"max-video-preview:-1"},"canonical":"https:\/\/vmbcosmetics.ch\/pt\/produto\/pincel-grande-para-po\/","og_locale":"pt_BR","og_type":"article","og_title":"Grosser Staubpinsel - VMB Cosmetics Shop | Produkte f\u00fcr N\u00e4gel","og_description":"Produkte Eigenschaften:  Organisch gestaltet, einfach zu bedienen  Die Softney-B\u00fcrste gibt Ihnen ein unglaublich angenehmes Gef\u00fchl, wenn Sie sie mit Ihren N\u00e4geln oder f\u00fcr die Gesichtspflege ber\u00fchren  Nylonwolle ist weich und hautfreundlich. Sie k\u00f6nnen sie auf Gesicht und Handfl\u00e4chen ausprobieren. Beste Wirkung, mit Peelingcreme usw. reinigen.  Entfernen Sie Staubpartikel leicht w\u00e4hrend des Nagellacks, der auf dem Nagel erzeugt wird. Es kann auch als Rougepinsel verwendet werden.","og_url":"https:\/\/vmbcosmetics.ch\/pt\/produto\/pincel-grande-para-po\/","og_site_name":"VMB Cosmetics Shop | Produkte f\u00fcr N\u00e4gel","article_modified_time":"2023-09-11T21:14:17+00:00","og_image":[{"width":1125,"height":1079,"url":"https:\/\/vmbcosmetics.ch\/wp-content\/uploads\/2023\/08\/pincel_po_grande.jpg","type":"image\/jpeg"}],"twitter_card":"summary_large_image","schema":{"@context":"https:\/\/schema.org","@graph":[{"@type":"WebPage","@id":"https:\/\/vmbcosmetics.ch\/produkt\/grosser-staubpinsel\/","url":"https:\/\/vmbcosmetics.ch\/produkt\/grosser-staubpinsel\/","name":"Large dusting brush - VMB Cosmetics Shop | Produtos para unhas","isPartOf":{"@id":"https:\/\/vmbcosmetics.ch\/#website"},"primaryImageOfPage":{"@id":"https:\/\/vmbcosmetics.ch\/produkt\/grosser-staubpinsel\/#primaryimage"},"image":{"@id":"https:\/\/vmbcosmetics.ch\/produkt\/grosser-staubpinsel\/#primaryimage"},"thumbnailUrl":"https:\/\/vmbcosmetics.ch\/wp-content\/uploads\/2023\/08\/pincel_po_grande.jpg","datePublished":"2020-05-05T08:38:50+00:00","dateModified":"2023-09-11T21:14:17+00:00","breadcrumb":{"@id":"https:\/\/vmbcosmetics.ch\/produkt\/grosser-staubpinsel\/#breadcrumb"},"inLanguage":"pt-BR","potentialAction":[{"@type":"ReadAction","target":["https:\/\/vmbcosmetics.ch\/produkt\/grosser-staubpinsel\/"]}]},{"@type":"ImageObject","inLanguage":"pt-BR","@id":"https:\/\/vmbcosmetics.ch\/produkt\/grosser-staubpinsel\/#primaryimage","url":"https:\/\/vmbcosmetics.ch\/wp-content\/uploads\/2023\/08\/pincel_po_grande.jpg","contentUrl":"https:\/\/vmbcosmetics.ch\/wp-content\/uploads\/2023\/08\/pincel_po_grande.jpg","width":1125,"height":1079},{"@type":"BreadcrumbList","@id":"https:\/\/vmbcosmetics.ch\/produkt\/grosser-staubpinsel\/#breadcrumb","itemListElement":[{"@type":"ListItem","position":1,"name":"In\u00edcio","item":"https:\/\/vmbcosmetics.ch\/"},{"@type":"ListItem","position":2,"name":"Shop","item":"https:\/\/vmbcosmetics.ch\/shop\/"},{"@type":"ListItem","position":3,"name":"Grosser Staubpinsel"}]},{"@type":"WebSite","@id":"https:\/\/vmbcosmetics.ch\/#website","url":"https:\/\/vmbcosmetics.ch\/","name":"VMB Cosmetics Shop | Produtos para unhas","description":"Voc\u00ea pode encontrar os melhores produtos para unhas aqui. Temos uma variedade de cores e acess\u00f3rios para as suas unhas.","potentialAction":[{"@type":"SearchAction","target":{"@type":"EntryPoint","urlTemplate":"https:\/\/vmbcosmetics.ch\/?s={search_term_string}"},"query-input":{"@type":"PropertyValueSpecification","valueRequired":true,"valueName":"search_term_string"}}],"inLanguage":"pt-BR"}]}},"_links":{"self":[{"href":"https:\/\/vmbcosmetics.ch\/pt\/wp-json\/wp\/v2\/product\/4421","targetHints":{"allow":["GET"]}}],"collection":[{"href":"https:\/\/vmbcosmetics.ch\/pt\/wp-json\/wp\/v2\/product"}],"about":[{"href":"https:\/\/vmbcosmetics.ch\/pt\/wp-json\/wp\/v2\/types\/product"}],"replies":[{"embeddable":true,"href":"https:\/\/vmbcosmetics.ch\/pt\/wp-json\/wp\/v2\/comments?post=4421"}],"wp:featuredmedia":[{"embeddable":true,"href":"https:\/\/vmbcosmetics.ch\/pt\/wp-json\/wp\/v2\/media\/14428"}],"wp:attachment":[{"href":"https:\/\/vmbcosmetics.ch\/pt\/wp-json\/wp\/v2\/media?parent=4421"}],"wp:term":[{"taxonomy":"product_brand","embeddable":true,"href":"https:\/\/vmbcosmetics.ch\/pt\/wp-json\/wp\/v2\/product_brand?post=4421"},{"taxonomy":"product_cat","embeddable":true,"href":"https:\/\/vmbcosmetics.ch\/pt\/wp-json\/wp\/v2\/product_cat?post=4421"},{"taxonomy":"product_tag","embeddable":true,"href":"https:\/\/vmbcosmetics.ch\/pt\/wp-json\/wp\/v2\/product_tag?post=4421"}],"curies":[{"name":"wp","href":"https:\/\/api.w.org\/{rel}","templated":true}]}}