{"id":4399,"date":"2020-05-05T08:38:48","date_gmt":"2020-05-05T08:38:48","guid":{"rendered":"https:\/\/vmbshop.ch\/?post_type=product&#038;p=4399"},"modified":"2024-10-25T19:22:02","modified_gmt":"2024-10-25T19:22:02","slug":"po-de-imersao-colorido-vmb-43","status":"publish","type":"product","link":"https:\/\/vmbcosmetics.ch\/pt\/produto\/po-de-imersao-colorido-vmb-43\/","title":{"rendered":"P\u00f3 de imers\u00e3o de cor \u2013 VMB 43"},"content":{"rendered":"<p>O Colour Dip Powder \u00e9 um p\u00f3 de imers\u00e3o de secagem r\u00e1pida que foi especialmente desenvolvido e \u00e9 muito adequado para modelagem de unhas.<\/p>\n<p>\u00c9 um produto de qualidade acima da m\u00e9dia que oferece resultados confi\u00e1veis. A cor do p\u00f3 \u00e9 est\u00e1vel, de modo que n\u00e3o se altera.<\/p>\n<p>Al\u00e9m disso, o Colour Dip Powder \u00e9 enriquecido com vitaminas e \u00e9 org\u00e2nico e natural. Portanto, n\u00e3o h\u00e1 praticamente nenhum risco de alergias. As vitaminas ajudam a cuidar das unhas e as tornam mais fortes e resistentes<strong>.<\/strong><\/p>\n<p>Quando voc\u00ea aplica o Colour Dip Powder, as unhas ficam com um acabamento perfeito e duradouro e com cores vibrantes.<\/p>\n<h2><strong>Mais informa\u00e7\u00f5es<\/strong><strong> Vantagens do produto: <\/strong><\/h2>\n<ul>\n<li>N\u00e3o h\u00e1 danos \u00e0s unhas;<\/li>\n<li>N\u00e3o \u00e9 necess\u00e1ria luz UV ou LED nem ativador para a cura<\/li>\n<li>Seca em 5 segundos ap\u00f3s a imers\u00e3o. Juntamente com<\/li>\n<\/ul>\n<p>A camada superior seca em 1-1,5 minutos. Economiza muito tempo.<\/p>\n<ul>\n<li>Resistente e dur\u00e1vel, para que as unhas durem mais de 4 semanas.<\/li>\n<\/ul>\n<p>fique bonita<\/p>\n<ul>\n<li>Acabamento resistente a rachaduras e abras\u00e3o que n\u00e3o requer manuten\u00e7\u00e3o;<\/li>\n<li>Promove uma apar\u00eancia natural das unhas.<\/li>\n<\/ul>\n<h2><strong>Propriedades do produto<\/strong><\/h2>\n<ul>\n<li>Inodoro, portanto, a aplica\u00e7\u00e3o n\u00e3o \u00e9 problem\u00e1tica;<\/li>\n<li>Produto certificado pelas autoridades regulat\u00f3rias:\n<ul>\n<li>(FDA - Estados Unidos da Am\u00e9rica (EUA)<\/li>\n<li>REACH, RoHS e CPNP - mercado europeu<\/li>\n<li>GMPC - para o fabricante do produto<\/li>\n<\/ul>\n<\/li>\n<li>Peso l\u00edquido de 28 gramas;<\/li>\n<li>Produto de alta qualidade e lucrativo;<\/li>\n<li>A cor do p\u00f3 permanece inalterada.<\/li>\n<li>Enriquecido com vitaminas para melhorar o cuidado com as unhas.<\/li>\n<\/ul>","protected":false},"excerpt":{"rendered":"<p>O Colour Dip Powder \u00e9 um p\u00f3 de imers\u00e3o de secagem r\u00e1pida que foi especialmente desenvolvido e \u00e9 muito adequado para modelagem de unhas.<\/p>\n<p>\u00c9 um produto de qualidade acima da m\u00e9dia que oferece resultados confi\u00e1veis. A cor do p\u00f3 \u00e9 est\u00e1vel, de modo que n\u00e3o se altera.<\/p>","protected":false},"featured_media":14392,"comment_status":"closed","ping_status":"closed","template":"","meta":[],"product_brand":[],"product_cat":[121],"product_tag":[126,127],"class_list":{"0":"post-4399","1":"product","2":"type-product","3":"status-publish","4":"has-post-thumbnail","6":"product_cat-farb-pulver","7":"product_tag-color-dip-powder","8":"product_tag-tauchpulver","10":"first","11":"instock","12":"taxable","13":"shipping-taxable","14":"purchasable","15":"product-type-simple"},"yoast_head":"<!-- This site is optimized with the Yoast SEO plugin v26.4 - https:\/\/yoast.com\/wordpress\/plugins\/seo\/ -->\n<title>Color Dip Powder - VMB 43 - VMB Cosmetics Shop | Produkte f\u00fcr N\u00e4gel<\/title>\n<meta name=\"robots\" content=\"index, follow, max-snippet:-1, max-image-preview:large, max-video-preview:-1\" \/>\n<link rel=\"canonical\" href=\"https:\/\/vmbcosmetics.ch\/pt\/produto\/po-de-imersao-colorido-vmb-43\/\" \/>\n<meta property=\"og:locale\" content=\"pt_BR\" \/>\n<meta property=\"og:type\" content=\"article\" \/>\n<meta property=\"og:title\" content=\"Color Dip Powder - VMB 43 - VMB Cosmetics Shop | Produkte f\u00fcr N\u00e4gel\" \/>\n<meta property=\"og:description\" content=\"Color Dip Powder ist ein schnelltrocknendes Tauchpulver das speziell entwickelt wurde und f\u00fcr die Nagelmodellage sehr gut geeignet ist.  Es handelt sich um ein Produkt von \u00fcberdurchschnittlicher Qualit\u00e4t, das zuverl\u00e4ssige Ergebnisse bietet. Die Farbe des Pulvers ist best\u00e4ndig, so dass es sich nicht ver\u00e4ndert.\" \/>\n<meta property=\"og:url\" content=\"https:\/\/vmbcosmetics.ch\/pt\/produto\/po-de-imersao-colorido-vmb-43\/\" \/>\n<meta property=\"og:site_name\" content=\"VMB Cosmetics Shop | Produkte f\u00fcr N\u00e4gel\" \/>\n<meta property=\"article:modified_time\" content=\"2024-10-25T19:22:02+00:00\" \/>\n<meta property=\"og:image\" content=\"https:\/\/vmbcosmetics.ch\/wp-content\/uploads\/2023\/08\/VMB26.jpg\" \/>\n\t<meta property=\"og:image:width\" content=\"800\" \/>\n\t<meta property=\"og:image:height\" content=\"1071\" \/>\n\t<meta property=\"og:image:type\" content=\"image\/jpeg\" \/>\n<meta name=\"twitter:card\" content=\"summary_large_image\" \/>\n<meta name=\"twitter:label1\" content=\"Est. tempo de leitura\" \/>\n\t<meta name=\"twitter:data1\" content=\"2 minutos\" \/>\n<script type=\"application\/ld+json\" class=\"yoast-schema-graph\">{\"@context\":\"https:\/\/schema.org\",\"@graph\":[{\"@type\":\"WebPage\",\"@id\":\"https:\/\/vmbcosmetics.ch\/produkt\/color-dip-powder-vmb-43\/\",\"url\":\"https:\/\/vmbcosmetics.ch\/produkt\/color-dip-powder-vmb-43\/\",\"name\":\"Color Dip Powder - VMB 43 - VMB Cosmetics Shop | Produkte f\u00fcr N\u00e4gel\",\"isPartOf\":{\"@id\":\"https:\/\/vmbcosmetics.ch\/#website\"},\"primaryImageOfPage\":{\"@id\":\"https:\/\/vmbcosmetics.ch\/produkt\/color-dip-powder-vmb-43\/#primaryimage\"},\"image\":{\"@id\":\"https:\/\/vmbcosmetics.ch\/produkt\/color-dip-powder-vmb-43\/#primaryimage\"},\"thumbnailUrl\":\"https:\/\/vmbcosmetics.ch\/wp-content\/uploads\/2023\/08\/VMB26.jpg\",\"datePublished\":\"2020-05-05T08:38:48+00:00\",\"dateModified\":\"2024-10-25T19:22:02+00:00\",\"breadcrumb\":{\"@id\":\"https:\/\/vmbcosmetics.ch\/produkt\/color-dip-powder-vmb-43\/#breadcrumb\"},\"inLanguage\":\"pt-BR\",\"potentialAction\":[{\"@type\":\"ReadAction\",\"target\":[\"https:\/\/vmbcosmetics.ch\/produkt\/color-dip-powder-vmb-43\/\"]}]},{\"@type\":\"ImageObject\",\"inLanguage\":\"pt-BR\",\"@id\":\"https:\/\/vmbcosmetics.ch\/produkt\/color-dip-powder-vmb-43\/#primaryimage\",\"url\":\"https:\/\/vmbcosmetics.ch\/wp-content\/uploads\/2023\/08\/VMB26.jpg\",\"contentUrl\":\"https:\/\/vmbcosmetics.ch\/wp-content\/uploads\/2023\/08\/VMB26.jpg\",\"width\":800,\"height\":1071},{\"@type\":\"BreadcrumbList\",\"@id\":\"https:\/\/vmbcosmetics.ch\/produkt\/color-dip-powder-vmb-43\/#breadcrumb\",\"itemListElement\":[{\"@type\":\"ListItem\",\"position\":1,\"name\":\"In\u00edcio\",\"item\":\"https:\/\/vmbcosmetics.ch\/\"},{\"@type\":\"ListItem\",\"position\":2,\"name\":\"Shop\",\"item\":\"https:\/\/vmbcosmetics.ch\/shop\/\"},{\"@type\":\"ListItem\",\"position\":3,\"name\":\"Color Dip Powder &#8211; VMB 43\"}]},{\"@type\":\"WebSite\",\"@id\":\"https:\/\/vmbcosmetics.ch\/#website\",\"url\":\"https:\/\/vmbcosmetics.ch\/\",\"name\":\"VMB Cosmetics Shop | Produkte f\u00fcr N\u00e4gel\",\"description\":\"Die besten Produkte f\u00fcr die N\u00e4gel finden Sie hier. Wir haben eine Vielzahl von Farben und Zubeh\u00f6r f\u00fcr Ihre N\u00e4gel.\",\"potentialAction\":[{\"@type\":\"SearchAction\",\"target\":{\"@type\":\"EntryPoint\",\"urlTemplate\":\"https:\/\/vmbcosmetics.ch\/?s={search_term_string}\"},\"query-input\":{\"@type\":\"PropertyValueSpecification\",\"valueRequired\":true,\"valueName\":\"search_term_string\"}}],\"inLanguage\":\"pt-BR\"}]}<\/script>\n<!-- \/ Yoast SEO plugin. -->","yoast_head_json":{"title":"Colour Dip Powder - VMB 43 - VMB Cosmetics Shop | Produtos para unhas","robots":{"index":"index","follow":"follow","max-snippet":"max-snippet:-1","max-image-preview":"max-image-preview:large","max-video-preview":"max-video-preview:-1"},"canonical":"https:\/\/vmbcosmetics.ch\/pt\/produto\/po-de-imersao-colorido-vmb-43\/","og_locale":"pt_BR","og_type":"article","og_title":"Color Dip Powder - VMB 43 - VMB Cosmetics Shop | Produkte f\u00fcr N\u00e4gel","og_description":"Color Dip Powder ist ein schnelltrocknendes Tauchpulver das speziell entwickelt wurde und f\u00fcr die Nagelmodellage sehr gut geeignet ist.  Es handelt sich um ein Produkt von \u00fcberdurchschnittlicher Qualit\u00e4t, das zuverl\u00e4ssige Ergebnisse bietet. Die Farbe des Pulvers ist best\u00e4ndig, so dass es sich nicht ver\u00e4ndert.","og_url":"https:\/\/vmbcosmetics.ch\/pt\/produto\/po-de-imersao-colorido-vmb-43\/","og_site_name":"VMB Cosmetics Shop | Produkte f\u00fcr N\u00e4gel","article_modified_time":"2024-10-25T19:22:02+00:00","og_image":[{"width":800,"height":1071,"url":"https:\/\/vmbcosmetics.ch\/wp-content\/uploads\/2023\/08\/VMB26.jpg","type":"image\/jpeg"}],"twitter_card":"summary_large_image","twitter_misc":{"Est. tempo de leitura":"2 minutos"},"schema":{"@context":"https:\/\/schema.org","@graph":[{"@type":"WebPage","@id":"https:\/\/vmbcosmetics.ch\/produkt\/color-dip-powder-vmb-43\/","url":"https:\/\/vmbcosmetics.ch\/produkt\/color-dip-powder-vmb-43\/","name":"Colour Dip Powder - VMB 43 - VMB Cosmetics Shop | Produtos para unhas","isPartOf":{"@id":"https:\/\/vmbcosmetics.ch\/#website"},"primaryImageOfPage":{"@id":"https:\/\/vmbcosmetics.ch\/produkt\/color-dip-powder-vmb-43\/#primaryimage"},"image":{"@id":"https:\/\/vmbcosmetics.ch\/produkt\/color-dip-powder-vmb-43\/#primaryimage"},"thumbnailUrl":"https:\/\/vmbcosmetics.ch\/wp-content\/uploads\/2023\/08\/VMB26.jpg","datePublished":"2020-05-05T08:38:48+00:00","dateModified":"2024-10-25T19:22:02+00:00","breadcrumb":{"@id":"https:\/\/vmbcosmetics.ch\/produkt\/color-dip-powder-vmb-43\/#breadcrumb"},"inLanguage":"pt-BR","potentialAction":[{"@type":"ReadAction","target":["https:\/\/vmbcosmetics.ch\/produkt\/color-dip-powder-vmb-43\/"]}]},{"@type":"ImageObject","inLanguage":"pt-BR","@id":"https:\/\/vmbcosmetics.ch\/produkt\/color-dip-powder-vmb-43\/#primaryimage","url":"https:\/\/vmbcosmetics.ch\/wp-content\/uploads\/2023\/08\/VMB26.jpg","contentUrl":"https:\/\/vmbcosmetics.ch\/wp-content\/uploads\/2023\/08\/VMB26.jpg","width":800,"height":1071},{"@type":"BreadcrumbList","@id":"https:\/\/vmbcosmetics.ch\/produkt\/color-dip-powder-vmb-43\/#breadcrumb","itemListElement":[{"@type":"ListItem","position":1,"name":"In\u00edcio","item":"https:\/\/vmbcosmetics.ch\/"},{"@type":"ListItem","position":2,"name":"Shop","item":"https:\/\/vmbcosmetics.ch\/shop\/"},{"@type":"ListItem","position":3,"name":"Color Dip Powder &#8211; VMB 43"}]},{"@type":"WebSite","@id":"https:\/\/vmbcosmetics.ch\/#website","url":"https:\/\/vmbcosmetics.ch\/","name":"VMB Cosmetics Shop | Produtos para unhas","description":"Voc\u00ea pode encontrar os melhores produtos para unhas aqui. Temos uma variedade de cores e acess\u00f3rios para as suas unhas.","potentialAction":[{"@type":"SearchAction","target":{"@type":"EntryPoint","urlTemplate":"https:\/\/vmbcosmetics.ch\/?s={search_term_string}"},"query-input":{"@type":"PropertyValueSpecification","valueRequired":true,"valueName":"search_term_string"}}],"inLanguage":"pt-BR"}]}},"_links":{"self":[{"href":"https:\/\/vmbcosmetics.ch\/pt\/wp-json\/wp\/v2\/product\/4399","targetHints":{"allow":["GET"]}}],"collection":[{"href":"https:\/\/vmbcosmetics.ch\/pt\/wp-json\/wp\/v2\/product"}],"about":[{"href":"https:\/\/vmbcosmetics.ch\/pt\/wp-json\/wp\/v2\/types\/product"}],"replies":[{"embeddable":true,"href":"https:\/\/vmbcosmetics.ch\/pt\/wp-json\/wp\/v2\/comments?post=4399"}],"wp:featuredmedia":[{"embeddable":true,"href":"https:\/\/vmbcosmetics.ch\/pt\/wp-json\/wp\/v2\/media\/14392"}],"wp:attachment":[{"href":"https:\/\/vmbcosmetics.ch\/pt\/wp-json\/wp\/v2\/media?parent=4399"}],"wp:term":[{"taxonomy":"product_brand","embeddable":true,"href":"https:\/\/vmbcosmetics.ch\/pt\/wp-json\/wp\/v2\/product_brand?post=4399"},{"taxonomy":"product_cat","embeddable":true,"href":"https:\/\/vmbcosmetics.ch\/pt\/wp-json\/wp\/v2\/product_cat?post=4399"},{"taxonomy":"product_tag","embeddable":true,"href":"https:\/\/vmbcosmetics.ch\/pt\/wp-json\/wp\/v2\/product_tag?post=4399"}],"curies":[{"name":"wp","href":"https:\/\/api.w.org\/{rel}","templated":true}]}}