{"id":4360,"date":"2020-05-05T08:38:43","date_gmt":"2020-05-05T08:38:43","guid":{"rendered":"https:\/\/vmbshop.ch\/?post_type=product&#038;p=4360"},"modified":"2023-08-21T22:29:57","modified_gmt":"2023-08-21T22:29:57","slug":"po-de-imersao-de-cor-vmb-04","status":"publish","type":"product","link":"https:\/\/vmbcosmetics.ch\/pt\/produto\/po-de-imersao-de-cor-vmb-04\/","title":{"rendered":"P\u00f3 de imers\u00e3o de cor \u2013 VMB 04"},"content":{"rendered":"","protected":false},"excerpt":{"rendered":"<p><strong>P\u00f3 de imers\u00e3o de secagem r\u00e1pida<\/strong><br \/>\nCapacidade: Peso L\u00edquido 28g (1oz)<br \/>\nCertificados: FDA\/REACH\/RoHS\/GMPC\/CPNP<br \/>\nQualidade: Qualidade acima da m\u00e9dia garantida, a cor do p\u00f3 nunca muda, enriquecida com vitaminas, org\u00e2nica e natural<\/p>\n<p>&nbsp;<\/p>\n<p><strong>Vantagens principais:<\/strong><br \/>\n1. Inodoro, sem danos \u00e0s unhas<br \/>\n2. Nenhuma luz UV ou LED necess\u00e1ria para a cura e nenhum ativador<br \/>\n3. Mergulhe o p\u00f3 Seque dentro de 5 segundos ap\u00f3s a imers\u00e3o. Seque em 1-1,5 minutos com o top coat. Economize muito tempo<br \/>\n4. Forte, dur\u00e1vel e duradouro por mais de 4 semanas<br \/>\n5. Resistente a rachaduras, resistente \u00e0 abras\u00e3o e livre de manuten\u00e7\u00e3o<br \/>\n6. Apar\u00eancia natural, peso leve<\/p>","protected":false},"featured_media":14317,"comment_status":"closed","ping_status":"closed","template":"","meta":[],"product_brand":[],"product_cat":[121],"product_tag":[],"class_list":{"0":"post-4360","1":"product","2":"type-product","3":"status-publish","4":"has-post-thumbnail","6":"product_cat-farb-pulver","8":"first","9":"instock","10":"taxable","11":"shipping-taxable","12":"purchasable","13":"product-type-simple"},"yoast_head":"<!-- This site is optimized with the Yoast SEO plugin v26.4 - https:\/\/yoast.com\/wordpress\/plugins\/seo\/ -->\n<title>Color Dip Powder - VMB 04 - VMB Cosmetics Shop | Produkte f\u00fcr N\u00e4gel<\/title>\n<meta name=\"robots\" content=\"index, follow, max-snippet:-1, max-image-preview:large, max-video-preview:-1\" \/>\n<link rel=\"canonical\" href=\"https:\/\/vmbcosmetics.ch\/pt\/produto\/po-de-imersao-de-cor-vmb-04\/\" \/>\n<meta property=\"og:locale\" content=\"pt_BR\" \/>\n<meta property=\"og:type\" content=\"article\" \/>\n<meta property=\"og:title\" content=\"Color Dip Powder - VMB 04 - VMB Cosmetics Shop | Produkte f\u00fcr N\u00e4gel\" \/>\n<meta property=\"og:description\" content=\"Schnelltrocknendes Tauchpulver Kapazit\u00e4t: Nettogewicht 28g (1oz) Zertifikate: FDA \/ REACH \/ RoHS \/ GMPC \/ CPNP Qualit\u00e4t: \u00dcberdurchschnittliche Qualit\u00e4t garantiert, Pulverfarbe \u00e4ndert sich nie, Vitamin angereichert, organisch und nat\u00fcrlich  &nbsp;  Hauptvorteile: 1. Geruchsneutral, keine Besch\u00e4digung der N\u00e4gel 2. Zum Aush\u00e4rten kein UV- oder LED-Licht erforderlich und auch kein Aktivator 3. Tauchpulver Innerhalb von 5 Sekunden nach dem Eintauchen trocken. Mit Decklack innerhalb von 1-1.5 Minuten trocken. Sparen Sie viel Zeit 4. Stark, best\u00e4ndig und langlebig f\u00fcr mehr als 4 Wochen 5. Rissbest\u00e4ndig, abriebfest, wartungsfrei 6. Nat\u00fcrliches Aussehen, geringes Gewicht\" \/>\n<meta property=\"og:url\" content=\"https:\/\/vmbcosmetics.ch\/pt\/produto\/po-de-imersao-de-cor-vmb-04\/\" \/>\n<meta property=\"og:site_name\" content=\"VMB Cosmetics Shop | Produkte f\u00fcr N\u00e4gel\" \/>\n<meta property=\"article:modified_time\" content=\"2023-08-21T22:29:57+00:00\" \/>\n<meta property=\"og:image\" content=\"https:\/\/vmbcosmetics.ch\/wp-content\/uploads\/2023\/08\/rose-4.jpg\" \/>\n\t<meta property=\"og:image:width\" content=\"800\" \/>\n\t<meta property=\"og:image:height\" content=\"1071\" \/>\n\t<meta property=\"og:image:type\" content=\"image\/jpeg\" \/>\n<meta name=\"twitter:card\" content=\"summary_large_image\" \/>\n<script type=\"application\/ld+json\" class=\"yoast-schema-graph\">{\"@context\":\"https:\/\/schema.org\",\"@graph\":[{\"@type\":\"WebPage\",\"@id\":\"https:\/\/vmbcosmetics.ch\/produkt\/color-dip-powder-vmb-04\/\",\"url\":\"https:\/\/vmbcosmetics.ch\/produkt\/color-dip-powder-vmb-04\/\",\"name\":\"Color Dip Powder - VMB 04 - VMB Cosmetics Shop | Produkte f\u00fcr N\u00e4gel\",\"isPartOf\":{\"@id\":\"https:\/\/vmbcosmetics.ch\/#website\"},\"primaryImageOfPage\":{\"@id\":\"https:\/\/vmbcosmetics.ch\/produkt\/color-dip-powder-vmb-04\/#primaryimage\"},\"image\":{\"@id\":\"https:\/\/vmbcosmetics.ch\/produkt\/color-dip-powder-vmb-04\/#primaryimage\"},\"thumbnailUrl\":\"https:\/\/vmbcosmetics.ch\/wp-content\/uploads\/2023\/08\/rose-4.jpg\",\"datePublished\":\"2020-05-05T08:38:43+00:00\",\"dateModified\":\"2023-08-21T22:29:57+00:00\",\"breadcrumb\":{\"@id\":\"https:\/\/vmbcosmetics.ch\/produkt\/color-dip-powder-vmb-04\/#breadcrumb\"},\"inLanguage\":\"pt-BR\",\"potentialAction\":[{\"@type\":\"ReadAction\",\"target\":[\"https:\/\/vmbcosmetics.ch\/produkt\/color-dip-powder-vmb-04\/\"]}]},{\"@type\":\"ImageObject\",\"inLanguage\":\"pt-BR\",\"@id\":\"https:\/\/vmbcosmetics.ch\/produkt\/color-dip-powder-vmb-04\/#primaryimage\",\"url\":\"https:\/\/vmbcosmetics.ch\/wp-content\/uploads\/2023\/08\/rose-4.jpg\",\"contentUrl\":\"https:\/\/vmbcosmetics.ch\/wp-content\/uploads\/2023\/08\/rose-4.jpg\",\"width\":800,\"height\":1071},{\"@type\":\"BreadcrumbList\",\"@id\":\"https:\/\/vmbcosmetics.ch\/produkt\/color-dip-powder-vmb-04\/#breadcrumb\",\"itemListElement\":[{\"@type\":\"ListItem\",\"position\":1,\"name\":\"In\u00edcio\",\"item\":\"https:\/\/vmbcosmetics.ch\/\"},{\"@type\":\"ListItem\",\"position\":2,\"name\":\"Shop\",\"item\":\"https:\/\/vmbcosmetics.ch\/shop\/\"},{\"@type\":\"ListItem\",\"position\":3,\"name\":\"Color Dip Powder &#8211; VMB 04\"}]},{\"@type\":\"WebSite\",\"@id\":\"https:\/\/vmbcosmetics.ch\/#website\",\"url\":\"https:\/\/vmbcosmetics.ch\/\",\"name\":\"VMB Cosmetics Shop | Produkte f\u00fcr N\u00e4gel\",\"description\":\"Die besten Produkte f\u00fcr die N\u00e4gel finden Sie hier. Wir haben eine Vielzahl von Farben und Zubeh\u00f6r f\u00fcr Ihre N\u00e4gel.\",\"potentialAction\":[{\"@type\":\"SearchAction\",\"target\":{\"@type\":\"EntryPoint\",\"urlTemplate\":\"https:\/\/vmbcosmetics.ch\/?s={search_term_string}\"},\"query-input\":{\"@type\":\"PropertyValueSpecification\",\"valueRequired\":true,\"valueName\":\"search_term_string\"}}],\"inLanguage\":\"pt-BR\"}]}<\/script>\n<!-- \/ Yoast SEO plugin. -->","yoast_head_json":{"title":"Colour Dip Powder - VMB 04 - VMB Cosmetics Shop | Produtos para unhas","robots":{"index":"index","follow":"follow","max-snippet":"max-snippet:-1","max-image-preview":"max-image-preview:large","max-video-preview":"max-video-preview:-1"},"canonical":"https:\/\/vmbcosmetics.ch\/pt\/produto\/po-de-imersao-de-cor-vmb-04\/","og_locale":"pt_BR","og_type":"article","og_title":"Color Dip Powder - VMB 04 - VMB Cosmetics Shop | Produkte f\u00fcr N\u00e4gel","og_description":"Schnelltrocknendes Tauchpulver Kapazit\u00e4t: Nettogewicht 28g (1oz) Zertifikate: FDA \/ REACH \/ RoHS \/ GMPC \/ CPNP Qualit\u00e4t: \u00dcberdurchschnittliche Qualit\u00e4t garantiert, Pulverfarbe \u00e4ndert sich nie, Vitamin angereichert, organisch und nat\u00fcrlich  &nbsp;  Hauptvorteile: 1. Geruchsneutral, keine Besch\u00e4digung der N\u00e4gel 2. Zum Aush\u00e4rten kein UV- oder LED-Licht erforderlich und auch kein Aktivator 3. Tauchpulver Innerhalb von 5 Sekunden nach dem Eintauchen trocken. Mit Decklack innerhalb von 1-1.5 Minuten trocken. Sparen Sie viel Zeit 4. Stark, best\u00e4ndig und langlebig f\u00fcr mehr als 4 Wochen 5. Rissbest\u00e4ndig, abriebfest, wartungsfrei 6. Nat\u00fcrliches Aussehen, geringes Gewicht","og_url":"https:\/\/vmbcosmetics.ch\/pt\/produto\/po-de-imersao-de-cor-vmb-04\/","og_site_name":"VMB Cosmetics Shop | Produkte f\u00fcr N\u00e4gel","article_modified_time":"2023-08-21T22:29:57+00:00","og_image":[{"width":800,"height":1071,"url":"https:\/\/vmbcosmetics.ch\/wp-content\/uploads\/2023\/08\/rose-4.jpg","type":"image\/jpeg"}],"twitter_card":"summary_large_image","schema":{"@context":"https:\/\/schema.org","@graph":[{"@type":"WebPage","@id":"https:\/\/vmbcosmetics.ch\/produkt\/color-dip-powder-vmb-04\/","url":"https:\/\/vmbcosmetics.ch\/produkt\/color-dip-powder-vmb-04\/","name":"Colour Dip Powder - VMB 04 - VMB Cosmetics Shop | Produtos para unhas","isPartOf":{"@id":"https:\/\/vmbcosmetics.ch\/#website"},"primaryImageOfPage":{"@id":"https:\/\/vmbcosmetics.ch\/produkt\/color-dip-powder-vmb-04\/#primaryimage"},"image":{"@id":"https:\/\/vmbcosmetics.ch\/produkt\/color-dip-powder-vmb-04\/#primaryimage"},"thumbnailUrl":"https:\/\/vmbcosmetics.ch\/wp-content\/uploads\/2023\/08\/rose-4.jpg","datePublished":"2020-05-05T08:38:43+00:00","dateModified":"2023-08-21T22:29:57+00:00","breadcrumb":{"@id":"https:\/\/vmbcosmetics.ch\/produkt\/color-dip-powder-vmb-04\/#breadcrumb"},"inLanguage":"pt-BR","potentialAction":[{"@type":"ReadAction","target":["https:\/\/vmbcosmetics.ch\/produkt\/color-dip-powder-vmb-04\/"]}]},{"@type":"ImageObject","inLanguage":"pt-BR","@id":"https:\/\/vmbcosmetics.ch\/produkt\/color-dip-powder-vmb-04\/#primaryimage","url":"https:\/\/vmbcosmetics.ch\/wp-content\/uploads\/2023\/08\/rose-4.jpg","contentUrl":"https:\/\/vmbcosmetics.ch\/wp-content\/uploads\/2023\/08\/rose-4.jpg","width":800,"height":1071},{"@type":"BreadcrumbList","@id":"https:\/\/vmbcosmetics.ch\/produkt\/color-dip-powder-vmb-04\/#breadcrumb","itemListElement":[{"@type":"ListItem","position":1,"name":"In\u00edcio","item":"https:\/\/vmbcosmetics.ch\/"},{"@type":"ListItem","position":2,"name":"Shop","item":"https:\/\/vmbcosmetics.ch\/shop\/"},{"@type":"ListItem","position":3,"name":"Color Dip Powder &#8211; VMB 04"}]},{"@type":"WebSite","@id":"https:\/\/vmbcosmetics.ch\/#website","url":"https:\/\/vmbcosmetics.ch\/","name":"VMB Cosmetics Shop | Produtos para unhas","description":"Voc\u00ea pode encontrar os melhores produtos para unhas aqui. Temos uma variedade de cores e acess\u00f3rios para as suas unhas.","potentialAction":[{"@type":"SearchAction","target":{"@type":"EntryPoint","urlTemplate":"https:\/\/vmbcosmetics.ch\/?s={search_term_string}"},"query-input":{"@type":"PropertyValueSpecification","valueRequired":true,"valueName":"search_term_string"}}],"inLanguage":"pt-BR"}]}},"_links":{"self":[{"href":"https:\/\/vmbcosmetics.ch\/pt\/wp-json\/wp\/v2\/product\/4360","targetHints":{"allow":["GET"]}}],"collection":[{"href":"https:\/\/vmbcosmetics.ch\/pt\/wp-json\/wp\/v2\/product"}],"about":[{"href":"https:\/\/vmbcosmetics.ch\/pt\/wp-json\/wp\/v2\/types\/product"}],"replies":[{"embeddable":true,"href":"https:\/\/vmbcosmetics.ch\/pt\/wp-json\/wp\/v2\/comments?post=4360"}],"wp:featuredmedia":[{"embeddable":true,"href":"https:\/\/vmbcosmetics.ch\/pt\/wp-json\/wp\/v2\/media\/14317"}],"wp:attachment":[{"href":"https:\/\/vmbcosmetics.ch\/pt\/wp-json\/wp\/v2\/media?parent=4360"}],"wp:term":[{"taxonomy":"product_brand","embeddable":true,"href":"https:\/\/vmbcosmetics.ch\/pt\/wp-json\/wp\/v2\/product_brand?post=4360"},{"taxonomy":"product_cat","embeddable":true,"href":"https:\/\/vmbcosmetics.ch\/pt\/wp-json\/wp\/v2\/product_cat?post=4360"},{"taxonomy":"product_tag","embeddable":true,"href":"https:\/\/vmbcosmetics.ch\/pt\/wp-json\/wp\/v2\/product_tag?post=4360"}],"curies":[{"name":"wp","href":"https:\/\/api.w.org\/{rel}","templated":true}]}}