{"id":15423,"date":"2024-02-17T16:51:12","date_gmt":"2024-02-17T16:51:12","guid":{"rendered":"https:\/\/vmbcosmetics.ch\/?post_type=product&#038;p=15423"},"modified":"2024-02-17T17:04:54","modified_gmt":"2024-02-17T17:04:54","slug":"removedor-de-gel","status":"publish","type":"product","link":"https:\/\/vmbcosmetics.ch\/pt\/produto\/removedor-de-gel\/","title":{"rendered":"Removedor de gel"},"content":{"rendered":"","protected":false},"excerpt":{"rendered":"<p><strong>Removedor de gel m\u00e1gico: <\/strong>para esmalte de gel \/ esmalte de unha \/ p\u00f3 de imers\u00e3o<\/p>\n<p>Capacidade: 15ml<\/p>\n<p>&nbsp;<\/p>\n<p><strong>Principais vantagens:<\/strong><\/p>\n<p>1. sem acetona, n\u00e3o t\u00f3xico<\/p>\n<p>2. r\u00e1pido e f\u00e1cil<\/p>\n<p>3. inodoro<\/p>\n<p>4. nenhum dano ao leito ungueal<\/p>\n<p>5. Dispon\u00edvel para gel, verniz e p\u00f3 de imers\u00e3o<\/p>","protected":false},"featured_media":15424,"comment_status":"closed","ping_status":"closed","template":"","meta":[],"product_brand":[],"product_cat":[122],"product_tag":[],"class_list":{"0":"post-15423","1":"product","2":"type-product","3":"status-publish","4":"has-post-thumbnail","6":"product_cat-basis-versiegelung","8":"first","9":"instock","10":"taxable","11":"shipping-taxable","12":"purchasable","13":"product-type-simple"},"yoast_head":"<!-- This site is optimized with the Yoast SEO plugin v26.4 - https:\/\/yoast.com\/wordpress\/plugins\/seo\/ -->\n<title>Gel Remover - VMB Cosmetics Shop | Produkte f\u00fcr N\u00e4gel<\/title>\n<meta name=\"robots\" content=\"index, follow, max-snippet:-1, max-image-preview:large, max-video-preview:-1\" \/>\n<link rel=\"canonical\" href=\"https:\/\/vmbcosmetics.ch\/pt\/produto\/removedor-de-gel\/\" \/>\n<meta property=\"og:locale\" content=\"pt_BR\" \/>\n<meta property=\"og:type\" content=\"article\" \/>\n<meta property=\"og:title\" content=\"Gel Remover - VMB Cosmetics Shop | Produkte f\u00fcr N\u00e4gel\" \/>\n<meta property=\"og:description\" content=\"Magischer Gel Entferner: f\u00fcr Gel Polish \/ Nagellack \/ Dipping Pulver  Kapazit\u00e4t: 15ml  &nbsp;  Hauptvorrteile:  1. Azetonfrei, ungiftig  2. Schnell und einfach  3. Geruchsneutral  4. Keine Besch\u00e4digung des Nagelbettes  5. Verf\u00fcgbar f\u00fcr Gel, Lack und Dipping Pulver\" \/>\n<meta property=\"og:url\" content=\"https:\/\/vmbcosmetics.ch\/pt\/produto\/removedor-de-gel\/\" \/>\n<meta property=\"og:site_name\" content=\"VMB Cosmetics Shop | Produkte f\u00fcr N\u00e4gel\" \/>\n<meta property=\"article:modified_time\" content=\"2024-02-17T17:04:54+00:00\" \/>\n<meta property=\"og:image\" content=\"https:\/\/vmbcosmetics.ch\/wp-content\/uploads\/2024\/02\/Gel-Romover.png\" \/>\n\t<meta property=\"og:image:width\" content=\"2882\" \/>\n\t<meta property=\"og:image:height\" content=\"2882\" \/>\n\t<meta property=\"og:image:type\" content=\"image\/png\" \/>\n<meta name=\"twitter:card\" content=\"summary_large_image\" \/>\n<meta name=\"twitter:label1\" content=\"Est. tempo de leitura\" \/>\n\t<meta name=\"twitter:data1\" content=\"1 minuto\" \/>\n<script type=\"application\/ld+json\" class=\"yoast-schema-graph\">{\"@context\":\"https:\/\/schema.org\",\"@graph\":[{\"@type\":\"WebPage\",\"@id\":\"https:\/\/vmbcosmetics.ch\/produkt\/gel-remover\/\",\"url\":\"https:\/\/vmbcosmetics.ch\/produkt\/gel-remover\/\",\"name\":\"Gel Remover - VMB Cosmetics Shop | Produkte f\u00fcr N\u00e4gel\",\"isPartOf\":{\"@id\":\"https:\/\/vmbcosmetics.ch\/#website\"},\"primaryImageOfPage\":{\"@id\":\"https:\/\/vmbcosmetics.ch\/produkt\/gel-remover\/#primaryimage\"},\"image\":{\"@id\":\"https:\/\/vmbcosmetics.ch\/produkt\/gel-remover\/#primaryimage\"},\"thumbnailUrl\":\"https:\/\/vmbcosmetics.ch\/wp-content\/uploads\/2024\/02\/Gel-Romover.png\",\"datePublished\":\"2024-02-17T16:51:12+00:00\",\"dateModified\":\"2024-02-17T17:04:54+00:00\",\"breadcrumb\":{\"@id\":\"https:\/\/vmbcosmetics.ch\/produkt\/gel-remover\/#breadcrumb\"},\"inLanguage\":\"pt-BR\",\"potentialAction\":[{\"@type\":\"ReadAction\",\"target\":[\"https:\/\/vmbcosmetics.ch\/produkt\/gel-remover\/\"]}]},{\"@type\":\"ImageObject\",\"inLanguage\":\"pt-BR\",\"@id\":\"https:\/\/vmbcosmetics.ch\/produkt\/gel-remover\/#primaryimage\",\"url\":\"https:\/\/vmbcosmetics.ch\/wp-content\/uploads\/2024\/02\/Gel-Romover.png\",\"contentUrl\":\"https:\/\/vmbcosmetics.ch\/wp-content\/uploads\/2024\/02\/Gel-Romover.png\",\"width\":2882,\"height\":2882},{\"@type\":\"BreadcrumbList\",\"@id\":\"https:\/\/vmbcosmetics.ch\/produkt\/gel-remover\/#breadcrumb\",\"itemListElement\":[{\"@type\":\"ListItem\",\"position\":1,\"name\":\"In\u00edcio\",\"item\":\"https:\/\/vmbcosmetics.ch\/\"},{\"@type\":\"ListItem\",\"position\":2,\"name\":\"Shop\",\"item\":\"https:\/\/vmbcosmetics.ch\/shop\/\"},{\"@type\":\"ListItem\",\"position\":3,\"name\":\"Gel Remover\"}]},{\"@type\":\"WebSite\",\"@id\":\"https:\/\/vmbcosmetics.ch\/#website\",\"url\":\"https:\/\/vmbcosmetics.ch\/\",\"name\":\"VMB Cosmetics Shop | Produkte f\u00fcr N\u00e4gel\",\"description\":\"Die besten Produkte f\u00fcr die N\u00e4gel finden Sie hier. Wir haben eine Vielzahl von Farben und Zubeh\u00f6r f\u00fcr Ihre N\u00e4gel.\",\"potentialAction\":[{\"@type\":\"SearchAction\",\"target\":{\"@type\":\"EntryPoint\",\"urlTemplate\":\"https:\/\/vmbcosmetics.ch\/?s={search_term_string}\"},\"query-input\":{\"@type\":\"PropertyValueSpecification\",\"valueRequired\":true,\"valueName\":\"search_term_string\"}}],\"inLanguage\":\"pt-BR\"}]}<\/script>\n<!-- \/ Yoast SEO plugin. -->","yoast_head_json":{"title":"Removedor de gel - VMB Cosmetics Shop | Produtos para unhas","robots":{"index":"index","follow":"follow","max-snippet":"max-snippet:-1","max-image-preview":"max-image-preview:large","max-video-preview":"max-video-preview:-1"},"canonical":"https:\/\/vmbcosmetics.ch\/pt\/produto\/removedor-de-gel\/","og_locale":"pt_BR","og_type":"article","og_title":"Gel Remover - VMB Cosmetics Shop | Produkte f\u00fcr N\u00e4gel","og_description":"Magischer Gel Entferner: f\u00fcr Gel Polish \/ Nagellack \/ Dipping Pulver  Kapazit\u00e4t: 15ml  &nbsp;  Hauptvorrteile:  1. Azetonfrei, ungiftig  2. Schnell und einfach  3. Geruchsneutral  4. Keine Besch\u00e4digung des Nagelbettes  5. Verf\u00fcgbar f\u00fcr Gel, Lack und Dipping Pulver","og_url":"https:\/\/vmbcosmetics.ch\/pt\/produto\/removedor-de-gel\/","og_site_name":"VMB Cosmetics Shop | Produkte f\u00fcr N\u00e4gel","article_modified_time":"2024-02-17T17:04:54+00:00","og_image":[{"width":2882,"height":2882,"url":"https:\/\/vmbcosmetics.ch\/wp-content\/uploads\/2024\/02\/Gel-Romover.png","type":"image\/png"}],"twitter_card":"summary_large_image","twitter_misc":{"Est. tempo de leitura":"1 minuto"},"schema":{"@context":"https:\/\/schema.org","@graph":[{"@type":"WebPage","@id":"https:\/\/vmbcosmetics.ch\/produkt\/gel-remover\/","url":"https:\/\/vmbcosmetics.ch\/produkt\/gel-remover\/","name":"Removedor de gel - VMB Cosmetics Shop | Produtos para unhas","isPartOf":{"@id":"https:\/\/vmbcosmetics.ch\/#website"},"primaryImageOfPage":{"@id":"https:\/\/vmbcosmetics.ch\/produkt\/gel-remover\/#primaryimage"},"image":{"@id":"https:\/\/vmbcosmetics.ch\/produkt\/gel-remover\/#primaryimage"},"thumbnailUrl":"https:\/\/vmbcosmetics.ch\/wp-content\/uploads\/2024\/02\/Gel-Romover.png","datePublished":"2024-02-17T16:51:12+00:00","dateModified":"2024-02-17T17:04:54+00:00","breadcrumb":{"@id":"https:\/\/vmbcosmetics.ch\/produkt\/gel-remover\/#breadcrumb"},"inLanguage":"pt-BR","potentialAction":[{"@type":"ReadAction","target":["https:\/\/vmbcosmetics.ch\/produkt\/gel-remover\/"]}]},{"@type":"ImageObject","inLanguage":"pt-BR","@id":"https:\/\/vmbcosmetics.ch\/produkt\/gel-remover\/#primaryimage","url":"https:\/\/vmbcosmetics.ch\/wp-content\/uploads\/2024\/02\/Gel-Romover.png","contentUrl":"https:\/\/vmbcosmetics.ch\/wp-content\/uploads\/2024\/02\/Gel-Romover.png","width":2882,"height":2882},{"@type":"BreadcrumbList","@id":"https:\/\/vmbcosmetics.ch\/produkt\/gel-remover\/#breadcrumb","itemListElement":[{"@type":"ListItem","position":1,"name":"In\u00edcio","item":"https:\/\/vmbcosmetics.ch\/"},{"@type":"ListItem","position":2,"name":"Shop","item":"https:\/\/vmbcosmetics.ch\/shop\/"},{"@type":"ListItem","position":3,"name":"Gel Remover"}]},{"@type":"WebSite","@id":"https:\/\/vmbcosmetics.ch\/#website","url":"https:\/\/vmbcosmetics.ch\/","name":"VMB Cosmetics Shop | Produtos para unhas","description":"Voc\u00ea pode encontrar os melhores produtos para unhas aqui. Temos uma variedade de cores e acess\u00f3rios para as suas unhas.","potentialAction":[{"@type":"SearchAction","target":{"@type":"EntryPoint","urlTemplate":"https:\/\/vmbcosmetics.ch\/?s={search_term_string}"},"query-input":{"@type":"PropertyValueSpecification","valueRequired":true,"valueName":"search_term_string"}}],"inLanguage":"pt-BR"}]}},"_links":{"self":[{"href":"https:\/\/vmbcosmetics.ch\/pt\/wp-json\/wp\/v2\/product\/15423","targetHints":{"allow":["GET"]}}],"collection":[{"href":"https:\/\/vmbcosmetics.ch\/pt\/wp-json\/wp\/v2\/product"}],"about":[{"href":"https:\/\/vmbcosmetics.ch\/pt\/wp-json\/wp\/v2\/types\/product"}],"replies":[{"embeddable":true,"href":"https:\/\/vmbcosmetics.ch\/pt\/wp-json\/wp\/v2\/comments?post=15423"}],"wp:featuredmedia":[{"embeddable":true,"href":"https:\/\/vmbcosmetics.ch\/pt\/wp-json\/wp\/v2\/media\/15424"}],"wp:attachment":[{"href":"https:\/\/vmbcosmetics.ch\/pt\/wp-json\/wp\/v2\/media?parent=15423"}],"wp:term":[{"taxonomy":"product_brand","embeddable":true,"href":"https:\/\/vmbcosmetics.ch\/pt\/wp-json\/wp\/v2\/product_brand?post=15423"},{"taxonomy":"product_cat","embeddable":true,"href":"https:\/\/vmbcosmetics.ch\/pt\/wp-json\/wp\/v2\/product_cat?post=15423"},{"taxonomy":"product_tag","embeddable":true,"href":"https:\/\/vmbcosmetics.ch\/pt\/wp-json\/wp\/v2\/product_tag?post=15423"}],"curies":[{"name":"wp","href":"https:\/\/api.w.org\/{rel}","templated":true}]}}