{"id":15394,"date":"2023-11-14T20:38:24","date_gmt":"2023-11-14T20:38:24","guid":{"rendered":"https:\/\/vmbcosmetics.ch\/?post_type=product&#038;p=15394"},"modified":"2025-06-15T14:52:36","modified_gmt":"2025-06-15T14:52:36","slug":"maquina-de-lixar-unhas-vgeby","status":"publish","type":"product","link":"https:\/\/vmbcosmetics.ch\/pt\/produto\/maquina-de-lixar-unhas-vgeby\/","title":{"rendered":"M\u00e1quina lixadora de unhas VGEBY"},"content":{"rendered":"","protected":false},"excerpt":{"rendered":"<p><strong>Descri\u00e7\u00e3o:<\/strong><br \/>\nVisor LCD de tela grande, exibi\u00e7\u00e3o de velocidades, capacidade da bateria e dire\u00e7\u00e3o de avan\u00e7o\/retrocesso.<br \/>\nAltas velocidades de 40000 rota\u00e7\u00f5es, alta pot\u00eancia e altos torques.<br \/>\nCabo dur\u00e1vel, baixa vibra\u00e7\u00e3o e baixo ru\u00eddo, est\u00e1vel e n\u00e3o quente.<br \/>\nEquipado com 6 tipos de cabe\u00e7otes de esmerilhamento, \u00e9 f\u00e1cil lidar com diferentes problemas.<\/p>\n<div data-spm-anchor-id=\"a2g0o.detail.1000023.i2.78a872zh72zhqb\"><strong>Lista de pacotes:<\/strong><\/div>\n<div data-spm-anchor-id=\"a2g0o.detail.1000023.i2.78a872zh72zhqb\">1 x M\u00e1quina Principal<\/div>\n<div>1 x Gancho<\/div>\n<div data-spm-anchor-id=\"a2g0o.detail.1000023.i1.78a872zh72zhqb\">1 x Al\u00e7a<\/div>\n<div>6 x cabe\u00e7as de moagem<\/div>\n<div>1 manual<\/div>","protected":false},"featured_media":15395,"comment_status":"closed","ping_status":"closed","template":"","meta":[],"product_brand":[],"product_cat":[172],"product_tag":[],"class_list":{"0":"post-15394","1":"product","2":"type-product","3":"status-publish","4":"has-post-thumbnail","6":"product_cat-elektrogeraete","8":"first","9":"outofstock","10":"taxable","11":"shipping-taxable","12":"purchasable","13":"product-type-simple"},"yoast_head":"<!-- This site is optimized with the Yoast SEO plugin v26.4 - https:\/\/yoast.com\/wordpress\/plugins\/seo\/ -->\n<title>Nagel Feilmaschine VGEBY - VMB Cosmetics Shop | Produkte f\u00fcr N\u00e4gel<\/title>\n<meta name=\"robots\" content=\"index, follow, max-snippet:-1, max-image-preview:large, max-video-preview:-1\" \/>\n<link rel=\"canonical\" href=\"https:\/\/vmbcosmetics.ch\/pt\/produto\/maquina-de-lixar-unhas-vgeby\/\" \/>\n<meta property=\"og:locale\" content=\"pt_BR\" \/>\n<meta property=\"og:type\" content=\"article\" \/>\n<meta property=\"og:title\" content=\"Nagel Feilmaschine VGEBY - VMB Cosmetics Shop | Produkte f\u00fcr N\u00e4gel\" \/>\n<meta property=\"og:description\" content=\"Beschreibung: Grossbild-LCD-Anzeige, Anzeige Geschwindigkeiten, Batterie Kapazit\u00e4t und Vorw\u00e4rts\/R\u00fcckw\u00e4rts-Richtung. Hohe Geschwindigkeiten 40000 Rotation, hohe Leistung und starke Drehmomente. Haltbarer Griff, geringe Vibration und geringe Ger\u00e4uschentwicklung, stabil und nicht heiss. Ausgestattet mit 6 Arten von Schleifk\u00f6pfen, einfach, mit verschiedenen Problemen umzugehen. Paketliste: 1 x Hauptmaschine 1 x Haken 1 x Griff 6 x Schleifk\u00f6pfe 1 x Handbuch\" \/>\n<meta property=\"og:url\" content=\"https:\/\/vmbcosmetics.ch\/pt\/produto\/maquina-de-lixar-unhas-vgeby\/\" \/>\n<meta property=\"og:site_name\" content=\"VMB Cosmetics Shop | Produkte f\u00fcr N\u00e4gel\" \/>\n<meta property=\"article:modified_time\" content=\"2025-06-15T14:52:36+00:00\" \/>\n<meta property=\"og:image\" content=\"https:\/\/vmbcosmetics.ch\/wp-content\/uploads\/2023\/11\/Nagel-Feilmaschine-VGEBY.png\" \/>\n\t<meta property=\"og:image:width\" content=\"518\" \/>\n\t<meta property=\"og:image:height\" content=\"885\" \/>\n\t<meta property=\"og:image:type\" content=\"image\/png\" \/>\n<meta name=\"twitter:card\" content=\"summary_large_image\" \/>\n<script type=\"application\/ld+json\" class=\"yoast-schema-graph\">{\"@context\":\"https:\/\/schema.org\",\"@graph\":[{\"@type\":\"WebPage\",\"@id\":\"https:\/\/vmbcosmetics.ch\/produkt\/nagel-feilmaschine-vgeby\/\",\"url\":\"https:\/\/vmbcosmetics.ch\/produkt\/nagel-feilmaschine-vgeby\/\",\"name\":\"Nagel Feilmaschine VGEBY - VMB Cosmetics Shop | Produkte f\u00fcr N\u00e4gel\",\"isPartOf\":{\"@id\":\"https:\/\/vmbcosmetics.ch\/#website\"},\"primaryImageOfPage\":{\"@id\":\"https:\/\/vmbcosmetics.ch\/produkt\/nagel-feilmaschine-vgeby\/#primaryimage\"},\"image\":{\"@id\":\"https:\/\/vmbcosmetics.ch\/produkt\/nagel-feilmaschine-vgeby\/#primaryimage\"},\"thumbnailUrl\":\"https:\/\/vmbcosmetics.ch\/wp-content\/uploads\/2023\/11\/Nagel-Feilmaschine-VGEBY.png\",\"datePublished\":\"2023-11-14T20:38:24+00:00\",\"dateModified\":\"2025-06-15T14:52:36+00:00\",\"breadcrumb\":{\"@id\":\"https:\/\/vmbcosmetics.ch\/produkt\/nagel-feilmaschine-vgeby\/#breadcrumb\"},\"inLanguage\":\"pt-BR\",\"potentialAction\":[{\"@type\":\"ReadAction\",\"target\":[\"https:\/\/vmbcosmetics.ch\/produkt\/nagel-feilmaschine-vgeby\/\"]}]},{\"@type\":\"ImageObject\",\"inLanguage\":\"pt-BR\",\"@id\":\"https:\/\/vmbcosmetics.ch\/produkt\/nagel-feilmaschine-vgeby\/#primaryimage\",\"url\":\"https:\/\/vmbcosmetics.ch\/wp-content\/uploads\/2023\/11\/Nagel-Feilmaschine-VGEBY.png\",\"contentUrl\":\"https:\/\/vmbcosmetics.ch\/wp-content\/uploads\/2023\/11\/Nagel-Feilmaschine-VGEBY.png\",\"width\":518,\"height\":885},{\"@type\":\"BreadcrumbList\",\"@id\":\"https:\/\/vmbcosmetics.ch\/produkt\/nagel-feilmaschine-vgeby\/#breadcrumb\",\"itemListElement\":[{\"@type\":\"ListItem\",\"position\":1,\"name\":\"In\u00edcio\",\"item\":\"https:\/\/vmbcosmetics.ch\/\"},{\"@type\":\"ListItem\",\"position\":2,\"name\":\"Shop\",\"item\":\"https:\/\/vmbcosmetics.ch\/shop\/\"},{\"@type\":\"ListItem\",\"position\":3,\"name\":\"Nagel Feilmaschine VGEBY\"}]},{\"@type\":\"WebSite\",\"@id\":\"https:\/\/vmbcosmetics.ch\/#website\",\"url\":\"https:\/\/vmbcosmetics.ch\/\",\"name\":\"VMB Cosmetics Shop | Produkte f\u00fcr N\u00e4gel\",\"description\":\"Die besten Produkte f\u00fcr die N\u00e4gel finden Sie hier. Wir haben eine Vielzahl von Farben und Zubeh\u00f6r f\u00fcr Ihre N\u00e4gel.\",\"potentialAction\":[{\"@type\":\"SearchAction\",\"target\":{\"@type\":\"EntryPoint\",\"urlTemplate\":\"https:\/\/vmbcosmetics.ch\/?s={search_term_string}\"},\"query-input\":{\"@type\":\"PropertyValueSpecification\",\"valueRequired\":true,\"valueName\":\"search_term_string\"}}],\"inLanguage\":\"pt-BR\"}]}<\/script>\n<!-- \/ Yoast SEO plugin. -->","yoast_head_json":{"title":"Lixadeira de unhas VGEBY - VMB Cosmetics Shop | Produtos para unhas","robots":{"index":"index","follow":"follow","max-snippet":"max-snippet:-1","max-image-preview":"max-image-preview:large","max-video-preview":"max-video-preview:-1"},"canonical":"https:\/\/vmbcosmetics.ch\/pt\/produto\/maquina-de-lixar-unhas-vgeby\/","og_locale":"pt_BR","og_type":"article","og_title":"Nagel Feilmaschine VGEBY - VMB Cosmetics Shop | Produkte f\u00fcr N\u00e4gel","og_description":"Beschreibung: Grossbild-LCD-Anzeige, Anzeige Geschwindigkeiten, Batterie Kapazit\u00e4t und Vorw\u00e4rts\/R\u00fcckw\u00e4rts-Richtung. Hohe Geschwindigkeiten 40000 Rotation, hohe Leistung und starke Drehmomente. Haltbarer Griff, geringe Vibration und geringe Ger\u00e4uschentwicklung, stabil und nicht heiss. Ausgestattet mit 6 Arten von Schleifk\u00f6pfen, einfach, mit verschiedenen Problemen umzugehen. Paketliste: 1 x Hauptmaschine 1 x Haken 1 x Griff 6 x Schleifk\u00f6pfe 1 x Handbuch","og_url":"https:\/\/vmbcosmetics.ch\/pt\/produto\/maquina-de-lixar-unhas-vgeby\/","og_site_name":"VMB Cosmetics Shop | Produkte f\u00fcr N\u00e4gel","article_modified_time":"2025-06-15T14:52:36+00:00","og_image":[{"width":518,"height":885,"url":"https:\/\/vmbcosmetics.ch\/wp-content\/uploads\/2023\/11\/Nagel-Feilmaschine-VGEBY.png","type":"image\/png"}],"twitter_card":"summary_large_image","schema":{"@context":"https:\/\/schema.org","@graph":[{"@type":"WebPage","@id":"https:\/\/vmbcosmetics.ch\/produkt\/nagel-feilmaschine-vgeby\/","url":"https:\/\/vmbcosmetics.ch\/produkt\/nagel-feilmaschine-vgeby\/","name":"Lixadeira de unhas VGEBY - VMB Cosmetics Shop | Produtos para unhas","isPartOf":{"@id":"https:\/\/vmbcosmetics.ch\/#website"},"primaryImageOfPage":{"@id":"https:\/\/vmbcosmetics.ch\/produkt\/nagel-feilmaschine-vgeby\/#primaryimage"},"image":{"@id":"https:\/\/vmbcosmetics.ch\/produkt\/nagel-feilmaschine-vgeby\/#primaryimage"},"thumbnailUrl":"https:\/\/vmbcosmetics.ch\/wp-content\/uploads\/2023\/11\/Nagel-Feilmaschine-VGEBY.png","datePublished":"2023-11-14T20:38:24+00:00","dateModified":"2025-06-15T14:52:36+00:00","breadcrumb":{"@id":"https:\/\/vmbcosmetics.ch\/produkt\/nagel-feilmaschine-vgeby\/#breadcrumb"},"inLanguage":"pt-BR","potentialAction":[{"@type":"ReadAction","target":["https:\/\/vmbcosmetics.ch\/produkt\/nagel-feilmaschine-vgeby\/"]}]},{"@type":"ImageObject","inLanguage":"pt-BR","@id":"https:\/\/vmbcosmetics.ch\/produkt\/nagel-feilmaschine-vgeby\/#primaryimage","url":"https:\/\/vmbcosmetics.ch\/wp-content\/uploads\/2023\/11\/Nagel-Feilmaschine-VGEBY.png","contentUrl":"https:\/\/vmbcosmetics.ch\/wp-content\/uploads\/2023\/11\/Nagel-Feilmaschine-VGEBY.png","width":518,"height":885},{"@type":"BreadcrumbList","@id":"https:\/\/vmbcosmetics.ch\/produkt\/nagel-feilmaschine-vgeby\/#breadcrumb","itemListElement":[{"@type":"ListItem","position":1,"name":"In\u00edcio","item":"https:\/\/vmbcosmetics.ch\/"},{"@type":"ListItem","position":2,"name":"Shop","item":"https:\/\/vmbcosmetics.ch\/shop\/"},{"@type":"ListItem","position":3,"name":"Nagel Feilmaschine VGEBY"}]},{"@type":"WebSite","@id":"https:\/\/vmbcosmetics.ch\/#website","url":"https:\/\/vmbcosmetics.ch\/","name":"VMB Cosmetics Shop | Produtos para unhas","description":"Voc\u00ea pode encontrar os melhores produtos para unhas aqui. Temos uma variedade de cores e acess\u00f3rios para as suas unhas.","potentialAction":[{"@type":"SearchAction","target":{"@type":"EntryPoint","urlTemplate":"https:\/\/vmbcosmetics.ch\/?s={search_term_string}"},"query-input":{"@type":"PropertyValueSpecification","valueRequired":true,"valueName":"search_term_string"}}],"inLanguage":"pt-BR"}]}},"_links":{"self":[{"href":"https:\/\/vmbcosmetics.ch\/pt\/wp-json\/wp\/v2\/product\/15394","targetHints":{"allow":["GET"]}}],"collection":[{"href":"https:\/\/vmbcosmetics.ch\/pt\/wp-json\/wp\/v2\/product"}],"about":[{"href":"https:\/\/vmbcosmetics.ch\/pt\/wp-json\/wp\/v2\/types\/product"}],"replies":[{"embeddable":true,"href":"https:\/\/vmbcosmetics.ch\/pt\/wp-json\/wp\/v2\/comments?post=15394"}],"wp:featuredmedia":[{"embeddable":true,"href":"https:\/\/vmbcosmetics.ch\/pt\/wp-json\/wp\/v2\/media\/15395"}],"wp:attachment":[{"href":"https:\/\/vmbcosmetics.ch\/pt\/wp-json\/wp\/v2\/media?parent=15394"}],"wp:term":[{"taxonomy":"product_brand","embeddable":true,"href":"https:\/\/vmbcosmetics.ch\/pt\/wp-json\/wp\/v2\/product_brand?post=15394"},{"taxonomy":"product_cat","embeddable":true,"href":"https:\/\/vmbcosmetics.ch\/pt\/wp-json\/wp\/v2\/product_cat?post=15394"},{"taxonomy":"product_tag","embeddable":true,"href":"https:\/\/vmbcosmetics.ch\/pt\/wp-json\/wp\/v2\/product_tag?post=15394"}],"curies":[{"name":"wp","href":"https:\/\/api.w.org\/{rel}","templated":true}]}}