{"id":14924,"date":"2023-04-30T17:36:12","date_gmt":"2023-04-30T17:36:12","guid":{"rendered":"https:\/\/vmbshop.ch\/?post_type=product&#038;p=14924"},"modified":"2024-03-20T17:46:49","modified_gmt":"2024-03-20T17:46:49","slug":"vestido-de-trabalho-lady-anna-black-disc","status":"publish","type":"product","link":"https:\/\/vmbcosmetics.ch\/pt\/produto\/vestido-de-trabalho-lady-anna-black-disc\/","title":{"rendered":"Vestido de trabalho Lady Anna Black Disc"},"content":{"rendered":"<h2><strong>Vestido de trabalho Lady Anna Black Disc<\/strong><\/h2>\n<p>&nbsp;<\/p>\n<p><span style=\"font-weight: 400;\">Feito com materiais de alta qualidade, o vestido de trabalho Lady Anna Black Disc oferece durabilidade e resist\u00eancia para suportar as demandas di\u00e1rias do dia a dia de trabalho.<\/span><span style=\"font-weight: 400;\"> no local de trabalho<\/span><span style=\"font-weight: 400;\"> para resistir. Seu <\/span><span style=\"font-weight: 400;\">refinado<\/span><span style=\"font-weight: 400;\"> O design atemporal \u00e9 enfatizado por detalhes cuidadosamente pensados, como o decote discreto e o <\/span><span style=\"font-weight: 400;\">bom<\/span><span style=\"font-weight: 400;\"> Processamento suplementado.<\/span><\/p>\n<p>&nbsp;<\/p>\n<p><span style=\"font-weight: 400;\">Al\u00e9m do estilo, o vestido de trabalho Lady Anna Black Disc foi desenvolvido com a funcionalidade em mente. Com bolsos estrategicamente posicionados, ele oferece <\/span><span style=\"font-weight: 400;\">Op\u00e7\u00f5es pr\u00e1ticas de armazenamento<\/span><span style=\"font-weight: 400;\"> para pequenos itens importantes durante o hor\u00e1rio de trabalho, enquanto <\/span><span style=\"font-weight: 400;\">o <\/span><span style=\"font-weight: 400;\">Ajuste que abra\u00e7a o corpo <\/span><span style=\"font-weight: 400;\">durante todo o dia <\/span><span style=\"font-weight: 400;\">Conforto e liberdade de movimento garantidos.<\/span><\/p>\n<p>&nbsp;<\/p>\n<p><span style=\"font-weight: 400;\">Independentemente do fato de voc\u00ea<\/span><span style=\"font-weight: 400;\"> Esteja voc\u00ea em um escrit\u00f3rio corporativo, em um ambiente criativo ou em qualquer outro campo, o vestido de trabalho Lady Anna Black Disc \u00e9 a escolha perfeita para expressar sua confian\u00e7a e eleg\u00e2ncia. <\/span><span style=\"font-weight: 400;\">e, ao mesmo tempo, a conveni\u00eancia<\/span><span style=\"font-weight: 400;\"> e o conforto <\/span><span style=\"font-weight: 400;\">preservar<\/span><span style=\"font-weight: 400;\">que s\u00e3o necess\u00e1rias para um desempenho excepcional. Esse vestido leva o conceito de roupa de trabalho a um novo patamar e \u00e9 um investimento essencial para mulheres modernas e determinadas.<\/span><\/p>","protected":false},"excerpt":{"rendered":"<p><span style=\"font-weight: 400;\">O vestido de trabalho Lady Anna Black Disc \u00e9 muito mais do que um simples vestido de trabalho; ele \u00e9 a combina\u00e7\u00e3o perfeita de estilo, funcionalidade e conforto para mulheres que buscam o melhor em suas roupas de trabalho. Esse elegante vestido preto<\/span><span style=\"font-weight: 400;\"> foi projetado para mulheres que valorizam a qualidade de primeira classe e um visual impec\u00e1vel, independentemente do ambiente de trabalho.<\/span><\/p>","protected":false},"featured_media":14925,"comment_status":"closed","ping_status":"closed","template":"","meta":[],"product_brand":[],"product_cat":[130],"product_tag":[],"class_list":{"0":"post-14924","1":"product","2":"type-product","3":"status-publish","4":"has-post-thumbnail","6":"product_cat-textilien-und-hygieneartikel","8":"first","9":"instock","10":"taxable","11":"shipping-taxable","12":"purchasable","13":"product-type-simple"},"yoast_head":"<!-- This site is optimized with the Yoast SEO plugin v26.4 - https:\/\/yoast.com\/wordpress\/plugins\/seo\/ -->\n<title>Arbeitskleid Lady Anna Black Disc - VMB Cosmetics Shop | Produkte f\u00fcr N\u00e4gel<\/title>\n<meta name=\"robots\" content=\"index, follow, max-snippet:-1, max-image-preview:large, max-video-preview:-1\" \/>\n<link rel=\"canonical\" href=\"https:\/\/vmbcosmetics.ch\/pt\/produto\/vestido-de-trabalho-lady-anna-black-disc\/\" \/>\n<meta property=\"og:locale\" content=\"pt_BR\" \/>\n<meta property=\"og:type\" content=\"article\" \/>\n<meta property=\"og:title\" content=\"Arbeitskleid Lady Anna Black Disc - VMB Cosmetics Shop | Produkte f\u00fcr N\u00e4gel\" \/>\n<meta property=\"og:description\" content=\"Das Arbeitskleid Lady Anna Black Disc ist weit mehr als nur ein einfaches Arbeitskleid; es ist die perfekte Kombination aus Stil, Funktionalit\u00e4t und Komfort f\u00fcr Frauen, die das Beste in ihrer Berufsbekleidung suchen. Dieses elegante schwarze Kleid wurde f\u00fcr Frauen entworfen, die unabh\u00e4ngig vom Arbeitsumfeld Wert auf erstklassige Qualit\u00e4t und einen tadellosen Look legen.\" \/>\n<meta property=\"og:url\" content=\"https:\/\/vmbcosmetics.ch\/pt\/produto\/vestido-de-trabalho-lady-anna-black-disc\/\" \/>\n<meta property=\"og:site_name\" content=\"VMB Cosmetics Shop | Produkte f\u00fcr N\u00e4gel\" \/>\n<meta property=\"article:modified_time\" content=\"2024-03-20T17:46:49+00:00\" \/>\n<meta property=\"og:image\" content=\"https:\/\/vmbcosmetics.ch\/wp-content\/uploads\/2023\/08\/Arbeitskleid-Lady-Anna-Black-Disc.png\" \/>\n\t<meta property=\"og:image:width\" content=\"334\" \/>\n\t<meta property=\"og:image:height\" content=\"811\" \/>\n\t<meta property=\"og:image:type\" content=\"image\/png\" \/>\n<meta name=\"twitter:card\" content=\"summary_large_image\" \/>\n<meta name=\"twitter:label1\" content=\"Est. tempo de leitura\" \/>\n\t<meta name=\"twitter:data1\" content=\"2 minutos\" \/>\n<script type=\"application\/ld+json\" class=\"yoast-schema-graph\">{\"@context\":\"https:\/\/schema.org\",\"@graph\":[{\"@type\":\"WebPage\",\"@id\":\"https:\/\/vmbcosmetics.ch\/produkt\/arbeitskleid-lady-anna-black-disc\/\",\"url\":\"https:\/\/vmbcosmetics.ch\/produkt\/arbeitskleid-lady-anna-black-disc\/\",\"name\":\"Arbeitskleid Lady Anna Black Disc - VMB Cosmetics Shop | Produkte f\u00fcr N\u00e4gel\",\"isPartOf\":{\"@id\":\"https:\/\/vmbcosmetics.ch\/#website\"},\"primaryImageOfPage\":{\"@id\":\"https:\/\/vmbcosmetics.ch\/produkt\/arbeitskleid-lady-anna-black-disc\/#primaryimage\"},\"image\":{\"@id\":\"https:\/\/vmbcosmetics.ch\/produkt\/arbeitskleid-lady-anna-black-disc\/#primaryimage\"},\"thumbnailUrl\":\"https:\/\/vmbcosmetics.ch\/wp-content\/uploads\/2023\/08\/Arbeitskleid-Lady-Anna-Black-Disc.png\",\"datePublished\":\"2023-04-30T17:36:12+00:00\",\"dateModified\":\"2024-03-20T17:46:49+00:00\",\"breadcrumb\":{\"@id\":\"https:\/\/vmbcosmetics.ch\/produkt\/arbeitskleid-lady-anna-black-disc\/#breadcrumb\"},\"inLanguage\":\"pt-BR\",\"potentialAction\":[{\"@type\":\"ReadAction\",\"target\":[\"https:\/\/vmbcosmetics.ch\/produkt\/arbeitskleid-lady-anna-black-disc\/\"]}]},{\"@type\":\"ImageObject\",\"inLanguage\":\"pt-BR\",\"@id\":\"https:\/\/vmbcosmetics.ch\/produkt\/arbeitskleid-lady-anna-black-disc\/#primaryimage\",\"url\":\"https:\/\/vmbcosmetics.ch\/wp-content\/uploads\/2023\/08\/Arbeitskleid-Lady-Anna-Black-Disc.png\",\"contentUrl\":\"https:\/\/vmbcosmetics.ch\/wp-content\/uploads\/2023\/08\/Arbeitskleid-Lady-Anna-Black-Disc.png\",\"width\":334,\"height\":811},{\"@type\":\"BreadcrumbList\",\"@id\":\"https:\/\/vmbcosmetics.ch\/produkt\/arbeitskleid-lady-anna-black-disc\/#breadcrumb\",\"itemListElement\":[{\"@type\":\"ListItem\",\"position\":1,\"name\":\"In\u00edcio\",\"item\":\"https:\/\/vmbcosmetics.ch\/\"},{\"@type\":\"ListItem\",\"position\":2,\"name\":\"Shop\",\"item\":\"https:\/\/vmbcosmetics.ch\/shop\/\"},{\"@type\":\"ListItem\",\"position\":3,\"name\":\"Arbeitskleid Lady Anna Black Disc\"}]},{\"@type\":\"WebSite\",\"@id\":\"https:\/\/vmbcosmetics.ch\/#website\",\"url\":\"https:\/\/vmbcosmetics.ch\/\",\"name\":\"VMB Cosmetics Shop | Produkte f\u00fcr N\u00e4gel\",\"description\":\"Die besten Produkte f\u00fcr die N\u00e4gel finden Sie hier. Wir haben eine Vielzahl von Farben und Zubeh\u00f6r f\u00fcr Ihre N\u00e4gel.\",\"potentialAction\":[{\"@type\":\"SearchAction\",\"target\":{\"@type\":\"EntryPoint\",\"urlTemplate\":\"https:\/\/vmbcosmetics.ch\/?s={search_term_string}\"},\"query-input\":{\"@type\":\"PropertyValueSpecification\",\"valueRequired\":true,\"valueName\":\"search_term_string\"}}],\"inLanguage\":\"pt-BR\"}]}<\/script>\n<!-- \/ Yoast SEO plugin. -->","yoast_head_json":{"title":"Work dress Lady Anna Black Disc - VMB Cosmetics Shop | Produtos para unhas","robots":{"index":"index","follow":"follow","max-snippet":"max-snippet:-1","max-image-preview":"max-image-preview:large","max-video-preview":"max-video-preview:-1"},"canonical":"https:\/\/vmbcosmetics.ch\/pt\/produto\/vestido-de-trabalho-lady-anna-black-disc\/","og_locale":"pt_BR","og_type":"article","og_title":"Arbeitskleid Lady Anna Black Disc - VMB Cosmetics Shop | Produkte f\u00fcr N\u00e4gel","og_description":"Das Arbeitskleid Lady Anna Black Disc ist weit mehr als nur ein einfaches Arbeitskleid; es ist die perfekte Kombination aus Stil, Funktionalit\u00e4t und Komfort f\u00fcr Frauen, die das Beste in ihrer Berufsbekleidung suchen. Dieses elegante schwarze Kleid wurde f\u00fcr Frauen entworfen, die unabh\u00e4ngig vom Arbeitsumfeld Wert auf erstklassige Qualit\u00e4t und einen tadellosen Look legen.","og_url":"https:\/\/vmbcosmetics.ch\/pt\/produto\/vestido-de-trabalho-lady-anna-black-disc\/","og_site_name":"VMB Cosmetics Shop | Produkte f\u00fcr N\u00e4gel","article_modified_time":"2024-03-20T17:46:49+00:00","og_image":[{"width":334,"height":811,"url":"https:\/\/vmbcosmetics.ch\/wp-content\/uploads\/2023\/08\/Arbeitskleid-Lady-Anna-Black-Disc.png","type":"image\/png"}],"twitter_card":"summary_large_image","twitter_misc":{"Est. tempo de leitura":"2 minutos"},"schema":{"@context":"https:\/\/schema.org","@graph":[{"@type":"WebPage","@id":"https:\/\/vmbcosmetics.ch\/produkt\/arbeitskleid-lady-anna-black-disc\/","url":"https:\/\/vmbcosmetics.ch\/produkt\/arbeitskleid-lady-anna-black-disc\/","name":"Work dress Lady Anna Black Disc - VMB Cosmetics Shop | Produtos para unhas","isPartOf":{"@id":"https:\/\/vmbcosmetics.ch\/#website"},"primaryImageOfPage":{"@id":"https:\/\/vmbcosmetics.ch\/produkt\/arbeitskleid-lady-anna-black-disc\/#primaryimage"},"image":{"@id":"https:\/\/vmbcosmetics.ch\/produkt\/arbeitskleid-lady-anna-black-disc\/#primaryimage"},"thumbnailUrl":"https:\/\/vmbcosmetics.ch\/wp-content\/uploads\/2023\/08\/Arbeitskleid-Lady-Anna-Black-Disc.png","datePublished":"2023-04-30T17:36:12+00:00","dateModified":"2024-03-20T17:46:49+00:00","breadcrumb":{"@id":"https:\/\/vmbcosmetics.ch\/produkt\/arbeitskleid-lady-anna-black-disc\/#breadcrumb"},"inLanguage":"pt-BR","potentialAction":[{"@type":"ReadAction","target":["https:\/\/vmbcosmetics.ch\/produkt\/arbeitskleid-lady-anna-black-disc\/"]}]},{"@type":"ImageObject","inLanguage":"pt-BR","@id":"https:\/\/vmbcosmetics.ch\/produkt\/arbeitskleid-lady-anna-black-disc\/#primaryimage","url":"https:\/\/vmbcosmetics.ch\/wp-content\/uploads\/2023\/08\/Arbeitskleid-Lady-Anna-Black-Disc.png","contentUrl":"https:\/\/vmbcosmetics.ch\/wp-content\/uploads\/2023\/08\/Arbeitskleid-Lady-Anna-Black-Disc.png","width":334,"height":811},{"@type":"BreadcrumbList","@id":"https:\/\/vmbcosmetics.ch\/produkt\/arbeitskleid-lady-anna-black-disc\/#breadcrumb","itemListElement":[{"@type":"ListItem","position":1,"name":"In\u00edcio","item":"https:\/\/vmbcosmetics.ch\/"},{"@type":"ListItem","position":2,"name":"Shop","item":"https:\/\/vmbcosmetics.ch\/shop\/"},{"@type":"ListItem","position":3,"name":"Arbeitskleid Lady Anna Black Disc"}]},{"@type":"WebSite","@id":"https:\/\/vmbcosmetics.ch\/#website","url":"https:\/\/vmbcosmetics.ch\/","name":"VMB Cosmetics Shop | Produtos para unhas","description":"Voc\u00ea pode encontrar os melhores produtos para unhas aqui. Temos uma variedade de cores e acess\u00f3rios para as suas unhas.","potentialAction":[{"@type":"SearchAction","target":{"@type":"EntryPoint","urlTemplate":"https:\/\/vmbcosmetics.ch\/?s={search_term_string}"},"query-input":{"@type":"PropertyValueSpecification","valueRequired":true,"valueName":"search_term_string"}}],"inLanguage":"pt-BR"}]}},"_links":{"self":[{"href":"https:\/\/vmbcosmetics.ch\/pt\/wp-json\/wp\/v2\/product\/14924","targetHints":{"allow":["GET"]}}],"collection":[{"href":"https:\/\/vmbcosmetics.ch\/pt\/wp-json\/wp\/v2\/product"}],"about":[{"href":"https:\/\/vmbcosmetics.ch\/pt\/wp-json\/wp\/v2\/types\/product"}],"replies":[{"embeddable":true,"href":"https:\/\/vmbcosmetics.ch\/pt\/wp-json\/wp\/v2\/comments?post=14924"}],"wp:featuredmedia":[{"embeddable":true,"href":"https:\/\/vmbcosmetics.ch\/pt\/wp-json\/wp\/v2\/media\/14925"}],"wp:attachment":[{"href":"https:\/\/vmbcosmetics.ch\/pt\/wp-json\/wp\/v2\/media?parent=14924"}],"wp:term":[{"taxonomy":"product_brand","embeddable":true,"href":"https:\/\/vmbcosmetics.ch\/pt\/wp-json\/wp\/v2\/product_brand?post=14924"},{"taxonomy":"product_cat","embeddable":true,"href":"https:\/\/vmbcosmetics.ch\/pt\/wp-json\/wp\/v2\/product_cat?post=14924"},{"taxonomy":"product_tag","embeddable":true,"href":"https:\/\/vmbcosmetics.ch\/pt\/wp-json\/wp\/v2\/product_tag?post=14924"}],"curies":[{"name":"wp","href":"https:\/\/api.w.org\/{rel}","templated":true}]}}