{"id":14891,"date":"2021-02-24T17:20:11","date_gmt":"2021-02-24T17:20:11","guid":{"rendered":"https:\/\/vmbshop.ch\/?post_type=product&#038;p=14891"},"modified":"2023-08-21T22:41:57","modified_gmt":"2023-08-21T22:41:57","slug":"fresa-de-carboneto-de-tungstenio-t25905f0","status":"publish","type":"product","link":"https:\/\/vmbcosmetics.ch\/pt\/produto\/fresa-de-carboneto-de-tungstenio-t25905f0\/","title":{"rendered":"Fresa de carboneto de tungst\u00eanio T25905F0"},"content":{"rendered":"","protected":false},"excerpt":{"rendered":"<div id=\"car-parts-model\"><strong>Pequena descri\u00e7\u00e3o<\/strong>:<\/div>\n<div>Nome: Vulc\u00e3o Bit (S\u00f3 Ida)<\/div>\n<div>Material: carboneto de tungst\u00eanio<br \/>\nEmbalagem: Cada pe\u00e7a em um tubo de pl\u00e1stico<br \/>\nCor ouro<\/p>\n<div id=\"car-parts-model\">Peso: aproximadamente 10g<br \/>\nTamanho do eixo: 3\/32 polegadas<\/div>\n<div>Tamanho da flauta: 6,6 mm<\/div>\n<div>Gr\u00e3o: F<\/div>\n<\/div>\n<div><\/div>\n<div>Os cortadores s\u00e3o feitos de a\u00e7o de tungst\u00eanio puro, dur\u00e1vel e de alta resist\u00eancia e s\u00e3o projetados para alto desempenho e longa vida \u00fatil.<br \/>\nUse os cortadores para remover de forma r\u00e1pida e eficiente unhas de acr\u00edlico, gel duro, cristal ou extens\u00f5es de unha.<\/div>\n<div><\/div>\n<div>\n<p><strong>Cuidado adequado<\/strong><br \/>\nSiga estas etapas para limpar e desinfetar suas brocas diamantadas:<\/p>\n<p>- Passo 1<br \/>\nLimpe suas brocas de diamante para remover a poeira da superf\u00edcie, limpando-as com uma pequena escova de limpeza.<\/p>\n<p>- Passo 2<br \/>\nMergulhe suas brocas em \u00e1lcool 75% para desinfet\u00e1-las.<br \/>\n** Tenha cuidado para n\u00e3o molhar as brocas por muito tempo, pois isso pode remover o lindo revestimento da parte superior!<br \/>\n**N\u00e3o use \u00e1cidos fortes ou desinfetantes oxidantes fortes.<\/p>\n<p>- Etapa 3<br \/>\nSeque completamente as brocas e guarde-as.<\/p>\n<\/div>","protected":false},"featured_media":14892,"comment_status":"closed","ping_status":"closed","template":"","meta":[],"product_brand":[],"product_cat":[138],"product_tag":[],"class_list":{"0":"post-14891","1":"product","2":"type-product","3":"status-publish","4":"has-post-thumbnail","6":"product_cat-fraeser-und-schleifer","8":"first","9":"instock","10":"taxable","11":"shipping-taxable","12":"purchasable","13":"product-type-simple"},"yoast_head":"<!-- This site is optimized with the Yoast SEO plugin v26.4 - https:\/\/yoast.com\/wordpress\/plugins\/seo\/ -->\n<title>Wolfram Karbid Fr\u00e4ser T25905F0 - VMB Cosmetics Shop | Produkte f\u00fcr N\u00e4gel<\/title>\n<meta name=\"robots\" content=\"index, follow, max-snippet:-1, max-image-preview:large, max-video-preview:-1\" \/>\n<link rel=\"canonical\" href=\"https:\/\/vmbcosmetics.ch\/pt\/produto\/fresa-de-carboneto-de-tungstenio-t25905f0\/\" \/>\n<meta property=\"og:locale\" content=\"pt_BR\" \/>\n<meta property=\"og:type\" content=\"article\" \/>\n<meta property=\"og:title\" content=\"Wolfram Karbid Fr\u00e4ser T25905F0 - VMB Cosmetics Shop | Produkte f\u00fcr N\u00e4gel\" \/>\n<meta property=\"og:description\" content=\"Kurzbeschreibung: Name: Volcano Bit (One Way) Material: Wolframkarbid Verpackung: Jedes St\u00fcck in einem Kunststoffr\u00f6hrchen Farbe: Gold Gewicht: ca. 10g Gr\u00f6sse des Schaftes: 3\/32 &quot;Zoll Spannutgr\u00f6sse:\u00a0 6.6mm K\u00f6rnung:\u00a0 F   Die Fr\u00e4ser sind aus reinem, langlebigen, hochfesten Wolfram Stahl und f\u00fcr hohe Leistung und eine lange Lebensdauer ausgelegt.. Die Fr\u00e4ser verwenden um Acryl, hartes Gel, Kristall N\u00e4gel oder Nagelverl\u00e4ngerungen schnell und effizient vom Nagel zu entfernen..    Richtige Pflege Befolgen Sie diese Schritte, um Ihre Diamantbohrer zu reinigen und zu desinfizieren:  - Schritt 1 Reinigen Sie Ihre Diamantbohrer, um den Staub von der Oberfl\u00e4che zu entfernen, indem Sie sie mit einer kleinen Reinigungsb\u00fcrste reinigen.  - Schritt 2 Weichen Sie Ihre Bohrkronen in 75%igem Alkohol ein, um sie zu desinfizieren. ** Achten Sie darauf, dass Sie Ihre Bohrkronen nicht zu lange einweichen, da dies die sch\u00f6ne Beschichtung auf der Oberseite entfernen k\u00f6nnte! ** Verwenden Sie keine starken S\u00e4uren oder stark oxidierende Desinfektionsmittel.  - Schritt 3 Trocknen Sie Ihre Bohrer vollst\u00e4ndig und bewahren Sie sie auf.\" \/>\n<meta property=\"og:url\" content=\"https:\/\/vmbcosmetics.ch\/pt\/produto\/fresa-de-carboneto-de-tungstenio-t25905f0\/\" \/>\n<meta property=\"og:site_name\" content=\"VMB Cosmetics Shop | Produkte f\u00fcr N\u00e4gel\" \/>\n<meta property=\"article:modified_time\" content=\"2023-08-21T22:41:57+00:00\" \/>\n<meta property=\"og:image\" content=\"https:\/\/vmbcosmetics.ch\/wp-content\/uploads\/2023\/08\/T25905F0.png\" \/>\n\t<meta property=\"og:image:width\" content=\"356\" \/>\n\t<meta property=\"og:image:height\" content=\"458\" \/>\n\t<meta property=\"og:image:type\" content=\"image\/png\" \/>\n<meta name=\"twitter:card\" content=\"summary_large_image\" \/>\n<script type=\"application\/ld+json\" class=\"yoast-schema-graph\">{\"@context\":\"https:\/\/schema.org\",\"@graph\":[{\"@type\":\"WebPage\",\"@id\":\"https:\/\/vmbcosmetics.ch\/produkt\/wolfram-karbid-fraeser-t25905f0\/\",\"url\":\"https:\/\/vmbcosmetics.ch\/produkt\/wolfram-karbid-fraeser-t25905f0\/\",\"name\":\"Wolfram Karbid Fr\u00e4ser T25905F0 - VMB Cosmetics Shop | Produkte f\u00fcr N\u00e4gel\",\"isPartOf\":{\"@id\":\"https:\/\/vmbcosmetics.ch\/#website\"},\"primaryImageOfPage\":{\"@id\":\"https:\/\/vmbcosmetics.ch\/produkt\/wolfram-karbid-fraeser-t25905f0\/#primaryimage\"},\"image\":{\"@id\":\"https:\/\/vmbcosmetics.ch\/produkt\/wolfram-karbid-fraeser-t25905f0\/#primaryimage\"},\"thumbnailUrl\":\"https:\/\/vmbcosmetics.ch\/wp-content\/uploads\/2023\/08\/T25905F0.png\",\"datePublished\":\"2021-02-24T17:20:11+00:00\",\"dateModified\":\"2023-08-21T22:41:57+00:00\",\"breadcrumb\":{\"@id\":\"https:\/\/vmbcosmetics.ch\/produkt\/wolfram-karbid-fraeser-t25905f0\/#breadcrumb\"},\"inLanguage\":\"pt-BR\",\"potentialAction\":[{\"@type\":\"ReadAction\",\"target\":[\"https:\/\/vmbcosmetics.ch\/produkt\/wolfram-karbid-fraeser-t25905f0\/\"]}]},{\"@type\":\"ImageObject\",\"inLanguage\":\"pt-BR\",\"@id\":\"https:\/\/vmbcosmetics.ch\/produkt\/wolfram-karbid-fraeser-t25905f0\/#primaryimage\",\"url\":\"https:\/\/vmbcosmetics.ch\/wp-content\/uploads\/2023\/08\/T25905F0.png\",\"contentUrl\":\"https:\/\/vmbcosmetics.ch\/wp-content\/uploads\/2023\/08\/T25905F0.png\",\"width\":356,\"height\":458},{\"@type\":\"BreadcrumbList\",\"@id\":\"https:\/\/vmbcosmetics.ch\/produkt\/wolfram-karbid-fraeser-t25905f0\/#breadcrumb\",\"itemListElement\":[{\"@type\":\"ListItem\",\"position\":1,\"name\":\"In\u00edcio\",\"item\":\"https:\/\/vmbcosmetics.ch\/\"},{\"@type\":\"ListItem\",\"position\":2,\"name\":\"Shop\",\"item\":\"https:\/\/vmbcosmetics.ch\/shop\/\"},{\"@type\":\"ListItem\",\"position\":3,\"name\":\"Wolfram Karbid Fr\u00e4ser T25905F0\"}]},{\"@type\":\"WebSite\",\"@id\":\"https:\/\/vmbcosmetics.ch\/#website\",\"url\":\"https:\/\/vmbcosmetics.ch\/\",\"name\":\"VMB Cosmetics Shop | Produkte f\u00fcr N\u00e4gel\",\"description\":\"Die besten Produkte f\u00fcr die N\u00e4gel finden Sie hier. Wir haben eine Vielzahl von Farben und Zubeh\u00f6r f\u00fcr Ihre N\u00e4gel.\",\"potentialAction\":[{\"@type\":\"SearchAction\",\"target\":{\"@type\":\"EntryPoint\",\"urlTemplate\":\"https:\/\/vmbcosmetics.ch\/?s={search_term_string}\"},\"query-input\":{\"@type\":\"PropertyValueSpecification\",\"valueRequired\":true,\"valueName\":\"search_term_string\"}}],\"inLanguage\":\"pt-BR\"}]}<\/script>\n<!-- \/ Yoast SEO plugin. -->","yoast_head_json":{"title":"Broca de carboneto de tungst\u00eanio T25905F0 - VMB Cosmetics Shop | Produtos para unhas","robots":{"index":"index","follow":"follow","max-snippet":"max-snippet:-1","max-image-preview":"max-image-preview:large","max-video-preview":"max-video-preview:-1"},"canonical":"https:\/\/vmbcosmetics.ch\/pt\/produto\/fresa-de-carboneto-de-tungstenio-t25905f0\/","og_locale":"pt_BR","og_type":"article","og_title":"Wolfram Karbid Fr\u00e4ser T25905F0 - VMB Cosmetics Shop | Produkte f\u00fcr N\u00e4gel","og_description":"Kurzbeschreibung: Name: Volcano Bit (One Way) Material: Wolframkarbid Verpackung: Jedes St\u00fcck in einem Kunststoffr\u00f6hrchen Farbe: Gold Gewicht: ca. 10g Gr\u00f6sse des Schaftes: 3\/32 \"Zoll Spannutgr\u00f6sse:\u00a0 6.6mm K\u00f6rnung:\u00a0 F   Die Fr\u00e4ser sind aus reinem, langlebigen, hochfesten Wolfram Stahl und f\u00fcr hohe Leistung und eine lange Lebensdauer ausgelegt.. Die Fr\u00e4ser verwenden um Acryl, hartes Gel, Kristall N\u00e4gel oder Nagelverl\u00e4ngerungen schnell und effizient vom Nagel zu entfernen..    Richtige Pflege Befolgen Sie diese Schritte, um Ihre Diamantbohrer zu reinigen und zu desinfizieren:  - Schritt 1 Reinigen Sie Ihre Diamantbohrer, um den Staub von der Oberfl\u00e4che zu entfernen, indem Sie sie mit einer kleinen Reinigungsb\u00fcrste reinigen.  - Schritt 2 Weichen Sie Ihre Bohrkronen in 75%igem Alkohol ein, um sie zu desinfizieren. ** Achten Sie darauf, dass Sie Ihre Bohrkronen nicht zu lange einweichen, da dies die sch\u00f6ne Beschichtung auf der Oberseite entfernen k\u00f6nnte! ** Verwenden Sie keine starken S\u00e4uren oder stark oxidierende Desinfektionsmittel.  - Schritt 3 Trocknen Sie Ihre Bohrer vollst\u00e4ndig und bewahren Sie sie auf.","og_url":"https:\/\/vmbcosmetics.ch\/pt\/produto\/fresa-de-carboneto-de-tungstenio-t25905f0\/","og_site_name":"VMB Cosmetics Shop | Produkte f\u00fcr N\u00e4gel","article_modified_time":"2023-08-21T22:41:57+00:00","og_image":[{"width":356,"height":458,"url":"https:\/\/vmbcosmetics.ch\/wp-content\/uploads\/2023\/08\/T25905F0.png","type":"image\/png"}],"twitter_card":"summary_large_image","schema":{"@context":"https:\/\/schema.org","@graph":[{"@type":"WebPage","@id":"https:\/\/vmbcosmetics.ch\/produkt\/wolfram-karbid-fraeser-t25905f0\/","url":"https:\/\/vmbcosmetics.ch\/produkt\/wolfram-karbid-fraeser-t25905f0\/","name":"Broca de carboneto de tungst\u00eanio T25905F0 - VMB Cosmetics Shop | Produtos para unhas","isPartOf":{"@id":"https:\/\/vmbcosmetics.ch\/#website"},"primaryImageOfPage":{"@id":"https:\/\/vmbcosmetics.ch\/produkt\/wolfram-karbid-fraeser-t25905f0\/#primaryimage"},"image":{"@id":"https:\/\/vmbcosmetics.ch\/produkt\/wolfram-karbid-fraeser-t25905f0\/#primaryimage"},"thumbnailUrl":"https:\/\/vmbcosmetics.ch\/wp-content\/uploads\/2023\/08\/T25905F0.png","datePublished":"2021-02-24T17:20:11+00:00","dateModified":"2023-08-21T22:41:57+00:00","breadcrumb":{"@id":"https:\/\/vmbcosmetics.ch\/produkt\/wolfram-karbid-fraeser-t25905f0\/#breadcrumb"},"inLanguage":"pt-BR","potentialAction":[{"@type":"ReadAction","target":["https:\/\/vmbcosmetics.ch\/produkt\/wolfram-karbid-fraeser-t25905f0\/"]}]},{"@type":"ImageObject","inLanguage":"pt-BR","@id":"https:\/\/vmbcosmetics.ch\/produkt\/wolfram-karbid-fraeser-t25905f0\/#primaryimage","url":"https:\/\/vmbcosmetics.ch\/wp-content\/uploads\/2023\/08\/T25905F0.png","contentUrl":"https:\/\/vmbcosmetics.ch\/wp-content\/uploads\/2023\/08\/T25905F0.png","width":356,"height":458},{"@type":"BreadcrumbList","@id":"https:\/\/vmbcosmetics.ch\/produkt\/wolfram-karbid-fraeser-t25905f0\/#breadcrumb","itemListElement":[{"@type":"ListItem","position":1,"name":"In\u00edcio","item":"https:\/\/vmbcosmetics.ch\/"},{"@type":"ListItem","position":2,"name":"Shop","item":"https:\/\/vmbcosmetics.ch\/shop\/"},{"@type":"ListItem","position":3,"name":"Wolfram Karbid Fr\u00e4ser T25905F0"}]},{"@type":"WebSite","@id":"https:\/\/vmbcosmetics.ch\/#website","url":"https:\/\/vmbcosmetics.ch\/","name":"VMB Cosmetics Shop | Produtos para unhas","description":"Voc\u00ea pode encontrar os melhores produtos para unhas aqui. Temos uma variedade de cores e acess\u00f3rios para as suas unhas.","potentialAction":[{"@type":"SearchAction","target":{"@type":"EntryPoint","urlTemplate":"https:\/\/vmbcosmetics.ch\/?s={search_term_string}"},"query-input":{"@type":"PropertyValueSpecification","valueRequired":true,"valueName":"search_term_string"}}],"inLanguage":"pt-BR"}]}},"_links":{"self":[{"href":"https:\/\/vmbcosmetics.ch\/pt\/wp-json\/wp\/v2\/product\/14891","targetHints":{"allow":["GET"]}}],"collection":[{"href":"https:\/\/vmbcosmetics.ch\/pt\/wp-json\/wp\/v2\/product"}],"about":[{"href":"https:\/\/vmbcosmetics.ch\/pt\/wp-json\/wp\/v2\/types\/product"}],"replies":[{"embeddable":true,"href":"https:\/\/vmbcosmetics.ch\/pt\/wp-json\/wp\/v2\/comments?post=14891"}],"wp:featuredmedia":[{"embeddable":true,"href":"https:\/\/vmbcosmetics.ch\/pt\/wp-json\/wp\/v2\/media\/14892"}],"wp:attachment":[{"href":"https:\/\/vmbcosmetics.ch\/pt\/wp-json\/wp\/v2\/media?parent=14891"}],"wp:term":[{"taxonomy":"product_brand","embeddable":true,"href":"https:\/\/vmbcosmetics.ch\/pt\/wp-json\/wp\/v2\/product_brand?post=14891"},{"taxonomy":"product_cat","embeddable":true,"href":"https:\/\/vmbcosmetics.ch\/pt\/wp-json\/wp\/v2\/product_cat?post=14891"},{"taxonomy":"product_tag","embeddable":true,"href":"https:\/\/vmbcosmetics.ch\/pt\/wp-json\/wp\/v2\/product_tag?post=14891"}],"curies":[{"name":"wp","href":"https:\/\/api.w.org\/{rel}","templated":true}]}}