{"id":9450,"date":"2022-03-29T07:46:47","date_gmt":"2022-03-29T07:46:47","guid":{"rendered":"http:\/\/vmbshop.ch\/?page_id=9450"},"modified":"2022-03-30T04:06:38","modified_gmt":"2022-03-30T04:06:38","slug":"blog-sem-barra-lateral","status":"publish","type":"page","link":"https:\/\/vmbcosmetics.ch\/pt\/blog-sem-barra-lateral\/","title":{"rendered":"Blog sem barra lateral"},"content":{"rendered":"<div data-elementor-type=\"wp-page\" data-elementor-id=\"9450\" class=\"elementor elementor-9450\" data-elementor-post-type=\"page\">\n\t\t\t\t\t\t<section class=\"elementor-section elementor-top-section elementor-element elementor-element-b20f2bf elementor-section-boxed elementor-section-height-default elementor-section-height-default\" data-id=\"b20f2bf\" data-element_type=\"section\">\r\n\t\t\t\t\t\t<div class=\"elementor-container elementor-column-gap-default jws_section_\" >\r\n\t\t\t\t<div class=\"elementor-column elementor-col-100 elementor-top-column elementor-element elementor-element-fe84bfd\" data-id=\"fe84bfd\" data-element_type=\"column\">\n\t\t\t<div class=\"elementor-widget-wrap elementor-element-populated\">\n\t\t\t\t\t\t<div class=\"elementor-element elementor-element-80103b9 elementor-widget elementor-widget-jws_blog\" data-id=\"80103b9\" data-element_type=\"widget\" data-widget_type=\"jws_blog.default\">\n\t\t\t\t<div class=\"elementor-widget-container\">\n\t\t\t\t\t \r\n\t\t\r\n\t\t<div class=\"jws-blog-element\">\r\n             \r\n            <div class=\"row blog_content jws_blog_layout1 blog_ajax_80103b9 jws-isotope jws_has_pagination\" >\r\n                <div class=\"jws_blog_item col-xl-12 col-lg-12 col-12 no_format\">   <div class=\"jws_post_wap\">\r\n        <div class=\"jws_post_image\">\r\n          <img fetchpriority=\"high\" decoding=\"async\" class=\"attachment-large wp-post-image\" src=\"https:\/\/vmbcosmetics.ch\/wp-content\/uploads\/2022\/04\/tyler-nix-fo83GD_AARE-unsplash-1170x570.jpg\" width=\"1170\" height=\"570\" alt=\"tyler-nix-fo83GD_AARE-unsplash\" title=\"tyler-nix-fo83GD_AARE-unsplash\" \/>    \r\n        <\/div>\r\n        <div class=\"jws_post_content\">\r\n               <div class=\"jws_post_meta\">\r\n                    <span class=\"post_cat\"><a href=\"https:\/\/vmbcosmetics.ch\/pt\/dicas\/\" rel=\"tag\">dicas<\/a><\/span> \r\n                    <span class=\"separator\"><\/span>\r\n                    <span class=\"entry-date\"><a href=\"https:\/\/vmbcosmetics.ch\/pt\/2022\/04\/07\/\">7 de abril de 2022<\/a><\/span>\r\n               <\/div>\r\n               <h4 class=\"entry-title\"><a href=\"https:\/\/vmbcosmetics.ch\/pt\/as-melhores-ideias-de-presentes-atenciosos-que-sua-namorada-realmente-vai-adorar\/\">As melhores ideias de presentes bem pensadas que sua namorada vai adorar<\/a><\/h4> \r\n                              <div class=\"jws_post_excerpt\">\r\n                        Surpreenda o destinat\u00e1rio do presente com uma pulseira de ouro, prata esterlina ou ouro rosa com palavras escritas com a sua letra ou a de um ente querido.                <\/div>\r\n                                             <a href=\"https:\/\/vmbcosmetics.ch\/pt\/as-melhores-ideias-de-presentes-atenciosos-que-sua-namorada-realmente-vai-adorar\/\" class=\"jws_post_readmore\">\r\n                    Leia mais               <\/a>\r\n                       <\/div>\r\n    <\/div>   \r\n<\/div><div class=\"jws_blog_item col-xl-12 col-lg-12 col-12 no_format\">   <div class=\"jws_post_wap\">\r\n        <div class=\"jws_post_image\">\r\n          <img decoding=\"async\" class=\"attachment-large wp-post-image\" src=\"https:\/\/vmbcosmetics.ch\/wp-content\/uploads\/2022\/01\/blog1-1170x570.jpg\" width=\"1170\" height=\"570\" alt=\"blog1\" title=\"blog1\" \/>    \r\n        <\/div>\r\n        <div class=\"jws_post_content\">\r\n               <div class=\"jws_post_meta\">\r\n                    <span class=\"post_cat\"><a href=\"https:\/\/vmbcosmetics.ch\/pt\/guia-de-estilo\/\" rel=\"tag\">Guia de estilo<\/a><\/span> \r\n                    <span class=\"separator\"><\/span>\r\n                    <span class=\"entry-date\"><a href=\"https:\/\/vmbcosmetics.ch\/pt\/2022\/03\/30\/\">30 de mar\u00e7o de 2022<\/a><\/span>\r\n               <\/div>\r\n               <h4 class=\"entry-title\"><a href=\"https:\/\/vmbcosmetics.ch\/pt\/o-guia-de-tamanhos-uma-pequena-ajuda-para-evitar-erros\/\">O guia de tamanhos: uma ajudinha para evitar erros<\/a><\/h4> \r\n                              <div class=\"jws_post_excerpt\">\r\n                        Para ter certeza de n\u00e3o errar na hora de comprar um anel online, a equipe da Joalheria preparou um guia de tamanhos pequenos com diversas op\u00e7\u00f5es dispon\u00edveis para voc\u00ea.               <\/div>\r\n                                             <a href=\"https:\/\/vmbcosmetics.ch\/pt\/o-guia-de-tamanhos-uma-pequena-ajuda-para-evitar-erros\/\" class=\"jws_post_readmore\">\r\n                    Leia mais               <\/a>\r\n                       <\/div>\r\n    <\/div>   \r\n<\/div><div class=\"jws_blog_item col-xl-12 col-lg-12 col-12 video\">   <div class=\"jws_post_wap\">\r\n        <div class=\"jws_post_image\">\r\n          <img decoding=\"async\" class=\"attachment-large wp-post-image\" src=\"https:\/\/vmbcosmetics.ch\/wp-content\/uploads\/2022\/01\/neonbrand-n2VvngfbXtU-unsplash-1-1170x570.jpg\" width=\"1170\" height=\"570\" alt=\"neonbrand-n2VvngfbXtU-unsplash (1)\" title=\"neonbrand-n2VvngfbXtU-unsplash (1)\" \/>                 <div class=\"video_format\">\r\n                     <a class=\"url\" href=\"https:\/\/www.youtube.com\/watch?v=3BW6x8D5dEo\">\r\n                        <span class=\"video_icon\">\r\n                            <i class=\"fas fa-play\"><\/i>\r\n                        <\/span>\r\n                     <\/a>\r\n                 <\/div>\r\n                     \r\n        <\/div>\r\n        <div class=\"jws_post_content\">\r\n               <div class=\"jws_post_meta\">\r\n                    <span class=\"post_cat\"><a href=\"https:\/\/vmbcosmetics.ch\/pt\/noticias\/\" rel=\"tag\">Not\u00edcias<\/a><\/span> \r\n                    <span class=\"separator\"><\/span>\r\n                    <span class=\"entry-date\"><a href=\"https:\/\/vmbcosmetics.ch\/pt\/2022\/03\/30\/\">30 de mar\u00e7o de 2022<\/a><\/span>\r\n               <\/div>\r\n               <h4 class=\"entry-title\"><a href=\"https:\/\/vmbcosmetics.ch\/pt\/ideias-exclusivas-de-presentes-de-primeiro-aniversario-para-casais\/\">Ideias exclusivas de presentes de primeiro anivers\u00e1rio para casais<\/a><\/h4> \r\n                              <div class=\"jws_post_excerpt\">\r\n                        Procurando presentes de primeiro anivers\u00e1rio que eles v\u00e3o adorar? Continue lendo sobre presentes tradicionais, modernos e atenciosos para comprar para seu c\u00f4njuge ou casal feliz.               <\/div>\r\n                                             <a href=\"https:\/\/vmbcosmetics.ch\/pt\/ideias-exclusivas-de-presentes-de-primeiro-aniversario-para-casais\/\" class=\"jws_post_readmore\">\r\n                    Leia mais               <\/a>\r\n                       <\/div>\r\n    <\/div>   \r\n<\/div><div class=\"jws_blog_item col-xl-12 col-lg-12 col-12 quote\">     <div class=\"jws_post_quote\">\r\n         <i class=\"quote_icon\"><\/i>\r\n         <div class=\"jws_quote_content\">\r\n               <h4 class=\"jws_quote_excerpt\">\r\n                        \"Gosto que as joias contem uma hist\u00f3ria e que eu possa falar sobre o que estou usando. Isso \u00e9 mais importante para mim do que um nome, uma marca ou um r\u00f3tulo.\"               <\/h4>\r\n               <div class=\"quote_name\">MAGGIE E.- Orlando, FL<\/div>         <\/div>\r\n     <\/div>\r\n<\/div><div class=\"jws_blog_item col-xl-12 col-lg-12 col-12 gallery\">   <div class=\"jws_post_wap\">\r\n        <div class=\"jws_post_image\">\r\n          <div class=\"jws-post-gallery post-image-slider\"><div class=\"jws-post-gallery-item slick-slide\"><img loading=\"lazy\" decoding=\"async\" class=\"attachment-large wp-post-image\" src=\"https:\/\/vmbcosmetics.ch\/wp-content\/uploads\/2021\/12\/guillaume-bolduc-TCeFa5NLL8M-unsplash-1170x570.jpg\" width=\"1170\" height=\"570\" alt=\"guillaume-bolduc-TCeFa5NLL8M-unsplash\" title=\"guillaume-bolduc-TCeFa5NLL8M-unsplash\" \/><\/div><div class=\"jws-post-gallery-item slick-slide\"><img loading=\"lazy\" decoding=\"async\" class=\"attachment-large wp-post-image\" src=\"https:\/\/vmbcosmetics.ch\/wp-content\/uploads\/2022\/03\/vestgi-1170x570.jpg\" width=\"1170\" height=\"570\" alt=\"vestgi\" title=\"vestgi\" \/><\/div><div class=\"jws-post-gallery-item slick-slide\"><img loading=\"lazy\" decoding=\"async\" class=\"attachment-large wp-post-image\" src=\"https:\/\/vmbcosmetics.ch\/wp-content\/uploads\/2022\/03\/jery2-1170x570.jpg\" width=\"1170\" height=\"570\" alt=\"jery2\" title=\"jery2\" \/><\/div><\/div>    \r\n        <\/div>\r\n        <div class=\"jws_post_content\">\r\n               <div class=\"jws_post_meta\">\r\n                    <span class=\"post_cat\"><a href=\"https:\/\/vmbcosmetics.ch\/pt\/tendencias\/\" rel=\"tag\">Tend\u00eancias<\/a><\/span> \r\n                    <span class=\"separator\"><\/span>\r\n                    <span class=\"entry-date\"><a href=\"https:\/\/vmbcosmetics.ch\/pt\/2022\/03\/30\/\">30 de mar\u00e7o de 2022<\/a><\/span>\r\n               <\/div>\r\n               <h4 class=\"entry-title\"><a href=\"https:\/\/vmbcosmetics.ch\/pt\/como-proteger-suas-joias-no-verao\/\">Como proteger suas joias no ver\u00e3o?<\/a><\/h4> \r\n                              <div class=\"jws_post_excerpt\">\r\n                        Ao sair de casa durante o dia, sempre aplique hidratantes, protetores solares, sprays contra insetos etc. antes de colocar suas joias. N\u00e3o se esque\u00e7a de esperar o tempo suficiente para ...               <\/div>\r\n                                             <a href=\"https:\/\/vmbcosmetics.ch\/pt\/como-proteger-suas-joias-no-verao\/\" class=\"jws_post_readmore\">\r\n                    Leia mais               <\/a>\r\n                       <\/div>\r\n    <\/div>   \r\n<\/div><div class=\"jws_blog_item col-xl-12 col-lg-12 col-12 no_format\">   <div class=\"jws_post_wap\">\r\n        <div class=\"jws_post_image\">\r\n          <img loading=\"lazy\" decoding=\"async\" class=\"attachment-large wp-post-image\" src=\"https:\/\/vmbcosmetics.ch\/wp-content\/uploads\/2022\/03\/joeyy-lee-hXhMzWysB8s-unsplash-1170x570.jpg\" width=\"1170\" height=\"570\" alt=\"joeyy-lee-hXhMzWysB8s-unsplash\" title=\"joeyy-lee-hXhMzWysB8s-unsplash\" \/>    \r\n        <\/div>\r\n        <div class=\"jws_post_content\">\r\n               <div class=\"jws_post_meta\">\r\n                    <span class=\"post_cat\"><a href=\"https:\/\/vmbcosmetics.ch\/pt\/dicas\/\" rel=\"tag\">dicas<\/a><\/span> \r\n                    <span class=\"separator\"><\/span>\r\n                    <span class=\"entry-date\"><a href=\"https:\/\/vmbcosmetics.ch\/pt\/2022\/03\/30\/\">30 de mar\u00e7o de 2022<\/a><\/span>\r\n               <\/div>\r\n               <h4 class=\"entry-title\"><a href=\"https:\/\/vmbcosmetics.ch\/pt\/27-aneis-de-ouro-volumosos-que-vao-elevar-qualquer-roupa\/\">27 an\u00e9is de ouro grossos que ir\u00e3o elevar qualquer roupa<\/a><\/h4> \r\n                              <div class=\"jws_post_excerpt\">\r\n                        Procurando por amor em todos os lugares errados? Comece com algo puro, algo bom para voc\u00ea e algo que fa\u00e7a voc\u00ea se sentir mimada como uma princesa.                <\/div>\r\n                                             <a href=\"https:\/\/vmbcosmetics.ch\/pt\/27-aneis-de-ouro-volumosos-que-vao-elevar-qualquer-roupa\/\" class=\"jws_post_readmore\">\r\n                    Leia mais               <\/a>\r\n                       <\/div>\r\n    <\/div>   \r\n<\/div>            <\/div>\r\n                        <div class=\"jws-pagination-number\"><ul class='page-numbers'>\n\t<li><span aria-label=\"P\u00e1gina 1\" aria-current=\"page\" class=\"page-numbers current\" data-no-translation-aria-label=\"\">1<\/span><\/li>\n\t<li><a aria-label=\"P\u00e1gina 2\" class=\"page-numbers\" href=\"https:\/\/vmbcosmetics.ch\/wp-json\/wp\/v2\/pages\/9450\/page\/2\/\" data-no-translation-aria-label=\"\">2<\/a><\/li>\n\t<li><a class=\"next page-numbers\" href=\"https:\/\/vmbcosmetics.ch\/wp-json\/wp\/v2\/pages\/9450\/page\/2\/\"><i class=\"jws-icon-expand_right_double\"><\/i><\/a><\/li>\n<\/ul>\n<\/div>        <\/div>\r\n\r\n\t\t\t\t\t<\/div>\n\t\t\t\t<\/div>\n\t\t\t\t\t<\/div>\n\t\t<\/div>\n\t\t\t\t      \r\n            \r\n              \r\n            \r\n            \t\r\n\t\t\t<\/div>\r\n\t\t<\/section>\r\n\t\t\t\t<\/div>","protected":false},"excerpt":{"rendered":"<p>Uncategorized March 30, 2022 The size guide: a little help to avoid mistakes To be sure not to go wrong when you want to buy a ring online, the Jewelry team has prepared a small size guide with several options available to you. Read More Style Guide March 30, 2022 Unique first anniversary gift ideas [&hellip;]<\/p>","protected":false},"author":1,"featured_media":0,"parent":0,"menu_order":0,"comment_status":"closed","ping_status":"closed","template":"","meta":{"footnotes":""},"class_list":["post-9450","page","type-page","status-publish","hentry"],"yoast_head":"<!-- This site is optimized with the Yoast SEO plugin v26.4 - https:\/\/yoast.com\/wordpress\/plugins\/seo\/ -->\n<title>Blog No Sidebar - VMB Cosmetics Shop | Produkte f\u00fcr N\u00e4gel<\/title>\n<meta name=\"robots\" content=\"index, follow, max-snippet:-1, max-image-preview:large, max-video-preview:-1\" \/>\n<link rel=\"canonical\" href=\"https:\/\/vmbcosmetics.ch\/pt\/blog-sem-barra-lateral\/\" \/>\n<meta property=\"og:locale\" content=\"pt_BR\" \/>\n<meta property=\"og:type\" content=\"article\" \/>\n<meta property=\"og:title\" content=\"Blog No Sidebar - VMB Cosmetics Shop | Produkte f\u00fcr N\u00e4gel\" \/>\n<meta property=\"og:description\" content=\"Uncategorized March 30, 2022 The size guide: a little help to avoid mistakes To be sure not to go wrong when you want to buy a ring online, the Jewelry team has prepared a small size guide with several options available to you. Read More Style Guide March 30, 2022 Unique first anniversary gift ideas [&hellip;]\" \/>\n<meta property=\"og:url\" content=\"https:\/\/vmbcosmetics.ch\/pt\/blog-sem-barra-lateral\/\" \/>\n<meta property=\"og:site_name\" content=\"VMB Cosmetics Shop | Produkte f\u00fcr N\u00e4gel\" \/>\n<meta property=\"article:modified_time\" content=\"2022-03-30T04:06:38+00:00\" \/>\n<meta property=\"og:image\" content=\"https:\/\/vmbcosmetics.ch\/wp-content\/uploads\/2022\/01\/blog1-1170x570.jpg\" \/>\n<meta name=\"twitter:card\" content=\"summary_large_image\" \/>\n<meta name=\"twitter:label1\" content=\"Est. tempo de leitura\" \/>\n\t<meta name=\"twitter:data1\" content=\"1 minuto\" \/>\n<script type=\"application\/ld+json\" class=\"yoast-schema-graph\">{\"@context\":\"https:\/\/schema.org\",\"@graph\":[{\"@type\":\"WebPage\",\"@id\":\"https:\/\/vmbcosmetics.ch\/blog-no-sidebar\/\",\"url\":\"https:\/\/vmbcosmetics.ch\/blog-no-sidebar\/\",\"name\":\"Blog No Sidebar - VMB Cosmetics Shop | Produkte f\u00fcr N\u00e4gel\",\"isPartOf\":{\"@id\":\"https:\/\/vmbcosmetics.ch\/#website\"},\"primaryImageOfPage\":{\"@id\":\"https:\/\/vmbcosmetics.ch\/blog-no-sidebar\/#primaryimage\"},\"image\":{\"@id\":\"https:\/\/vmbcosmetics.ch\/blog-no-sidebar\/#primaryimage\"},\"thumbnailUrl\":\"https:\/\/vmbcosmetics.ch\/wp-content\/uploads\/2022\/01\/blog1-1170x570.jpg\",\"datePublished\":\"2022-03-29T07:46:47+00:00\",\"dateModified\":\"2022-03-30T04:06:38+00:00\",\"breadcrumb\":{\"@id\":\"https:\/\/vmbcosmetics.ch\/blog-no-sidebar\/#breadcrumb\"},\"inLanguage\":\"pt-BR\",\"potentialAction\":[{\"@type\":\"ReadAction\",\"target\":[\"https:\/\/vmbcosmetics.ch\/blog-no-sidebar\/\"]}]},{\"@type\":\"ImageObject\",\"inLanguage\":\"pt-BR\",\"@id\":\"https:\/\/vmbcosmetics.ch\/blog-no-sidebar\/#primaryimage\",\"url\":\"https:\/\/vmbcosmetics.ch\/wp-content\/uploads\/2022\/01\/blog1-1170x570.jpg\",\"contentUrl\":\"https:\/\/vmbcosmetics.ch\/wp-content\/uploads\/2022\/01\/blog1-1170x570.jpg\"},{\"@type\":\"BreadcrumbList\",\"@id\":\"https:\/\/vmbcosmetics.ch\/blog-no-sidebar\/#breadcrumb\",\"itemListElement\":[{\"@type\":\"ListItem\",\"position\":1,\"name\":\"In\u00edcio\",\"item\":\"https:\/\/vmbcosmetics.ch\/\"},{\"@type\":\"ListItem\",\"position\":2,\"name\":\"Blog No Sidebar\"}]},{\"@type\":\"WebSite\",\"@id\":\"https:\/\/vmbcosmetics.ch\/#website\",\"url\":\"https:\/\/vmbcosmetics.ch\/\",\"name\":\"VMB Cosmetics Shop | Produkte f\u00fcr N\u00e4gel\",\"description\":\"Die besten Produkte f\u00fcr die N\u00e4gel finden Sie hier. Wir haben eine Vielzahl von Farben und Zubeh\u00f6r f\u00fcr Ihre N\u00e4gel.\",\"potentialAction\":[{\"@type\":\"SearchAction\",\"target\":{\"@type\":\"EntryPoint\",\"urlTemplate\":\"https:\/\/vmbcosmetics.ch\/?s={search_term_string}\"},\"query-input\":{\"@type\":\"PropertyValueSpecification\",\"valueRequired\":true,\"valueName\":\"search_term_string\"}}],\"inLanguage\":\"pt-BR\"}]}<\/script>\n<!-- \/ Yoast SEO plugin. -->","yoast_head_json":{"title":"Blog No Sidebar - VMB Cosmetics Shop | Produtos para unhas","robots":{"index":"index","follow":"follow","max-snippet":"max-snippet:-1","max-image-preview":"max-image-preview:large","max-video-preview":"max-video-preview:-1"},"canonical":"https:\/\/vmbcosmetics.ch\/pt\/blog-sem-barra-lateral\/","og_locale":"pt_BR","og_type":"article","og_title":"Blog No Sidebar - VMB Cosmetics Shop | Produkte f\u00fcr N\u00e4gel","og_description":"Uncategorized March 30, 2022 The size guide: a little help to avoid mistakes To be sure not to go wrong when you want to buy a ring online, the Jewelry team has prepared a small size guide with several options available to you. Read More Style Guide March 30, 2022 Unique first anniversary gift ideas [&hellip;]","og_url":"https:\/\/vmbcosmetics.ch\/pt\/blog-sem-barra-lateral\/","og_site_name":"VMB Cosmetics Shop | Produkte f\u00fcr N\u00e4gel","article_modified_time":"2022-03-30T04:06:38+00:00","og_image":[{"url":"https:\/\/vmbcosmetics.ch\/wp-content\/uploads\/2022\/01\/blog1-1170x570.jpg","type":"","width":"","height":""}],"twitter_card":"summary_large_image","twitter_misc":{"Est. tempo de leitura":"1 minuto"},"schema":{"@context":"https:\/\/schema.org","@graph":[{"@type":"WebPage","@id":"https:\/\/vmbcosmetics.ch\/blog-no-sidebar\/","url":"https:\/\/vmbcosmetics.ch\/blog-no-sidebar\/","name":"Blog No Sidebar - VMB Cosmetics Shop | Produtos para unhas","isPartOf":{"@id":"https:\/\/vmbcosmetics.ch\/#website"},"primaryImageOfPage":{"@id":"https:\/\/vmbcosmetics.ch\/blog-no-sidebar\/#primaryimage"},"image":{"@id":"https:\/\/vmbcosmetics.ch\/blog-no-sidebar\/#primaryimage"},"thumbnailUrl":"https:\/\/vmbcosmetics.ch\/wp-content\/uploads\/2022\/01\/blog1-1170x570.jpg","datePublished":"2022-03-29T07:46:47+00:00","dateModified":"2022-03-30T04:06:38+00:00","breadcrumb":{"@id":"https:\/\/vmbcosmetics.ch\/blog-no-sidebar\/#breadcrumb"},"inLanguage":"pt-BR","potentialAction":[{"@type":"ReadAction","target":["https:\/\/vmbcosmetics.ch\/blog-no-sidebar\/"]}]},{"@type":"ImageObject","inLanguage":"pt-BR","@id":"https:\/\/vmbcosmetics.ch\/blog-no-sidebar\/#primaryimage","url":"https:\/\/vmbcosmetics.ch\/wp-content\/uploads\/2022\/01\/blog1-1170x570.jpg","contentUrl":"https:\/\/vmbcosmetics.ch\/wp-content\/uploads\/2022\/01\/blog1-1170x570.jpg"},{"@type":"BreadcrumbList","@id":"https:\/\/vmbcosmetics.ch\/blog-no-sidebar\/#breadcrumb","itemListElement":[{"@type":"ListItem","position":1,"name":"In\u00edcio","item":"https:\/\/vmbcosmetics.ch\/"},{"@type":"ListItem","position":2,"name":"Blog No Sidebar"}]},{"@type":"WebSite","@id":"https:\/\/vmbcosmetics.ch\/#website","url":"https:\/\/vmbcosmetics.ch\/","name":"VMB Cosmetics Shop | Produtos para unhas","description":"Voc\u00ea pode encontrar os melhores produtos para unhas aqui. Temos uma variedade de cores e acess\u00f3rios para as suas unhas.","potentialAction":[{"@type":"SearchAction","target":{"@type":"EntryPoint","urlTemplate":"https:\/\/vmbcosmetics.ch\/?s={search_term_string}"},"query-input":{"@type":"PropertyValueSpecification","valueRequired":true,"valueName":"search_term_string"}}],"inLanguage":"pt-BR"}]}},"_links":{"self":[{"href":"https:\/\/vmbcosmetics.ch\/pt\/wp-json\/wp\/v2\/pages\/9450","targetHints":{"allow":["GET"]}}],"collection":[{"href":"https:\/\/vmbcosmetics.ch\/pt\/wp-json\/wp\/v2\/pages"}],"about":[{"href":"https:\/\/vmbcosmetics.ch\/pt\/wp-json\/wp\/v2\/types\/page"}],"author":[{"embeddable":true,"href":"https:\/\/vmbcosmetics.ch\/pt\/wp-json\/wp\/v2\/users\/1"}],"replies":[{"embeddable":true,"href":"https:\/\/vmbcosmetics.ch\/pt\/wp-json\/wp\/v2\/comments?post=9450"}],"version-history":[{"count":0,"href":"https:\/\/vmbcosmetics.ch\/pt\/wp-json\/wp\/v2\/pages\/9450\/revisions"}],"wp:attachment":[{"href":"https:\/\/vmbcosmetics.ch\/pt\/wp-json\/wp\/v2\/media?parent=9450"}],"curies":[{"name":"wp","href":"https:\/\/api.w.org\/{rel}","templated":true}]}}