{"id":8145,"date":"2022-03-25T04:04:21","date_gmt":"2022-03-25T04:04:21","guid":{"rendered":"http:\/\/vmbshop.ch\/?page_id=8145"},"modified":"2022-04-29T01:49:53","modified_gmt":"2022-04-29T01:49:53","slug":"entre-em-contato-conosco","status":"publish","type":"page","link":"https:\/\/vmbcosmetics.ch\/pt\/entre-em-contato-conosco\/","title":{"rendered":"Contate-nos"},"content":{"rendered":"<div data-elementor-type=\"wp-page\" data-elementor-id=\"8145\" class=\"elementor elementor-8145\" data-elementor-post-type=\"page\">\n\t\t\t\t\t\t<section class=\"elementor-section elementor-top-section elementor-element elementor-element-a0aaa3b elementor-section-boxed elementor-section-height-default elementor-section-height-default\" data-id=\"a0aaa3b\" data-element_type=\"section\">\r\n\t\t\t\t\t\t<div class=\"elementor-container elementor-column-gap-default jws_section_\" >\r\n\t\t\t\t<div class=\"elementor-column elementor-col-100 elementor-top-column elementor-element elementor-element-633de73\" data-id=\"633de73\" data-element_type=\"column\">\n\t\t\t<div class=\"elementor-widget-wrap elementor-element-populated\">\n\t\t\t\t\t\t<div class=\"elementor-element elementor-element-6d3c3f5 elementor-widget elementor-widget-heading\" data-id=\"6d3c3f5\" data-element_type=\"widget\" data-widget_type=\"heading.default\">\n\t\t\t\t<div class=\"elementor-widget-container\">\n\t\t\t\t\t<h2 class=\"elementor-heading-title elementor-size-default\">Mantenha contato conosco<\/h2>\t\t\t\t<\/div>\n\t\t\t\t<\/div>\n\t\t\t\t<div class=\"elementor-element elementor-element-6673823 elementor-widget__width-initial elementor-widget elementor-widget-text-editor\" data-id=\"6673823\" data-element_type=\"widget\" data-widget_type=\"text-editor.default\">\n\t\t\t\t<div class=\"elementor-widget-container\">\n\t\t\t\t\t\t\t\t\t<p>Nossa equipe de atendimento ao cliente est\u00e1 dispon\u00edvel para suporte de segunda a sexta, das 9h \u00e0s 17h GMT. Alternativamente, consulte nosso <a style=\"color: rgba(4, 2, 2, 0.5); text-decoration: underline;\" href=\"\/pt\/perguntas-frequentes\/\">perguntas frequentes<\/a> p\u00e1gina para respostas a perguntas comuns.<\/p>\t\t\t\t\t\t\t\t<\/div>\n\t\t\t\t<\/div>\n\t\t\t\t<div class=\"elementor-element elementor-element-ec1f184 elementor-widget__width-initial elementor-widget elementor-widget-text-editor\" data-id=\"ec1f184\" data-element_type=\"widget\" data-widget_type=\"text-editor.default\">\n\t\t\t\t<div class=\"elementor-widget-container\">\n\t\t\t\t\t\t\t\t\t<p>Contate-nos pelo telefone +12 (0)20 654 4522 ou use o formul\u00e1rio abaixo para enviar seu e-mail. Observe que o tempo de resposta atualmente \u00e9 de at\u00e9 48 horas durante esse per\u00edodo de grande movimento.<\/p>\t\t\t\t\t\t\t\t<\/div>\n\t\t\t\t<\/div>\n\t\t\t\t\t<\/div>\n\t\t<\/div>\n\t\t\t\t      \r\n            \r\n              \r\n            \r\n            \t\r\n\t\t\t<\/div>\r\n\t\t<\/section>\r\n\t\t\t\t<section class=\"elementor-section elementor-top-section elementor-element elementor-element-580ed5f elementor-section-boxed elementor-section-height-default elementor-section-height-default\" data-id=\"580ed5f\" data-element_type=\"section\">\r\n\t\t\t\t\t\t<div class=\"elementor-container elementor-column-gap-default jws_section_\" >\r\n\t\t\t\t<div class=\"elementor-column elementor-col-33 elementor-top-column elementor-element elementor-element-3e3feb4\" data-id=\"3e3feb4\" data-element_type=\"column\">\n\t\t\t<div class=\"elementor-widget-wrap elementor-element-populated\">\n\t\t\t\t\t\t<div class=\"elementor-element elementor-element-3a2416b elementor-invisible elementor-widget elementor-widget-jws_info_box\" data-id=\"3a2416b\" data-element_type=\"widget\" data-settings=\"{&quot;align&quot;:&quot;center&quot;,&quot;_animation&quot;:&quot;fadeInUp&quot;}\" data-widget_type=\"jws_info_box.default\">\n\t\t\t\t<div class=\"elementor-widget-container\">\n\t\t\t\t\t            <div class=\"jws-info-box layout2\">\r\n                <div class=\"jws-info-box-inner\">\r\n                    <a href=\"\/pt\/perguntas-frequentes\/\" >\r\n    <div class=\"box-icon\">\r\n        <span><\/span>\r\n        <svg xmlns=\"http:\/\/www.w3.org\/2000\/svg\" width=\"32\" height=\"32\" viewbox=\"0 0 32 32\" fill=\"none\"><path d=\"M6.80761 25.1924C5.65711 24.0419 6.42019 21.6265 5.8346 20.2111C5.22755 18.744 3 17.5631 3 16C3 14.4368 5.22756 13.256 5.8346 11.7888C6.4202 10.3735 5.65711 7.95811 6.80761 6.80761C7.95811 5.65711 10.3735 6.42019 11.7889 5.8346C13.256 5.22755 14.4369 3 16 3C17.5632 3 18.744 5.22756 20.2112 5.8346C21.6265 6.4202 24.0419 5.65711 25.1924 6.80761C26.3429 7.95811 25.5798 10.3735 26.1654 11.7889C26.7725 13.256 29 14.4369 29 16C29 17.5632 26.7724 18.744 26.1654 20.2112C25.5798 21.6265 26.3429 24.0419 25.1924 25.1924C24.0419 26.3429 21.6265 25.5798 20.2111 26.1654C18.744 26.7725 17.5631 29 16 29C14.4368 29 13.256 26.7724 11.7888 26.1654C10.3735 25.5798 7.95811 26.3429 6.80761 25.1924Z\" stroke=\"#040202\" stroke-width=\"2\" stroke-linecap=\"round\" stroke-linejoin=\"round\"><\/path><path d=\"M16 24C16.8284 24 17.5 23.3284 17.5 22.5C17.5 21.6716 16.8284 21 16 21C15.1716 21 14.5 21.6716 14.5 22.5C14.5 23.3284 15.1716 24 16 24Z\" fill=\"#040202\"><\/path><path d=\"M16 18.001V17.001C16.6922 17.001 17.3689 16.7957 17.9445 16.4111C18.5201 16.0265 18.9687 15.4799 19.2336 14.8404C19.4985 14.2008 19.5678 13.4971 19.4327 12.8182C19.2977 12.1392 18.9644 11.5156 18.4749 11.0261C17.9854 10.5366 17.3618 10.2033 16.6828 10.0682C16.0039 9.93318 15.3001 10.0025 14.6606 10.2674C14.0211 10.5323 13.4744 10.9809 13.0899 11.5565C12.7053 12.1321 12.5 12.8087 12.5 13.501\" stroke=\"#040202\" stroke-width=\"2\" stroke-linecap=\"round\" stroke-linejoin=\"round\"><\/path><\/svg>  \r\n    <\/div>\r\n    <div class=\"box-title\">\r\n        Perguntas frequentes    <\/div>\r\n    <div class=\"box-content\">\r\n        <p>A maioria das perguntas pode ser respondida aqui.<\/p>    <\/div>\r\n    <div class=\"box-more\">\r\n       ACESSE AS PERGUNTAS FREQUENTES<i class=\"jws-icon-arrow-up-right-thin\"><\/i>\r\n    <\/div>\r\n<\/a>                <\/div>\r\n            <\/div>\r\n        \t\t\t\t<\/div>\n\t\t\t\t<\/div>\n\t\t\t\t\t<\/div>\n\t\t<\/div>\n\t\t\t\t<div class=\"elementor-column elementor-col-33 elementor-top-column elementor-element elementor-element-67aad2c\" data-id=\"67aad2c\" data-element_type=\"column\">\n\t\t\t<div class=\"elementor-widget-wrap elementor-element-populated\">\n\t\t\t\t\t\t<div class=\"elementor-element elementor-element-0b11aea elementor-invisible elementor-widget elementor-widget-jws_info_box\" data-id=\"0b11aea\" data-element_type=\"widget\" data-settings=\"{&quot;align&quot;:&quot;center&quot;,&quot;_animation&quot;:&quot;fadeInUp&quot;}\" data-widget_type=\"jws_info_box.default\">\n\t\t\t\t<div class=\"elementor-widget-container\">\n\t\t\t\t\t            <div class=\"jws-info-box layout2\">\r\n                <div class=\"jws-info-box-inner\">\r\n                    <a href=\"mailto:contact%20@auriane.com\" >\r\n    <div class=\"box-icon\">\r\n        <span><\/span>\r\n        <svg xmlns=\"http:\/\/www.w3.org\/2000\/svg\" width=\"32\" height=\"32\" viewbox=\"0 0 32 32\" fill=\"none\"><path d=\"M28 7L16 18L4 7\" stroke=\"#040202\" stroke-width=\"2\" stroke-linecap=\"round\" stroke-linejoin=\"round\"><\/path><path d=\"M4 7H28V24C28 24.2652 27.8946 24.5196 27.7071 24.7071C27.5196 24.8946 27.2652 25 27 25H5C4.73478 25 4.48043 24.8946 4.29289 24.7071C4.10536 24.5196 4 24.2652 4 24V7Z\" stroke=\"#040202\" stroke-width=\"2\" stroke-linecap=\"round\" stroke-linejoin=\"round\"><\/path><path d=\"M13.8184 16L4.30859 24.7174\" stroke=\"#040202\" stroke-width=\"2\" stroke-linecap=\"round\" stroke-linejoin=\"round\"><\/path><path d=\"M27.6916 24.7175L18.1816 16\" stroke=\"#040202\" stroke-width=\"2\" stroke-linecap=\"round\" stroke-linejoin=\"round\"><\/path><\/svg>  \r\n    <\/div>\r\n    <div class=\"box-title\">\r\n        E-mail    <\/div>\r\n    <div class=\"box-content\">\r\n        <p>Envie-nos um e-mail para falar diretamente com um agente.<\/p>    <\/div>\r\n    <div class=\"box-more\">\r\n       CONTATO@AURIANE.COM<i class=\"jws-icon-arrow-up-right-thin\"><\/i>\r\n    <\/div>\r\n<\/a>                <\/div>\r\n            <\/div>\r\n        \t\t\t\t<\/div>\n\t\t\t\t<\/div>\n\t\t\t\t\t<\/div>\n\t\t<\/div>\n\t\t\t\t<div class=\"elementor-column elementor-col-33 elementor-top-column elementor-element elementor-element-a274db9\" data-id=\"a274db9\" data-element_type=\"column\">\n\t\t\t<div class=\"elementor-widget-wrap elementor-element-populated\">\n\t\t\t\t\t\t<div class=\"elementor-element elementor-element-424605d elementor-invisible elementor-widget elementor-widget-jws_info_box\" data-id=\"424605d\" data-element_type=\"widget\" data-settings=\"{&quot;align&quot;:&quot;center&quot;,&quot;_animation&quot;:&quot;fadeInUp&quot;}\" data-widget_type=\"jws_info_box.default\">\n\t\t\t\t<div class=\"elementor-widget-container\">\n\t\t\t\t\t            <div class=\"jws-info-box layout2\">\r\n                <div class=\"jws-info-box-inner\">\r\n                    <a href=\"\/pt\/nossos-materiais\/\" >\r\n    <div class=\"box-icon\">\r\n        <span><\/span>\r\n        <svg xmlns=\"http:\/\/www.w3.org\/2000\/svg\" width=\"32\" height=\"32\" viewbox=\"0 0 32 32\" fill=\"none\"><path d=\"M17.3404 21.933L14.9383 28.453C14.8676 28.6449 14.7397 28.8106 14.5719 28.9276C14.4041 29.0446 14.2045 29.1073 13.9999 29.1073C13.7954 29.1073 13.5958 29.0446 13.428 28.9276C13.2602 28.8106 13.1323 28.6449 13.0616 28.453L10.6595 21.933C10.6095 21.7972 10.5306 21.6739 10.4283 21.5716C10.3259 21.4693 10.2026 21.3904 10.0669 21.3404L3.54687 18.9383C3.35493 18.8676 3.1893 18.7397 3.0723 18.5719C2.95531 18.4041 2.89258 18.2045 2.89258 17.9999C2.89258 17.7954 2.95531 17.5958 3.0723 17.428C3.1893 17.2602 3.35493 17.1323 3.54687 17.0616L10.0669 14.6595C10.2026 14.6095 10.3259 14.5306 10.4283 14.4283C10.5306 14.3259 10.6095 14.2026 10.6595 14.0669L13.0616 7.54687C13.1323 7.35493 13.2602 7.1893 13.428 7.0723C13.5958 6.95531 13.7954 6.89258 13.9999 6.89258C14.2045 6.89258 14.4041 6.95531 14.5719 7.0723C14.7397 7.1893 14.8676 7.35493 14.9383 7.54687L17.3404 14.0669C17.3904 14.2026 17.4693 14.3259 17.5716 14.4283C17.6739 14.5306 17.7972 14.6095 17.933 14.6595L24.453 17.0616C24.6449 17.1323 24.8106 17.2602 24.9276 17.428C25.0446 17.5958 25.1073 17.7954 25.1073 17.9999C25.1073 18.2045 25.0446 18.4041 24.9276 18.5719C24.8106 18.7397 24.6449 18.8676 24.453 18.9383L17.933 21.3404C17.7972 21.3904 17.6739 21.4693 17.5716 21.5716C17.4693 21.6739 17.3904 21.7972 17.3404 21.933V21.933Z\" stroke=\"#040202\" stroke-width=\"2\" stroke-linecap=\"round\" stroke-linejoin=\"round\"><\/path><path d=\"M22 2V8\" stroke=\"#040202\" stroke-width=\"2\" stroke-linecap=\"round\" stroke-linejoin=\"round\"><\/path><path d=\"M25 5H19\" stroke=\"#040202\" stroke-width=\"2\" stroke-linecap=\"round\" stroke-linejoin=\"round\"><\/path><path d=\"M28 9V13\" stroke=\"#040202\" stroke-width=\"2\" stroke-linecap=\"round\" stroke-linejoin=\"round\"><\/path><path d=\"M30 11H26\" stroke=\"#040202\" stroke-width=\"2\" stroke-linecap=\"round\" stroke-linejoin=\"round\"><\/path><\/svg>  \r\n    <\/div>\r\n    <div class=\"box-title\">\r\n        parcerias    <\/div>\r\n    <div class=\"box-content\">\r\n        <p>Interessado em fazer parceria com Auriane?<\/p>    <\/div>\r\n    <div class=\"box-more\">\r\n       INSCREVA-SE AQUI<i class=\"jws-icon-arrow-up-right-thin\"><\/i>\r\n    <\/div>\r\n<\/a>                <\/div>\r\n            <\/div>\r\n        \t\t\t\t<\/div>\n\t\t\t\t<\/div>\n\t\t\t\t\t<\/div>\n\t\t<\/div>\n\t\t\t\t      \r\n            \r\n              \r\n            \r\n            \t\r\n\t\t\t<\/div>\r\n\t\t<\/section>\r\n\t\t\t\t<section class=\"elementor-section elementor-top-section elementor-element elementor-element-3bfbc70 elementor-section-boxed elementor-section-height-default elementor-section-height-default\" data-id=\"3bfbc70\" data-element_type=\"section\">\r\n\t\t\t\t\t\t<div class=\"elementor-container elementor-column-gap-default jws_section_\" >\r\n\t\t\t\t<div class=\"elementor-column elementor-col-100 elementor-top-column elementor-element elementor-element-928ba6d\" data-id=\"928ba6d\" data-element_type=\"column\">\n\t\t\t<div class=\"elementor-widget-wrap elementor-element-populated\">\n\t\t\t\t\t\t<div class=\"elementor-element elementor-element-22fda51 elementor-widget elementor-widget-jws_map\" data-id=\"22fda51\" data-element_type=\"widget\" data-widget_type=\"jws_map.default\">\n\t\t\t\t<div class=\"elementor-widget-container\">\n\t\t\t\t\t\t\t<div class=\"jws-google-map-wrap\">\r\n\t\t\t<div id=\"jws-google-map-22fda51\" class=\"jws-google-map\" data-map_options=\"{&quot;zoom&quot;:11,&quot;mapTypeId&quot;:&quot;roadmap&quot;,&quot;mapTypeControl&quot;:false,&quot;streetViewControl&quot;:true,&quot;zoomControl&quot;:true,&quot;fullscreenControl&quot;:true,&quot;gestureHandling&quot;:true}\" data-cluster=\"no\" data-max-width=\"250\" data-locations=\"[[&quot;40.66820532994381 &quot;,&quot;-74.31890000275786&quot;,false,&quot;Store 1&quot;,null,&quot;&quot;,&quot;custom&quot;,&quot;https:\\\/\\\/vmbshop.ch\\\/wp-content\\\/uploads\\\/2022\\\/03\\\/map_pin.png&quot;,48,&quot;&quot;],[&quot;40.6780452055624&quot;,&quot;-73.92438344022263&quot;,false,&quot;Store 2&quot;,null,&quot;&quot;,&quot;custom&quot;,&quot;https:\\\/\\\/vmbshop.ch\\\/wp-content\\\/uploads\\\/2022\\\/03\\\/map_pin.png&quot;,48,&quot;&quot;]]\" data-animate=\"\" data-auto-center=\"center\" data-offset=\"\" data-predefined-style=\"silver\"><\/div>\r\n\t\t<\/div>\r\n\t\t\t\t\t\t<\/div>\n\t\t\t\t<\/div>\n\t\t\t\t\t<\/div>\n\t\t<\/div>\n\t\t\t\t      \r\n            \r\n              \r\n            \r\n            \t\r\n\t\t\t<\/div>\r\n\t\t<\/section>\r\n\t\t\t\t<\/div>","protected":false},"excerpt":{"rendered":"<p>Keep In Touch with Us Our Customer Care team are available for support Monday &#8211; Friday from 9am to 5pm GMT. Alternatively, look to our FAQs page for answers to common queries. Contact us on +12 (0)20 654 4522 or use the form below to submit your email, and please note response times are currently [&hellip;]<\/p>","protected":false},"author":1,"featured_media":0,"parent":0,"menu_order":0,"comment_status":"closed","ping_status":"closed","template":"","meta":{"footnotes":""},"class_list":["post-8145","page","type-page","status-publish","hentry"],"yoast_head":"<!-- This site is optimized with the Yoast SEO plugin v26.4 - https:\/\/yoast.com\/wordpress\/plugins\/seo\/ -->\n<title>Contact Us - VMB Cosmetics Shop | Produkte f\u00fcr N\u00e4gel<\/title>\n<meta name=\"robots\" content=\"index, follow, max-snippet:-1, max-image-preview:large, max-video-preview:-1\" \/>\n<link rel=\"canonical\" href=\"https:\/\/vmbcosmetics.ch\/pt\/entre-em-contato-conosco\/\" \/>\n<meta property=\"og:locale\" content=\"pt_BR\" \/>\n<meta property=\"og:type\" content=\"article\" \/>\n<meta property=\"og:title\" content=\"Contact Us - VMB Cosmetics Shop | Produkte f\u00fcr N\u00e4gel\" \/>\n<meta property=\"og:description\" content=\"Keep In Touch with Us Our Customer Care team are available for support Monday &#8211; Friday from 9am to 5pm GMT. Alternatively, look to our FAQs page for answers to common queries. Contact us on +12 (0)20 654 4522 or use the form below to submit your email, and please note response times are currently [&hellip;]\" \/>\n<meta property=\"og:url\" content=\"https:\/\/vmbcosmetics.ch\/pt\/entre-em-contato-conosco\/\" \/>\n<meta property=\"og:site_name\" content=\"VMB Cosmetics Shop | Produkte f\u00fcr N\u00e4gel\" \/>\n<meta property=\"article:modified_time\" content=\"2022-04-29T01:49:53+00:00\" \/>\n<meta name=\"twitter:card\" content=\"summary_large_image\" \/>\n<script type=\"application\/ld+json\" class=\"yoast-schema-graph\">{\"@context\":\"https:\/\/schema.org\",\"@graph\":[{\"@type\":\"WebPage\",\"@id\":\"https:\/\/vmbcosmetics.ch\/contact-us\/\",\"url\":\"https:\/\/vmbcosmetics.ch\/contact-us\/\",\"name\":\"Contact Us - VMB Cosmetics Shop | Produkte f\u00fcr N\u00e4gel\",\"isPartOf\":{\"@id\":\"https:\/\/vmbcosmetics.ch\/#website\"},\"datePublished\":\"2022-03-25T04:04:21+00:00\",\"dateModified\":\"2022-04-29T01:49:53+00:00\",\"breadcrumb\":{\"@id\":\"https:\/\/vmbcosmetics.ch\/contact-us\/#breadcrumb\"},\"inLanguage\":\"pt-BR\",\"potentialAction\":[{\"@type\":\"ReadAction\",\"target\":[\"https:\/\/vmbcosmetics.ch\/contact-us\/\"]}]},{\"@type\":\"BreadcrumbList\",\"@id\":\"https:\/\/vmbcosmetics.ch\/contact-us\/#breadcrumb\",\"itemListElement\":[{\"@type\":\"ListItem\",\"position\":1,\"name\":\"In\u00edcio\",\"item\":\"https:\/\/vmbcosmetics.ch\/\"},{\"@type\":\"ListItem\",\"position\":2,\"name\":\"Contact Us\"}]},{\"@type\":\"WebSite\",\"@id\":\"https:\/\/vmbcosmetics.ch\/#website\",\"url\":\"https:\/\/vmbcosmetics.ch\/\",\"name\":\"VMB Cosmetics Shop | Produkte f\u00fcr N\u00e4gel\",\"description\":\"Die besten Produkte f\u00fcr die N\u00e4gel finden Sie hier. Wir haben eine Vielzahl von Farben und Zubeh\u00f6r f\u00fcr Ihre N\u00e4gel.\",\"potentialAction\":[{\"@type\":\"SearchAction\",\"target\":{\"@type\":\"EntryPoint\",\"urlTemplate\":\"https:\/\/vmbcosmetics.ch\/?s={search_term_string}\"},\"query-input\":{\"@type\":\"PropertyValueSpecification\",\"valueRequired\":true,\"valueName\":\"search_term_string\"}}],\"inLanguage\":\"pt-BR\"}]}<\/script>\n<!-- \/ Yoast SEO plugin. -->","yoast_head_json":{"title":"Entre em contato conosco - VMB Cosmetics Shop | Produtos para unhas","robots":{"index":"index","follow":"follow","max-snippet":"max-snippet:-1","max-image-preview":"max-image-preview:large","max-video-preview":"max-video-preview:-1"},"canonical":"https:\/\/vmbcosmetics.ch\/pt\/entre-em-contato-conosco\/","og_locale":"pt_BR","og_type":"article","og_title":"Contact Us - VMB Cosmetics Shop | Produkte f\u00fcr N\u00e4gel","og_description":"Keep In Touch with Us Our Customer Care team are available for support Monday &#8211; Friday from 9am to 5pm GMT. Alternatively, look to our FAQs page for answers to common queries. Contact us on +12 (0)20 654 4522 or use the form below to submit your email, and please note response times are currently [&hellip;]","og_url":"https:\/\/vmbcosmetics.ch\/pt\/entre-em-contato-conosco\/","og_site_name":"VMB Cosmetics Shop | Produkte f\u00fcr N\u00e4gel","article_modified_time":"2022-04-29T01:49:53+00:00","twitter_card":"summary_large_image","schema":{"@context":"https:\/\/schema.org","@graph":[{"@type":"WebPage","@id":"https:\/\/vmbcosmetics.ch\/contact-us\/","url":"https:\/\/vmbcosmetics.ch\/contact-us\/","name":"Entre em contato conosco - VMB Cosmetics Shop | Produtos para unhas","isPartOf":{"@id":"https:\/\/vmbcosmetics.ch\/#website"},"datePublished":"2022-03-25T04:04:21+00:00","dateModified":"2022-04-29T01:49:53+00:00","breadcrumb":{"@id":"https:\/\/vmbcosmetics.ch\/contact-us\/#breadcrumb"},"inLanguage":"pt-BR","potentialAction":[{"@type":"ReadAction","target":["https:\/\/vmbcosmetics.ch\/contact-us\/"]}]},{"@type":"BreadcrumbList","@id":"https:\/\/vmbcosmetics.ch\/contact-us\/#breadcrumb","itemListElement":[{"@type":"ListItem","position":1,"name":"In\u00edcio","item":"https:\/\/vmbcosmetics.ch\/"},{"@type":"ListItem","position":2,"name":"Contact Us"}]},{"@type":"WebSite","@id":"https:\/\/vmbcosmetics.ch\/#website","url":"https:\/\/vmbcosmetics.ch\/","name":"VMB Cosmetics Shop | Produtos para unhas","description":"Voc\u00ea pode encontrar os melhores produtos para unhas aqui. Temos uma variedade de cores e acess\u00f3rios para as suas unhas.","potentialAction":[{"@type":"SearchAction","target":{"@type":"EntryPoint","urlTemplate":"https:\/\/vmbcosmetics.ch\/?s={search_term_string}"},"query-input":{"@type":"PropertyValueSpecification","valueRequired":true,"valueName":"search_term_string"}}],"inLanguage":"pt-BR"}]}},"_links":{"self":[{"href":"https:\/\/vmbcosmetics.ch\/pt\/wp-json\/wp\/v2\/pages\/8145","targetHints":{"allow":["GET"]}}],"collection":[{"href":"https:\/\/vmbcosmetics.ch\/pt\/wp-json\/wp\/v2\/pages"}],"about":[{"href":"https:\/\/vmbcosmetics.ch\/pt\/wp-json\/wp\/v2\/types\/page"}],"author":[{"embeddable":true,"href":"https:\/\/vmbcosmetics.ch\/pt\/wp-json\/wp\/v2\/users\/1"}],"replies":[{"embeddable":true,"href":"https:\/\/vmbcosmetics.ch\/pt\/wp-json\/wp\/v2\/comments?post=8145"}],"version-history":[{"count":0,"href":"https:\/\/vmbcosmetics.ch\/pt\/wp-json\/wp\/v2\/pages\/8145\/revisions"}],"wp:attachment":[{"href":"https:\/\/vmbcosmetics.ch\/pt\/wp-json\/wp\/v2\/media?parent=8145"}],"curies":[{"name":"wp","href":"https:\/\/api.w.org\/{rel}","templated":true}]}}