{"id":5128,"date":"2020-08-30T13:35:17","date_gmt":"2020-08-30T13:35:17","guid":{"rendered":"https:\/\/vmbshop.ch\/?post_type=product&#038;p=5128"},"modified":"2023-08-21T22:39:57","modified_gmt":"2023-08-21T22:39:57","slug":"pink-glitter-f2","status":"publish","type":"product","link":"https:\/\/vmbcosmetics.ch\/en\/product\/pink-glitter-f2\/","title":{"rendered":"Pink Glitter F2"},"content":{"rendered":"<p><strong>Description<\/strong><br \/>\nFor the second layer of the Pink and White process, SNS offers three beautiful shades of pink: Natural Pink, Dark Pink and X Dark Pink.<br \/>\nNatural Pink is soft and translucent. Dark Pink and X Dark Pink offer you deeper shades.<br \/>\nThere are also two glitters: Natural Pink Glitter and Pink Glitter.<\/p>\n<p>Enhance the look of a French manicure with this bold pink shade that requires less glitter.<\/p>\n<p>&nbsp;<\/p>\n<p><strong>Recommended Use:<\/strong><br \/>\nUse in combination with one of our white powders to create the look of a French manicure.<\/p>","protected":false},"excerpt":{"rendered":"<p>Are you just looking for a touch of color?<\/p>\n<p>This one gives you a smiling French manicure with just a touch of pink and more glittery finish.<\/p>\n<p>&nbsp;<\/p>\n<p><strong>Recommended Use:<\/strong><\/p>\n<p>Use it as the second layer of a French manicure.<\/p>","protected":false},"featured_media":14719,"comment_status":"open","ping_status":"closed","template":"","meta":[],"product_brand":[],"product_cat":[165],"product_tag":[],"class_list":{"0":"post-5128","1":"product","2":"type-product","3":"status-publish","4":"has-post-thumbnail","6":"product_cat-aufbau-pulver-sns-nagel-produkte","8":"first","9":"instock","10":"taxable","11":"shipping-taxable","12":"purchasable","13":"product-type-simple"},"yoast_head":"<!-- This site is optimized with the Yoast SEO plugin v26.4 - https:\/\/yoast.com\/wordpress\/plugins\/seo\/ -->\n<title>Pink Glitter F2 - VMB Cosmetics Shop | Produkte f\u00fcr N\u00e4gel<\/title>\n<meta name=\"robots\" content=\"index, follow, max-snippet:-1, max-image-preview:large, max-video-preview:-1\" \/>\n<link rel=\"canonical\" href=\"https:\/\/vmbcosmetics.ch\/en\/product\/pink-glitter-f2\/\" \/>\n<meta property=\"og:locale\" content=\"en_US\" \/>\n<meta property=\"og:type\" content=\"article\" \/>\n<meta property=\"og:title\" content=\"Pink Glitter F2 - VMB Cosmetics Shop | Produkte f\u00fcr N\u00e4gel\" \/>\n<meta property=\"og:description\" content=\"Suchen Sie nur einen Hauch von Farbe?  Dieses hier gibt Ihnen eine l\u00e4chelnde French Manik\u00fcre mit nur einem Hauch von Pink und mehr glitzerndes Finish.  &nbsp;  Empfohlener Gebrauch:  Verwenden Sie es als zweite Schicht einer French Manik\u00fcre.\" \/>\n<meta property=\"og:url\" content=\"https:\/\/vmbcosmetics.ch\/en\/product\/pink-glitter-f2\/\" \/>\n<meta property=\"og:site_name\" content=\"VMB Cosmetics Shop | Produkte f\u00fcr N\u00e4gel\" \/>\n<meta property=\"article:modified_time\" content=\"2023-08-21T22:39:57+00:00\" \/>\n<meta property=\"og:image\" content=\"https:\/\/vmbcosmetics.ch\/wp-content\/uploads\/2023\/08\/112.jpg\" \/>\n\t<meta property=\"og:image:width\" content=\"350\" \/>\n\t<meta property=\"og:image:height\" content=\"350\" \/>\n\t<meta property=\"og:image:type\" content=\"image\/jpeg\" \/>\n<meta name=\"twitter:card\" content=\"summary_large_image\" \/>\n<script type=\"application\/ld+json\" class=\"yoast-schema-graph\">{\"@context\":\"https:\/\/schema.org\",\"@graph\":[{\"@type\":\"WebPage\",\"@id\":\"https:\/\/vmbcosmetics.ch\/pt\/produto\/pink-glitter-f2\/\",\"url\":\"https:\/\/vmbcosmetics.ch\/pt\/produto\/pink-glitter-f2\/\",\"name\":\"Pink Glitter F2 - VMB Cosmetics Shop | Produkte f\u00fcr N\u00e4gel\",\"isPartOf\":{\"@id\":\"https:\/\/vmbcosmetics.ch\/#website\"},\"primaryImageOfPage\":{\"@id\":\"https:\/\/vmbcosmetics.ch\/pt\/produto\/pink-glitter-f2\/#primaryimage\"},\"image\":{\"@id\":\"https:\/\/vmbcosmetics.ch\/pt\/produto\/pink-glitter-f2\/#primaryimage\"},\"thumbnailUrl\":\"https:\/\/vmbcosmetics.ch\/wp-content\/uploads\/2023\/08\/112.jpg\",\"datePublished\":\"2020-08-30T13:35:17+00:00\",\"dateModified\":\"2023-08-21T22:39:57+00:00\",\"breadcrumb\":{\"@id\":\"https:\/\/vmbcosmetics.ch\/pt\/produto\/pink-glitter-f2\/#breadcrumb\"},\"inLanguage\":\"en-US\",\"potentialAction\":[{\"@type\":\"ReadAction\",\"target\":[\"https:\/\/vmbcosmetics.ch\/pt\/produto\/pink-glitter-f2\/\"]}]},{\"@type\":\"ImageObject\",\"inLanguage\":\"en-US\",\"@id\":\"https:\/\/vmbcosmetics.ch\/pt\/produto\/pink-glitter-f2\/#primaryimage\",\"url\":\"https:\/\/vmbcosmetics.ch\/wp-content\/uploads\/2023\/08\/112.jpg\",\"contentUrl\":\"https:\/\/vmbcosmetics.ch\/wp-content\/uploads\/2023\/08\/112.jpg\",\"width\":350,\"height\":350},{\"@type\":\"BreadcrumbList\",\"@id\":\"https:\/\/vmbcosmetics.ch\/pt\/produto\/pink-glitter-f2\/#breadcrumb\",\"itemListElement\":[{\"@type\":\"ListItem\",\"position\":1,\"name\":\"In\u00edcio\",\"item\":\"https:\/\/vmbcosmetics.ch\/\"},{\"@type\":\"ListItem\",\"position\":2,\"name\":\"Shop\",\"item\":\"https:\/\/vmbcosmetics.ch\/shop\/\"},{\"@type\":\"ListItem\",\"position\":3,\"name\":\"Pink Glitter F2\"}]},{\"@type\":\"WebSite\",\"@id\":\"https:\/\/vmbcosmetics.ch\/#website\",\"url\":\"https:\/\/vmbcosmetics.ch\/\",\"name\":\"VMB Cosmetics Shop | Produkte f\u00fcr N\u00e4gel\",\"description\":\"Die besten Produkte f\u00fcr die N\u00e4gel finden Sie hier. Wir haben eine Vielzahl von Farben und Zubeh\u00f6r f\u00fcr Ihre N\u00e4gel.\",\"potentialAction\":[{\"@type\":\"SearchAction\",\"target\":{\"@type\":\"EntryPoint\",\"urlTemplate\":\"https:\/\/vmbcosmetics.ch\/?s={search_term_string}\"},\"query-input\":{\"@type\":\"PropertyValueSpecification\",\"valueRequired\":true,\"valueName\":\"search_term_string\"}}],\"inLanguage\":\"en-US\"}]}<\/script>\n<!-- \/ Yoast SEO plugin. -->","yoast_head_json":{"title":"Pink Glitter F2 - VMB Cosmetics Shop | Products for nails","robots":{"index":"index","follow":"follow","max-snippet":"max-snippet:-1","max-image-preview":"max-image-preview:large","max-video-preview":"max-video-preview:-1"},"canonical":"https:\/\/vmbcosmetics.ch\/en\/product\/pink-glitter-f2\/","og_locale":"en_US","og_type":"article","og_title":"Pink Glitter F2 - VMB Cosmetics Shop | Produkte f\u00fcr N\u00e4gel","og_description":"Suchen Sie nur einen Hauch von Farbe?  Dieses hier gibt Ihnen eine l\u00e4chelnde French Manik\u00fcre mit nur einem Hauch von Pink und mehr glitzerndes Finish.  &nbsp;  Empfohlener Gebrauch:  Verwenden Sie es als zweite Schicht einer French Manik\u00fcre.","og_url":"https:\/\/vmbcosmetics.ch\/en\/product\/pink-glitter-f2\/","og_site_name":"VMB Cosmetics Shop | Produkte f\u00fcr N\u00e4gel","article_modified_time":"2023-08-21T22:39:57+00:00","og_image":[{"width":350,"height":350,"url":"https:\/\/vmbcosmetics.ch\/wp-content\/uploads\/2023\/08\/112.jpg","type":"image\/jpeg"}],"twitter_card":"summary_large_image","schema":{"@context":"https:\/\/schema.org","@graph":[{"@type":"WebPage","@id":"https:\/\/vmbcosmetics.ch\/pt\/produto\/pink-glitter-f2\/","url":"https:\/\/vmbcosmetics.ch\/pt\/produto\/pink-glitter-f2\/","name":"Pink Glitter F2 - VMB Cosmetics Shop | Products for nails","isPartOf":{"@id":"https:\/\/vmbcosmetics.ch\/#website"},"primaryImageOfPage":{"@id":"https:\/\/vmbcosmetics.ch\/pt\/produto\/pink-glitter-f2\/#primaryimage"},"image":{"@id":"https:\/\/vmbcosmetics.ch\/pt\/produto\/pink-glitter-f2\/#primaryimage"},"thumbnailUrl":"https:\/\/vmbcosmetics.ch\/wp-content\/uploads\/2023\/08\/112.jpg","datePublished":"2020-08-30T13:35:17+00:00","dateModified":"2023-08-21T22:39:57+00:00","breadcrumb":{"@id":"https:\/\/vmbcosmetics.ch\/pt\/produto\/pink-glitter-f2\/#breadcrumb"},"inLanguage":"en-US","potentialAction":[{"@type":"ReadAction","target":["https:\/\/vmbcosmetics.ch\/pt\/produto\/pink-glitter-f2\/"]}]},{"@type":"ImageObject","inLanguage":"en-US","@id":"https:\/\/vmbcosmetics.ch\/pt\/produto\/pink-glitter-f2\/#primaryimage","url":"https:\/\/vmbcosmetics.ch\/wp-content\/uploads\/2023\/08\/112.jpg","contentUrl":"https:\/\/vmbcosmetics.ch\/wp-content\/uploads\/2023\/08\/112.jpg","width":350,"height":350},{"@type":"BreadcrumbList","@id":"https:\/\/vmbcosmetics.ch\/pt\/produto\/pink-glitter-f2\/#breadcrumb","itemListElement":[{"@type":"ListItem","position":1,"name":"In\u00edcio","item":"https:\/\/vmbcosmetics.ch\/"},{"@type":"ListItem","position":2,"name":"Shop","item":"https:\/\/vmbcosmetics.ch\/shop\/"},{"@type":"ListItem","position":3,"name":"Pink Glitter F2"}]},{"@type":"WebSite","@id":"https:\/\/vmbcosmetics.ch\/#website","url":"https:\/\/vmbcosmetics.ch\/","name":"VMB Cosmetics Shop | Products for nails","description":"You can find the best products for nails here. We have a variety of colors and accessories for your nails.","potentialAction":[{"@type":"SearchAction","target":{"@type":"EntryPoint","urlTemplate":"https:\/\/vmbcosmetics.ch\/?s={search_term_string}"},"query-input":{"@type":"PropertyValueSpecification","valueRequired":true,"valueName":"search_term_string"}}],"inLanguage":"en-US"}]}},"_links":{"self":[{"href":"https:\/\/vmbcosmetics.ch\/en\/wp-json\/wp\/v2\/product\/5128","targetHints":{"allow":["GET"]}}],"collection":[{"href":"https:\/\/vmbcosmetics.ch\/en\/wp-json\/wp\/v2\/product"}],"about":[{"href":"https:\/\/vmbcosmetics.ch\/en\/wp-json\/wp\/v2\/types\/product"}],"replies":[{"embeddable":true,"href":"https:\/\/vmbcosmetics.ch\/en\/wp-json\/wp\/v2\/comments?post=5128"}],"wp:featuredmedia":[{"embeddable":true,"href":"https:\/\/vmbcosmetics.ch\/en\/wp-json\/wp\/v2\/media\/14719"}],"wp:attachment":[{"href":"https:\/\/vmbcosmetics.ch\/en\/wp-json\/wp\/v2\/media?parent=5128"}],"wp:term":[{"taxonomy":"product_brand","embeddable":true,"href":"https:\/\/vmbcosmetics.ch\/en\/wp-json\/wp\/v2\/product_brand?post=5128"},{"taxonomy":"product_cat","embeddable":true,"href":"https:\/\/vmbcosmetics.ch\/en\/wp-json\/wp\/v2\/product_cat?post=5128"},{"taxonomy":"product_tag","embeddable":true,"href":"https:\/\/vmbcosmetics.ch\/en\/wp-json\/wp\/v2\/product_tag?post=5128"}],"curies":[{"name":"wp","href":"https:\/\/api.w.org\/{rel}","templated":true}]}}