{"id":4680,"date":"2020-05-05T08:39:18","date_gmt":"2020-05-05T08:39:18","guid":{"rendered":"https:\/\/vmbshop.ch\/?post_type=product&#038;p=4680"},"modified":"2024-03-20T22:36:10","modified_gmt":"2024-03-20T22:36:10","slug":"cest-la-vie-collection-14","status":"publish","type":"product","link":"https:\/\/vmbcosmetics.ch\/en\/product\/cest-la-vie-collection-14\/","title":{"rendered":"Sacre Coeur \u2013 C&#039;est La Vie Collection 14"},"content":{"rendered":"<h2><strong>Sacre Coeur - C'est La Vie Collection 14<\/strong><\/h2>\n<p>&nbsp;<\/p>\n<h2><strong>Exclusive features:<\/strong><\/h2>\n<p>&nbsp;<\/p>\n<ul>\n<li><span style=\"font-weight: 400;\">Unique color tone: A delicate <\/span><span style=\"font-weight: 400;\">Pastel red<\/span><span style=\"font-weight: 400;\"> with <\/span><span style=\"font-weight: 400;\">Pearlescent accents<\/span><span style=\"font-weight: 400;\">perfect for your <\/span><span style=\"font-weight: 400;\">Beauty routine<\/span><span style=\"font-weight: 400;\"> to add a touch of glamor.<\/span><\/li>\n<li><span style=\"font-weight: 400;\">Outstanding<\/span><span style=\"font-weight: 400;\"> Durability: <\/span><span style=\"font-weight: 400;\">The advanced <\/span><span style=\"font-weight: 400;\">Formulation<\/span><span style=\"font-weight: 400;\"> promises <\/span><span style=\"font-weight: 400;\">an extended shelf life<\/span><span style=\"font-weight: 400;\">so that <\/span><span style=\"font-weight: 400;\">Your nails will look stunning for longer.<\/span><\/li>\n<li><span style=\"font-weight: 400;\">Easy to use: <\/span><span style=\"font-weight: 400;\">Dipping in the paint ensures complete and even coverage and is as easy for the professional to apply as if it were done at home.<\/span><\/li>\n<li><span style=\"font-weight: 400;\">Vegan and <\/span><span style=\"font-weight: 400;\">free from animal testing<\/span><span style=\"font-weight: 400;\">: We are committed to the ethical beauty of our<\/span><span style=\"font-weight: 400;\"> Nail powder<\/span><span style=\"font-weight: 400;\"> 100% are vegan and not tested on animals.<\/span><\/li>\n<li><span style=\"font-weight: 400;\">Environmentally friendly: Sustainable packaging that reflects our commitment to the planet.<\/span><\/li>\n<\/ul>\n<h2><strong>Perfect for:<\/strong><\/h2>\n<p><span style=\"font-weight: 400;\">Ideal for the modern woman,<\/span><span style=\"font-weight: 400;\"> which<\/span><span style=\"font-weight: 400;\"> who want to bring the elegance and charm of Parisian fashion to their style. Whether for a formal event, a casual gathering or simply to enhance your everyday look, Sacre Coeur is the perfect choice.<\/span><\/p>\n<h2><strong>Application:<\/strong><\/h2>\n<p><span style=\"font-weight: 400;\">For <\/span><span style=\"font-weight: 400;\">optimal results<\/span><span style=\"font-weight: 400;\"> apply two layers of the <\/span><span style=\"font-weight: 400;\">Nail powder<\/span><span style=\"font-weight: 400;\"> Sacre Coeur <\/span><span style=\"font-weight: 400;\">after you have used a high-quality base coat. For a long-lasting shine and additional protection, finish with a top coat<\/span><span style=\"font-weight: 400;\">.<\/span><\/p>\n<p><span style=\"font-weight: 400;\">Discover the timeless beauty <\/span><span style=\"font-weight: 400;\">with the no. 14 from<\/span><span style=\"font-weight: 400;\"> of the C'est La Vie collection and let<\/span><span style=\"font-weight: 400;\"> with <\/span><span style=\"font-weight: 400;\">Sacre Coeur to transform your nails into a work of art. Get now <\/span><span style=\"font-weight: 400;\">Your nail powder<\/span><span style=\"font-weight: 400;\"> and live life with the elegance you deserve.<\/span><\/p>","protected":false},"excerpt":{"rendered":"<p><span style=\"font-weight: 400;\">Immerse yourself in the heart of Parisian elegance with our <\/span><span style=\"font-weight: 400;\">Nail powder<\/span><span style=\"font-weight: 400;\"> Sacre Coeur<\/span><span style=\"font-weight: 400;\">No. 14<\/span><span style=\"font-weight: 400;\"> from the exclusive C'est La Vie <\/span><span style=\"font-weight: 400;\">Collection<\/span><span style=\"font-weight: 400;\">. Inspired by the majestic beauty of the Sacr\u00e9-C\u0153ur Basilica, the <\/span><span style=\"font-weight: 400;\">this nail powder<\/span><span style=\"font-weight: 400;\"> the essence of French romanticism and elegance.<\/span><\/p>\n<p><strong>This is life collection<\/strong><\/p>\n<ul>\n<li>Capacity: Jar with 28g (1oz) color powder<\/li>\n<li>Organically processed active ingredients<\/li>\n<\/ul>\n<p>&nbsp;<\/p>\n<p>SNS Gelous Colors offer a large selection of dazzling original colors.<\/p>\n<p>Each of them offers a brilliant mirror finish that lasts 14 days or longer while providing the natural nail bed with special nutrients.<\/p>","protected":false},"featured_media":14649,"comment_status":"closed","ping_status":"closed","template":"","meta":[],"product_brand":[],"product_cat":[157],"product_tag":[],"class_list":{"0":"post-4680","1":"product","2":"type-product","3":"status-publish","4":"has-post-thumbnail","6":"product_cat-cest-la-vie-kollektion","8":"first","9":"instock","10":"taxable","11":"shipping-taxable","12":"purchasable","13":"product-type-simple"},"yoast_head":"<!-- This site is optimized with the Yoast SEO plugin v26.4 - https:\/\/yoast.com\/wordpress\/plugins\/seo\/ -->\n<title>Sacre Coeur - C&#039;est La Vie Collection 14 - VMB Cosmetics Shop | Produkte f\u00fcr N\u00e4gel<\/title>\n<meta name=\"robots\" content=\"index, follow, max-snippet:-1, max-image-preview:large, max-video-preview:-1\" \/>\n<link rel=\"canonical\" href=\"https:\/\/vmbcosmetics.ch\/en\/product\/cest-la-vie-collection-14\/\" \/>\n<meta property=\"og:locale\" content=\"en_US\" \/>\n<meta property=\"og:type\" content=\"article\" \/>\n<meta property=\"og:title\" content=\"Sacre Coeur - C&#039;est La Vie Collection 14 - VMB Cosmetics Shop | Produkte f\u00fcr N\u00e4gel\" \/>\n<meta property=\"og:description\" content=\"Tauchen Sie ein in das Herz der Pariser Eleganz mit unserem Nagel Pulver Sacre Coeur, der Nr. 14 aus der exklusiven C\u2019est La Vie Kollektion. Inspiriert von der majest\u00e4tischen Sch\u00f6nheit der Basilika Sacr\u00e9-C\u0153ur, f\u00e4ngt dieses Nagel Pulver die Essenz der franz\u00f6sischen Romantik und Eleganz ein.  So ist das Leben Kollektion   Kapazit\u00e4t: Gef\u00e4ss mit 28g (1oz) Farbpulver  Organisch verarbeitete Wirkstoffe  &nbsp;  SNS Gelous Colors bieten eine grosse Auswahl an schillernden Originalfarben.  Jede von ihnen bieten ein brillantes Spiegelfinish, welches 14 Tage oder l\u00e4nger h\u00e4lt und gleichzeitig das nat\u00fcrliche Nagelbett mit speziellen N\u00e4hrstoffen versorgt.\" \/>\n<meta property=\"og:url\" content=\"https:\/\/vmbcosmetics.ch\/en\/product\/cest-la-vie-collection-14\/\" \/>\n<meta property=\"og:site_name\" content=\"VMB Cosmetics Shop | Produkte f\u00fcr N\u00e4gel\" \/>\n<meta property=\"article:modified_time\" content=\"2024-03-20T22:36:10+00:00\" \/>\n<meta property=\"og:image\" content=\"https:\/\/vmbcosmetics.ch\/wp-content\/uploads\/2023\/08\/LV14.jpg\" \/>\n\t<meta property=\"og:image:width\" content=\"350\" \/>\n\t<meta property=\"og:image:height\" content=\"350\" \/>\n\t<meta property=\"og:image:type\" content=\"image\/jpeg\" \/>\n<meta name=\"twitter:card\" content=\"summary_large_image\" \/>\n<meta name=\"twitter:label1\" content=\"Est. reading time\" \/>\n\t<meta name=\"twitter:data1\" content=\"2 minutes\" \/>\n<script type=\"application\/ld+json\" class=\"yoast-schema-graph\">{\"@context\":\"https:\/\/schema.org\",\"@graph\":[{\"@type\":\"WebPage\",\"@id\":\"https:\/\/vmbcosmetics.ch\/produkt\/cest-la-vie-kollektion-14\/\",\"url\":\"https:\/\/vmbcosmetics.ch\/produkt\/cest-la-vie-kollektion-14\/\",\"name\":\"Sacre Coeur - C'est La Vie Collection 14 - VMB Cosmetics Shop | Produkte f\u00fcr N\u00e4gel\",\"isPartOf\":{\"@id\":\"https:\/\/vmbcosmetics.ch\/#website\"},\"primaryImageOfPage\":{\"@id\":\"https:\/\/vmbcosmetics.ch\/produkt\/cest-la-vie-kollektion-14\/#primaryimage\"},\"image\":{\"@id\":\"https:\/\/vmbcosmetics.ch\/produkt\/cest-la-vie-kollektion-14\/#primaryimage\"},\"thumbnailUrl\":\"https:\/\/vmbcosmetics.ch\/wp-content\/uploads\/2023\/08\/LV14.jpg\",\"datePublished\":\"2020-05-05T08:39:18+00:00\",\"dateModified\":\"2024-03-20T22:36:10+00:00\",\"breadcrumb\":{\"@id\":\"https:\/\/vmbcosmetics.ch\/produkt\/cest-la-vie-kollektion-14\/#breadcrumb\"},\"inLanguage\":\"en-US\",\"potentialAction\":[{\"@type\":\"ReadAction\",\"target\":[\"https:\/\/vmbcosmetics.ch\/produkt\/cest-la-vie-kollektion-14\/\"]}]},{\"@type\":\"ImageObject\",\"inLanguage\":\"en-US\",\"@id\":\"https:\/\/vmbcosmetics.ch\/produkt\/cest-la-vie-kollektion-14\/#primaryimage\",\"url\":\"https:\/\/vmbcosmetics.ch\/wp-content\/uploads\/2023\/08\/LV14.jpg\",\"contentUrl\":\"https:\/\/vmbcosmetics.ch\/wp-content\/uploads\/2023\/08\/LV14.jpg\",\"width\":350,\"height\":350},{\"@type\":\"BreadcrumbList\",\"@id\":\"https:\/\/vmbcosmetics.ch\/produkt\/cest-la-vie-kollektion-14\/#breadcrumb\",\"itemListElement\":[{\"@type\":\"ListItem\",\"position\":1,\"name\":\"In\u00edcio\",\"item\":\"https:\/\/vmbcosmetics.ch\/\"},{\"@type\":\"ListItem\",\"position\":2,\"name\":\"Shop\",\"item\":\"https:\/\/vmbcosmetics.ch\/shop\/\"},{\"@type\":\"ListItem\",\"position\":3,\"name\":\"Sacre Coeur &#8211; C&#8217;est La Vie Collection 14\"}]},{\"@type\":\"WebSite\",\"@id\":\"https:\/\/vmbcosmetics.ch\/#website\",\"url\":\"https:\/\/vmbcosmetics.ch\/\",\"name\":\"VMB Cosmetics Shop | Produkte f\u00fcr N\u00e4gel\",\"description\":\"Die besten Produkte f\u00fcr die N\u00e4gel finden Sie hier. Wir haben eine Vielzahl von Farben und Zubeh\u00f6r f\u00fcr Ihre N\u00e4gel.\",\"potentialAction\":[{\"@type\":\"SearchAction\",\"target\":{\"@type\":\"EntryPoint\",\"urlTemplate\":\"https:\/\/vmbcosmetics.ch\/?s={search_term_string}\"},\"query-input\":{\"@type\":\"PropertyValueSpecification\",\"valueRequired\":true,\"valueName\":\"search_term_string\"}}],\"inLanguage\":\"en-US\"}]}<\/script>\n<!-- \/ Yoast SEO plugin. -->","yoast_head_json":{"title":"Sacre Coeur - C'est La Vie Collection 14 - VMB Cosmetics Shop | Products for nails","robots":{"index":"index","follow":"follow","max-snippet":"max-snippet:-1","max-image-preview":"max-image-preview:large","max-video-preview":"max-video-preview:-1"},"canonical":"https:\/\/vmbcosmetics.ch\/en\/product\/cest-la-vie-collection-14\/","og_locale":"en_US","og_type":"article","og_title":"Sacre Coeur - C'est La Vie Collection 14 - VMB Cosmetics Shop | Produkte f\u00fcr N\u00e4gel","og_description":"Tauchen Sie ein in das Herz der Pariser Eleganz mit unserem Nagel Pulver Sacre Coeur, der Nr. 14 aus der exklusiven C\u2019est La Vie Kollektion. Inspiriert von der majest\u00e4tischen Sch\u00f6nheit der Basilika Sacr\u00e9-C\u0153ur, f\u00e4ngt dieses Nagel Pulver die Essenz der franz\u00f6sischen Romantik und Eleganz ein.  So ist das Leben Kollektion   Kapazit\u00e4t: Gef\u00e4ss mit 28g (1oz) Farbpulver  Organisch verarbeitete Wirkstoffe  &nbsp;  SNS Gelous Colors bieten eine grosse Auswahl an schillernden Originalfarben.  Jede von ihnen bieten ein brillantes Spiegelfinish, welches 14 Tage oder l\u00e4nger h\u00e4lt und gleichzeitig das nat\u00fcrliche Nagelbett mit speziellen N\u00e4hrstoffen versorgt.","og_url":"https:\/\/vmbcosmetics.ch\/en\/product\/cest-la-vie-collection-14\/","og_site_name":"VMB Cosmetics Shop | Produkte f\u00fcr N\u00e4gel","article_modified_time":"2024-03-20T22:36:10+00:00","og_image":[{"width":350,"height":350,"url":"https:\/\/vmbcosmetics.ch\/wp-content\/uploads\/2023\/08\/LV14.jpg","type":"image\/jpeg"}],"twitter_card":"summary_large_image","twitter_misc":{"Est. reading time":"2 minutes"},"schema":{"@context":"https:\/\/schema.org","@graph":[{"@type":"WebPage","@id":"https:\/\/vmbcosmetics.ch\/produkt\/cest-la-vie-kollektion-14\/","url":"https:\/\/vmbcosmetics.ch\/produkt\/cest-la-vie-kollektion-14\/","name":"Sacre Coeur - C'est La Vie Collection 14 - VMB Cosmetics Shop | Products for nails","isPartOf":{"@id":"https:\/\/vmbcosmetics.ch\/#website"},"primaryImageOfPage":{"@id":"https:\/\/vmbcosmetics.ch\/produkt\/cest-la-vie-kollektion-14\/#primaryimage"},"image":{"@id":"https:\/\/vmbcosmetics.ch\/produkt\/cest-la-vie-kollektion-14\/#primaryimage"},"thumbnailUrl":"https:\/\/vmbcosmetics.ch\/wp-content\/uploads\/2023\/08\/LV14.jpg","datePublished":"2020-05-05T08:39:18+00:00","dateModified":"2024-03-20T22:36:10+00:00","breadcrumb":{"@id":"https:\/\/vmbcosmetics.ch\/produkt\/cest-la-vie-kollektion-14\/#breadcrumb"},"inLanguage":"en-US","potentialAction":[{"@type":"ReadAction","target":["https:\/\/vmbcosmetics.ch\/produkt\/cest-la-vie-kollektion-14\/"]}]},{"@type":"ImageObject","inLanguage":"en-US","@id":"https:\/\/vmbcosmetics.ch\/produkt\/cest-la-vie-kollektion-14\/#primaryimage","url":"https:\/\/vmbcosmetics.ch\/wp-content\/uploads\/2023\/08\/LV14.jpg","contentUrl":"https:\/\/vmbcosmetics.ch\/wp-content\/uploads\/2023\/08\/LV14.jpg","width":350,"height":350},{"@type":"BreadcrumbList","@id":"https:\/\/vmbcosmetics.ch\/produkt\/cest-la-vie-kollektion-14\/#breadcrumb","itemListElement":[{"@type":"ListItem","position":1,"name":"In\u00edcio","item":"https:\/\/vmbcosmetics.ch\/"},{"@type":"ListItem","position":2,"name":"Shop","item":"https:\/\/vmbcosmetics.ch\/shop\/"},{"@type":"ListItem","position":3,"name":"Sacre Coeur &#8211; C&#8217;est La Vie Collection 14"}]},{"@type":"WebSite","@id":"https:\/\/vmbcosmetics.ch\/#website","url":"https:\/\/vmbcosmetics.ch\/","name":"VMB Cosmetics Shop | Products for nails","description":"You can find the best products for nails here. We have a variety of colors and accessories for your nails.","potentialAction":[{"@type":"SearchAction","target":{"@type":"EntryPoint","urlTemplate":"https:\/\/vmbcosmetics.ch\/?s={search_term_string}"},"query-input":{"@type":"PropertyValueSpecification","valueRequired":true,"valueName":"search_term_string"}}],"inLanguage":"en-US"}]}},"_links":{"self":[{"href":"https:\/\/vmbcosmetics.ch\/en\/wp-json\/wp\/v2\/product\/4680","targetHints":{"allow":["GET"]}}],"collection":[{"href":"https:\/\/vmbcosmetics.ch\/en\/wp-json\/wp\/v2\/product"}],"about":[{"href":"https:\/\/vmbcosmetics.ch\/en\/wp-json\/wp\/v2\/types\/product"}],"replies":[{"embeddable":true,"href":"https:\/\/vmbcosmetics.ch\/en\/wp-json\/wp\/v2\/comments?post=4680"}],"wp:featuredmedia":[{"embeddable":true,"href":"https:\/\/vmbcosmetics.ch\/en\/wp-json\/wp\/v2\/media\/14649"}],"wp:attachment":[{"href":"https:\/\/vmbcosmetics.ch\/en\/wp-json\/wp\/v2\/media?parent=4680"}],"wp:term":[{"taxonomy":"product_brand","embeddable":true,"href":"https:\/\/vmbcosmetics.ch\/en\/wp-json\/wp\/v2\/product_brand?post=4680"},{"taxonomy":"product_cat","embeddable":true,"href":"https:\/\/vmbcosmetics.ch\/en\/wp-json\/wp\/v2\/product_cat?post=4680"},{"taxonomy":"product_tag","embeddable":true,"href":"https:\/\/vmbcosmetics.ch\/en\/wp-json\/wp\/v2\/product_tag?post=4680"}],"curies":[{"name":"wp","href":"https:\/\/api.w.org\/{rel}","templated":true}]}}