{"id":4676,"date":"2020-05-05T08:39:18","date_gmt":"2020-05-05T08:39:18","guid":{"rendered":"https:\/\/vmbshop.ch\/?post_type=product&#038;p=4676"},"modified":"2024-03-20T18:54:36","modified_gmt":"2024-03-20T18:54:36","slug":"cest-la-vie-collection-36","status":"publish","type":"product","link":"https:\/\/vmbcosmetics.ch\/en\/product\/cest-la-vie-collection-36\/","title":{"rendered":"Ooh La La Summer \u2013 C&#039;est La Vie Collection 36"},"content":{"rendered":"<h2><strong>Ooh La La Summer - C'est La Vie Collection No.36: The French touch for your nails<\/strong><\/h2>\n<p>&nbsp;<\/p>\n<h2><strong>Main features:<\/strong><\/h2>\n<p>&nbsp;<\/p>\n<ul>\n<li><span style=\"font-weight: 400;\">Luminous <\/span><span style=\"font-weight: 400;\">Color: The<\/span> <span style=\"font-weight: 400;\">Nail powder this<\/span><span style=\"font-weight: 400;\"> collection has been carefully selected to reflect the joy and warmth of summer. <\/span><span style=\"font-weight: 400;\">represent<\/span><span style=\"font-weight: 400;\">.<\/span><\/li>\n<li><span style=\"font-weight: 400;\">Long shelf life: <\/span><span style=\"font-weight: 400;\">Enjoy<\/span><span style=\"font-weight: 400;\"> Flawless nails for longer. Our advanced formula guarantees a <\/span><span style=\"font-weight: 400;\">extraordinary<\/span><span style=\"font-weight: 400;\"> Durability and resists <\/span><span style=\"font-weight: 400;\">the daily strain.<\/span><\/li>\n<li><span style=\"font-weight: 400;\">Easy to use<\/span><span style=\"font-weight: 400;\">: <\/span><span style=\"font-weight: 400;\">Dipping in the paint ensures complete and even coverage and is as easy for the professional to apply as if it were done at home.<\/span><\/li>\n<li><span style=\"font-weight: 400;\">Vegan and<\/span><span style=\"font-weight: 400;\"> animal-free<\/span><span style=\"font-weight: 400;\">: Committed to sustainable beauty, all the nail polishes in the C'est La Vie <\/span><span style=\"font-weight: 400;\">Collection 100% v<\/span><span style=\"font-weight: 400;\">egan and not tested on animals.<\/span><\/li>\n<li><span style=\"font-weight: 400;\">Quick-drying: Save time with our quick-drying formula that allows you to continue your activities without worry.<\/span><\/li>\n<\/ul>\n<h2><strong>Why choose Ooh La La Summer?<\/strong><\/h2>\n<p>&nbsp;<\/p>\n<p><span style=\"font-weight: 400;\">Whether for a special event or for everyday use, <\/span><span style=\"font-weight: 400;\">No. 36 from the C'est La Vie collection <\/span><span style=\"font-weight: 400;\">is the perfect choice for those looking for stunning nails with a touch of French elegance. With<\/span><span style=\"font-weight: 400;\"> the color, which <\/span><span style=\"font-weight: 400;\">capturing the essence of summer, and an incomparable quality, your nails will be the center of attention.<\/span><\/p>\n<h2><strong>Application:<\/strong><\/h2>\n<p>&nbsp;<\/p>\n<ul>\n<li><span style=\"font-weight: 400;\">Prepare your clean and filed nails.<\/span><\/li>\n<li><span style=\"font-weight: 400;\">Wear a <\/span><span style=\"font-weight: 400;\">Base coat<\/span><span style=\"font-weight: 400;\"> to protect.<\/span><\/li>\n<li><span style=\"font-weight: 400;\">Dip your nails twice in the color so that there are two thin layers.<\/span><\/li>\n<li><span style=\"font-weight: 400;\">Finish with a top coat for long-lasting shine and additional protection<\/span><span style=\"font-weight: 400;\">.<\/span><\/li>\n<\/ul>\n<p><span style=\"font-weight: 400;\">Transform your nails <\/span><span style=\"font-weight: 400;\">with \"Ooh La La Summer\", No. 36 from the \"C'est La Vie Collection\"<\/span><span style=\"font-weight: 400;\"> and immerse yourself in the luxury and elegance that only the French summer can offer. Get now <\/span><span style=\"font-weight: 400;\">this product<\/span><span style=\"font-weight: 400;\"> and let your nails tell the story of an unforgettable summer!<\/span><\/p>\n<p>&nbsp;<\/p>","protected":false},"excerpt":{"rendered":"<p><span style=\"font-weight: 400;\">Discover the charm and elegance of the French summer with the exclusive \"Ooh La La Summer<\/span><span style=\"font-weight: 400;\">\", No. 36 from the \"C'est La Vie Collection\"<\/span><span style=\"font-weight: 400;\">. Inspired by the lightness and beauty of summer evenings on the French Riviera, the <\/span><span style=\"font-weight: 400;\">This vibrant color has an exceptional texture, <\/span><span style=\"font-weight: 400;\">that revolutionize your nail design <\/span><span style=\"font-weight: 400;\">will.<\/span><\/p>\n<p>&nbsp;<\/p>\n<p><strong>This is life collection<\/strong><\/p>\n<ul>\n<li>Capacity: Jar with 28g (1oz) color powder<\/li>\n<li>Organically processed active ingredients<\/li>\n<\/ul>\n<p>&nbsp;<\/p>\n<p>SNS Gelous Colors offer a large selection of dazzling original colors.<\/p>\n<p>Each of them offers a brilliant mirror finish that lasts 14 days or longer while providing the natural nail bed with special nutrients.<\/p>","protected":false},"featured_media":14646,"comment_status":"closed","ping_status":"closed","template":"","meta":[],"product_brand":[],"product_cat":[157],"product_tag":[],"class_list":{"0":"post-4676","1":"product","2":"type-product","3":"status-publish","4":"has-post-thumbnail","6":"product_cat-cest-la-vie-kollektion","8":"first","9":"instock","10":"taxable","11":"shipping-taxable","12":"purchasable","13":"product-type-simple"},"yoast_head":"<!-- This site is optimized with the Yoast SEO plugin v26.4 - https:\/\/yoast.com\/wordpress\/plugins\/seo\/ -->\n<title>Ooh La La Summer - C&#039;est La Vie Collection 36 - VMB Cosmetics Shop | Produkte f\u00fcr N\u00e4gel<\/title>\n<meta name=\"robots\" content=\"index, follow, max-snippet:-1, max-image-preview:large, max-video-preview:-1\" \/>\n<link rel=\"canonical\" href=\"https:\/\/vmbcosmetics.ch\/en\/product\/cest-la-vie-collection-36\/\" \/>\n<meta property=\"og:locale\" content=\"en_US\" \/>\n<meta property=\"og:type\" content=\"article\" \/>\n<meta property=\"og:title\" content=\"Ooh La La Summer - C&#039;est La Vie Collection 36 - VMB Cosmetics Shop | Produkte f\u00fcr N\u00e4gel\" \/>\n<meta property=\"og:description\" content=\"Entdecken Sie den Charme und die Eleganz des franz\u00f6sischen Sommers mit der exklusiven &quot;Ooh La La Summer\u201d, die Nr. 36 aus der \u201cC\u2019est La Vie Kollektion&quot;. Inspiriert von der Leichtigkeit und Sch\u00f6nheit der Sommerabende an der Franz\u00f6sischen Riviera, bietet diese leuchtende Farbe eine aussergew\u00f6hnliche Textur, die Ihr Nageldesign revolutionieren wird.  &nbsp;  So ist das Leben Kollektion   Kapazit\u00e4t: Gef\u00e4ss mit 28g (1oz) Farbpulver  Organisch verarbeitete Wirkstoffe  &nbsp;  SNS Gelous Colors bieten eine grosse Auswahl an schillernden Originalfarben.  Jede von ihnen bieten ein brillantes Spiegelfinish, welches 14 Tage oder l\u00e4nger h\u00e4lt und gleichzeitig das nat\u00fcrliche Nagelbett mit speziellen N\u00e4hrstoffen versorgt.\" \/>\n<meta property=\"og:url\" content=\"https:\/\/vmbcosmetics.ch\/en\/product\/cest-la-vie-collection-36\/\" \/>\n<meta property=\"og:site_name\" content=\"VMB Cosmetics Shop | Produkte f\u00fcr N\u00e4gel\" \/>\n<meta property=\"article:modified_time\" content=\"2024-03-20T18:54:36+00:00\" \/>\n<meta property=\"og:image\" content=\"https:\/\/vmbcosmetics.ch\/wp-content\/uploads\/2023\/08\/LV36-1.jpg\" \/>\n\t<meta property=\"og:image:width\" content=\"350\" \/>\n\t<meta property=\"og:image:height\" content=\"350\" \/>\n\t<meta property=\"og:image:type\" content=\"image\/jpeg\" \/>\n<meta name=\"twitter:card\" content=\"summary_large_image\" \/>\n<meta name=\"twitter:label1\" content=\"Est. reading time\" \/>\n\t<meta name=\"twitter:data1\" content=\"2 minutes\" \/>\n<script type=\"application\/ld+json\" class=\"yoast-schema-graph\">{\"@context\":\"https:\/\/schema.org\",\"@graph\":[{\"@type\":\"WebPage\",\"@id\":\"https:\/\/vmbcosmetics.ch\/produkt\/cest-la-vie-kollektion-36\/\",\"url\":\"https:\/\/vmbcosmetics.ch\/produkt\/cest-la-vie-kollektion-36\/\",\"name\":\"Ooh La La Summer - C'est La Vie Collection 36 - VMB Cosmetics Shop | Produkte f\u00fcr N\u00e4gel\",\"isPartOf\":{\"@id\":\"https:\/\/vmbcosmetics.ch\/#website\"},\"primaryImageOfPage\":{\"@id\":\"https:\/\/vmbcosmetics.ch\/produkt\/cest-la-vie-kollektion-36\/#primaryimage\"},\"image\":{\"@id\":\"https:\/\/vmbcosmetics.ch\/produkt\/cest-la-vie-kollektion-36\/#primaryimage\"},\"thumbnailUrl\":\"https:\/\/vmbcosmetics.ch\/wp-content\/uploads\/2023\/08\/LV36-1.jpg\",\"datePublished\":\"2020-05-05T08:39:18+00:00\",\"dateModified\":\"2024-03-20T18:54:36+00:00\",\"breadcrumb\":{\"@id\":\"https:\/\/vmbcosmetics.ch\/produkt\/cest-la-vie-kollektion-36\/#breadcrumb\"},\"inLanguage\":\"en-US\",\"potentialAction\":[{\"@type\":\"ReadAction\",\"target\":[\"https:\/\/vmbcosmetics.ch\/produkt\/cest-la-vie-kollektion-36\/\"]}]},{\"@type\":\"ImageObject\",\"inLanguage\":\"en-US\",\"@id\":\"https:\/\/vmbcosmetics.ch\/produkt\/cest-la-vie-kollektion-36\/#primaryimage\",\"url\":\"https:\/\/vmbcosmetics.ch\/wp-content\/uploads\/2023\/08\/LV36-1.jpg\",\"contentUrl\":\"https:\/\/vmbcosmetics.ch\/wp-content\/uploads\/2023\/08\/LV36-1.jpg\",\"width\":350,\"height\":350},{\"@type\":\"BreadcrumbList\",\"@id\":\"https:\/\/vmbcosmetics.ch\/produkt\/cest-la-vie-kollektion-36\/#breadcrumb\",\"itemListElement\":[{\"@type\":\"ListItem\",\"position\":1,\"name\":\"In\u00edcio\",\"item\":\"https:\/\/vmbcosmetics.ch\/\"},{\"@type\":\"ListItem\",\"position\":2,\"name\":\"Shop\",\"item\":\"https:\/\/vmbcosmetics.ch\/shop\/\"},{\"@type\":\"ListItem\",\"position\":3,\"name\":\"Ooh La La Summer &#8211; C&#8217;est La Vie Collection 36\"}]},{\"@type\":\"WebSite\",\"@id\":\"https:\/\/vmbcosmetics.ch\/#website\",\"url\":\"https:\/\/vmbcosmetics.ch\/\",\"name\":\"VMB Cosmetics Shop | Produkte f\u00fcr N\u00e4gel\",\"description\":\"Die besten Produkte f\u00fcr die N\u00e4gel finden Sie hier. Wir haben eine Vielzahl von Farben und Zubeh\u00f6r f\u00fcr Ihre N\u00e4gel.\",\"potentialAction\":[{\"@type\":\"SearchAction\",\"target\":{\"@type\":\"EntryPoint\",\"urlTemplate\":\"https:\/\/vmbcosmetics.ch\/?s={search_term_string}\"},\"query-input\":{\"@type\":\"PropertyValueSpecification\",\"valueRequired\":true,\"valueName\":\"search_term_string\"}}],\"inLanguage\":\"en-US\"}]}<\/script>\n<!-- \/ Yoast SEO plugin. -->","yoast_head_json":{"title":"Ooh La La Summer - C'est La Vie Collection 36 - VMB Cosmetics Shop | Products for nails","robots":{"index":"index","follow":"follow","max-snippet":"max-snippet:-1","max-image-preview":"max-image-preview:large","max-video-preview":"max-video-preview:-1"},"canonical":"https:\/\/vmbcosmetics.ch\/en\/product\/cest-la-vie-collection-36\/","og_locale":"en_US","og_type":"article","og_title":"Ooh La La Summer - C'est La Vie Collection 36 - VMB Cosmetics Shop | Produkte f\u00fcr N\u00e4gel","og_description":"Entdecken Sie den Charme und die Eleganz des franz\u00f6sischen Sommers mit der exklusiven \"Ooh La La Summer\u201d, die Nr. 36 aus der \u201cC\u2019est La Vie Kollektion\". Inspiriert von der Leichtigkeit und Sch\u00f6nheit der Sommerabende an der Franz\u00f6sischen Riviera, bietet diese leuchtende Farbe eine aussergew\u00f6hnliche Textur, die Ihr Nageldesign revolutionieren wird.  &nbsp;  So ist das Leben Kollektion   Kapazit\u00e4t: Gef\u00e4ss mit 28g (1oz) Farbpulver  Organisch verarbeitete Wirkstoffe  &nbsp;  SNS Gelous Colors bieten eine grosse Auswahl an schillernden Originalfarben.  Jede von ihnen bieten ein brillantes Spiegelfinish, welches 14 Tage oder l\u00e4nger h\u00e4lt und gleichzeitig das nat\u00fcrliche Nagelbett mit speziellen N\u00e4hrstoffen versorgt.","og_url":"https:\/\/vmbcosmetics.ch\/en\/product\/cest-la-vie-collection-36\/","og_site_name":"VMB Cosmetics Shop | Produkte f\u00fcr N\u00e4gel","article_modified_time":"2024-03-20T18:54:36+00:00","og_image":[{"width":350,"height":350,"url":"https:\/\/vmbcosmetics.ch\/wp-content\/uploads\/2023\/08\/LV36-1.jpg","type":"image\/jpeg"}],"twitter_card":"summary_large_image","twitter_misc":{"Est. reading time":"2 minutes"},"schema":{"@context":"https:\/\/schema.org","@graph":[{"@type":"WebPage","@id":"https:\/\/vmbcosmetics.ch\/produkt\/cest-la-vie-kollektion-36\/","url":"https:\/\/vmbcosmetics.ch\/produkt\/cest-la-vie-kollektion-36\/","name":"Ooh La La Summer - C'est La Vie Collection 36 - VMB Cosmetics Shop | Products for nails","isPartOf":{"@id":"https:\/\/vmbcosmetics.ch\/#website"},"primaryImageOfPage":{"@id":"https:\/\/vmbcosmetics.ch\/produkt\/cest-la-vie-kollektion-36\/#primaryimage"},"image":{"@id":"https:\/\/vmbcosmetics.ch\/produkt\/cest-la-vie-kollektion-36\/#primaryimage"},"thumbnailUrl":"https:\/\/vmbcosmetics.ch\/wp-content\/uploads\/2023\/08\/LV36-1.jpg","datePublished":"2020-05-05T08:39:18+00:00","dateModified":"2024-03-20T18:54:36+00:00","breadcrumb":{"@id":"https:\/\/vmbcosmetics.ch\/produkt\/cest-la-vie-kollektion-36\/#breadcrumb"},"inLanguage":"en-US","potentialAction":[{"@type":"ReadAction","target":["https:\/\/vmbcosmetics.ch\/produkt\/cest-la-vie-kollektion-36\/"]}]},{"@type":"ImageObject","inLanguage":"en-US","@id":"https:\/\/vmbcosmetics.ch\/produkt\/cest-la-vie-kollektion-36\/#primaryimage","url":"https:\/\/vmbcosmetics.ch\/wp-content\/uploads\/2023\/08\/LV36-1.jpg","contentUrl":"https:\/\/vmbcosmetics.ch\/wp-content\/uploads\/2023\/08\/LV36-1.jpg","width":350,"height":350},{"@type":"BreadcrumbList","@id":"https:\/\/vmbcosmetics.ch\/produkt\/cest-la-vie-kollektion-36\/#breadcrumb","itemListElement":[{"@type":"ListItem","position":1,"name":"In\u00edcio","item":"https:\/\/vmbcosmetics.ch\/"},{"@type":"ListItem","position":2,"name":"Shop","item":"https:\/\/vmbcosmetics.ch\/shop\/"},{"@type":"ListItem","position":3,"name":"Ooh La La Summer &#8211; C&#8217;est La Vie Collection 36"}]},{"@type":"WebSite","@id":"https:\/\/vmbcosmetics.ch\/#website","url":"https:\/\/vmbcosmetics.ch\/","name":"VMB Cosmetics Shop | Products for nails","description":"You can find the best products for nails here. We have a variety of colors and accessories for your nails.","potentialAction":[{"@type":"SearchAction","target":{"@type":"EntryPoint","urlTemplate":"https:\/\/vmbcosmetics.ch\/?s={search_term_string}"},"query-input":{"@type":"PropertyValueSpecification","valueRequired":true,"valueName":"search_term_string"}}],"inLanguage":"en-US"}]}},"_links":{"self":[{"href":"https:\/\/vmbcosmetics.ch\/en\/wp-json\/wp\/v2\/product\/4676","targetHints":{"allow":["GET"]}}],"collection":[{"href":"https:\/\/vmbcosmetics.ch\/en\/wp-json\/wp\/v2\/product"}],"about":[{"href":"https:\/\/vmbcosmetics.ch\/en\/wp-json\/wp\/v2\/types\/product"}],"replies":[{"embeddable":true,"href":"https:\/\/vmbcosmetics.ch\/en\/wp-json\/wp\/v2\/comments?post=4676"}],"wp:featuredmedia":[{"embeddable":true,"href":"https:\/\/vmbcosmetics.ch\/en\/wp-json\/wp\/v2\/media\/14646"}],"wp:attachment":[{"href":"https:\/\/vmbcosmetics.ch\/en\/wp-json\/wp\/v2\/media?parent=4676"}],"wp:term":[{"taxonomy":"product_brand","embeddable":true,"href":"https:\/\/vmbcosmetics.ch\/en\/wp-json\/wp\/v2\/product_brand?post=4676"},{"taxonomy":"product_cat","embeddable":true,"href":"https:\/\/vmbcosmetics.ch\/en\/wp-json\/wp\/v2\/product_cat?post=4676"},{"taxonomy":"product_tag","embeddable":true,"href":"https:\/\/vmbcosmetics.ch\/en\/wp-json\/wp\/v2\/product_tag?post=4676"}],"curies":[{"name":"wp","href":"https:\/\/api.w.org\/{rel}","templated":true}]}}