{"id":4424,"date":"2020-05-05T08:38:50","date_gmt":"2020-05-05T08:38:50","guid":{"rendered":"https:\/\/vmbshop.ch\/?post_type=product&#038;p=4424"},"modified":"2023-09-11T21:22:39","modified_gmt":"2023-09-11T21:22:39","slug":"silicone-sticks-for-nail-art","status":"publish","type":"product","link":"https:\/\/vmbcosmetics.ch\/en\/product\/silicone-sticks-for-nail-art\/","title":{"rendered":"Silicone pens for nail art"},"content":{"rendered":"","protected":false},"excerpt":{"rendered":"<p><strong>Description:<\/strong><br \/>\nColor: Orange, Green, Red, Blue, Orange<br \/>\nMaterial: acrylic, silicone, plastic, copper<\/p>\n<p>Used for sculpture and modeling in manicure with amazing 3D effects.<\/p>\n<p>Acrylic handle with rhinestones inside and metal tip<\/p>","protected":false},"featured_media":14431,"comment_status":"closed","ping_status":"closed","template":"","meta":[],"product_brand":[],"product_cat":[133],"product_tag":[],"class_list":{"0":"post-4424","1":"product","2":"type-product","3":"status-publish","4":"has-post-thumbnail","6":"product_cat-nail-art","8":"first","9":"instock","10":"taxable","11":"shipping-taxable","12":"purchasable","13":"product-type-simple"},"yoast_head":"<!-- This site is optimized with the Yoast SEO plugin v26.4 - https:\/\/yoast.com\/wordpress\/plugins\/seo\/ -->\n<title>Silikon Stifte f\u00fcr Nail Art - VMB Cosmetics Shop | Produkte f\u00fcr N\u00e4gel<\/title>\n<meta name=\"robots\" content=\"index, follow, max-snippet:-1, max-image-preview:large, max-video-preview:-1\" \/>\n<link rel=\"canonical\" href=\"https:\/\/vmbcosmetics.ch\/en\/product\/silicone-sticks-for-nail-art\/\" \/>\n<meta property=\"og:locale\" content=\"en_US\" \/>\n<meta property=\"og:type\" content=\"article\" \/>\n<meta property=\"og:title\" content=\"Silikon Stifte f\u00fcr Nail Art - VMB Cosmetics Shop | Produkte f\u00fcr N\u00e4gel\" \/>\n<meta property=\"og:description\" content=\"Beschreibung: Farbe: Orange, Gr\u00fcn, Rot, Blau, Orange Material: Acryl, Silikon, Kunststoff, Kupfer  Wird f\u00fcr Skulptur und Modellierung im Manik\u00fcrebereich verwendet mit erstaunlichen 3D Effekten.  Acrylgriff mit Strasssteinen im Inneren und Metallspitze\" \/>\n<meta property=\"og:url\" content=\"https:\/\/vmbcosmetics.ch\/en\/product\/silicone-sticks-for-nail-art\/\" \/>\n<meta property=\"og:site_name\" content=\"VMB Cosmetics Shop | Produkte f\u00fcr N\u00e4gel\" \/>\n<meta property=\"article:modified_time\" content=\"2023-09-11T21:22:39+00:00\" \/>\n<meta property=\"og:image\" content=\"https:\/\/vmbcosmetics.ch\/wp-content\/uploads\/2023\/08\/AE-NA-EP-2.png\" \/>\n\t<meta property=\"og:image:width\" content=\"691\" \/>\n\t<meta property=\"og:image:height\" content=\"824\" \/>\n\t<meta property=\"og:image:type\" content=\"image\/png\" \/>\n<meta name=\"twitter:card\" content=\"summary_large_image\" \/>\n<script type=\"application\/ld+json\" class=\"yoast-schema-graph\">{\"@context\":\"https:\/\/schema.org\",\"@graph\":[{\"@type\":\"WebPage\",\"@id\":\"https:\/\/vmbcosmetics.ch\/produkt\/silikon-stifte-fuer-nail-art\/\",\"url\":\"https:\/\/vmbcosmetics.ch\/produkt\/silikon-stifte-fuer-nail-art\/\",\"name\":\"Silikon Stifte f\u00fcr Nail Art - VMB Cosmetics Shop | Produkte f\u00fcr N\u00e4gel\",\"isPartOf\":{\"@id\":\"https:\/\/vmbcosmetics.ch\/#website\"},\"primaryImageOfPage\":{\"@id\":\"https:\/\/vmbcosmetics.ch\/produkt\/silikon-stifte-fuer-nail-art\/#primaryimage\"},\"image\":{\"@id\":\"https:\/\/vmbcosmetics.ch\/produkt\/silikon-stifte-fuer-nail-art\/#primaryimage\"},\"thumbnailUrl\":\"https:\/\/vmbcosmetics.ch\/wp-content\/uploads\/2023\/08\/AE-NA-EP-2.png\",\"datePublished\":\"2020-05-05T08:38:50+00:00\",\"dateModified\":\"2023-09-11T21:22:39+00:00\",\"breadcrumb\":{\"@id\":\"https:\/\/vmbcosmetics.ch\/produkt\/silikon-stifte-fuer-nail-art\/#breadcrumb\"},\"inLanguage\":\"en-US\",\"potentialAction\":[{\"@type\":\"ReadAction\",\"target\":[\"https:\/\/vmbcosmetics.ch\/produkt\/silikon-stifte-fuer-nail-art\/\"]}]},{\"@type\":\"ImageObject\",\"inLanguage\":\"en-US\",\"@id\":\"https:\/\/vmbcosmetics.ch\/produkt\/silikon-stifte-fuer-nail-art\/#primaryimage\",\"url\":\"https:\/\/vmbcosmetics.ch\/wp-content\/uploads\/2023\/08\/AE-NA-EP-2.png\",\"contentUrl\":\"https:\/\/vmbcosmetics.ch\/wp-content\/uploads\/2023\/08\/AE-NA-EP-2.png\",\"width\":691,\"height\":824},{\"@type\":\"BreadcrumbList\",\"@id\":\"https:\/\/vmbcosmetics.ch\/produkt\/silikon-stifte-fuer-nail-art\/#breadcrumb\",\"itemListElement\":[{\"@type\":\"ListItem\",\"position\":1,\"name\":\"In\u00edcio\",\"item\":\"https:\/\/vmbcosmetics.ch\/\"},{\"@type\":\"ListItem\",\"position\":2,\"name\":\"Shop\",\"item\":\"https:\/\/vmbcosmetics.ch\/shop\/\"},{\"@type\":\"ListItem\",\"position\":3,\"name\":\"Silikon Stifte f\u00fcr Nail Art\"}]},{\"@type\":\"WebSite\",\"@id\":\"https:\/\/vmbcosmetics.ch\/#website\",\"url\":\"https:\/\/vmbcosmetics.ch\/\",\"name\":\"VMB Cosmetics Shop | Produkte f\u00fcr N\u00e4gel\",\"description\":\"Die besten Produkte f\u00fcr die N\u00e4gel finden Sie hier. Wir haben eine Vielzahl von Farben und Zubeh\u00f6r f\u00fcr Ihre N\u00e4gel.\",\"potentialAction\":[{\"@type\":\"SearchAction\",\"target\":{\"@type\":\"EntryPoint\",\"urlTemplate\":\"https:\/\/vmbcosmetics.ch\/?s={search_term_string}\"},\"query-input\":{\"@type\":\"PropertyValueSpecification\",\"valueRequired\":true,\"valueName\":\"search_term_string\"}}],\"inLanguage\":\"en-US\"}]}<\/script>\n<!-- \/ Yoast SEO plugin. -->","yoast_head_json":{"title":"Silicone pens for nail art - VMB Cosmetics Shop | Products for nails","robots":{"index":"index","follow":"follow","max-snippet":"max-snippet:-1","max-image-preview":"max-image-preview:large","max-video-preview":"max-video-preview:-1"},"canonical":"https:\/\/vmbcosmetics.ch\/en\/product\/silicone-sticks-for-nail-art\/","og_locale":"en_US","og_type":"article","og_title":"Silikon Stifte f\u00fcr Nail Art - VMB Cosmetics Shop | Produkte f\u00fcr N\u00e4gel","og_description":"Beschreibung: Farbe: Orange, Gr\u00fcn, Rot, Blau, Orange Material: Acryl, Silikon, Kunststoff, Kupfer  Wird f\u00fcr Skulptur und Modellierung im Manik\u00fcrebereich verwendet mit erstaunlichen 3D Effekten.  Acrylgriff mit Strasssteinen im Inneren und Metallspitze","og_url":"https:\/\/vmbcosmetics.ch\/en\/product\/silicone-sticks-for-nail-art\/","og_site_name":"VMB Cosmetics Shop | Produkte f\u00fcr N\u00e4gel","article_modified_time":"2023-09-11T21:22:39+00:00","og_image":[{"width":691,"height":824,"url":"https:\/\/vmbcosmetics.ch\/wp-content\/uploads\/2023\/08\/AE-NA-EP-2.png","type":"image\/png"}],"twitter_card":"summary_large_image","schema":{"@context":"https:\/\/schema.org","@graph":[{"@type":"WebPage","@id":"https:\/\/vmbcosmetics.ch\/produkt\/silikon-stifte-fuer-nail-art\/","url":"https:\/\/vmbcosmetics.ch\/produkt\/silikon-stifte-fuer-nail-art\/","name":"Silicone pens for nail art - VMB Cosmetics Shop | Products for nails","isPartOf":{"@id":"https:\/\/vmbcosmetics.ch\/#website"},"primaryImageOfPage":{"@id":"https:\/\/vmbcosmetics.ch\/produkt\/silikon-stifte-fuer-nail-art\/#primaryimage"},"image":{"@id":"https:\/\/vmbcosmetics.ch\/produkt\/silikon-stifte-fuer-nail-art\/#primaryimage"},"thumbnailUrl":"https:\/\/vmbcosmetics.ch\/wp-content\/uploads\/2023\/08\/AE-NA-EP-2.png","datePublished":"2020-05-05T08:38:50+00:00","dateModified":"2023-09-11T21:22:39+00:00","breadcrumb":{"@id":"https:\/\/vmbcosmetics.ch\/produkt\/silikon-stifte-fuer-nail-art\/#breadcrumb"},"inLanguage":"en-US","potentialAction":[{"@type":"ReadAction","target":["https:\/\/vmbcosmetics.ch\/produkt\/silikon-stifte-fuer-nail-art\/"]}]},{"@type":"ImageObject","inLanguage":"en-US","@id":"https:\/\/vmbcosmetics.ch\/produkt\/silikon-stifte-fuer-nail-art\/#primaryimage","url":"https:\/\/vmbcosmetics.ch\/wp-content\/uploads\/2023\/08\/AE-NA-EP-2.png","contentUrl":"https:\/\/vmbcosmetics.ch\/wp-content\/uploads\/2023\/08\/AE-NA-EP-2.png","width":691,"height":824},{"@type":"BreadcrumbList","@id":"https:\/\/vmbcosmetics.ch\/produkt\/silikon-stifte-fuer-nail-art\/#breadcrumb","itemListElement":[{"@type":"ListItem","position":1,"name":"In\u00edcio","item":"https:\/\/vmbcosmetics.ch\/"},{"@type":"ListItem","position":2,"name":"Shop","item":"https:\/\/vmbcosmetics.ch\/shop\/"},{"@type":"ListItem","position":3,"name":"Silikon Stifte f\u00fcr Nail Art"}]},{"@type":"WebSite","@id":"https:\/\/vmbcosmetics.ch\/#website","url":"https:\/\/vmbcosmetics.ch\/","name":"VMB Cosmetics Shop | Products for nails","description":"You can find the best products for nails here. We have a variety of colors and accessories for your nails.","potentialAction":[{"@type":"SearchAction","target":{"@type":"EntryPoint","urlTemplate":"https:\/\/vmbcosmetics.ch\/?s={search_term_string}"},"query-input":{"@type":"PropertyValueSpecification","valueRequired":true,"valueName":"search_term_string"}}],"inLanguage":"en-US"}]}},"_links":{"self":[{"href":"https:\/\/vmbcosmetics.ch\/en\/wp-json\/wp\/v2\/product\/4424","targetHints":{"allow":["GET"]}}],"collection":[{"href":"https:\/\/vmbcosmetics.ch\/en\/wp-json\/wp\/v2\/product"}],"about":[{"href":"https:\/\/vmbcosmetics.ch\/en\/wp-json\/wp\/v2\/types\/product"}],"replies":[{"embeddable":true,"href":"https:\/\/vmbcosmetics.ch\/en\/wp-json\/wp\/v2\/comments?post=4424"}],"wp:featuredmedia":[{"embeddable":true,"href":"https:\/\/vmbcosmetics.ch\/en\/wp-json\/wp\/v2\/media\/14431"}],"wp:attachment":[{"href":"https:\/\/vmbcosmetics.ch\/en\/wp-json\/wp\/v2\/media?parent=4424"}],"wp:term":[{"taxonomy":"product_brand","embeddable":true,"href":"https:\/\/vmbcosmetics.ch\/en\/wp-json\/wp\/v2\/product_brand?post=4424"},{"taxonomy":"product_cat","embeddable":true,"href":"https:\/\/vmbcosmetics.ch\/en\/wp-json\/wp\/v2\/product_cat?post=4424"},{"taxonomy":"product_tag","embeddable":true,"href":"https:\/\/vmbcosmetics.ch\/en\/wp-json\/wp\/v2\/product_tag?post=4424"}],"curies":[{"name":"wp","href":"https:\/\/api.w.org\/{rel}","templated":true}]}}