{"id":4393,"date":"2020-05-05T08:38:48","date_gmt":"2020-05-05T08:38:48","guid":{"rendered":"https:\/\/vmbshop.ch\/?post_type=product&#038;p=4393"},"modified":"2024-10-25T18:20:04","modified_gmt":"2024-10-25T18:20:04","slug":"color-dip-powder-vmb-37","status":"publish","type":"product","link":"https:\/\/vmbcosmetics.ch\/en\/product\/color-dip-powder-vmb-37\/","title":{"rendered":"Color Dip Powder \u2013 VMB 37"},"content":{"rendered":"<p>Color Dip Powder is a quick-drying dipping powder that has been specially developed and is very suitable for nail modeling.<\/p>\n<p>It is a product of above-average quality that offers reliable results. The color of the powder is stable so that it does not change.<\/p>\n<p>In addition, the Color Dip Powder is enriched with vitamins, organic and natural. There is therefore hardly any risk of allergies. The vitamins contribute to the care of the nails and make them stronger and more resistant<strong>.<\/strong><\/p>\n<p>When you apply the Color Dip Powder, the nails get a perfect, long-lasting finish and vibrant colors.<\/p>\n<h2><strong>More<\/strong><strong> Advantages of the product: <\/strong><\/h2>\n<ul>\n<li>No damage to the nails;<\/li>\n<li>No UV or LED light or activator required for curing<\/li>\n<li>Dries within 5 seconds after immersion. Together with<\/li>\n<\/ul>\n<p>Top coat dry within 1-1.5 minutes. Saves a lot of time.<\/p>\n<ul>\n<li>Resistant and durable, so that the nails last for more than 4 weeks.<\/li>\n<\/ul>\n<p>stay beautiful<\/p>\n<ul>\n<li>Crack and abrasion resistant finish that requires no maintenance;<\/li>\n<li>Promotes a natural appearance of the nails.<\/li>\n<\/ul>\n<h2><strong>Properties of the product<\/strong><\/h2>\n<ul>\n<li>Odorless, therefore the application is unproblematic;<\/li>\n<li>Product certified by regulatory authorities:\n<ul>\n<li>(FDA - United States (USA)<\/li>\n<li>REACH, RoHS and CPNP - European market<\/li>\n<li>GMPC - for the manufacturer of the product<\/li>\n<\/ul>\n<\/li>\n<li>Net weight 28 grams;<\/li>\n<li>High-quality and profitable product;<\/li>\n<li>The color of the powder remains unchanging.<\/li>\n<li>Enriched with vitamins to improve nail care.<\/li>\n<\/ul>","protected":false},"excerpt":{"rendered":"<p>Color Dip Powder is a quick-drying dipping powder that has been specially developed and is very suitable for nail modeling.<\/p>\n<p>It is a product of above-average quality that offers reliable results. The color of the powder is stable so that it does not change.<\/p>","protected":false},"featured_media":14380,"comment_status":"closed","ping_status":"closed","template":"","meta":[],"product_brand":[],"product_cat":[121],"product_tag":[],"class_list":{"0":"post-4393","1":"product","2":"type-product","3":"status-publish","4":"has-post-thumbnail","6":"product_cat-farb-pulver","8":"first","9":"instock","10":"taxable","11":"shipping-taxable","12":"purchasable","13":"product-type-simple"},"yoast_head":"<!-- This site is optimized with the Yoast SEO plugin v26.4 - https:\/\/yoast.com\/wordpress\/plugins\/seo\/ -->\n<title>Color Dip Powder - VMB 37 - VMB Cosmetics Shop | Produkte f\u00fcr N\u00e4gel<\/title>\n<meta name=\"robots\" content=\"index, follow, max-snippet:-1, max-image-preview:large, max-video-preview:-1\" \/>\n<link rel=\"canonical\" href=\"https:\/\/vmbcosmetics.ch\/en\/product\/color-dip-powder-vmb-37\/\" \/>\n<meta property=\"og:locale\" content=\"en_US\" \/>\n<meta property=\"og:type\" content=\"article\" \/>\n<meta property=\"og:title\" content=\"Color Dip Powder - VMB 37 - VMB Cosmetics Shop | Produkte f\u00fcr N\u00e4gel\" \/>\n<meta property=\"og:description\" content=\"Color Dip Powder ist ein schnelltrocknendes Tauchpulver das speziell entwickelt wurde und f\u00fcr die Nagelmodellage sehr gut geeignet ist.  Es handelt sich um ein Produkt von \u00fcberdurchschnittlicher Qualit\u00e4t, das zuverl\u00e4ssige Ergebnisse bietet. Die Farbe des Pulvers ist best\u00e4ndig, so dass es sich nicht ver\u00e4ndert.\" \/>\n<meta property=\"og:url\" content=\"https:\/\/vmbcosmetics.ch\/en\/product\/color-dip-powder-vmb-37\/\" \/>\n<meta property=\"og:site_name\" content=\"VMB Cosmetics Shop | Produkte f\u00fcr N\u00e4gel\" \/>\n<meta property=\"article:modified_time\" content=\"2024-10-25T18:20:04+00:00\" \/>\n<meta property=\"og:image\" content=\"https:\/\/vmbcosmetics.ch\/wp-content\/uploads\/2023\/08\/VMB37.jpg\" \/>\n\t<meta property=\"og:image:width\" content=\"800\" \/>\n\t<meta property=\"og:image:height\" content=\"1071\" \/>\n\t<meta property=\"og:image:type\" content=\"image\/jpeg\" \/>\n<meta name=\"twitter:card\" content=\"summary_large_image\" \/>\n<meta name=\"twitter:label1\" content=\"Est. reading time\" \/>\n\t<meta name=\"twitter:data1\" content=\"2 minutes\" \/>\n<script type=\"application\/ld+json\" class=\"yoast-schema-graph\">{\"@context\":\"https:\/\/schema.org\",\"@graph\":[{\"@type\":\"WebPage\",\"@id\":\"https:\/\/vmbcosmetics.ch\/produkt\/color-dip-powder-vmb-37\/\",\"url\":\"https:\/\/vmbcosmetics.ch\/produkt\/color-dip-powder-vmb-37\/\",\"name\":\"Color Dip Powder - VMB 37 - VMB Cosmetics Shop | Produkte f\u00fcr N\u00e4gel\",\"isPartOf\":{\"@id\":\"https:\/\/vmbcosmetics.ch\/#website\"},\"primaryImageOfPage\":{\"@id\":\"https:\/\/vmbcosmetics.ch\/produkt\/color-dip-powder-vmb-37\/#primaryimage\"},\"image\":{\"@id\":\"https:\/\/vmbcosmetics.ch\/produkt\/color-dip-powder-vmb-37\/#primaryimage\"},\"thumbnailUrl\":\"https:\/\/vmbcosmetics.ch\/wp-content\/uploads\/2023\/08\/VMB37.jpg\",\"datePublished\":\"2020-05-05T08:38:48+00:00\",\"dateModified\":\"2024-10-25T18:20:04+00:00\",\"breadcrumb\":{\"@id\":\"https:\/\/vmbcosmetics.ch\/produkt\/color-dip-powder-vmb-37\/#breadcrumb\"},\"inLanguage\":\"en-US\",\"potentialAction\":[{\"@type\":\"ReadAction\",\"target\":[\"https:\/\/vmbcosmetics.ch\/produkt\/color-dip-powder-vmb-37\/\"]}]},{\"@type\":\"ImageObject\",\"inLanguage\":\"en-US\",\"@id\":\"https:\/\/vmbcosmetics.ch\/produkt\/color-dip-powder-vmb-37\/#primaryimage\",\"url\":\"https:\/\/vmbcosmetics.ch\/wp-content\/uploads\/2023\/08\/VMB37.jpg\",\"contentUrl\":\"https:\/\/vmbcosmetics.ch\/wp-content\/uploads\/2023\/08\/VMB37.jpg\",\"width\":800,\"height\":1071},{\"@type\":\"BreadcrumbList\",\"@id\":\"https:\/\/vmbcosmetics.ch\/produkt\/color-dip-powder-vmb-37\/#breadcrumb\",\"itemListElement\":[{\"@type\":\"ListItem\",\"position\":1,\"name\":\"In\u00edcio\",\"item\":\"https:\/\/vmbcosmetics.ch\/\"},{\"@type\":\"ListItem\",\"position\":2,\"name\":\"Shop\",\"item\":\"https:\/\/vmbcosmetics.ch\/shop\/\"},{\"@type\":\"ListItem\",\"position\":3,\"name\":\"Color Dip Powder &#8211; VMB 37\"}]},{\"@type\":\"WebSite\",\"@id\":\"https:\/\/vmbcosmetics.ch\/#website\",\"url\":\"https:\/\/vmbcosmetics.ch\/\",\"name\":\"VMB Cosmetics Shop | Produkte f\u00fcr N\u00e4gel\",\"description\":\"Die besten Produkte f\u00fcr die N\u00e4gel finden Sie hier. Wir haben eine Vielzahl von Farben und Zubeh\u00f6r f\u00fcr Ihre N\u00e4gel.\",\"potentialAction\":[{\"@type\":\"SearchAction\",\"target\":{\"@type\":\"EntryPoint\",\"urlTemplate\":\"https:\/\/vmbcosmetics.ch\/?s={search_term_string}\"},\"query-input\":{\"@type\":\"PropertyValueSpecification\",\"valueRequired\":true,\"valueName\":\"search_term_string\"}}],\"inLanguage\":\"en-US\"}]}<\/script>\n<!-- \/ Yoast SEO plugin. -->","yoast_head_json":{"title":"Color Dip Powder - VMB 37 - VMB Cosmetics Shop | Products for nails","robots":{"index":"index","follow":"follow","max-snippet":"max-snippet:-1","max-image-preview":"max-image-preview:large","max-video-preview":"max-video-preview:-1"},"canonical":"https:\/\/vmbcosmetics.ch\/en\/product\/color-dip-powder-vmb-37\/","og_locale":"en_US","og_type":"article","og_title":"Color Dip Powder - VMB 37 - VMB Cosmetics Shop | Produkte f\u00fcr N\u00e4gel","og_description":"Color Dip Powder ist ein schnelltrocknendes Tauchpulver das speziell entwickelt wurde und f\u00fcr die Nagelmodellage sehr gut geeignet ist.  Es handelt sich um ein Produkt von \u00fcberdurchschnittlicher Qualit\u00e4t, das zuverl\u00e4ssige Ergebnisse bietet. Die Farbe des Pulvers ist best\u00e4ndig, so dass es sich nicht ver\u00e4ndert.","og_url":"https:\/\/vmbcosmetics.ch\/en\/product\/color-dip-powder-vmb-37\/","og_site_name":"VMB Cosmetics Shop | Produkte f\u00fcr N\u00e4gel","article_modified_time":"2024-10-25T18:20:04+00:00","og_image":[{"width":800,"height":1071,"url":"https:\/\/vmbcosmetics.ch\/wp-content\/uploads\/2023\/08\/VMB37.jpg","type":"image\/jpeg"}],"twitter_card":"summary_large_image","twitter_misc":{"Est. reading time":"2 minutes"},"schema":{"@context":"https:\/\/schema.org","@graph":[{"@type":"WebPage","@id":"https:\/\/vmbcosmetics.ch\/produkt\/color-dip-powder-vmb-37\/","url":"https:\/\/vmbcosmetics.ch\/produkt\/color-dip-powder-vmb-37\/","name":"Color Dip Powder - VMB 37 - VMB Cosmetics Shop | Products for nails","isPartOf":{"@id":"https:\/\/vmbcosmetics.ch\/#website"},"primaryImageOfPage":{"@id":"https:\/\/vmbcosmetics.ch\/produkt\/color-dip-powder-vmb-37\/#primaryimage"},"image":{"@id":"https:\/\/vmbcosmetics.ch\/produkt\/color-dip-powder-vmb-37\/#primaryimage"},"thumbnailUrl":"https:\/\/vmbcosmetics.ch\/wp-content\/uploads\/2023\/08\/VMB37.jpg","datePublished":"2020-05-05T08:38:48+00:00","dateModified":"2024-10-25T18:20:04+00:00","breadcrumb":{"@id":"https:\/\/vmbcosmetics.ch\/produkt\/color-dip-powder-vmb-37\/#breadcrumb"},"inLanguage":"en-US","potentialAction":[{"@type":"ReadAction","target":["https:\/\/vmbcosmetics.ch\/produkt\/color-dip-powder-vmb-37\/"]}]},{"@type":"ImageObject","inLanguage":"en-US","@id":"https:\/\/vmbcosmetics.ch\/produkt\/color-dip-powder-vmb-37\/#primaryimage","url":"https:\/\/vmbcosmetics.ch\/wp-content\/uploads\/2023\/08\/VMB37.jpg","contentUrl":"https:\/\/vmbcosmetics.ch\/wp-content\/uploads\/2023\/08\/VMB37.jpg","width":800,"height":1071},{"@type":"BreadcrumbList","@id":"https:\/\/vmbcosmetics.ch\/produkt\/color-dip-powder-vmb-37\/#breadcrumb","itemListElement":[{"@type":"ListItem","position":1,"name":"In\u00edcio","item":"https:\/\/vmbcosmetics.ch\/"},{"@type":"ListItem","position":2,"name":"Shop","item":"https:\/\/vmbcosmetics.ch\/shop\/"},{"@type":"ListItem","position":3,"name":"Color Dip Powder &#8211; VMB 37"}]},{"@type":"WebSite","@id":"https:\/\/vmbcosmetics.ch\/#website","url":"https:\/\/vmbcosmetics.ch\/","name":"VMB Cosmetics Shop | Products for nails","description":"You can find the best products for nails here. We have a variety of colors and accessories for your nails.","potentialAction":[{"@type":"SearchAction","target":{"@type":"EntryPoint","urlTemplate":"https:\/\/vmbcosmetics.ch\/?s={search_term_string}"},"query-input":{"@type":"PropertyValueSpecification","valueRequired":true,"valueName":"search_term_string"}}],"inLanguage":"en-US"}]}},"_links":{"self":[{"href":"https:\/\/vmbcosmetics.ch\/en\/wp-json\/wp\/v2\/product\/4393","targetHints":{"allow":["GET"]}}],"collection":[{"href":"https:\/\/vmbcosmetics.ch\/en\/wp-json\/wp\/v2\/product"}],"about":[{"href":"https:\/\/vmbcosmetics.ch\/en\/wp-json\/wp\/v2\/types\/product"}],"replies":[{"embeddable":true,"href":"https:\/\/vmbcosmetics.ch\/en\/wp-json\/wp\/v2\/comments?post=4393"}],"wp:featuredmedia":[{"embeddable":true,"href":"https:\/\/vmbcosmetics.ch\/en\/wp-json\/wp\/v2\/media\/14380"}],"wp:attachment":[{"href":"https:\/\/vmbcosmetics.ch\/en\/wp-json\/wp\/v2\/media?parent=4393"}],"wp:term":[{"taxonomy":"product_brand","embeddable":true,"href":"https:\/\/vmbcosmetics.ch\/en\/wp-json\/wp\/v2\/product_brand?post=4393"},{"taxonomy":"product_cat","embeddable":true,"href":"https:\/\/vmbcosmetics.ch\/en\/wp-json\/wp\/v2\/product_cat?post=4393"},{"taxonomy":"product_tag","embeddable":true,"href":"https:\/\/vmbcosmetics.ch\/en\/wp-json\/wp\/v2\/product_tag?post=4393"}],"curies":[{"name":"wp","href":"https:\/\/api.w.org\/{rel}","templated":true}]}}