{"id":4369,"date":"2020-05-05T08:38:46","date_gmt":"2020-05-05T08:38:46","guid":{"rendered":"https:\/\/vmbshop.ch\/?post_type=product&#038;p=4369"},"modified":"2023-08-21T22:30:23","modified_gmt":"2023-08-21T22:30:23","slug":"color-dip-powder-vmb-13","status":"publish","type":"product","link":"https:\/\/vmbcosmetics.ch\/en\/product\/color-dip-powder-vmb-13\/","title":{"rendered":"Color Dip Powder - VMB 13"},"content":{"rendered":"","protected":false},"excerpt":{"rendered":"<p><strong>Quick-drying dipping powder<\/strong><br \/>\nCapacity: Net Weight 28g (1oz)<br \/>\nCertificates: FDA \/ REACH \/ RoHS \/ GMPC \/ CPNP<br \/>\nQuality: Above average quality guaranteed, powder color never changes, vitamin enriched, organic and natural<\/p>\n<p>&nbsp;<\/p>\n<p><strong>Main advantages:<\/strong><br \/>\n1. No odor, no damage to nails<br \/>\n2. No UV or LED light required for curing, and no activator either<br \/>\n3. Dipping powder Dry within 5 seconds after dipping. Dry with top coat within 1-1.5 minutes. Save a lot of time<br \/>\n4. Strong, durable and long lasting for more than 4 weeks<br \/>\n5. Crack-resistant, abrasion-resistant, maintenance-free<br \/>\n6. Natural appearance, light weight<\/p>","protected":false},"featured_media":14335,"comment_status":"closed","ping_status":"closed","template":"","meta":[],"product_brand":[],"product_cat":[121],"product_tag":[],"class_list":{"0":"post-4369","1":"product","2":"type-product","3":"status-publish","4":"has-post-thumbnail","6":"product_cat-farb-pulver","8":"first","9":"instock","10":"taxable","11":"shipping-taxable","12":"purchasable","13":"product-type-simple"},"yoast_head":"<!-- This site is optimized with the Yoast SEO plugin v26.4 - https:\/\/yoast.com\/wordpress\/plugins\/seo\/ -->\n<title>Color Dip Powder - VMB 13 - VMB Cosmetics Shop | Produkte f\u00fcr N\u00e4gel<\/title>\n<meta name=\"robots\" content=\"index, follow, max-snippet:-1, max-image-preview:large, max-video-preview:-1\" \/>\n<link rel=\"canonical\" href=\"https:\/\/vmbcosmetics.ch\/en\/product\/color-dip-powder-vmb-13\/\" \/>\n<meta property=\"og:locale\" content=\"en_US\" \/>\n<meta property=\"og:type\" content=\"article\" \/>\n<meta property=\"og:title\" content=\"Color Dip Powder - VMB 13 - VMB Cosmetics Shop | Produkte f\u00fcr N\u00e4gel\" \/>\n<meta property=\"og:description\" content=\"Schnelltrocknendes Tauchpulver Kapazit\u00e4t: Nettogewicht 28g (1oz) Zertifikate: FDA \/ REACH \/ RoHS \/ GMPC \/ CPNP Qualit\u00e4t: \u00dcberdurchschnittliche Qualit\u00e4t garantiert, Pulverfarbe \u00e4ndert sich nie, Vitamin angereichert, organisch und nat\u00fcrlich  &nbsp;  Hauptvorteile: 1. Geruchsneutral, keine Besch\u00e4digung der N\u00e4gel 2. Zum Aush\u00e4rten kein UV- oder LED-Licht erforderlich und auch kein Aktivator 3. Tauchpulver Innerhalb von 5 Sekunden nach dem Eintauchen trocken. Mit Decklack innerhalb von 1-1.5 Minuten trocken. Sparen Sie viel Zeit 4. Stark, best\u00e4ndig und langlebig f\u00fcr mehr als 4 Wochen 5. Rissbest\u00e4ndig, abriebfest, wartungsfrei 6. Nat\u00fcrliches Aussehen, geringes Gewicht\" \/>\n<meta property=\"og:url\" content=\"https:\/\/vmbcosmetics.ch\/en\/product\/color-dip-powder-vmb-13\/\" \/>\n<meta property=\"og:site_name\" content=\"VMB Cosmetics Shop | Produkte f\u00fcr N\u00e4gel\" \/>\n<meta property=\"article:modified_time\" content=\"2023-08-21T22:30:23+00:00\" \/>\n<meta property=\"og:image\" content=\"https:\/\/vmbcosmetics.ch\/wp-content\/uploads\/2023\/08\/VMB13.jpg\" \/>\n\t<meta property=\"og:image:width\" content=\"800\" \/>\n\t<meta property=\"og:image:height\" content=\"1071\" \/>\n\t<meta property=\"og:image:type\" content=\"image\/jpeg\" \/>\n<meta name=\"twitter:card\" content=\"summary_large_image\" \/>\n<script type=\"application\/ld+json\" class=\"yoast-schema-graph\">{\"@context\":\"https:\/\/schema.org\",\"@graph\":[{\"@type\":\"WebPage\",\"@id\":\"https:\/\/vmbcosmetics.ch\/produkt\/color-dip-powder-vmb-13\/\",\"url\":\"https:\/\/vmbcosmetics.ch\/produkt\/color-dip-powder-vmb-13\/\",\"name\":\"Color Dip Powder - VMB 13 - VMB Cosmetics Shop | Produkte f\u00fcr N\u00e4gel\",\"isPartOf\":{\"@id\":\"https:\/\/vmbcosmetics.ch\/#website\"},\"primaryImageOfPage\":{\"@id\":\"https:\/\/vmbcosmetics.ch\/produkt\/color-dip-powder-vmb-13\/#primaryimage\"},\"image\":{\"@id\":\"https:\/\/vmbcosmetics.ch\/produkt\/color-dip-powder-vmb-13\/#primaryimage\"},\"thumbnailUrl\":\"https:\/\/vmbcosmetics.ch\/wp-content\/uploads\/2023\/08\/VMB13.jpg\",\"datePublished\":\"2020-05-05T08:38:46+00:00\",\"dateModified\":\"2023-08-21T22:30:23+00:00\",\"breadcrumb\":{\"@id\":\"https:\/\/vmbcosmetics.ch\/produkt\/color-dip-powder-vmb-13\/#breadcrumb\"},\"inLanguage\":\"en-US\",\"potentialAction\":[{\"@type\":\"ReadAction\",\"target\":[\"https:\/\/vmbcosmetics.ch\/produkt\/color-dip-powder-vmb-13\/\"]}]},{\"@type\":\"ImageObject\",\"inLanguage\":\"en-US\",\"@id\":\"https:\/\/vmbcosmetics.ch\/produkt\/color-dip-powder-vmb-13\/#primaryimage\",\"url\":\"https:\/\/vmbcosmetics.ch\/wp-content\/uploads\/2023\/08\/VMB13.jpg\",\"contentUrl\":\"https:\/\/vmbcosmetics.ch\/wp-content\/uploads\/2023\/08\/VMB13.jpg\",\"width\":800,\"height\":1071},{\"@type\":\"BreadcrumbList\",\"@id\":\"https:\/\/vmbcosmetics.ch\/produkt\/color-dip-powder-vmb-13\/#breadcrumb\",\"itemListElement\":[{\"@type\":\"ListItem\",\"position\":1,\"name\":\"In\u00edcio\",\"item\":\"https:\/\/vmbcosmetics.ch\/\"},{\"@type\":\"ListItem\",\"position\":2,\"name\":\"Shop\",\"item\":\"https:\/\/vmbcosmetics.ch\/shop\/\"},{\"@type\":\"ListItem\",\"position\":3,\"name\":\"Color Dip Powder &#8211; VMB 13\"}]},{\"@type\":\"WebSite\",\"@id\":\"https:\/\/vmbcosmetics.ch\/#website\",\"url\":\"https:\/\/vmbcosmetics.ch\/\",\"name\":\"VMB Cosmetics Shop | Produkte f\u00fcr N\u00e4gel\",\"description\":\"Die besten Produkte f\u00fcr die N\u00e4gel finden Sie hier. Wir haben eine Vielzahl von Farben und Zubeh\u00f6r f\u00fcr Ihre N\u00e4gel.\",\"potentialAction\":[{\"@type\":\"SearchAction\",\"target\":{\"@type\":\"EntryPoint\",\"urlTemplate\":\"https:\/\/vmbcosmetics.ch\/?s={search_term_string}\"},\"query-input\":{\"@type\":\"PropertyValueSpecification\",\"valueRequired\":true,\"valueName\":\"search_term_string\"}}],\"inLanguage\":\"en-US\"}]}<\/script>\n<!-- \/ Yoast SEO plugin. -->","yoast_head_json":{"title":"Color Dip Powder - VMB 13 - VMB Cosmetics Shop | Products for nails","robots":{"index":"index","follow":"follow","max-snippet":"max-snippet:-1","max-image-preview":"max-image-preview:large","max-video-preview":"max-video-preview:-1"},"canonical":"https:\/\/vmbcosmetics.ch\/en\/product\/color-dip-powder-vmb-13\/","og_locale":"en_US","og_type":"article","og_title":"Color Dip Powder - VMB 13 - VMB Cosmetics Shop | Produkte f\u00fcr N\u00e4gel","og_description":"Schnelltrocknendes Tauchpulver Kapazit\u00e4t: Nettogewicht 28g (1oz) Zertifikate: FDA \/ REACH \/ RoHS \/ GMPC \/ CPNP Qualit\u00e4t: \u00dcberdurchschnittliche Qualit\u00e4t garantiert, Pulverfarbe \u00e4ndert sich nie, Vitamin angereichert, organisch und nat\u00fcrlich  &nbsp;  Hauptvorteile: 1. Geruchsneutral, keine Besch\u00e4digung der N\u00e4gel 2. Zum Aush\u00e4rten kein UV- oder LED-Licht erforderlich und auch kein Aktivator 3. Tauchpulver Innerhalb von 5 Sekunden nach dem Eintauchen trocken. Mit Decklack innerhalb von 1-1.5 Minuten trocken. Sparen Sie viel Zeit 4. Stark, best\u00e4ndig und langlebig f\u00fcr mehr als 4 Wochen 5. Rissbest\u00e4ndig, abriebfest, wartungsfrei 6. Nat\u00fcrliches Aussehen, geringes Gewicht","og_url":"https:\/\/vmbcosmetics.ch\/en\/product\/color-dip-powder-vmb-13\/","og_site_name":"VMB Cosmetics Shop | Produkte f\u00fcr N\u00e4gel","article_modified_time":"2023-08-21T22:30:23+00:00","og_image":[{"width":800,"height":1071,"url":"https:\/\/vmbcosmetics.ch\/wp-content\/uploads\/2023\/08\/VMB13.jpg","type":"image\/jpeg"}],"twitter_card":"summary_large_image","schema":{"@context":"https:\/\/schema.org","@graph":[{"@type":"WebPage","@id":"https:\/\/vmbcosmetics.ch\/produkt\/color-dip-powder-vmb-13\/","url":"https:\/\/vmbcosmetics.ch\/produkt\/color-dip-powder-vmb-13\/","name":"Color Dip Powder - VMB 13 - VMB Cosmetics Shop | Products for nails","isPartOf":{"@id":"https:\/\/vmbcosmetics.ch\/#website"},"primaryImageOfPage":{"@id":"https:\/\/vmbcosmetics.ch\/produkt\/color-dip-powder-vmb-13\/#primaryimage"},"image":{"@id":"https:\/\/vmbcosmetics.ch\/produkt\/color-dip-powder-vmb-13\/#primaryimage"},"thumbnailUrl":"https:\/\/vmbcosmetics.ch\/wp-content\/uploads\/2023\/08\/VMB13.jpg","datePublished":"2020-05-05T08:38:46+00:00","dateModified":"2023-08-21T22:30:23+00:00","breadcrumb":{"@id":"https:\/\/vmbcosmetics.ch\/produkt\/color-dip-powder-vmb-13\/#breadcrumb"},"inLanguage":"en-US","potentialAction":[{"@type":"ReadAction","target":["https:\/\/vmbcosmetics.ch\/produkt\/color-dip-powder-vmb-13\/"]}]},{"@type":"ImageObject","inLanguage":"en-US","@id":"https:\/\/vmbcosmetics.ch\/produkt\/color-dip-powder-vmb-13\/#primaryimage","url":"https:\/\/vmbcosmetics.ch\/wp-content\/uploads\/2023\/08\/VMB13.jpg","contentUrl":"https:\/\/vmbcosmetics.ch\/wp-content\/uploads\/2023\/08\/VMB13.jpg","width":800,"height":1071},{"@type":"BreadcrumbList","@id":"https:\/\/vmbcosmetics.ch\/produkt\/color-dip-powder-vmb-13\/#breadcrumb","itemListElement":[{"@type":"ListItem","position":1,"name":"In\u00edcio","item":"https:\/\/vmbcosmetics.ch\/"},{"@type":"ListItem","position":2,"name":"Shop","item":"https:\/\/vmbcosmetics.ch\/shop\/"},{"@type":"ListItem","position":3,"name":"Color Dip Powder &#8211; VMB 13"}]},{"@type":"WebSite","@id":"https:\/\/vmbcosmetics.ch\/#website","url":"https:\/\/vmbcosmetics.ch\/","name":"VMB Cosmetics Shop | Products for nails","description":"You can find the best products for nails here. We have a variety of colors and accessories for your nails.","potentialAction":[{"@type":"SearchAction","target":{"@type":"EntryPoint","urlTemplate":"https:\/\/vmbcosmetics.ch\/?s={search_term_string}"},"query-input":{"@type":"PropertyValueSpecification","valueRequired":true,"valueName":"search_term_string"}}],"inLanguage":"en-US"}]}},"_links":{"self":[{"href":"https:\/\/vmbcosmetics.ch\/en\/wp-json\/wp\/v2\/product\/4369","targetHints":{"allow":["GET"]}}],"collection":[{"href":"https:\/\/vmbcosmetics.ch\/en\/wp-json\/wp\/v2\/product"}],"about":[{"href":"https:\/\/vmbcosmetics.ch\/en\/wp-json\/wp\/v2\/types\/product"}],"replies":[{"embeddable":true,"href":"https:\/\/vmbcosmetics.ch\/en\/wp-json\/wp\/v2\/comments?post=4369"}],"wp:featuredmedia":[{"embeddable":true,"href":"https:\/\/vmbcosmetics.ch\/en\/wp-json\/wp\/v2\/media\/14335"}],"wp:attachment":[{"href":"https:\/\/vmbcosmetics.ch\/en\/wp-json\/wp\/v2\/media?parent=4369"}],"wp:term":[{"taxonomy":"product_brand","embeddable":true,"href":"https:\/\/vmbcosmetics.ch\/en\/wp-json\/wp\/v2\/product_brand?post=4369"},{"taxonomy":"product_cat","embeddable":true,"href":"https:\/\/vmbcosmetics.ch\/en\/wp-json\/wp\/v2\/product_cat?post=4369"},{"taxonomy":"product_tag","embeddable":true,"href":"https:\/\/vmbcosmetics.ch\/en\/wp-json\/wp\/v2\/product_tag?post=4369"}],"curies":[{"name":"wp","href":"https:\/\/api.w.org\/{rel}","templated":true}]}}