{"id":4355,"date":"2020-05-05T08:38:43","date_gmt":"2020-05-05T08:38:43","guid":{"rendered":"https:\/\/vmbshop.ch\/?post_type=product&#038;p=4355"},"modified":"2023-08-21T22:29:45","modified_gmt":"2023-08-21T22:29:45","slug":"brush-saver-no-6","status":"publish","type":"product","link":"https:\/\/vmbcosmetics.ch\/en\/product\/brush-saver-no-6\/","title":{"rendered":"(No. 6) Brush Saver"},"content":{"rendered":"","protected":false},"excerpt":{"rendered":"<p><strong>#6 \u2013 <\/strong><strong>Brush cleaner (<\/strong><strong>Brush saver<\/strong><strong>)<\/strong><strong> for the dipping powder nail system<\/strong><\/p>\n<p>Use this liquid to thoroughly clean used brushes during or between nail modeling with dip powder. The special formula removes possible residue from the brushes and keeps them clean and soft.<\/p>\n<p>\u2013 for comprehensive and long-lasting care of the work brushes<\/p>\n<p>\u2013 no damage to the brush tips<\/p>\n<p>\u2013 thorough cleaning<\/p>","protected":false},"featured_media":14311,"comment_status":"closed","ping_status":"closed","template":"","meta":[],"product_brand":[],"product_cat":[122],"product_tag":[],"class_list":{"0":"post-4355","1":"product","2":"type-product","3":"status-publish","4":"has-post-thumbnail","6":"product_cat-basis-versiegelung","8":"first","9":"instock","10":"taxable","11":"shipping-taxable","12":"purchasable","13":"product-type-simple"},"yoast_head":"<!-- This site is optimized with the Yoast SEO plugin v26.4 - https:\/\/yoast.com\/wordpress\/plugins\/seo\/ -->\n<title>(Nr. 6) Brush Saver - VMB Cosmetics Shop | Produkte f\u00fcr N\u00e4gel<\/title>\n<meta name=\"robots\" content=\"index, follow, max-snippet:-1, max-image-preview:large, max-video-preview:-1\" \/>\n<link rel=\"canonical\" href=\"https:\/\/vmbcosmetics.ch\/en\/product\/brush-saver-no-6\/\" \/>\n<meta property=\"og:locale\" content=\"en_US\" \/>\n<meta property=\"og:type\" content=\"article\" \/>\n<meta property=\"og:title\" content=\"(Nr. 6) Brush Saver - VMB Cosmetics Shop | Produkte f\u00fcr N\u00e4gel\" \/>\n<meta property=\"og:description\" content=\"Nr. 6 - Pinselreiniger (Brush Saver) f\u00fcr das Dipping-Pulver Nagelsystem  Mit dieser Fl\u00fcssigkeit werden benutzte Pinsel w\u00e4hrend oder zwischen Nagelmodellagen mit Dip Pulver gr\u00fcndlich gereinigt. Die spezielle Formel l\u00f6st m\u00f6gliche \u00dcberreste von den Pinseln und h\u00e4lt diese sauber und weich.  - f\u00fcr umfassende und dauerhafte Pflege der Arbeitspinsel  - kein Schaden der Pinselspitzen  - gr\u00fcndliche Reinigung\" \/>\n<meta property=\"og:url\" content=\"https:\/\/vmbcosmetics.ch\/en\/product\/brush-saver-no-6\/\" \/>\n<meta property=\"og:site_name\" content=\"VMB Cosmetics Shop | Produkte f\u00fcr N\u00e4gel\" \/>\n<meta property=\"article:modified_time\" content=\"2023-08-21T22:29:45+00:00\" \/>\n<meta property=\"og:image\" content=\"https:\/\/vmbcosmetics.ch\/wp-content\/uploads\/2023\/08\/Product-6.jpg\" \/>\n\t<meta property=\"og:image:width\" content=\"800\" \/>\n\t<meta property=\"og:image:height\" content=\"1071\" \/>\n\t<meta property=\"og:image:type\" content=\"image\/jpeg\" \/>\n<meta name=\"twitter:card\" content=\"summary_large_image\" \/>\n<script type=\"application\/ld+json\" class=\"yoast-schema-graph\">{\"@context\":\"https:\/\/schema.org\",\"@graph\":[{\"@type\":\"WebPage\",\"@id\":\"https:\/\/vmbcosmetics.ch\/produkt\/brush-saver-nr-6\/\",\"url\":\"https:\/\/vmbcosmetics.ch\/produkt\/brush-saver-nr-6\/\",\"name\":\"(Nr. 6) Brush Saver - VMB Cosmetics Shop | Produkte f\u00fcr N\u00e4gel\",\"isPartOf\":{\"@id\":\"https:\/\/vmbcosmetics.ch\/#website\"},\"primaryImageOfPage\":{\"@id\":\"https:\/\/vmbcosmetics.ch\/produkt\/brush-saver-nr-6\/#primaryimage\"},\"image\":{\"@id\":\"https:\/\/vmbcosmetics.ch\/produkt\/brush-saver-nr-6\/#primaryimage\"},\"thumbnailUrl\":\"https:\/\/vmbcosmetics.ch\/wp-content\/uploads\/2023\/08\/Product-6.jpg\",\"datePublished\":\"2020-05-05T08:38:43+00:00\",\"dateModified\":\"2023-08-21T22:29:45+00:00\",\"breadcrumb\":{\"@id\":\"https:\/\/vmbcosmetics.ch\/produkt\/brush-saver-nr-6\/#breadcrumb\"},\"inLanguage\":\"en-US\",\"potentialAction\":[{\"@type\":\"ReadAction\",\"target\":[\"https:\/\/vmbcosmetics.ch\/produkt\/brush-saver-nr-6\/\"]}]},{\"@type\":\"ImageObject\",\"inLanguage\":\"en-US\",\"@id\":\"https:\/\/vmbcosmetics.ch\/produkt\/brush-saver-nr-6\/#primaryimage\",\"url\":\"https:\/\/vmbcosmetics.ch\/wp-content\/uploads\/2023\/08\/Product-6.jpg\",\"contentUrl\":\"https:\/\/vmbcosmetics.ch\/wp-content\/uploads\/2023\/08\/Product-6.jpg\",\"width\":800,\"height\":1071},{\"@type\":\"BreadcrumbList\",\"@id\":\"https:\/\/vmbcosmetics.ch\/produkt\/brush-saver-nr-6\/#breadcrumb\",\"itemListElement\":[{\"@type\":\"ListItem\",\"position\":1,\"name\":\"In\u00edcio\",\"item\":\"https:\/\/vmbcosmetics.ch\/\"},{\"@type\":\"ListItem\",\"position\":2,\"name\":\"Shop\",\"item\":\"https:\/\/vmbcosmetics.ch\/shop\/\"},{\"@type\":\"ListItem\",\"position\":3,\"name\":\"(Nr. 6) Brush Saver\"}]},{\"@type\":\"WebSite\",\"@id\":\"https:\/\/vmbcosmetics.ch\/#website\",\"url\":\"https:\/\/vmbcosmetics.ch\/\",\"name\":\"VMB Cosmetics Shop | Produkte f\u00fcr N\u00e4gel\",\"description\":\"Die besten Produkte f\u00fcr die N\u00e4gel finden Sie hier. Wir haben eine Vielzahl von Farben und Zubeh\u00f6r f\u00fcr Ihre N\u00e4gel.\",\"potentialAction\":[{\"@type\":\"SearchAction\",\"target\":{\"@type\":\"EntryPoint\",\"urlTemplate\":\"https:\/\/vmbcosmetics.ch\/?s={search_term_string}\"},\"query-input\":{\"@type\":\"PropertyValueSpecification\",\"valueRequired\":true,\"valueName\":\"search_term_string\"}}],\"inLanguage\":\"en-US\"}]}<\/script>\n<!-- \/ Yoast SEO plugin. -->","yoast_head_json":{"title":"(No. 6) Brush Saver - VMB Cosmetics Shop | Products for nails","robots":{"index":"index","follow":"follow","max-snippet":"max-snippet:-1","max-image-preview":"max-image-preview:large","max-video-preview":"max-video-preview:-1"},"canonical":"https:\/\/vmbcosmetics.ch\/en\/product\/brush-saver-no-6\/","og_locale":"en_US","og_type":"article","og_title":"(Nr. 6) Brush Saver - VMB Cosmetics Shop | Produkte f\u00fcr N\u00e4gel","og_description":"Nr. 6 - Pinselreiniger (Brush Saver) f\u00fcr das Dipping-Pulver Nagelsystem  Mit dieser Fl\u00fcssigkeit werden benutzte Pinsel w\u00e4hrend oder zwischen Nagelmodellagen mit Dip Pulver gr\u00fcndlich gereinigt. Die spezielle Formel l\u00f6st m\u00f6gliche \u00dcberreste von den Pinseln und h\u00e4lt diese sauber und weich.  - f\u00fcr umfassende und dauerhafte Pflege der Arbeitspinsel  - kein Schaden der Pinselspitzen  - gr\u00fcndliche Reinigung","og_url":"https:\/\/vmbcosmetics.ch\/en\/product\/brush-saver-no-6\/","og_site_name":"VMB Cosmetics Shop | Produkte f\u00fcr N\u00e4gel","article_modified_time":"2023-08-21T22:29:45+00:00","og_image":[{"width":800,"height":1071,"url":"https:\/\/vmbcosmetics.ch\/wp-content\/uploads\/2023\/08\/Product-6.jpg","type":"image\/jpeg"}],"twitter_card":"summary_large_image","schema":{"@context":"https:\/\/schema.org","@graph":[{"@type":"WebPage","@id":"https:\/\/vmbcosmetics.ch\/produkt\/brush-saver-nr-6\/","url":"https:\/\/vmbcosmetics.ch\/produkt\/brush-saver-nr-6\/","name":"(No. 6) Brush Saver - VMB Cosmetics Shop | Products for nails","isPartOf":{"@id":"https:\/\/vmbcosmetics.ch\/#website"},"primaryImageOfPage":{"@id":"https:\/\/vmbcosmetics.ch\/produkt\/brush-saver-nr-6\/#primaryimage"},"image":{"@id":"https:\/\/vmbcosmetics.ch\/produkt\/brush-saver-nr-6\/#primaryimage"},"thumbnailUrl":"https:\/\/vmbcosmetics.ch\/wp-content\/uploads\/2023\/08\/Product-6.jpg","datePublished":"2020-05-05T08:38:43+00:00","dateModified":"2023-08-21T22:29:45+00:00","breadcrumb":{"@id":"https:\/\/vmbcosmetics.ch\/produkt\/brush-saver-nr-6\/#breadcrumb"},"inLanguage":"en-US","potentialAction":[{"@type":"ReadAction","target":["https:\/\/vmbcosmetics.ch\/produkt\/brush-saver-nr-6\/"]}]},{"@type":"ImageObject","inLanguage":"en-US","@id":"https:\/\/vmbcosmetics.ch\/produkt\/brush-saver-nr-6\/#primaryimage","url":"https:\/\/vmbcosmetics.ch\/wp-content\/uploads\/2023\/08\/Product-6.jpg","contentUrl":"https:\/\/vmbcosmetics.ch\/wp-content\/uploads\/2023\/08\/Product-6.jpg","width":800,"height":1071},{"@type":"BreadcrumbList","@id":"https:\/\/vmbcosmetics.ch\/produkt\/brush-saver-nr-6\/#breadcrumb","itemListElement":[{"@type":"ListItem","position":1,"name":"In\u00edcio","item":"https:\/\/vmbcosmetics.ch\/"},{"@type":"ListItem","position":2,"name":"Shop","item":"https:\/\/vmbcosmetics.ch\/shop\/"},{"@type":"ListItem","position":3,"name":"(Nr. 6) Brush Saver"}]},{"@type":"WebSite","@id":"https:\/\/vmbcosmetics.ch\/#website","url":"https:\/\/vmbcosmetics.ch\/","name":"VMB Cosmetics Shop | Products for nails","description":"You can find the best products for nails here. We have a variety of colors and accessories for your nails.","potentialAction":[{"@type":"SearchAction","target":{"@type":"EntryPoint","urlTemplate":"https:\/\/vmbcosmetics.ch\/?s={search_term_string}"},"query-input":{"@type":"PropertyValueSpecification","valueRequired":true,"valueName":"search_term_string"}}],"inLanguage":"en-US"}]}},"_links":{"self":[{"href":"https:\/\/vmbcosmetics.ch\/en\/wp-json\/wp\/v2\/product\/4355","targetHints":{"allow":["GET"]}}],"collection":[{"href":"https:\/\/vmbcosmetics.ch\/en\/wp-json\/wp\/v2\/product"}],"about":[{"href":"https:\/\/vmbcosmetics.ch\/en\/wp-json\/wp\/v2\/types\/product"}],"replies":[{"embeddable":true,"href":"https:\/\/vmbcosmetics.ch\/en\/wp-json\/wp\/v2\/comments?post=4355"}],"wp:featuredmedia":[{"embeddable":true,"href":"https:\/\/vmbcosmetics.ch\/en\/wp-json\/wp\/v2\/media\/14311"}],"wp:attachment":[{"href":"https:\/\/vmbcosmetics.ch\/en\/wp-json\/wp\/v2\/media?parent=4355"}],"wp:term":[{"taxonomy":"product_brand","embeddable":true,"href":"https:\/\/vmbcosmetics.ch\/en\/wp-json\/wp\/v2\/product_brand?post=4355"},{"taxonomy":"product_cat","embeddable":true,"href":"https:\/\/vmbcosmetics.ch\/en\/wp-json\/wp\/v2\/product_cat?post=4355"},{"taxonomy":"product_tag","embeddable":true,"href":"https:\/\/vmbcosmetics.ch\/en\/wp-json\/wp\/v2\/product_tag?post=4355"}],"curies":[{"name":"wp","href":"https:\/\/api.w.org\/{rel}","templated":true}]}}