{"id":14932,"date":"2023-04-30T18:05:23","date_gmt":"2023-04-30T18:05:23","guid":{"rendered":"https:\/\/vmbshop.ch\/?post_type=product&#038;p=14932"},"modified":"2024-03-20T18:42:56","modified_gmt":"2024-03-20T18:42:56","slug":"nail-filing-machine-dtv01","status":"publish","type":"product","link":"https:\/\/vmbcosmetics.ch\/en\/product\/nail-filing-machine-dtv01\/","title":{"rendered":"Nail filing machine DTV01"},"content":{"rendered":"<table>\n<tbody>\n<tr>\n<td><span style=\"font-weight: 400;\">The <\/span><span style=\"font-weight: 400;\">Nail filing machine<\/span><span style=\"font-weight: 400;\"> DTV01 is the ideal choice for professionals looking for precision and efficiency when filing. Developed with the latest technology, this machine offers a <\/span><span style=\"font-weight: 400;\">extraordinary<\/span><span style=\"font-weight: 400;\"> performance and guarantees high-quality results with every use.<\/span><\/p>\n<h2><strong>Main features:<\/strong><\/h2>\n<ul>\n<li><span style=\"font-weight: 400;\">**<\/span><span style=\"font-weight: 400;\">Outstanding precision:<\/span><span style=\"font-weight: 400;\">**<\/span><span style=\"font-weight: 400;\"> Equipped with high-precision components, the DTV01 nail filing machine offers <\/span><span style=\"font-weight: 400;\">constant<\/span><span style=\"font-weight: 400;\"> and reliable results with every application.<\/span><\/li>\n<li><span style=\"font-weight: 400;\">**<\/span><span style=\"font-weight: 400;\">Energy efficiency:<\/span><span style=\"font-weight: 400;\">**<\/span><span style=\"font-weight: 400;\"> With an intelligent and efficient design, this machine reduces energy consumption and offers long-term savings.<\/span><\/li>\n<li><span style=\"font-weight: 400;\">**<\/span><span style=\"font-weight: 400;\">Intuitive operation:<\/span><span style=\"font-weight: 400;\">**<\/span><span style=\"font-weight: 400;\"> The <\/span><span style=\"font-weight: 400;\">Intuitive<\/span><span style=\"font-weight: 400;\"> user interface makes operation simple and<\/span><span style=\"font-weight: 400;\"> light<\/span><span style=\"font-weight: 400;\">so that <\/span><span style=\"font-weight: 400;\">the <\/span><span style=\"font-weight: 400;\">Maximize user productivity with minimal effort <\/span><span style=\"font-weight: 400;\">can.<\/span><\/li>\n<li><span style=\"font-weight: 400;\">**<\/span><span style=\"font-weight: 400;\">Robust construction:<\/span><span style=\"font-weight: 400;\">**<\/span><span style=\"font-weight: 400;\"> Made from high-quality materials, this filing machine is built for continuous use and guarantees long-term durability.<\/span><\/li>\n<li><span style=\"font-weight: 400;\">**<\/span><span style=\"font-weight: 400;\">Versatility:<\/span><span style=\"font-weight: 400;\">**<\/span><span style=\"font-weight: 400;\"> Suitable for a wide range of applications, from fine finishing work to <\/span><span style=\"font-weight: 400;\">demanding<\/span><span style=\"font-weight: 400;\"> tasks, this machine offers <\/span><span style=\"font-weight: 400;\">extraordinary<\/span><span style=\"font-weight: 400;\"> Versatility in a single device.<\/span><\/li>\n<\/ul>\n<h2><span style=\"font-weight: 400;\"><strong>Advantages<\/strong>:<\/span><\/h2>\n<ul>\n<li style=\"font-weight: 400;\" aria-level=\"1\"><span style=\"font-weight: 400;\">Increased<\/span><span style=\"font-weight: 400;\"> operational efficiency and reduces production time.<\/span><\/li>\n<li style=\"font-weight: 400;\" aria-level=\"1\"><span style=\"font-weight: 400;\">Guarantees high-quality results and <\/span><span style=\"font-weight: 400;\">offers an excellent finish<\/span><span style=\"font-weight: 400;\">.<\/span><\/li>\n<li style=\"font-weight: 400;\" aria-level=\"1\"><span style=\"font-weight: 400;\">Minimizes operating costs due to <\/span><span style=\"font-weight: 400;\">the<\/span><span style=\"font-weight: 400;\"> Energy efficiency.<\/span><\/li>\n<li style=\"font-weight: 400;\" aria-level=\"1\"><span style=\"font-weight: 400;\">The robust construction <\/span><span style=\"font-weight: 400;\">provides for<\/span><span style=\"font-weight: 400;\"> low maintenance requirements and increases productivity.<\/span><\/li>\n<\/ul>\n<p>&nbsp;<\/p>\n<p><span style=\"font-weight: 400;\">With the <\/span><span style=\"font-weight: 400;\">Nail filing machine<\/span><span style=\"font-weight: 400;\"> DTV01 you can refer to <\/span><span style=\"font-weight: 400;\">extraordinary<\/span><span style=\"font-weight: 400;\"> performance and reliability in every project. Invest in quality and efficiency to maximize your <\/span><span style=\"font-weight: 400;\">Work<\/span><span style=\"font-weight: 400;\"> to the next level.<\/span><\/td>\n<\/tr>\n<\/tbody>\n<\/table>","protected":false},"excerpt":{"rendered":"<p><strong>Description:<\/strong><br \/>\nMaterial: acrylic<br \/>\nPlug type: EU plug<br \/>\nFeature: Cordless &amp; Rechargeable &amp; LCD Screen<br \/>\nMaximum rotation speed: 35000rpm<br \/>\nPower: 18w<br \/>\nPower supply: 100-220V<br \/>\nItem dimensions (body): 14.5 * 7 * 3.5cm<br \/>\nItem weight: approx. 620g<br \/>\nColor: white, black, pink, red, gold (Optional\uff09<br \/>\nBattery operating time: 5-8 hours<br \/>\nBattery charging time: 2.5 hours<br \/>\nDirection of rotation: forward and backward<\/p>\n<p><strong>Package list:<\/strong><br \/>\n1 x Nail File Machine<br \/>\n1 x Handpiece<br \/>\n1 x Switch Adapter<br \/>\n1 x Handpiece Holder<br \/>\n6 x Optional Bits with 6 Sanding Belts<\/p>","protected":false},"featured_media":14933,"comment_status":"closed","ping_status":"closed","template":"","meta":[],"product_brand":[],"product_cat":[172],"product_tag":[],"class_list":{"0":"post-14932","1":"product","2":"type-product","3":"status-publish","4":"has-post-thumbnail","6":"product_cat-elektrogeraete","8":"first","9":"instock","10":"taxable","11":"shipping-taxable","12":"purchasable","13":"product-type-simple"},"yoast_head":"<!-- This site is optimized with the Yoast SEO plugin v26.4 - https:\/\/yoast.com\/wordpress\/plugins\/seo\/ -->\n<title>Nagel Feilmaschine DTV01 - VMB Cosmetics Shop | Produkte f\u00fcr N\u00e4gel<\/title>\n<meta name=\"robots\" content=\"index, follow, max-snippet:-1, max-image-preview:large, max-video-preview:-1\" \/>\n<link rel=\"canonical\" href=\"https:\/\/vmbcosmetics.ch\/en\/product\/nail-filing-machine-dtv01\/\" \/>\n<meta property=\"og:locale\" content=\"en_US\" \/>\n<meta property=\"og:type\" content=\"article\" \/>\n<meta property=\"og:title\" content=\"Nagel Feilmaschine DTV01 - VMB Cosmetics Shop | Produkte f\u00fcr N\u00e4gel\" \/>\n<meta property=\"og:description\" content=\"Beschreibung: Material: Acryl Steckertyp: EU-Stecker Merkmal: Schnurlos &amp; Wiederaufladbar &amp; LCD-Bildschirm Maximale Drehgeschwindigkeit: 35000rpm Leistung: 18w Stromversorgung: 100-220V Artikel Masse (K\u00f6rper): 14.5 * 7 * 3.5cm Artikelgewicht: ca. 620g Farbe: weiss, schwarz, rosa, rot, gold (Optional\uff09 Akku-Betriebszeit: 5-8 Stunden Akku-Ladezeit: 2.5 Stunden Drehrichtung: vorw\u00e4rts und r\u00fcckw\u00e4rts  Paketliste: 1 x Nagelfeilmaschine 1 x Handst\u00fcck 1 x Schaltadapter 1 x Handst\u00fcck-Halterung 6 x Optionale Bits mit 6 Schleifband\" \/>\n<meta property=\"og:url\" content=\"https:\/\/vmbcosmetics.ch\/en\/product\/nail-filing-machine-dtv01\/\" \/>\n<meta property=\"og:site_name\" content=\"VMB Cosmetics Shop | Produkte f\u00fcr N\u00e4gel\" \/>\n<meta property=\"article:modified_time\" content=\"2024-03-20T18:42:56+00:00\" \/>\n<meta property=\"og:image\" content=\"https:\/\/vmbcosmetics.ch\/wp-content\/uploads\/2023\/08\/Manikuere-Maschine-01.png\" \/>\n\t<meta property=\"og:image:width\" content=\"449\" \/>\n\t<meta property=\"og:image:height\" content=\"408\" \/>\n\t<meta property=\"og:image:type\" content=\"image\/png\" \/>\n<meta name=\"twitter:card\" content=\"summary_large_image\" \/>\n<meta name=\"twitter:label1\" content=\"Est. reading time\" \/>\n\t<meta name=\"twitter:data1\" content=\"2 minutes\" \/>\n<script type=\"application\/ld+json\" class=\"yoast-schema-graph\">{\"@context\":\"https:\/\/schema.org\",\"@graph\":[{\"@type\":\"WebPage\",\"@id\":\"https:\/\/vmbcosmetics.ch\/produkt\/nagel-feilmaschine-dtv01\/\",\"url\":\"https:\/\/vmbcosmetics.ch\/produkt\/nagel-feilmaschine-dtv01\/\",\"name\":\"Nagel Feilmaschine DTV01 - VMB Cosmetics Shop | Produkte f\u00fcr N\u00e4gel\",\"isPartOf\":{\"@id\":\"https:\/\/vmbcosmetics.ch\/#website\"},\"primaryImageOfPage\":{\"@id\":\"https:\/\/vmbcosmetics.ch\/produkt\/nagel-feilmaschine-dtv01\/#primaryimage\"},\"image\":{\"@id\":\"https:\/\/vmbcosmetics.ch\/produkt\/nagel-feilmaschine-dtv01\/#primaryimage\"},\"thumbnailUrl\":\"https:\/\/vmbcosmetics.ch\/wp-content\/uploads\/2023\/08\/Manikuere-Maschine-01.png\",\"datePublished\":\"2023-04-30T18:05:23+00:00\",\"dateModified\":\"2024-03-20T18:42:56+00:00\",\"breadcrumb\":{\"@id\":\"https:\/\/vmbcosmetics.ch\/produkt\/nagel-feilmaschine-dtv01\/#breadcrumb\"},\"inLanguage\":\"en-US\",\"potentialAction\":[{\"@type\":\"ReadAction\",\"target\":[\"https:\/\/vmbcosmetics.ch\/produkt\/nagel-feilmaschine-dtv01\/\"]}]},{\"@type\":\"ImageObject\",\"inLanguage\":\"en-US\",\"@id\":\"https:\/\/vmbcosmetics.ch\/produkt\/nagel-feilmaschine-dtv01\/#primaryimage\",\"url\":\"https:\/\/vmbcosmetics.ch\/wp-content\/uploads\/2023\/08\/Manikuere-Maschine-01.png\",\"contentUrl\":\"https:\/\/vmbcosmetics.ch\/wp-content\/uploads\/2023\/08\/Manikuere-Maschine-01.png\",\"width\":449,\"height\":408},{\"@type\":\"BreadcrumbList\",\"@id\":\"https:\/\/vmbcosmetics.ch\/produkt\/nagel-feilmaschine-dtv01\/#breadcrumb\",\"itemListElement\":[{\"@type\":\"ListItem\",\"position\":1,\"name\":\"In\u00edcio\",\"item\":\"https:\/\/vmbcosmetics.ch\/\"},{\"@type\":\"ListItem\",\"position\":2,\"name\":\"Shop\",\"item\":\"https:\/\/vmbcosmetics.ch\/shop\/\"},{\"@type\":\"ListItem\",\"position\":3,\"name\":\"Nagel Feilmaschine DTV01\"}]},{\"@type\":\"WebSite\",\"@id\":\"https:\/\/vmbcosmetics.ch\/#website\",\"url\":\"https:\/\/vmbcosmetics.ch\/\",\"name\":\"VMB Cosmetics Shop | Produkte f\u00fcr N\u00e4gel\",\"description\":\"Die besten Produkte f\u00fcr die N\u00e4gel finden Sie hier. Wir haben eine Vielzahl von Farben und Zubeh\u00f6r f\u00fcr Ihre N\u00e4gel.\",\"potentialAction\":[{\"@type\":\"SearchAction\",\"target\":{\"@type\":\"EntryPoint\",\"urlTemplate\":\"https:\/\/vmbcosmetics.ch\/?s={search_term_string}\"},\"query-input\":{\"@type\":\"PropertyValueSpecification\",\"valueRequired\":true,\"valueName\":\"search_term_string\"}}],\"inLanguage\":\"en-US\"}]}<\/script>\n<!-- \/ Yoast SEO plugin. -->","yoast_head_json":{"title":"Nail filing machine DTV01 - VMB Cosmetics Shop | Products for nails","robots":{"index":"index","follow":"follow","max-snippet":"max-snippet:-1","max-image-preview":"max-image-preview:large","max-video-preview":"max-video-preview:-1"},"canonical":"https:\/\/vmbcosmetics.ch\/en\/product\/nail-filing-machine-dtv01\/","og_locale":"en_US","og_type":"article","og_title":"Nagel Feilmaschine DTV01 - VMB Cosmetics Shop | Produkte f\u00fcr N\u00e4gel","og_description":"Beschreibung: Material: Acryl Steckertyp: EU-Stecker Merkmal: Schnurlos &amp; Wiederaufladbar &amp; LCD-Bildschirm Maximale Drehgeschwindigkeit: 35000rpm Leistung: 18w Stromversorgung: 100-220V Artikel Masse (K\u00f6rper): 14.5 * 7 * 3.5cm Artikelgewicht: ca. 620g Farbe: weiss, schwarz, rosa, rot, gold (Optional\uff09 Akku-Betriebszeit: 5-8 Stunden Akku-Ladezeit: 2.5 Stunden Drehrichtung: vorw\u00e4rts und r\u00fcckw\u00e4rts  Paketliste: 1 x Nagelfeilmaschine 1 x Handst\u00fcck 1 x Schaltadapter 1 x Handst\u00fcck-Halterung 6 x Optionale Bits mit 6 Schleifband","og_url":"https:\/\/vmbcosmetics.ch\/en\/product\/nail-filing-machine-dtv01\/","og_site_name":"VMB Cosmetics Shop | Produkte f\u00fcr N\u00e4gel","article_modified_time":"2024-03-20T18:42:56+00:00","og_image":[{"width":449,"height":408,"url":"https:\/\/vmbcosmetics.ch\/wp-content\/uploads\/2023\/08\/Manikuere-Maschine-01.png","type":"image\/png"}],"twitter_card":"summary_large_image","twitter_misc":{"Est. reading time":"2 minutes"},"schema":{"@context":"https:\/\/schema.org","@graph":[{"@type":"WebPage","@id":"https:\/\/vmbcosmetics.ch\/produkt\/nagel-feilmaschine-dtv01\/","url":"https:\/\/vmbcosmetics.ch\/produkt\/nagel-feilmaschine-dtv01\/","name":"Nail filing machine DTV01 - VMB Cosmetics Shop | Products for nails","isPartOf":{"@id":"https:\/\/vmbcosmetics.ch\/#website"},"primaryImageOfPage":{"@id":"https:\/\/vmbcosmetics.ch\/produkt\/nagel-feilmaschine-dtv01\/#primaryimage"},"image":{"@id":"https:\/\/vmbcosmetics.ch\/produkt\/nagel-feilmaschine-dtv01\/#primaryimage"},"thumbnailUrl":"https:\/\/vmbcosmetics.ch\/wp-content\/uploads\/2023\/08\/Manikuere-Maschine-01.png","datePublished":"2023-04-30T18:05:23+00:00","dateModified":"2024-03-20T18:42:56+00:00","breadcrumb":{"@id":"https:\/\/vmbcosmetics.ch\/produkt\/nagel-feilmaschine-dtv01\/#breadcrumb"},"inLanguage":"en-US","potentialAction":[{"@type":"ReadAction","target":["https:\/\/vmbcosmetics.ch\/produkt\/nagel-feilmaschine-dtv01\/"]}]},{"@type":"ImageObject","inLanguage":"en-US","@id":"https:\/\/vmbcosmetics.ch\/produkt\/nagel-feilmaschine-dtv01\/#primaryimage","url":"https:\/\/vmbcosmetics.ch\/wp-content\/uploads\/2023\/08\/Manikuere-Maschine-01.png","contentUrl":"https:\/\/vmbcosmetics.ch\/wp-content\/uploads\/2023\/08\/Manikuere-Maschine-01.png","width":449,"height":408},{"@type":"BreadcrumbList","@id":"https:\/\/vmbcosmetics.ch\/produkt\/nagel-feilmaschine-dtv01\/#breadcrumb","itemListElement":[{"@type":"ListItem","position":1,"name":"In\u00edcio","item":"https:\/\/vmbcosmetics.ch\/"},{"@type":"ListItem","position":2,"name":"Shop","item":"https:\/\/vmbcosmetics.ch\/shop\/"},{"@type":"ListItem","position":3,"name":"Nagel Feilmaschine DTV01"}]},{"@type":"WebSite","@id":"https:\/\/vmbcosmetics.ch\/#website","url":"https:\/\/vmbcosmetics.ch\/","name":"VMB Cosmetics Shop | Products for nails","description":"You can find the best products for nails here. We have a variety of colors and accessories for your nails.","potentialAction":[{"@type":"SearchAction","target":{"@type":"EntryPoint","urlTemplate":"https:\/\/vmbcosmetics.ch\/?s={search_term_string}"},"query-input":{"@type":"PropertyValueSpecification","valueRequired":true,"valueName":"search_term_string"}}],"inLanguage":"en-US"}]}},"_links":{"self":[{"href":"https:\/\/vmbcosmetics.ch\/en\/wp-json\/wp\/v2\/product\/14932","targetHints":{"allow":["GET"]}}],"collection":[{"href":"https:\/\/vmbcosmetics.ch\/en\/wp-json\/wp\/v2\/product"}],"about":[{"href":"https:\/\/vmbcosmetics.ch\/en\/wp-json\/wp\/v2\/types\/product"}],"replies":[{"embeddable":true,"href":"https:\/\/vmbcosmetics.ch\/en\/wp-json\/wp\/v2\/comments?post=14932"}],"wp:featuredmedia":[{"embeddable":true,"href":"https:\/\/vmbcosmetics.ch\/en\/wp-json\/wp\/v2\/media\/14933"}],"wp:attachment":[{"href":"https:\/\/vmbcosmetics.ch\/en\/wp-json\/wp\/v2\/media?parent=14932"}],"wp:term":[{"taxonomy":"product_brand","embeddable":true,"href":"https:\/\/vmbcosmetics.ch\/en\/wp-json\/wp\/v2\/product_brand?post=14932"},{"taxonomy":"product_cat","embeddable":true,"href":"https:\/\/vmbcosmetics.ch\/en\/wp-json\/wp\/v2\/product_cat?post=14932"},{"taxonomy":"product_tag","embeddable":true,"href":"https:\/\/vmbcosmetics.ch\/en\/wp-json\/wp\/v2\/product_tag?post=14932"}],"curies":[{"name":"wp","href":"https:\/\/api.w.org\/{rel}","templated":true}]}}