{"id":8812,"date":"2022-03-28T08:59:44","date_gmt":"2022-03-28T08:59:44","guid":{"rendered":"http:\/\/vmbshop.ch\/?page_id=8812"},"modified":"2022-04-07T01:44:23","modified_gmt":"2022-04-07T01:44:23","slug":"lookbook-3","status":"publish","type":"page","link":"https:\/\/vmbcosmetics.ch\/en\/lookbook-3\/","title":{"rendered":"Lookbook 3"},"content":{"rendered":"<div data-elementor-type=\"wp-page\" data-elementor-id=\"8812\" class=\"elementor elementor-8812\" data-elementor-post-type=\"page\">\n\t\t\t\t\t\t<section class=\"elementor-section elementor-top-section elementor-element elementor-element-b641daf elementor-section-full_width dots-align-center elementor-section-height-default elementor-section-height-default\" data-id=\"b641daf\" data-element_type=\"section\" data-settings=\"{&quot;dots_align&quot;:&quot;center&quot;}\">\r\n\t\t\t\t\t\t<div class=\"elementor-container elementor-column-gap-default jws_section_slider slick_1\"  data-slick='{\"slidesToShow\":1 ,\"slidesToScroll\": 1, \"autoplay\": false,\"arrows\": false, \"dots\":true, \"autoplaySpeed\": 5000,\"variableWidth\":false,\"pauseOnHover\":false,\"centerMode\":false,\"fade\":false,\"vertical\":false, \"infinite\":false,        \"speed\": 500, \"responsive\":[{\"breakpoint\": 1024,\"settings\":{\"slidesToShow\": 1,\"slidesToScroll\": 1}},        {\"breakpoint\": 768,\"settings\":{\"slidesToShow\": 1,\"slidesToScroll\": 1}}]}'>\r\n\t\t\t\t<div class=\"elementor-column elementor-col-33 elementor-top-column elementor-element elementor-element-88c691d\" data-id=\"88c691d\" data-element_type=\"column\" data-settings=\"{&quot;background_background&quot;:&quot;classic&quot;}\">\n\t\t\t<div class=\"elementor-widget-wrap elementor-element-populated\">\n\t\t\t\t\t\t<section class=\"elementor-section elementor-inner-section elementor-element elementor-element-7751fc2 elementor-section-full_width elementor-section-height-min-height elementor-section-height-default\" data-id=\"7751fc2\" data-element_type=\"section\">\r\n\t\t\t\t\t\t<div class=\"elementor-container elementor-column-gap-default jws_section_\" >\r\n\t\t\t\t<div class=\"elementor-column elementor-col-100 elementor-inner-column elementor-element elementor-element-47afb97\" data-id=\"47afb97\" data-element_type=\"column\">\n\t\t\t<div class=\"elementor-widget-wrap elementor-element-populated\">\n\t\t\t\t\t\t<div class=\"elementor-element elementor-element-fb56139 elementor-invisible elementor-widget elementor-widget-heading\" data-id=\"fb56139\" data-element_type=\"widget\" data-settings=\"{&quot;_animation&quot;:&quot;fadeInLeft&quot;}\" data-widget_type=\"heading.default\">\n\t\t\t\t<div class=\"elementor-widget-container\">\n\t\t\t\t\t<h4 class=\"elementor-heading-title elementor-size-default\">Good quality products<\/h4>\t\t\t\t<\/div>\n\t\t\t\t<\/div>\n\t\t\t\t<div class=\"elementor-element elementor-element-89933a6 elementor-invisible elementor-widget elementor-widget-heading\" data-id=\"89933a6\" data-element_type=\"widget\" data-settings=\"{&quot;_animation&quot;:&quot;fadeInLeft&quot;,&quot;_animation_delay&quot;:200}\" data-widget_type=\"heading.default\">\n\t\t\t\t<div class=\"elementor-widget-container\">\n\t\t\t\t\t<h1 class=\"elementor-heading-title elementor-size-default\">New Collections<\/h1>\t\t\t\t<\/div>\n\t\t\t\t<\/div>\n\t\t\t\t<div class=\"elementor-element elementor-element-136198c elementor-invisible elementor-widget elementor-widget-text-editor\" data-id=\"136198c\" data-element_type=\"widget\" data-settings=\"{&quot;_animation&quot;:&quot;fadeInLeft&quot;,&quot;_animation_delay&quot;:400}\" data-widget_type=\"text-editor.default\">\n\t\t\t\t<div class=\"elementor-widget-container\">\n\t\t\t\t\t\t\t\t\t<p>From jewelry to stores, we&#039;re making changes every step of the way.<\/p>\t\t\t\t\t\t\t\t<\/div>\n\t\t\t\t<\/div>\n\t\t\t\t\t<\/div>\n\t\t<\/div>\n\t\t\t\t      \r\n            \r\n              \r\n            \r\n            \t\r\n\t\t\t<\/div>\r\n\t\t<\/section>\r\n\t\t\t\t\t<\/div>\n\t\t<\/div>\n\t\t\t\t<div class=\"elementor-column elementor-col-33 elementor-top-column elementor-element elementor-element-5f4a1ba\" data-id=\"5f4a1ba\" data-element_type=\"column\" data-settings=\"{&quot;background_background&quot;:&quot;classic&quot;}\">\n\t\t\t<div class=\"elementor-widget-wrap elementor-element-populated\">\n\t\t\t\t\t\t<section class=\"elementor-section elementor-inner-section elementor-element elementor-element-a5b6749 elementor-section-full_width elementor-section-height-min-height elementor-section-height-default\" data-id=\"a5b6749\" data-element_type=\"section\">\r\n\t\t\t\t\t\t<div class=\"elementor-container elementor-column-gap-default jws_section_\" >\r\n\t\t\t\t<div class=\"elementor-column elementor-col-100 elementor-inner-column elementor-element elementor-element-39a6c58\" data-id=\"39a6c58\" data-element_type=\"column\">\n\t\t\t<div class=\"elementor-widget-wrap elementor-element-populated\">\n\t\t\t\t\t\t<div class=\"elementor-element elementor-element-2984f76 elementor-invisible elementor-widget elementor-widget-heading\" data-id=\"2984f76\" data-element_type=\"widget\" data-settings=\"{&quot;_animation&quot;:&quot;fadeInLeft&quot;}\" data-widget_type=\"heading.default\">\n\t\t\t\t<div class=\"elementor-widget-container\">\n\t\t\t\t\t<h4 class=\"elementor-heading-title elementor-size-default\">Good quality products<\/h4>\t\t\t\t<\/div>\n\t\t\t\t<\/div>\n\t\t\t\t<div class=\"elementor-element elementor-element-0999c63 elementor-invisible elementor-widget elementor-widget-heading\" data-id=\"0999c63\" data-element_type=\"widget\" data-settings=\"{&quot;_animation&quot;:&quot;fadeInLeft&quot;,&quot;_animation_delay&quot;:200}\" data-widget_type=\"heading.default\">\n\t\t\t\t<div class=\"elementor-widget-container\">\n\t\t\t\t\t<h1 class=\"elementor-heading-title elementor-size-default\">New Collections<\/h1>\t\t\t\t<\/div>\n\t\t\t\t<\/div>\n\t\t\t\t<div class=\"elementor-element elementor-element-27ebb80 elementor-invisible elementor-widget elementor-widget-text-editor\" data-id=\"27ebb80\" data-element_type=\"widget\" data-settings=\"{&quot;_animation&quot;:&quot;fadeInLeft&quot;,&quot;_animation_delay&quot;:400}\" data-widget_type=\"text-editor.default\">\n\t\t\t\t<div class=\"elementor-widget-container\">\n\t\t\t\t\t\t\t\t\t<p>From jewelry to stores, we&#039;re making changes every step of the way.<\/p>\t\t\t\t\t\t\t\t<\/div>\n\t\t\t\t<\/div>\n\t\t\t\t\t<\/div>\n\t\t<\/div>\n\t\t\t\t      \r\n            \r\n              \r\n            \r\n            \t\r\n\t\t\t<\/div>\r\n\t\t<\/section>\r\n\t\t\t\t\t<\/div>\n\t\t<\/div>\n\t\t\t\t<div class=\"elementor-column elementor-col-33 elementor-top-column elementor-element elementor-element-6d5bb88\" data-id=\"6d5bb88\" data-element_type=\"column\" data-settings=\"{&quot;background_background&quot;:&quot;classic&quot;}\">\n\t\t\t<div class=\"elementor-widget-wrap elementor-element-populated\">\n\t\t\t\t\t\t<section class=\"elementor-section elementor-inner-section elementor-element elementor-element-105aa8b elementor-section-full_width elementor-section-height-min-height elementor-section-height-default\" data-id=\"105aa8b\" data-element_type=\"section\">\r\n\t\t\t\t\t\t<div class=\"elementor-container elementor-column-gap-default jws_section_\" >\r\n\t\t\t\t<div class=\"elementor-column elementor-col-100 elementor-inner-column elementor-element elementor-element-37a28a9\" data-id=\"37a28a9\" data-element_type=\"column\">\n\t\t\t<div class=\"elementor-widget-wrap elementor-element-populated\">\n\t\t\t\t\t\t<div class=\"elementor-element elementor-element-e4e9bd8 elementor-invisible elementor-widget elementor-widget-heading\" data-id=\"e4e9bd8\" data-element_type=\"widget\" data-settings=\"{&quot;_animation&quot;:&quot;fadeInLeft&quot;}\" data-widget_type=\"heading.default\">\n\t\t\t\t<div class=\"elementor-widget-container\">\n\t\t\t\t\t<h4 class=\"elementor-heading-title elementor-size-default\">Good quality products<\/h4>\t\t\t\t<\/div>\n\t\t\t\t<\/div>\n\t\t\t\t<div class=\"elementor-element elementor-element-887e62b elementor-invisible elementor-widget elementor-widget-heading\" data-id=\"887e62b\" data-element_type=\"widget\" data-settings=\"{&quot;_animation&quot;:&quot;fadeInLeft&quot;,&quot;_animation_delay&quot;:200}\" data-widget_type=\"heading.default\">\n\t\t\t\t<div class=\"elementor-widget-container\">\n\t\t\t\t\t<h1 class=\"elementor-heading-title elementor-size-default\">New Collections<\/h1>\t\t\t\t<\/div>\n\t\t\t\t<\/div>\n\t\t\t\t<div class=\"elementor-element elementor-element-e807c30 elementor-invisible elementor-widget elementor-widget-text-editor\" data-id=\"e807c30\" data-element_type=\"widget\" data-settings=\"{&quot;_animation&quot;:&quot;fadeInLeft&quot;,&quot;_animation_delay&quot;:400}\" data-widget_type=\"text-editor.default\">\n\t\t\t\t<div class=\"elementor-widget-container\">\n\t\t\t\t\t\t\t\t\t<p>From jewelry to stores, we&#039;re making changes every step of the way.<\/p>\t\t\t\t\t\t\t\t<\/div>\n\t\t\t\t<\/div>\n\t\t\t\t\t<\/div>\n\t\t<\/div>\n\t\t\t\t      \r\n            \r\n              \r\n            \r\n            \t\r\n\t\t\t<\/div>\r\n\t\t<\/section>\r\n\t\t\t\t\t<\/div>\n\t\t<\/div>\n\t\t\t\t    <div class=\"slider-dots-box\"><\/div>  \r\n            \r\n              \r\n            \r\n            \t\r\n\t\t\t<\/div>\r\n\t\t<\/section>\r\n\t\t\t\t<section class=\"elementor-section elementor-top-section elementor-element elementor-element-36fe74d elementor-section-boxed elementor-section-height-default elementor-section-height-default\" data-id=\"36fe74d\" data-element_type=\"section\">\r\n\t\t\t\t\t\t<div class=\"elementor-container elementor-column-gap-default jws_section_\" >\r\n\t\t\t\t<div class=\"elementor-column elementor-col-100 elementor-top-column elementor-element elementor-element-90f7df3\" data-id=\"90f7df3\" data-element_type=\"column\">\n\t\t\t<div class=\"elementor-widget-wrap elementor-element-populated\">\n\t\t\t\t\t\t<div class=\"elementor-element elementor-element-4ef78bd elementor-widget elementor-widget-jws_project\" data-id=\"4ef78bd\" data-element_type=\"widget\" data-settings=\"{&quot;nav_align&quot;:&quot;center&quot;,&quot;loadmore_align&quot;:&quot;center&quot;}\" data-widget_type=\"jws_project.default\">\n\t\t\t\t<div class=\"elementor-widget-container\">\n\t\t\t\t\t \r\n\t\t\r\n\t\t<div class=\"jws-project-element\">\r\n                                    <div class=\"project_nav_container\">\r\n                <ul class=\"project_nav\">\r\n                    <li><a href=\"#\" data-filter=\"*\" class=\"filter-active\">ALL<\/a><\/li>\r\n                                                    <li><a href=\"#\" data-filter=\".favorite-items\">Favorite Items<\/a><\/li>\r\n                                                            <li><a href=\"#\" data-filter=\".holiday-gifts-set\">Holiday Gifts Set<\/a><\/li>\r\n                                                            <li><a href=\"#\" data-filter=\".trending-jewelry\">Trending Jewelry<\/a><\/li>\r\n                                            <\/ul>\r\n            <\/div>   \r\n                \r\n            <div id=\"project_4ef78bd\" class=\"project_content row jws-isotope jws_project_layout1 grid project_ajax_4ef78bd jws_has_pagination\"  data-gallery=\"jws-custom-4ef78bd\">\r\n                <div class=\"jws_project_item col-xl-6 col-lg-6 col-6 favorite-items\" data-gallery-image data-gallery-item=\"0\"><div class=\"jws_project_wap\">\r\n        <div class=\"jws_project_image\">\r\n          <a href=\"https:\/\/vmbcosmetics.ch\/en\/projects\/guaranteed-your-beauty\/\">\r\n            <img fetchpriority=\"high\" decoding=\"async\" class=\"attachment-large wp-post-image\" src=\"https:\/\/vmbcosmetics.ch\/wp-content\/uploads\/2022\/03\/Rectangle-4978-630x622.jpg\" width=\"630\" height=\"622\" alt=\"Rectangle 4978\" title=\"Rectangle 4978\" \/> \r\n          <\/a>   \r\n        <\/div>\r\n        <div class=\"jws_project_content\">\r\n               <div class=\"jws_project_content_inner\">\r\n                   <div class=\"projects_cat\"><a href=\"https:\/\/vmbcosmetics.ch\/en\/projects_cat\/favorite-items\/\" rel=\"tag\">Favorite Items<\/a><\/div> \r\n                   <h4 class=\"entry-title\"><a href=\"https:\/\/vmbcosmetics.ch\/en\/projects\/guaranteed-your-beauty\/\">Guaranteed Your Beauty<\/a><\/h4>\r\n               <\/div> \r\n        <\/div>\r\n    \r\n<\/div>\r\n\r\n  \r\n<\/div><div class=\"jws_project_item col-xl-6 col-lg-6 col-6 trending-jewelry\" data-gallery-image data-gallery-item=\"1\"><div class=\"jws_project_wap\">\r\n        <div class=\"jws_project_image\">\r\n          <a href=\"https:\/\/vmbcosmetics.ch\/en\/projects\/ode-to-the-old\/\">\r\n            <img decoding=\"async\" class=\"attachment-large wp-post-image\" src=\"https:\/\/vmbcosmetics.ch\/wp-content\/uploads\/2022\/03\/Rectangle-5031-630x622.jpg\" width=\"630\" height=\"622\" alt=\"Rectangle 5031\" title=\"Rectangle 5031\" \/> \r\n          <\/a>   \r\n        <\/div>\r\n        <div class=\"jws_project_content\">\r\n               <div class=\"jws_project_content_inner\">\r\n                   <div class=\"projects_cat\"><a href=\"https:\/\/vmbcosmetics.ch\/en\/projects_cat\/trending-jewelry\/\" rel=\"tag\">Trending Jewelry<\/a><\/div> \r\n                   <h4 class=\"entry-title\"><a href=\"https:\/\/vmbcosmetics.ch\/en\/projects\/ode-to-the-old\/\">Ode to The Old<\/a><\/h4>\r\n               <\/div> \r\n        <\/div>\r\n    \r\n<\/div>\r\n\r\n  \r\n<\/div><div class=\"jws_project_item col-xl-6 col-lg-6 col-6 holiday-gifts-set\" data-gallery-image data-gallery-item=\"2\"><div class=\"jws_project_wap\">\r\n        <div class=\"jws_project_image\">\r\n          <a href=\"https:\/\/vmbcosmetics.ch\/en\/projects\/guaranteed-your-beauty-2\/\">\r\n            <img decoding=\"async\" class=\"attachment-large wp-post-image\" src=\"https:\/\/vmbcosmetics.ch\/wp-content\/uploads\/2022\/03\/karenki-630x622.jpg\" width=\"630\" height=\"622\" alt=\"karenki\" title=\"karenki\" \/> \r\n          <\/a>   \r\n        <\/div>\r\n        <div class=\"jws_project_content\">\r\n               <div class=\"jws_project_content_inner\">\r\n                   <div class=\"projects_cat\"><a href=\"https:\/\/vmbcosmetics.ch\/en\/projects_cat\/holiday-gifts-set\/\" rel=\"tag\">Holiday Gifts Set<\/a><\/div> \r\n                   <h4 class=\"entry-title\"><a href=\"https:\/\/vmbcosmetics.ch\/en\/projects\/guaranteed-your-beauty-2\/\">Guaranteed Your Beauty<\/a><\/h4>\r\n               <\/div> \r\n        <\/div>\r\n    \r\n<\/div>\r\n\r\n  \r\n<\/div><div class=\"jws_project_item col-xl-6 col-lg-6 col-6 trending-jewelry\" data-gallery-image data-gallery-item=\"3\"><div class=\"jws_project_wap\">\r\n        <div class=\"jws_project_image\">\r\n          <a href=\"https:\/\/vmbcosmetics.ch\/en\/projects\/into-the-wood\/\">\r\n            <img loading=\"lazy\" decoding=\"async\" class=\"attachment-large wp-post-image\" src=\"https:\/\/vmbcosmetics.ch\/wp-content\/uploads\/2022\/03\/unsplash_k47viB-630x622.jpg\" width=\"630\" height=\"622\" alt=\"unsplash_k47viB\" title=\"unsplash_k47viB\" \/> \r\n          <\/a>   \r\n        <\/div>\r\n        <div class=\"jws_project_content\">\r\n               <div class=\"jws_project_content_inner\">\r\n                   <div class=\"projects_cat\"><a href=\"https:\/\/vmbcosmetics.ch\/en\/projects_cat\/trending-jewelry\/\" rel=\"tag\">Trending Jewelry<\/a><\/div> \r\n                   <h4 class=\"entry-title\"><a href=\"https:\/\/vmbcosmetics.ch\/en\/projects\/into-the-wood\/\">Into the Wood<\/a><\/h4>\r\n               <\/div> \r\n        <\/div>\r\n    \r\n<\/div>\r\n\r\n  \r\n<\/div><div class=\"jws_project_item col-xl-6 col-lg-6 col-6 favorite-items\" data-gallery-image data-gallery-item=\"4\"><div class=\"jws_project_wap\">\r\n        <div class=\"jws_project_image\">\r\n          <a href=\"https:\/\/vmbcosmetics.ch\/en\/projects\/barely-there\/\">\r\n            <img loading=\"lazy\" decoding=\"async\" class=\"attachment-large wp-post-image\" src=\"https:\/\/vmbcosmetics.ch\/wp-content\/uploads\/2022\/03\/katelo-630x622.jpg\" width=\"630\" height=\"622\" alt=\"katelo\" title=\"katelo\" \/> \r\n          <\/a>   \r\n        <\/div>\r\n        <div class=\"jws_project_content\">\r\n               <div class=\"jws_project_content_inner\">\r\n                   <div class=\"projects_cat\"><a href=\"https:\/\/vmbcosmetics.ch\/en\/projects_cat\/favorite-items\/\" rel=\"tag\">Favorite Items<\/a><\/div> \r\n                   <h4 class=\"entry-title\"><a href=\"https:\/\/vmbcosmetics.ch\/en\/projects\/barely-there\/\">Barely There<\/a><\/h4>\r\n               <\/div> \r\n        <\/div>\r\n    \r\n<\/div>\r\n\r\n  \r\n<\/div><div class=\"jws_project_item col-xl-6 col-lg-6 col-6 favorite-items\" data-gallery-image data-gallery-item=\"5\"><div class=\"jws_project_wap\">\r\n        <div class=\"jws_project_image\">\r\n          <a href=\"https:\/\/vmbcosmetics.ch\/en\/projects\/guaranteed-your-beauty-3\/\">\r\n            <img loading=\"lazy\" decoding=\"async\" class=\"attachment-large wp-post-image\" src=\"https:\/\/vmbcosmetics.ch\/wp-content\/uploads\/2022\/02\/bannera2.jpg\" width=\"630\" height=\"622\" alt=\"bannera2\" title=\"bannera2\" \/> \r\n          <\/a>   \r\n        <\/div>\r\n        <div class=\"jws_project_content\">\r\n               <div class=\"jws_project_content_inner\">\r\n                   <div class=\"projects_cat\"><a href=\"https:\/\/vmbcosmetics.ch\/en\/projects_cat\/favorite-items\/\" rel=\"tag\">Favorite Items<\/a><\/div> \r\n                   <h4 class=\"entry-title\"><a href=\"https:\/\/vmbcosmetics.ch\/en\/projects\/guaranteed-your-beauty-3\/\">Guaranteed Your Beauty<\/a><\/h4>\r\n               <\/div> \r\n        <\/div>\r\n    \r\n<\/div>\r\n\r\n  \r\n<\/div>            <\/div>\r\n                                        <div class=\"jws_pagination jws_ajax\">\r\n                                        <a class=\"jws-load-more\" data-ajaxify=\"true\"  href=\"https:\/\/vmbcosmetics.ch\/wp-json\/wp\/v2\/pages\/8812\/page\/2\/\" data-ajaxify-options='{\"wrapper\":\".project_ajax_4ef78bd\",\"items\":\"&gt; .jws_project_item\",\"trigger\":\"click\"}'>\r\n                        <span class=\"has-loading\">Load more<\/span>\r\n                    <\/a>\r\n                                    <\/div>\r\n                    <\/div>\r\n\r\n\t\t\t\t\t<\/div>\n\t\t\t\t<\/div>\n\t\t\t\t\t<\/div>\n\t\t<\/div>\n\t\t\t\t      \r\n            \r\n              \r\n            \r\n            \t\r\n\t\t\t<\/div>\r\n\t\t<\/section>\r\n\t\t\t\t<\/div>","protected":false},"excerpt":{"rendered":"<p>Good quality products New Collections From jewellery to stores, we&#8217;re making changes every step of the way. Good quality products New Collections From jewellery to stores, we&#8217;re making changes every step of the way. Good quality products New Collections From jewellery to stores, we&#8217;re making changes every step of the way. ALL Favorite Items Holiday [&hellip;]<\/p>","protected":false},"author":1,"featured_media":0,"parent":0,"menu_order":0,"comment_status":"closed","ping_status":"closed","template":"","meta":{"footnotes":""},"class_list":["post-8812","page","type-page","status-publish","hentry"],"yoast_head":"<!-- This site is optimized with the Yoast SEO plugin v26.4 - https:\/\/yoast.com\/wordpress\/plugins\/seo\/ -->\n<title>Lookbook 3 - VMB Cosmetics Shop | Produkte f\u00fcr N\u00e4gel<\/title>\n<meta name=\"robots\" content=\"index, follow, max-snippet:-1, max-image-preview:large, max-video-preview:-1\" \/>\n<link rel=\"canonical\" href=\"https:\/\/vmbcosmetics.ch\/en\/lookbook-3\/\" \/>\n<meta property=\"og:locale\" content=\"en_US\" \/>\n<meta property=\"og:type\" content=\"article\" \/>\n<meta property=\"og:title\" content=\"Lookbook 3 - VMB Cosmetics Shop | Produkte f\u00fcr N\u00e4gel\" \/>\n<meta property=\"og:description\" content=\"Good quality products New Collections From jewellery to stores, we&#8217;re making changes every step of the way. Good quality products New Collections From jewellery to stores, we&#8217;re making changes every step of the way. Good quality products New Collections From jewellery to stores, we&#8217;re making changes every step of the way. ALL Favorite Items Holiday [&hellip;]\" \/>\n<meta property=\"og:url\" content=\"https:\/\/vmbcosmetics.ch\/en\/lookbook-3\/\" \/>\n<meta property=\"og:site_name\" content=\"VMB Cosmetics Shop | Produkte f\u00fcr N\u00e4gel\" \/>\n<meta property=\"article:modified_time\" content=\"2022-04-07T01:44:23+00:00\" \/>\n<meta property=\"og:image\" content=\"https:\/\/vmbcosmetics.ch\/wp-content\/uploads\/2022\/03\/Rectangle-4978-630x622.jpg\" \/>\n<meta name=\"twitter:card\" content=\"summary_large_image\" \/>\n<script type=\"application\/ld+json\" class=\"yoast-schema-graph\">{\"@context\":\"https:\/\/schema.org\",\"@graph\":[{\"@type\":\"WebPage\",\"@id\":\"https:\/\/vmbcosmetics.ch\/lookbook-3\/\",\"url\":\"https:\/\/vmbcosmetics.ch\/lookbook-3\/\",\"name\":\"Lookbook 3 - VMB Cosmetics Shop | Produkte f\u00fcr N\u00e4gel\",\"isPartOf\":{\"@id\":\"https:\/\/vmbcosmetics.ch\/#website\"},\"primaryImageOfPage\":{\"@id\":\"https:\/\/vmbcosmetics.ch\/lookbook-3\/#primaryimage\"},\"image\":{\"@id\":\"https:\/\/vmbcosmetics.ch\/lookbook-3\/#primaryimage\"},\"thumbnailUrl\":\"https:\/\/vmbcosmetics.ch\/wp-content\/uploads\/2022\/03\/Rectangle-4978-630x622.jpg\",\"datePublished\":\"2022-03-28T08:59:44+00:00\",\"dateModified\":\"2022-04-07T01:44:23+00:00\",\"breadcrumb\":{\"@id\":\"https:\/\/vmbcosmetics.ch\/lookbook-3\/#breadcrumb\"},\"inLanguage\":\"en-US\",\"potentialAction\":[{\"@type\":\"ReadAction\",\"target\":[\"https:\/\/vmbcosmetics.ch\/lookbook-3\/\"]}]},{\"@type\":\"ImageObject\",\"inLanguage\":\"en-US\",\"@id\":\"https:\/\/vmbcosmetics.ch\/lookbook-3\/#primaryimage\",\"url\":\"https:\/\/vmbcosmetics.ch\/wp-content\/uploads\/2022\/03\/Rectangle-4978-630x622.jpg\",\"contentUrl\":\"https:\/\/vmbcosmetics.ch\/wp-content\/uploads\/2022\/03\/Rectangle-4978-630x622.jpg\"},{\"@type\":\"BreadcrumbList\",\"@id\":\"https:\/\/vmbcosmetics.ch\/lookbook-3\/#breadcrumb\",\"itemListElement\":[{\"@type\":\"ListItem\",\"position\":1,\"name\":\"In\u00edcio\",\"item\":\"https:\/\/vmbcosmetics.ch\/\"},{\"@type\":\"ListItem\",\"position\":2,\"name\":\"Lookbook 3\"}]},{\"@type\":\"WebSite\",\"@id\":\"https:\/\/vmbcosmetics.ch\/#website\",\"url\":\"https:\/\/vmbcosmetics.ch\/\",\"name\":\"VMB Cosmetics Shop | Produkte f\u00fcr N\u00e4gel\",\"description\":\"Die besten Produkte f\u00fcr die N\u00e4gel finden Sie hier. Wir haben eine Vielzahl von Farben und Zubeh\u00f6r f\u00fcr Ihre N\u00e4gel.\",\"potentialAction\":[{\"@type\":\"SearchAction\",\"target\":{\"@type\":\"EntryPoint\",\"urlTemplate\":\"https:\/\/vmbcosmetics.ch\/?s={search_term_string}\"},\"query-input\":{\"@type\":\"PropertyValueSpecification\",\"valueRequired\":true,\"valueName\":\"search_term_string\"}}],\"inLanguage\":\"en-US\"}]}<\/script>\n<!-- \/ Yoast SEO plugin. -->","yoast_head_json":{"title":"Lookbook 3 - VMB Cosmetics Shop | Products for nails","robots":{"index":"index","follow":"follow","max-snippet":"max-snippet:-1","max-image-preview":"max-image-preview:large","max-video-preview":"max-video-preview:-1"},"canonical":"https:\/\/vmbcosmetics.ch\/en\/lookbook-3\/","og_locale":"en_US","og_type":"article","og_title":"Lookbook 3 - VMB Cosmetics Shop | Produkte f\u00fcr N\u00e4gel","og_description":"Good quality products New Collections From jewellery to stores, we&#8217;re making changes every step of the way. Good quality products New Collections From jewellery to stores, we&#8217;re making changes every step of the way. Good quality products New Collections From jewellery to stores, we&#8217;re making changes every step of the way. ALL Favorite Items Holiday [&hellip;]","og_url":"https:\/\/vmbcosmetics.ch\/en\/lookbook-3\/","og_site_name":"VMB Cosmetics Shop | Produkte f\u00fcr N\u00e4gel","article_modified_time":"2022-04-07T01:44:23+00:00","og_image":[{"url":"https:\/\/vmbcosmetics.ch\/wp-content\/uploads\/2022\/03\/Rectangle-4978-630x622.jpg","type":"","width":"","height":""}],"twitter_card":"summary_large_image","schema":{"@context":"https:\/\/schema.org","@graph":[{"@type":"WebPage","@id":"https:\/\/vmbcosmetics.ch\/lookbook-3\/","url":"https:\/\/vmbcosmetics.ch\/lookbook-3\/","name":"Lookbook 3 - VMB Cosmetics Shop | Products for nails","isPartOf":{"@id":"https:\/\/vmbcosmetics.ch\/#website"},"primaryImageOfPage":{"@id":"https:\/\/vmbcosmetics.ch\/lookbook-3\/#primaryimage"},"image":{"@id":"https:\/\/vmbcosmetics.ch\/lookbook-3\/#primaryimage"},"thumbnailUrl":"https:\/\/vmbcosmetics.ch\/wp-content\/uploads\/2022\/03\/Rectangle-4978-630x622.jpg","datePublished":"2022-03-28T08:59:44+00:00","dateModified":"2022-04-07T01:44:23+00:00","breadcrumb":{"@id":"https:\/\/vmbcosmetics.ch\/lookbook-3\/#breadcrumb"},"inLanguage":"en-US","potentialAction":[{"@type":"ReadAction","target":["https:\/\/vmbcosmetics.ch\/lookbook-3\/"]}]},{"@type":"ImageObject","inLanguage":"en-US","@id":"https:\/\/vmbcosmetics.ch\/lookbook-3\/#primaryimage","url":"https:\/\/vmbcosmetics.ch\/wp-content\/uploads\/2022\/03\/Rectangle-4978-630x622.jpg","contentUrl":"https:\/\/vmbcosmetics.ch\/wp-content\/uploads\/2022\/03\/Rectangle-4978-630x622.jpg"},{"@type":"BreadcrumbList","@id":"https:\/\/vmbcosmetics.ch\/lookbook-3\/#breadcrumb","itemListElement":[{"@type":"ListItem","position":1,"name":"In\u00edcio","item":"https:\/\/vmbcosmetics.ch\/"},{"@type":"ListItem","position":2,"name":"Lookbook 3"}]},{"@type":"WebSite","@id":"https:\/\/vmbcosmetics.ch\/#website","url":"https:\/\/vmbcosmetics.ch\/","name":"VMB Cosmetics Shop | Products for nails","description":"You can find the best products for nails here. We have a variety of colors and accessories for your nails.","potentialAction":[{"@type":"SearchAction","target":{"@type":"EntryPoint","urlTemplate":"https:\/\/vmbcosmetics.ch\/?s={search_term_string}"},"query-input":{"@type":"PropertyValueSpecification","valueRequired":true,"valueName":"search_term_string"}}],"inLanguage":"en-US"}]}},"_links":{"self":[{"href":"https:\/\/vmbcosmetics.ch\/en\/wp-json\/wp\/v2\/pages\/8812","targetHints":{"allow":["GET"]}}],"collection":[{"href":"https:\/\/vmbcosmetics.ch\/en\/wp-json\/wp\/v2\/pages"}],"about":[{"href":"https:\/\/vmbcosmetics.ch\/en\/wp-json\/wp\/v2\/types\/page"}],"author":[{"embeddable":true,"href":"https:\/\/vmbcosmetics.ch\/en\/wp-json\/wp\/v2\/users\/1"}],"replies":[{"embeddable":true,"href":"https:\/\/vmbcosmetics.ch\/en\/wp-json\/wp\/v2\/comments?post=8812"}],"version-history":[{"count":0,"href":"https:\/\/vmbcosmetics.ch\/en\/wp-json\/wp\/v2\/pages\/8812\/revisions"}],"wp:attachment":[{"href":"https:\/\/vmbcosmetics.ch\/en\/wp-json\/wp\/v2\/media?parent=8812"}],"curies":[{"name":"wp","href":"https:\/\/api.w.org\/{rel}","templated":true}]}}