{"id":15512,"date":"2025-07-29T18:27:10","date_gmt":"2025-07-29T18:27:10","guid":{"rendered":"https:\/\/vmbcosmetics.ch\/?page_id=15512"},"modified":"2025-08-14T18:07:54","modified_gmt":"2025-08-14T18:07:54","slug":"about-us-5","status":"publish","type":"page","link":"https:\/\/vmbcosmetics.ch\/en\/about-us-5\/","title":{"rendered":"About us"},"content":{"rendered":"<div data-elementor-type=\"wp-page\" data-elementor-id=\"15512\" class=\"elementor elementor-15512\" data-elementor-post-type=\"page\">\n\t\t\t\t\t\t<main class=\"elementor-section elementor-top-section elementor-element elementor-element-8d7a372 elementor-section-boxed elementor-section-height-default elementor-section-height-default\" data-id=\"8d7a372\" data-element_type=\"section\" data-settings=\"{&quot;background_background&quot;:&quot;classic&quot;}\">\r\n\t\t\t\t\t\t\t<div class=\"elementor-background-overlay\"><\/div>\r\n\t\t\t\t\t\t<div class=\"elementor-container elementor-column-gap-default jws_section_\" >\r\n\t\t\t\t<div class=\"elementor-column elementor-col-50 elementor-top-column elementor-element elementor-element-2f7a78f\" data-id=\"2f7a78f\" data-element_type=\"column\">\n\t\t\t<div class=\"elementor-widget-wrap elementor-element-populated\">\n\t\t\t\t\t\t<div class=\"elementor-element elementor-element-8895f71 elementor-widget-divider--view-line_text elementor-widget-divider--element-align-right elementor-invisible elementor-widget elementor-widget-divider\" data-id=\"8895f71\" data-element_type=\"widget\" data-settings=\"{&quot;_animation&quot;:&quot;fadeInDown&quot;}\" data-widget_type=\"divider.default\">\n\t\t\t\t<div class=\"elementor-widget-container\">\n\t\t\t\t\t\t\t<div class=\"elementor-divider\">\n\t\t\t<span class=\"elementor-divider-separator\">\n\t\t\t\t\t\t\t<h3 class=\"elementor-divider__text elementor-divider__element\">\n\t\t\t\tOur history\t\t\t\t<\/h3>\n\t\t\t\t\t\t<\/span>\n\t\t<\/div>\n\t\t\t\t\t\t<\/div>\n\t\t\t\t<\/div>\n\t\t\t\t<div class=\"elementor-element elementor-element-cf6c9ca elementor-invisible elementor-widget elementor-widget-heading\" data-id=\"cf6c9ca\" data-element_type=\"widget\" data-settings=\"{&quot;_animation&quot;:&quot;fadeInUp&quot;,&quot;_animation_delay&quot;:400}\" data-widget_type=\"heading.default\">\n\t\t\t\t<div class=\"elementor-widget-container\">\n\t\t\t\t\t<h2 class=\"elementor-heading-title elementor-size-default\">Why A New Brand For Beauty Products?<\/h2>\t\t\t\t<\/div>\n\t\t\t\t<\/div>\n\t\t\t\t<div class=\"elementor-element elementor-element-9fedf12 elementor-invisible elementor-widget elementor-widget-text-editor\" data-id=\"9fedf12\" data-element_type=\"widget\" data-settings=\"{&quot;_animation&quot;:&quot;fadeIn&quot;,&quot;_animation_delay&quot;:500}\" data-widget_type=\"text-editor.default\">\n\t\t\t\t<div class=\"elementor-widget-container\">\n\t\t\t\t\t\t\t\t\tWe have been working in the beauty sector and especially in nail design for several years and have looked at and tried out various products and product lines. First as normal nail designers, later also selling nail products. Specializing in dipping powders was also part of this development.\t\t\t\t\t\t\t\t<\/div>\n\t\t\t\t<\/div>\n\t\t\t\t<div class=\"elementor-element elementor-element-403dfc5 elementor-invisible elementor-widget elementor-widget-text-editor\" data-id=\"403dfc5\" data-element_type=\"widget\" data-settings=\"{&quot;_animation&quot;:&quot;fadeIn&quot;,&quot;_animation_delay&quot;:500}\" data-widget_type=\"text-editor.default\">\n\t\t\t\t<div class=\"elementor-widget-container\">\n\t\t\t\t\t\t\t\t\tWe were not always satisfied with the delivery conditions and the quality of the products, with the working methods or the time we had to invest in nail care for the customers.\t\t\t\t\t\t\t\t<\/div>\n\t\t\t\t<\/div>\n\t\t\t\t<div class=\"elementor-element elementor-element-08b9629 elementor-invisible elementor-widget elementor-widget-text-editor\" data-id=\"08b9629\" data-element_type=\"widget\" data-settings=\"{&quot;_animation&quot;:&quot;fadeIn&quot;,&quot;_animation_delay&quot;:500}\" data-widget_type=\"text-editor.default\">\n\t\t\t\t<div class=\"elementor-widget-container\">\n\t\t\t\t\t\t\t\t\tReactions from our own customers or other nail designers prompted us to look for another existing product or to have something new produced. The product we had in mind had to meet various criteria defined by us and fulfill the needs and satisfaction of our customers and enhance their attitude to life.\t\t\t\t\t\t\t\t<\/div>\n\t\t\t\t<\/div>\n\t\t\t\t\t<\/div>\n\t\t<\/div>\n\t\t\t\t<div class=\"elementor-column elementor-col-50 elementor-top-column elementor-element elementor-element-7c24658 elementor-invisible\" data-id=\"7c24658\" data-element_type=\"column\" data-settings=\"{&quot;animation&quot;:&quot;fadeInRight&quot;,&quot;animation_delay&quot;:400,&quot;background_background&quot;:&quot;classic&quot;}\">\n\t\t\t<div class=\"elementor-widget-wrap elementor-element-populated\">\n\t\t\t\t\t\t<div class=\"elementor-element elementor-element-1c1f583 elementor-widget elementor-widget-spacer\" data-id=\"1c1f583\" data-element_type=\"widget\" data-widget_type=\"spacer.default\">\n\t\t\t\t<div class=\"elementor-widget-container\">\n\t\t\t\t\t\t\t<div class=\"elementor-spacer\">\n\t\t\t<div class=\"elementor-spacer-inner\"><\/div>\n\t\t<\/div>\n\t\t\t\t\t\t<\/div>\n\t\t\t\t<\/div>\n\t\t\t\t\t<\/div>\n\t\t<\/div>\n\t\t\t\t      \r\n            \r\n              \r\n            \r\n            \t\r\n\t\t\t<\/div>\r\n\t\t<\/main>\r\n\t\t\t\t<section class=\"elementor-section elementor-top-section elementor-element elementor-element-acbef9a elementor-section-boxed elementor-section-height-default elementor-section-height-default\" data-id=\"acbef9a\" data-element_type=\"section\">\r\n\t\t\t\t\t\t<div class=\"elementor-container elementor-column-gap-default jws_section_\" >\r\n\t\t\t\t<div class=\"elementor-column elementor-col-100 elementor-top-column elementor-element elementor-element-9e25025\" data-id=\"9e25025\" data-element_type=\"column\">\n\t\t\t<div class=\"elementor-widget-wrap elementor-element-populated\">\n\t\t\t\t\t\t<div class=\"elementor-element elementor-element-d479ab6 elementor-invisible elementor-widget elementor-widget-text-editor\" data-id=\"d479ab6\" data-element_type=\"widget\" data-settings=\"{&quot;_animation&quot;:&quot;fadeIn&quot;,&quot;_animation_delay&quot;:500}\" data-widget_type=\"text-editor.default\">\n\t\t\t\t<div class=\"elementor-widget-container\">\n\t\t\t\t\t\t\t\t\tOur products have been developed with state-of-the-art technology that guarantees excellent application with perfect pigmentation, high efficiency and long life. They contain vitamins and minerals that improve and maintain the health of natural nails.\t\t\t\t\t\t\t\t<\/div>\n\t\t\t\t<\/div>\n\t\t\t\t<div class=\"elementor-element elementor-element-65fe4e3 elementor-invisible elementor-widget elementor-widget-text-editor\" data-id=\"65fe4e3\" data-element_type=\"widget\" data-settings=\"{&quot;_animation&quot;:&quot;fadeIn&quot;,&quot;_animation_delay&quot;:500}\" data-widget_type=\"text-editor.default\">\n\t\t\t\t<div class=\"elementor-widget-container\">\n\t\t\t\t\t\t\t\t\tQuick drying and easy application were also points on our list of criteria. This also included no unpleasant odors, no UV lamp and organic processing.\t\t\t\t\t\t\t\t<\/div>\n\t\t\t\t<\/div>\n\t\t\t\t<div class=\"elementor-element elementor-element-64fbb22 elementor-invisible elementor-widget elementor-widget-text-editor\" data-id=\"64fbb22\" data-element_type=\"widget\" data-settings=\"{&quot;_animation&quot;:&quot;fadeIn&quot;,&quot;_animation_delay&quot;:500}\" data-widget_type=\"text-editor.default\">\n\t\t\t\t<div class=\"elementor-widget-container\">\n\t\t\t\t\t\t\t\t\tThe first products from our new nail brand are now available. We will also be launching new products for other beauty areas in due course.\t\t\t\t\t\t\t\t<\/div>\n\t\t\t\t<\/div>\n\t\t\t\t\t<\/div>\n\t\t<\/div>\n\t\t\t\t      \r\n            \r\n              \r\n            \r\n            \t\r\n\t\t\t<\/div>\r\n\t\t<\/section>\r\n\t\t\t\t<section class=\"elementor-section elementor-top-section elementor-element elementor-element-e4bdd6c elementor-section-boxed elementor-section-height-default elementor-section-height-default\" data-id=\"e4bdd6c\" data-element_type=\"section\">\r\n\t\t\t\t\t\t<div class=\"elementor-container elementor-column-gap-default jws_section_\" >\r\n\t\t\t\t<div class=\"elementor-column elementor-col-33 elementor-top-column elementor-element elementor-element-7933f3c\" data-id=\"7933f3c\" data-element_type=\"column\">\n\t\t\t<div class=\"elementor-widget-wrap elementor-element-populated\">\n\t\t\t\t\t\t<div class=\"elementor-element elementor-element-f6f3f91 elementor-widget elementor-widget-image\" data-id=\"f6f3f91\" data-element_type=\"widget\" data-widget_type=\"image.default\">\n\t\t\t\t<div class=\"elementor-widget-container\">\n\t\t\t\t\t\t\t\t\t\t\t\t\t\t\t<img decoding=\"async\" width=\"128\" height=\"128\" src=\"https:\/\/vmbcosmetics.ch\/wp-content\/uploads\/2025\/08\/brand-image.png\" class=\"attachment-full size-full wp-image-15516\" alt=\"\" srcset=\"https:\/\/vmbcosmetics.ch\/wp-content\/uploads\/2025\/08\/brand-image.png 128w, https:\/\/vmbcosmetics.ch\/wp-content\/uploads\/2025\/08\/brand-image-12x12.png 12w, https:\/\/vmbcosmetics.ch\/wp-content\/uploads\/2025\/08\/brand-image-70x70.png 70w, https:\/\/vmbcosmetics.ch\/wp-content\/uploads\/2025\/08\/brand-image-100x100.png 100w\" sizes=\"(max-width: 128px) 100vw, 128px\" \/>\t\t\t\t\t\t\t\t\t\t\t\t\t\t\t<\/div>\n\t\t\t\t<\/div>\n\t\t\t\t<div class=\"elementor-element elementor-element-6602507 elementor-widget elementor-widget-text-editor\" data-id=\"6602507\" data-element_type=\"widget\" data-widget_type=\"text-editor.default\">\n\t\t\t\t<div class=\"elementor-widget-container\">\n\t\t\t\t\t\t\t\t\tInspired by the idea that \"only the best for our customers is good enough for us\", we decided to create our own brand.\t\t\t\t\t\t\t\t<\/div>\n\t\t\t\t<\/div>\n\t\t\t\t\t<\/div>\n\t\t<\/div>\n\t\t\t\t<div class=\"elementor-column elementor-col-33 elementor-top-column elementor-element elementor-element-f786a8b\" data-id=\"f786a8b\" data-element_type=\"column\">\n\t\t\t<div class=\"elementor-widget-wrap elementor-element-populated\">\n\t\t\t\t\t\t<div class=\"elementor-element elementor-element-5265983 elementor-widget elementor-widget-image\" data-id=\"5265983\" data-element_type=\"widget\" data-widget_type=\"image.default\">\n\t\t\t\t<div class=\"elementor-widget-container\">\n\t\t\t\t\t\t\t\t\t\t\t\t\t\t\t<img decoding=\"async\" width=\"128\" height=\"128\" src=\"https:\/\/vmbcosmetics.ch\/wp-content\/uploads\/2025\/08\/atendimento-ao-cliente-2.png\" class=\"attachment-full size-full wp-image-15517\" alt=\"\" srcset=\"https:\/\/vmbcosmetics.ch\/wp-content\/uploads\/2025\/08\/atendimento-ao-cliente-2.png 128w, https:\/\/vmbcosmetics.ch\/wp-content\/uploads\/2025\/08\/atendimento-ao-cliente-2-12x12.png 12w, https:\/\/vmbcosmetics.ch\/wp-content\/uploads\/2025\/08\/atendimento-ao-cliente-2-70x70.png 70w, https:\/\/vmbcosmetics.ch\/wp-content\/uploads\/2025\/08\/atendimento-ao-cliente-2-100x100.png 100w\" sizes=\"(max-width: 128px) 100vw, 128px\" \/>\t\t\t\t\t\t\t\t\t\t\t\t\t\t\t<\/div>\n\t\t\t\t<\/div>\n\t\t\t\t<div class=\"elementor-element elementor-element-3ca2863 elementor-widget elementor-widget-text-editor\" data-id=\"3ca2863\" data-element_type=\"widget\" data-widget_type=\"text-editor.default\">\n\t\t\t\t<div class=\"elementor-widget-container\">\n\t\t\t\t\t\t\t\t\tWe are innovative and always want to surprise and inspire you. You, the customer, are always our top priority.\t\t\t\t\t\t\t\t<\/div>\n\t\t\t\t<\/div>\n\t\t\t\t\t<\/div>\n\t\t<\/div>\n\t\t\t\t<div class=\"elementor-column elementor-col-33 elementor-top-column elementor-element elementor-element-ca34206\" data-id=\"ca34206\" data-element_type=\"column\">\n\t\t\t<div class=\"elementor-widget-wrap elementor-element-populated\">\n\t\t\t\t\t\t<div class=\"elementor-element elementor-element-6e50758 elementor-widget elementor-widget-image\" data-id=\"6e50758\" data-element_type=\"widget\" data-widget_type=\"image.default\">\n\t\t\t\t<div class=\"elementor-widget-container\">\n\t\t\t\t\t\t\t\t\t\t\t\t\t\t\t<img decoding=\"async\" width=\"128\" height=\"128\" src=\"https:\/\/vmbcosmetics.ch\/wp-content\/uploads\/2025\/08\/certificado.png\" class=\"attachment-full size-full wp-image-15518\" alt=\"\" srcset=\"https:\/\/vmbcosmetics.ch\/wp-content\/uploads\/2025\/08\/certificado.png 128w, https:\/\/vmbcosmetics.ch\/wp-content\/uploads\/2025\/08\/certificado-12x12.png 12w, https:\/\/vmbcosmetics.ch\/wp-content\/uploads\/2025\/08\/certificado-70x70.png 70w, https:\/\/vmbcosmetics.ch\/wp-content\/uploads\/2025\/08\/certificado-100x100.png 100w\" sizes=\"(max-width: 128px) 100vw, 128px\" \/>\t\t\t\t\t\t\t\t\t\t\t\t\t\t\t<\/div>\n\t\t\t\t<\/div>\n\t\t\t\t<div class=\"elementor-element elementor-element-d9fcafd elementor-widget elementor-widget-text-editor\" data-id=\"d9fcafd\" data-element_type=\"widget\" data-widget_type=\"text-editor.default\">\n\t\t\t\t<div class=\"elementor-widget-container\">\n\t\t\t\t\t\t\t\t\tSimply products that are certified and approved for competent professionals. We do not compromise on the quality and safety of our products.\t\t\t\t\t\t\t\t<\/div>\n\t\t\t\t<\/div>\n\t\t\t\t\t<\/div>\n\t\t<\/div>\n\t\t\t\t      \r\n            \r\n              \r\n            \r\n            \t\r\n\t\t\t<\/div>\r\n\t\t<\/section>\r\n\t\t\t\t<\/div>","protected":false},"excerpt":{"rendered":"<p>Unsere Geschichte Warum Eine Neue Marke F\u00fcr Beauty Produkte? Seit einigen Jahren sind wir im Beautybereich und speziell im Nail Design unterwegs und haben verschiedene Produkte und Produktlinien angesehen und ausprobiert. Zuerst als normale Nail Designerinnen, sp\u00e4ter zus\u00e4tzlich auch mit dem Verkauf von Nagelprodukten. Die Spezialisierung auf Tauchpulver war auch ein Teil dieser Entwicklung.Wir waren [&hellip;]<\/p>","protected":false},"author":1,"featured_media":0,"parent":0,"menu_order":0,"comment_status":"closed","ping_status":"closed","template":"","meta":{"footnotes":""},"class_list":["post-15512","page","type-page","status-publish","hentry"],"yoast_head":"<!-- This site is optimized with the Yoast SEO plugin v26.4 - https:\/\/yoast.com\/wordpress\/plugins\/seo\/ -->\n<title>\u00dcber uns - VMB Cosmetics Shop | Produkte f\u00fcr N\u00e4gel<\/title>\n<meta name=\"robots\" content=\"index, follow, max-snippet:-1, max-image-preview:large, max-video-preview:-1\" \/>\n<link rel=\"canonical\" href=\"https:\/\/vmbcosmetics.ch\/en\/about-us-5\/\" \/>\n<meta property=\"og:locale\" content=\"en_US\" \/>\n<meta property=\"og:type\" content=\"article\" \/>\n<meta property=\"og:title\" content=\"\u00dcber uns - VMB Cosmetics Shop | Produkte f\u00fcr N\u00e4gel\" \/>\n<meta property=\"og:description\" content=\"Unsere Geschichte Warum Eine Neue Marke F\u00fcr Beauty Produkte? Seit einigen Jahren sind wir im Beautybereich und speziell im Nail Design unterwegs und haben verschiedene Produkte und Produktlinien angesehen und ausprobiert. Zuerst als normale Nail Designerinnen, sp\u00e4ter zus\u00e4tzlich auch mit dem Verkauf von Nagelprodukten. Die Spezialisierung auf Tauchpulver war auch ein Teil dieser Entwicklung.Wir waren [&hellip;]\" \/>\n<meta property=\"og:url\" content=\"https:\/\/vmbcosmetics.ch\/en\/about-us-5\/\" \/>\n<meta property=\"og:site_name\" content=\"VMB Cosmetics Shop | Produkte f\u00fcr N\u00e4gel\" \/>\n<meta property=\"article:modified_time\" content=\"2025-08-14T18:07:54+00:00\" \/>\n<meta property=\"og:image\" content=\"https:\/\/vmbcosmetics.ch\/wp-content\/uploads\/2025\/08\/brand-image.png\" \/>\n\t<meta property=\"og:image:width\" content=\"128\" \/>\n\t<meta property=\"og:image:height\" content=\"128\" \/>\n\t<meta property=\"og:image:type\" content=\"image\/png\" \/>\n<meta name=\"twitter:card\" content=\"summary_large_image\" \/>\n<meta name=\"twitter:label1\" content=\"Est. reading time\" \/>\n\t<meta name=\"twitter:data1\" content=\"3 minutes\" \/>\n<script type=\"application\/ld+json\" class=\"yoast-schema-graph\">{\"@context\":\"https:\/\/schema.org\",\"@graph\":[{\"@type\":\"WebPage\",\"@id\":\"https:\/\/vmbcosmetics.ch\/uber-uns\/\",\"url\":\"https:\/\/vmbcosmetics.ch\/uber-uns\/\",\"name\":\"\u00dcber uns - VMB Cosmetics Shop | Produkte f\u00fcr N\u00e4gel\",\"isPartOf\":{\"@id\":\"https:\/\/vmbcosmetics.ch\/#website\"},\"primaryImageOfPage\":{\"@id\":\"https:\/\/vmbcosmetics.ch\/uber-uns\/#primaryimage\"},\"image\":{\"@id\":\"https:\/\/vmbcosmetics.ch\/uber-uns\/#primaryimage\"},\"thumbnailUrl\":\"https:\/\/vmbcosmetics.ch\/wp-content\/uploads\/2025\/08\/brand-image.png\",\"datePublished\":\"2025-07-29T18:27:10+00:00\",\"dateModified\":\"2025-08-14T18:07:54+00:00\",\"breadcrumb\":{\"@id\":\"https:\/\/vmbcosmetics.ch\/uber-uns\/#breadcrumb\"},\"inLanguage\":\"en-US\",\"potentialAction\":[{\"@type\":\"ReadAction\",\"target\":[\"https:\/\/vmbcosmetics.ch\/uber-uns\/\"]}]},{\"@type\":\"ImageObject\",\"inLanguage\":\"en-US\",\"@id\":\"https:\/\/vmbcosmetics.ch\/uber-uns\/#primaryimage\",\"url\":\"https:\/\/vmbcosmetics.ch\/wp-content\/uploads\/2025\/08\/brand-image.png\",\"contentUrl\":\"https:\/\/vmbcosmetics.ch\/wp-content\/uploads\/2025\/08\/brand-image.png\"},{\"@type\":\"BreadcrumbList\",\"@id\":\"https:\/\/vmbcosmetics.ch\/uber-uns\/#breadcrumb\",\"itemListElement\":[{\"@type\":\"ListItem\",\"position\":1,\"name\":\"In\u00edcio\",\"item\":\"https:\/\/vmbcosmetics.ch\/\"},{\"@type\":\"ListItem\",\"position\":2,\"name\":\"\u00dcber uns\"}]},{\"@type\":\"WebSite\",\"@id\":\"https:\/\/vmbcosmetics.ch\/#website\",\"url\":\"https:\/\/vmbcosmetics.ch\/\",\"name\":\"VMB Cosmetics Shop | Produkte f\u00fcr N\u00e4gel\",\"description\":\"Die besten Produkte f\u00fcr die N\u00e4gel finden Sie hier. Wir haben eine Vielzahl von Farben und Zubeh\u00f6r f\u00fcr Ihre N\u00e4gel.\",\"potentialAction\":[{\"@type\":\"SearchAction\",\"target\":{\"@type\":\"EntryPoint\",\"urlTemplate\":\"https:\/\/vmbcosmetics.ch\/?s={search_term_string}\"},\"query-input\":{\"@type\":\"PropertyValueSpecification\",\"valueRequired\":true,\"valueName\":\"search_term_string\"}}],\"inLanguage\":\"en-US\"}]}<\/script>\n<!-- \/ Yoast SEO plugin. -->","yoast_head_json":{"title":"About us - VMB Cosmetics Shop | Products for nails","robots":{"index":"index","follow":"follow","max-snippet":"max-snippet:-1","max-image-preview":"max-image-preview:large","max-video-preview":"max-video-preview:-1"},"canonical":"https:\/\/vmbcosmetics.ch\/en\/about-us-5\/","og_locale":"en_US","og_type":"article","og_title":"\u00dcber uns - VMB Cosmetics Shop | Produkte f\u00fcr N\u00e4gel","og_description":"Unsere Geschichte Warum Eine Neue Marke F\u00fcr Beauty Produkte? Seit einigen Jahren sind wir im Beautybereich und speziell im Nail Design unterwegs und haben verschiedene Produkte und Produktlinien angesehen und ausprobiert. Zuerst als normale Nail Designerinnen, sp\u00e4ter zus\u00e4tzlich auch mit dem Verkauf von Nagelprodukten. Die Spezialisierung auf Tauchpulver war auch ein Teil dieser Entwicklung.Wir waren [&hellip;]","og_url":"https:\/\/vmbcosmetics.ch\/en\/about-us-5\/","og_site_name":"VMB Cosmetics Shop | Produkte f\u00fcr N\u00e4gel","article_modified_time":"2025-08-14T18:07:54+00:00","og_image":[{"width":128,"height":128,"url":"https:\/\/vmbcosmetics.ch\/wp-content\/uploads\/2025\/08\/brand-image.png","type":"image\/png"}],"twitter_card":"summary_large_image","twitter_misc":{"Est. reading time":"3 minutes"},"schema":{"@context":"https:\/\/schema.org","@graph":[{"@type":"WebPage","@id":"https:\/\/vmbcosmetics.ch\/uber-uns\/","url":"https:\/\/vmbcosmetics.ch\/uber-uns\/","name":"About us - VMB Cosmetics Shop | Products for nails","isPartOf":{"@id":"https:\/\/vmbcosmetics.ch\/#website"},"primaryImageOfPage":{"@id":"https:\/\/vmbcosmetics.ch\/uber-uns\/#primaryimage"},"image":{"@id":"https:\/\/vmbcosmetics.ch\/uber-uns\/#primaryimage"},"thumbnailUrl":"https:\/\/vmbcosmetics.ch\/wp-content\/uploads\/2025\/08\/brand-image.png","datePublished":"2025-07-29T18:27:10+00:00","dateModified":"2025-08-14T18:07:54+00:00","breadcrumb":{"@id":"https:\/\/vmbcosmetics.ch\/uber-uns\/#breadcrumb"},"inLanguage":"en-US","potentialAction":[{"@type":"ReadAction","target":["https:\/\/vmbcosmetics.ch\/uber-uns\/"]}]},{"@type":"ImageObject","inLanguage":"en-US","@id":"https:\/\/vmbcosmetics.ch\/uber-uns\/#primaryimage","url":"https:\/\/vmbcosmetics.ch\/wp-content\/uploads\/2025\/08\/brand-image.png","contentUrl":"https:\/\/vmbcosmetics.ch\/wp-content\/uploads\/2025\/08\/brand-image.png"},{"@type":"BreadcrumbList","@id":"https:\/\/vmbcosmetics.ch\/uber-uns\/#breadcrumb","itemListElement":[{"@type":"ListItem","position":1,"name":"In\u00edcio","item":"https:\/\/vmbcosmetics.ch\/"},{"@type":"ListItem","position":2,"name":"\u00dcber uns"}]},{"@type":"WebSite","@id":"https:\/\/vmbcosmetics.ch\/#website","url":"https:\/\/vmbcosmetics.ch\/","name":"VMB Cosmetics Shop | Products for nails","description":"You can find the best products for nails here. We have a variety of colors and accessories for your nails.","potentialAction":[{"@type":"SearchAction","target":{"@type":"EntryPoint","urlTemplate":"https:\/\/vmbcosmetics.ch\/?s={search_term_string}"},"query-input":{"@type":"PropertyValueSpecification","valueRequired":true,"valueName":"search_term_string"}}],"inLanguage":"en-US"}]}},"_links":{"self":[{"href":"https:\/\/vmbcosmetics.ch\/en\/wp-json\/wp\/v2\/pages\/15512","targetHints":{"allow":["GET"]}}],"collection":[{"href":"https:\/\/vmbcosmetics.ch\/en\/wp-json\/wp\/v2\/pages"}],"about":[{"href":"https:\/\/vmbcosmetics.ch\/en\/wp-json\/wp\/v2\/types\/page"}],"author":[{"embeddable":true,"href":"https:\/\/vmbcosmetics.ch\/en\/wp-json\/wp\/v2\/users\/1"}],"replies":[{"embeddable":true,"href":"https:\/\/vmbcosmetics.ch\/en\/wp-json\/wp\/v2\/comments?post=15512"}],"version-history":[{"count":4,"href":"https:\/\/vmbcosmetics.ch\/en\/wp-json\/wp\/v2\/pages\/15512\/revisions"}],"predecessor-version":[{"id":15521,"href":"https:\/\/vmbcosmetics.ch\/en\/wp-json\/wp\/v2\/pages\/15512\/revisions\/15521"}],"wp:attachment":[{"href":"https:\/\/vmbcosmetics.ch\/en\/wp-json\/wp\/v2\/media?parent=15512"}],"curies":[{"name":"wp","href":"https:\/\/api.w.org\/{rel}","templated":true}]}}