{"id":4464,"date":"2020-05-05T08:38:54","date_gmt":"2020-05-05T08:38:54","guid":{"rendered":"https:\/\/vmbshop.ch\/?post_type=product&#038;p=4464"},"modified":"2023-09-13T21:30:28","modified_gmt":"2023-09-13T21:30:28","slug":"produto-cinzel-modificado-254-a","status":"publish","type":"product","link":"http:\/\/vmbcosmetics.ch\/pt\/produto\/produto-cinzel-modificado-254-a\/","title":{"rendered":"Cinzel modificado 254 A"},"content":{"rendered":"","protected":false},"excerpt":{"rendered":"<p>Funcionalidade:<br \/>\nInstrumento para remover pontas de unha encravada<\/p>\n<p>Dimens\u00f5es:<br \/>\nComprimento: 140mm<br \/>\nEspessura do cabo: 5mm<br \/>\nDi\u00e2metro da \u00e1rea da ponta: 2,5 mm<\/p>","protected":false},"featured_media":14469,"comment_status":"closed","ping_status":"closed","template":"","meta":[],"product_brand":[],"product_cat":[137],"product_tag":[],"class_list":{"0":"post-4464","1":"product","2":"type-product","3":"status-publish","4":"has-post-thumbnail","6":"product_cat-nagelinstrumente","8":"first","9":"instock","10":"taxable","11":"shipping-taxable","12":"purchasable","13":"product-type-simple"},"yoast_head":"<!-- This site is optimized with the Yoast SEO plugin v26.4 - https:\/\/yoast.com\/wordpress\/plugins\/seo\/ -->\n<title>Modifizierter Meissel 254 A - VMB Cosmetics Shop | Produkte f\u00fcr N\u00e4gel<\/title>\n<meta name=\"robots\" content=\"index, follow, max-snippet:-1, max-image-preview:large, max-video-preview:-1\" \/>\n<link rel=\"canonical\" href=\"https:\/\/vmbcosmetics.ch\/pt\/produto\/produto-cinzel-modificado-254-a\/\" \/>\n<meta property=\"og:locale\" content=\"pt_BR\" \/>\n<meta property=\"og:type\" content=\"article\" \/>\n<meta property=\"og:title\" content=\"Modifizierter Meissel 254 A - VMB Cosmetics Shop | Produkte f\u00fcr N\u00e4gel\" \/>\n<meta property=\"og:description\" content=\"Funktionalit\u00e4t: Instrument zum Entfernen von Spitzen im eingewachsenen Nagel  Abmessungen: L\u00e4nge: 140 mm Kabeldicke: 5 mm Spitzenbereichsdurchmesser: 2,5 mm\" \/>\n<meta property=\"og:url\" content=\"https:\/\/vmbcosmetics.ch\/pt\/produto\/produto-cinzel-modificado-254-a\/\" \/>\n<meta property=\"og:site_name\" content=\"VMB Cosmetics Shop | Produkte f\u00fcr N\u00e4gel\" \/>\n<meta property=\"article:modified_time\" content=\"2023-09-13T21:30:28+00:00\" \/>\n<meta property=\"og:image\" content=\"https:\/\/vmbcosmetics.ch\/wp-content\/uploads\/2023\/08\/PPRio254-A-2.png\" \/>\n\t<meta property=\"og:image:width\" content=\"421\" \/>\n\t<meta property=\"og:image:height\" content=\"342\" \/>\n\t<meta property=\"og:image:type\" content=\"image\/png\" \/>\n<meta name=\"twitter:card\" content=\"summary_large_image\" \/>\n<script type=\"application\/ld+json\" class=\"yoast-schema-graph\">{\"@context\":\"https:\/\/schema.org\",\"@graph\":[{\"@type\":\"WebPage\",\"@id\":\"https:\/\/vmbcosmetics.ch\/produkt\/product-modifizierter-meissel-254-a\/\",\"url\":\"https:\/\/vmbcosmetics.ch\/produkt\/product-modifizierter-meissel-254-a\/\",\"name\":\"Modifizierter Meissel 254 A - VMB Cosmetics Shop | Produkte f\u00fcr N\u00e4gel\",\"isPartOf\":{\"@id\":\"https:\/\/vmbcosmetics.ch\/#website\"},\"primaryImageOfPage\":{\"@id\":\"https:\/\/vmbcosmetics.ch\/produkt\/product-modifizierter-meissel-254-a\/#primaryimage\"},\"image\":{\"@id\":\"https:\/\/vmbcosmetics.ch\/produkt\/product-modifizierter-meissel-254-a\/#primaryimage\"},\"thumbnailUrl\":\"https:\/\/vmbcosmetics.ch\/wp-content\/uploads\/2023\/08\/PPRio254-A-2.png\",\"datePublished\":\"2020-05-05T08:38:54+00:00\",\"dateModified\":\"2023-09-13T21:30:28+00:00\",\"breadcrumb\":{\"@id\":\"https:\/\/vmbcosmetics.ch\/produkt\/product-modifizierter-meissel-254-a\/#breadcrumb\"},\"inLanguage\":\"pt-BR\",\"potentialAction\":[{\"@type\":\"ReadAction\",\"target\":[\"https:\/\/vmbcosmetics.ch\/produkt\/product-modifizierter-meissel-254-a\/\"]}]},{\"@type\":\"ImageObject\",\"inLanguage\":\"pt-BR\",\"@id\":\"https:\/\/vmbcosmetics.ch\/produkt\/product-modifizierter-meissel-254-a\/#primaryimage\",\"url\":\"https:\/\/vmbcosmetics.ch\/wp-content\/uploads\/2023\/08\/PPRio254-A-2.png\",\"contentUrl\":\"https:\/\/vmbcosmetics.ch\/wp-content\/uploads\/2023\/08\/PPRio254-A-2.png\",\"width\":421,\"height\":342},{\"@type\":\"BreadcrumbList\",\"@id\":\"https:\/\/vmbcosmetics.ch\/produkt\/product-modifizierter-meissel-254-a\/#breadcrumb\",\"itemListElement\":[{\"@type\":\"ListItem\",\"position\":1,\"name\":\"In\u00edcio\",\"item\":\"https:\/\/vmbcosmetics.ch\/\"},{\"@type\":\"ListItem\",\"position\":2,\"name\":\"Shop\",\"item\":\"https:\/\/vmbcosmetics.ch\/shop\/\"},{\"@type\":\"ListItem\",\"position\":3,\"name\":\"Modifizierter Meissel 254 A\"}]},{\"@type\":\"WebSite\",\"@id\":\"https:\/\/vmbcosmetics.ch\/#website\",\"url\":\"https:\/\/vmbcosmetics.ch\/\",\"name\":\"VMB Cosmetics Shop | Produkte f\u00fcr N\u00e4gel\",\"description\":\"Die besten Produkte f\u00fcr die N\u00e4gel finden Sie hier. Wir haben eine Vielzahl von Farben und Zubeh\u00f6r f\u00fcr Ihre N\u00e4gel.\",\"potentialAction\":[{\"@type\":\"SearchAction\",\"target\":{\"@type\":\"EntryPoint\",\"urlTemplate\":\"https:\/\/vmbcosmetics.ch\/?s={search_term_string}\"},\"query-input\":{\"@type\":\"PropertyValueSpecification\",\"valueRequired\":true,\"valueName\":\"search_term_string\"}}],\"inLanguage\":\"pt-BR\"}]}<\/script>\n<!-- \/ Yoast SEO plugin. -->","yoast_head_json":{"title":"Modified chisel 254 A - VMB Cosmetics Shop | Produtos para unhas","robots":{"index":"index","follow":"follow","max-snippet":"max-snippet:-1","max-image-preview":"max-image-preview:large","max-video-preview":"max-video-preview:-1"},"canonical":"https:\/\/vmbcosmetics.ch\/pt\/produto\/produto-cinzel-modificado-254-a\/","og_locale":"pt_BR","og_type":"article","og_title":"Modifizierter Meissel 254 A - VMB Cosmetics Shop | Produkte f\u00fcr N\u00e4gel","og_description":"Funktionalit\u00e4t: Instrument zum Entfernen von Spitzen im eingewachsenen Nagel  Abmessungen: L\u00e4nge: 140 mm Kabeldicke: 5 mm Spitzenbereichsdurchmesser: 2,5 mm","og_url":"https:\/\/vmbcosmetics.ch\/pt\/produto\/produto-cinzel-modificado-254-a\/","og_site_name":"VMB Cosmetics Shop | Produkte f\u00fcr N\u00e4gel","article_modified_time":"2023-09-13T21:30:28+00:00","og_image":[{"width":421,"height":342,"url":"https:\/\/vmbcosmetics.ch\/wp-content\/uploads\/2023\/08\/PPRio254-A-2.png","type":"image\/png"}],"twitter_card":"summary_large_image","schema":{"@context":"https:\/\/schema.org","@graph":[{"@type":"WebPage","@id":"https:\/\/vmbcosmetics.ch\/produkt\/product-modifizierter-meissel-254-a\/","url":"https:\/\/vmbcosmetics.ch\/produkt\/product-modifizierter-meissel-254-a\/","name":"Modified chisel 254 A - VMB Cosmetics Shop | Produtos para unhas","isPartOf":{"@id":"https:\/\/vmbcosmetics.ch\/#website"},"primaryImageOfPage":{"@id":"https:\/\/vmbcosmetics.ch\/produkt\/product-modifizierter-meissel-254-a\/#primaryimage"},"image":{"@id":"https:\/\/vmbcosmetics.ch\/produkt\/product-modifizierter-meissel-254-a\/#primaryimage"},"thumbnailUrl":"https:\/\/vmbcosmetics.ch\/wp-content\/uploads\/2023\/08\/PPRio254-A-2.png","datePublished":"2020-05-05T08:38:54+00:00","dateModified":"2023-09-13T21:30:28+00:00","breadcrumb":{"@id":"https:\/\/vmbcosmetics.ch\/produkt\/product-modifizierter-meissel-254-a\/#breadcrumb"},"inLanguage":"pt-BR","potentialAction":[{"@type":"ReadAction","target":["https:\/\/vmbcosmetics.ch\/produkt\/product-modifizierter-meissel-254-a\/"]}]},{"@type":"ImageObject","inLanguage":"pt-BR","@id":"https:\/\/vmbcosmetics.ch\/produkt\/product-modifizierter-meissel-254-a\/#primaryimage","url":"https:\/\/vmbcosmetics.ch\/wp-content\/uploads\/2023\/08\/PPRio254-A-2.png","contentUrl":"https:\/\/vmbcosmetics.ch\/wp-content\/uploads\/2023\/08\/PPRio254-A-2.png","width":421,"height":342},{"@type":"BreadcrumbList","@id":"https:\/\/vmbcosmetics.ch\/produkt\/product-modifizierter-meissel-254-a\/#breadcrumb","itemListElement":[{"@type":"ListItem","position":1,"name":"In\u00edcio","item":"https:\/\/vmbcosmetics.ch\/"},{"@type":"ListItem","position":2,"name":"Shop","item":"https:\/\/vmbcosmetics.ch\/shop\/"},{"@type":"ListItem","position":3,"name":"Modifizierter Meissel 254 A"}]},{"@type":"WebSite","@id":"https:\/\/vmbcosmetics.ch\/#website","url":"https:\/\/vmbcosmetics.ch\/","name":"VMB Cosmetics Shop | Produtos para unhas","description":"Voc\u00ea pode encontrar os melhores produtos para unhas aqui. Temos uma variedade de cores e acess\u00f3rios para as suas unhas.","potentialAction":[{"@type":"SearchAction","target":{"@type":"EntryPoint","urlTemplate":"https:\/\/vmbcosmetics.ch\/?s={search_term_string}"},"query-input":{"@type":"PropertyValueSpecification","valueRequired":true,"valueName":"search_term_string"}}],"inLanguage":"pt-BR"}]}},"_links":{"self":[{"href":"http:\/\/vmbcosmetics.ch\/pt\/wp-json\/wp\/v2\/product\/4464","targetHints":{"allow":["GET"]}}],"collection":[{"href":"http:\/\/vmbcosmetics.ch\/pt\/wp-json\/wp\/v2\/product"}],"about":[{"href":"http:\/\/vmbcosmetics.ch\/pt\/wp-json\/wp\/v2\/types\/product"}],"replies":[{"embeddable":true,"href":"http:\/\/vmbcosmetics.ch\/pt\/wp-json\/wp\/v2\/comments?post=4464"}],"wp:featuredmedia":[{"embeddable":true,"href":"http:\/\/vmbcosmetics.ch\/pt\/wp-json\/wp\/v2\/media\/14469"}],"wp:attachment":[{"href":"http:\/\/vmbcosmetics.ch\/pt\/wp-json\/wp\/v2\/media?parent=4464"}],"wp:term":[{"taxonomy":"product_brand","embeddable":true,"href":"http:\/\/vmbcosmetics.ch\/pt\/wp-json\/wp\/v2\/product_brand?post=4464"},{"taxonomy":"product_cat","embeddable":true,"href":"http:\/\/vmbcosmetics.ch\/pt\/wp-json\/wp\/v2\/product_cat?post=4464"},{"taxonomy":"product_tag","embeddable":true,"href":"http:\/\/vmbcosmetics.ch\/pt\/wp-json\/wp\/v2\/product_tag?post=4464"}],"curies":[{"name":"wp","href":"https:\/\/api.w.org\/{rel}","templated":true}]}}