{"id":7062,"date":"2021-02-23T19:11:22","date_gmt":"2021-02-23T19:11:22","guid":{"rendered":"https:\/\/vmbshop.ch\/?post_type=product&#038;p=7062"},"modified":"2023-08-21T22:41:21","modified_gmt":"2023-08-21T22:41:21","slug":"tungsten-carbide-milling-cutter-t00424m0","status":"publish","type":"product","link":"http:\/\/vmbcosmetics.ch\/en\/product\/tungsten-carbide-milling-cutter-t00424m0\/","title":{"rendered":"Tungsten carbide cutter T00424M0"},"content":{"rendered":"","protected":false},"excerpt":{"rendered":"<div id=\"car-parts-model\"><strong>Short description<\/strong>:<\/div>\n<div>Name: Large barrel bit<\/div>\n<div>Material: tungsten carbide<br \/>\nPackaging: Each piece in a plastic tube<br \/>\nColor gold<\/p>\n<div id=\"car-parts-model\">Weight: approx. 10g<br \/>\nShaft size: 3\/32 inch<\/div>\n<div>Flute size: 6.6mm<\/div>\n<div>Grain: M<\/div>\n<\/div>\n<div><\/div>\n<div>The cutters are made of pure, durable, high-strength tungsten steel and are designed for high performance and a long service life.<br \/>\nUse the cutters to quickly and efficiently remove acrylic, hard gel, crystal nails or nail extensions from the nail.<\/div>\n<div><\/div>\n<div>\n<p><strong>Proper care<\/strong><br \/>\nFollow these steps to clean and disinfect your diamond drill bits:<\/p>\n<p>- Step 1<br \/>\nClean your diamond bits to remove dust from the surface by cleaning them with a small cleaning brush.<\/p>\n<p>- Step 2<br \/>\nSoak your drill bits in 75% alcohol to disinfect them.<br \/>\n** Be careful not to soak your drill bits for too long as this could remove the beautiful coating on the top!<br \/>\n**Do not use strong acids or strong oxidizing disinfectants.<\/p>\n<p>- Step 3<br \/>\nDry your drill bits completely and store them.<\/p>\n<\/div>","protected":false},"featured_media":14774,"comment_status":"closed","ping_status":"closed","template":"","meta":[],"product_brand":[],"product_cat":[138],"product_tag":[],"class_list":{"0":"post-7062","1":"product","2":"type-product","3":"status-publish","4":"has-post-thumbnail","6":"product_cat-fraeser-und-schleifer","8":"first","9":"instock","10":"taxable","11":"shipping-taxable","12":"purchasable","13":"product-type-simple"},"yoast_head":"<!-- This site is optimized with the Yoast SEO plugin v26.4 - https:\/\/yoast.com\/wordpress\/plugins\/seo\/ -->\n<title>Wolfram Karbid Fr\u00e4ser T00424M0 - VMB Cosmetics Shop | Produkte f\u00fcr N\u00e4gel<\/title>\n<meta name=\"robots\" content=\"index, follow, max-snippet:-1, max-image-preview:large, max-video-preview:-1\" \/>\n<link rel=\"canonical\" href=\"https:\/\/vmbcosmetics.ch\/en\/product\/tungsten-carbide-milling-cutter-t00424m0\/\" \/>\n<meta property=\"og:locale\" content=\"en_US\" \/>\n<meta property=\"og:type\" content=\"article\" \/>\n<meta property=\"og:title\" content=\"Wolfram Karbid Fr\u00e4ser T00424M0 - VMB Cosmetics Shop | Produkte f\u00fcr N\u00e4gel\" \/>\n<meta property=\"og:description\" content=\"Kurzbeschreibung: Name: Large barrel Bit Material: Wolframkarbid Verpackung: Jedes St\u00fcck in einem Kunststoffr\u00f6hrchen Farbe: Gold Gewicht: ca. 10g Gr\u00f6sse des Schaftes: 3\/32 &quot;Zoll Spannutgr\u00f6sse:\u00a0 6.6mm K\u00f6rnung:\u00a0 M   Die Fr\u00e4ser sind aus reinem, langlebigen, hochfesten Wolfram Stahl und f\u00fcr hohe Leistung und eine lange Lebensdauer ausgelegt.. Die Fr\u00e4ser verwenden um Acryl, hartes Gel, Kristall N\u00e4gel oder Nagelverl\u00e4ngerungen schnell und effizient vom Nagel zu entfernen..    Richtige Pflege Befolgen Sie diese Schritte, um Ihre Diamantbohrer zu reinigen und zu desinfizieren:  - Schritt 1 Reinigen Sie Ihre Diamantbohrer, um den Staub von der Oberfl\u00e4che zu entfernen, indem Sie sie mit einer kleinen Reinigungsb\u00fcrste reinigen.  - Schritt 2 Weichen Sie Ihre Bohrkronen in 75%igem Alkohol ein, um sie zu desinfizieren. ** Achten Sie darauf, dass Sie Ihre Bohrkronen nicht zu lange einweichen, da dies die sch\u00f6ne Beschichtung auf der Oberseite entfernen k\u00f6nnte! ** Verwenden Sie keine starken S\u00e4uren oder stark oxidierende Desinfektionsmittel.  - Schritt 3 Trocknen Sie Ihre Bohrer vollst\u00e4ndig und bewahren Sie sie auf.\" \/>\n<meta property=\"og:url\" content=\"https:\/\/vmbcosmetics.ch\/en\/product\/tungsten-carbide-milling-cutter-t00424m0\/\" \/>\n<meta property=\"og:site_name\" content=\"VMB Cosmetics Shop | Produkte f\u00fcr N\u00e4gel\" \/>\n<meta property=\"article:modified_time\" content=\"2023-08-21T22:41:21+00:00\" \/>\n<meta property=\"og:image\" content=\"https:\/\/vmbcosmetics.ch\/wp-content\/uploads\/2023\/08\/T00424M0.png\" \/>\n\t<meta property=\"og:image:width\" content=\"383\" \/>\n\t<meta property=\"og:image:height\" content=\"423\" \/>\n\t<meta property=\"og:image:type\" content=\"image\/png\" \/>\n<meta name=\"twitter:card\" content=\"summary_large_image\" \/>\n<script type=\"application\/ld+json\" class=\"yoast-schema-graph\">{\"@context\":\"https:\/\/schema.org\",\"@graph\":[{\"@type\":\"WebPage\",\"@id\":\"https:\/\/vmbcosmetics.ch\/produkt\/wolfram-karbid-fraeser-t00424m0\/\",\"url\":\"https:\/\/vmbcosmetics.ch\/produkt\/wolfram-karbid-fraeser-t00424m0\/\",\"name\":\"Wolfram Karbid Fr\u00e4ser T00424M0 - VMB Cosmetics Shop | Produkte f\u00fcr N\u00e4gel\",\"isPartOf\":{\"@id\":\"https:\/\/vmbcosmetics.ch\/#website\"},\"primaryImageOfPage\":{\"@id\":\"https:\/\/vmbcosmetics.ch\/produkt\/wolfram-karbid-fraeser-t00424m0\/#primaryimage\"},\"image\":{\"@id\":\"https:\/\/vmbcosmetics.ch\/produkt\/wolfram-karbid-fraeser-t00424m0\/#primaryimage\"},\"thumbnailUrl\":\"https:\/\/vmbcosmetics.ch\/wp-content\/uploads\/2023\/08\/T00424M0.png\",\"datePublished\":\"2021-02-23T19:11:22+00:00\",\"dateModified\":\"2023-08-21T22:41:21+00:00\",\"breadcrumb\":{\"@id\":\"https:\/\/vmbcosmetics.ch\/produkt\/wolfram-karbid-fraeser-t00424m0\/#breadcrumb\"},\"inLanguage\":\"en-US\",\"potentialAction\":[{\"@type\":\"ReadAction\",\"target\":[\"https:\/\/vmbcosmetics.ch\/produkt\/wolfram-karbid-fraeser-t00424m0\/\"]}]},{\"@type\":\"ImageObject\",\"inLanguage\":\"en-US\",\"@id\":\"https:\/\/vmbcosmetics.ch\/produkt\/wolfram-karbid-fraeser-t00424m0\/#primaryimage\",\"url\":\"https:\/\/vmbcosmetics.ch\/wp-content\/uploads\/2023\/08\/T00424M0.png\",\"contentUrl\":\"https:\/\/vmbcosmetics.ch\/wp-content\/uploads\/2023\/08\/T00424M0.png\",\"width\":383,\"height\":423},{\"@type\":\"BreadcrumbList\",\"@id\":\"https:\/\/vmbcosmetics.ch\/produkt\/wolfram-karbid-fraeser-t00424m0\/#breadcrumb\",\"itemListElement\":[{\"@type\":\"ListItem\",\"position\":1,\"name\":\"In\u00edcio\",\"item\":\"https:\/\/vmbcosmetics.ch\/\"},{\"@type\":\"ListItem\",\"position\":2,\"name\":\"Shop\",\"item\":\"https:\/\/vmbcosmetics.ch\/shop\/\"},{\"@type\":\"ListItem\",\"position\":3,\"name\":\"Wolfram Karbid Fr\u00e4ser T00424M0\"}]},{\"@type\":\"WebSite\",\"@id\":\"https:\/\/vmbcosmetics.ch\/#website\",\"url\":\"https:\/\/vmbcosmetics.ch\/\",\"name\":\"VMB Cosmetics Shop | Produkte f\u00fcr N\u00e4gel\",\"description\":\"Die besten Produkte f\u00fcr die N\u00e4gel finden Sie hier. Wir haben eine Vielzahl von Farben und Zubeh\u00f6r f\u00fcr Ihre N\u00e4gel.\",\"potentialAction\":[{\"@type\":\"SearchAction\",\"target\":{\"@type\":\"EntryPoint\",\"urlTemplate\":\"https:\/\/vmbcosmetics.ch\/?s={search_term_string}\"},\"query-input\":{\"@type\":\"PropertyValueSpecification\",\"valueRequired\":true,\"valueName\":\"search_term_string\"}}],\"inLanguage\":\"en-US\"}]}<\/script>\n<!-- \/ Yoast SEO plugin. -->","yoast_head_json":{"title":"Tungsten carbide burr T00424M0 - VMB Cosmetics Shop | Products for nails","robots":{"index":"index","follow":"follow","max-snippet":"max-snippet:-1","max-image-preview":"max-image-preview:large","max-video-preview":"max-video-preview:-1"},"canonical":"https:\/\/vmbcosmetics.ch\/en\/product\/tungsten-carbide-milling-cutter-t00424m0\/","og_locale":"en_US","og_type":"article","og_title":"Wolfram Karbid Fr\u00e4ser T00424M0 - VMB Cosmetics Shop | Produkte f\u00fcr N\u00e4gel","og_description":"Kurzbeschreibung: Name: Large barrel Bit Material: Wolframkarbid Verpackung: Jedes St\u00fcck in einem Kunststoffr\u00f6hrchen Farbe: Gold Gewicht: ca. 10g Gr\u00f6sse des Schaftes: 3\/32 \"Zoll Spannutgr\u00f6sse:\u00a0 6.6mm K\u00f6rnung:\u00a0 M   Die Fr\u00e4ser sind aus reinem, langlebigen, hochfesten Wolfram Stahl und f\u00fcr hohe Leistung und eine lange Lebensdauer ausgelegt.. Die Fr\u00e4ser verwenden um Acryl, hartes Gel, Kristall N\u00e4gel oder Nagelverl\u00e4ngerungen schnell und effizient vom Nagel zu entfernen..    Richtige Pflege Befolgen Sie diese Schritte, um Ihre Diamantbohrer zu reinigen und zu desinfizieren:  - Schritt 1 Reinigen Sie Ihre Diamantbohrer, um den Staub von der Oberfl\u00e4che zu entfernen, indem Sie sie mit einer kleinen Reinigungsb\u00fcrste reinigen.  - Schritt 2 Weichen Sie Ihre Bohrkronen in 75%igem Alkohol ein, um sie zu desinfizieren. ** Achten Sie darauf, dass Sie Ihre Bohrkronen nicht zu lange einweichen, da dies die sch\u00f6ne Beschichtung auf der Oberseite entfernen k\u00f6nnte! ** Verwenden Sie keine starken S\u00e4uren oder stark oxidierende Desinfektionsmittel.  - Schritt 3 Trocknen Sie Ihre Bohrer vollst\u00e4ndig und bewahren Sie sie auf.","og_url":"https:\/\/vmbcosmetics.ch\/en\/product\/tungsten-carbide-milling-cutter-t00424m0\/","og_site_name":"VMB Cosmetics Shop | Produkte f\u00fcr N\u00e4gel","article_modified_time":"2023-08-21T22:41:21+00:00","og_image":[{"width":383,"height":423,"url":"https:\/\/vmbcosmetics.ch\/wp-content\/uploads\/2023\/08\/T00424M0.png","type":"image\/png"}],"twitter_card":"summary_large_image","schema":{"@context":"https:\/\/schema.org","@graph":[{"@type":"WebPage","@id":"https:\/\/vmbcosmetics.ch\/produkt\/wolfram-karbid-fraeser-t00424m0\/","url":"https:\/\/vmbcosmetics.ch\/produkt\/wolfram-karbid-fraeser-t00424m0\/","name":"Tungsten carbide burr T00424M0 - VMB Cosmetics Shop | Products for nails","isPartOf":{"@id":"https:\/\/vmbcosmetics.ch\/#website"},"primaryImageOfPage":{"@id":"https:\/\/vmbcosmetics.ch\/produkt\/wolfram-karbid-fraeser-t00424m0\/#primaryimage"},"image":{"@id":"https:\/\/vmbcosmetics.ch\/produkt\/wolfram-karbid-fraeser-t00424m0\/#primaryimage"},"thumbnailUrl":"https:\/\/vmbcosmetics.ch\/wp-content\/uploads\/2023\/08\/T00424M0.png","datePublished":"2021-02-23T19:11:22+00:00","dateModified":"2023-08-21T22:41:21+00:00","breadcrumb":{"@id":"https:\/\/vmbcosmetics.ch\/produkt\/wolfram-karbid-fraeser-t00424m0\/#breadcrumb"},"inLanguage":"en-US","potentialAction":[{"@type":"ReadAction","target":["https:\/\/vmbcosmetics.ch\/produkt\/wolfram-karbid-fraeser-t00424m0\/"]}]},{"@type":"ImageObject","inLanguage":"en-US","@id":"https:\/\/vmbcosmetics.ch\/produkt\/wolfram-karbid-fraeser-t00424m0\/#primaryimage","url":"https:\/\/vmbcosmetics.ch\/wp-content\/uploads\/2023\/08\/T00424M0.png","contentUrl":"https:\/\/vmbcosmetics.ch\/wp-content\/uploads\/2023\/08\/T00424M0.png","width":383,"height":423},{"@type":"BreadcrumbList","@id":"https:\/\/vmbcosmetics.ch\/produkt\/wolfram-karbid-fraeser-t00424m0\/#breadcrumb","itemListElement":[{"@type":"ListItem","position":1,"name":"In\u00edcio","item":"https:\/\/vmbcosmetics.ch\/"},{"@type":"ListItem","position":2,"name":"Shop","item":"https:\/\/vmbcosmetics.ch\/shop\/"},{"@type":"ListItem","position":3,"name":"Wolfram Karbid Fr\u00e4ser T00424M0"}]},{"@type":"WebSite","@id":"https:\/\/vmbcosmetics.ch\/#website","url":"https:\/\/vmbcosmetics.ch\/","name":"VMB Cosmetics Shop | Products for nails","description":"You can find the best products for nails here. We have a variety of colors and accessories for your nails.","potentialAction":[{"@type":"SearchAction","target":{"@type":"EntryPoint","urlTemplate":"https:\/\/vmbcosmetics.ch\/?s={search_term_string}"},"query-input":{"@type":"PropertyValueSpecification","valueRequired":true,"valueName":"search_term_string"}}],"inLanguage":"en-US"}]}},"_links":{"self":[{"href":"http:\/\/vmbcosmetics.ch\/en\/wp-json\/wp\/v2\/product\/7062","targetHints":{"allow":["GET"]}}],"collection":[{"href":"http:\/\/vmbcosmetics.ch\/en\/wp-json\/wp\/v2\/product"}],"about":[{"href":"http:\/\/vmbcosmetics.ch\/en\/wp-json\/wp\/v2\/types\/product"}],"replies":[{"embeddable":true,"href":"http:\/\/vmbcosmetics.ch\/en\/wp-json\/wp\/v2\/comments?post=7062"}],"wp:featuredmedia":[{"embeddable":true,"href":"http:\/\/vmbcosmetics.ch\/en\/wp-json\/wp\/v2\/media\/14774"}],"wp:attachment":[{"href":"http:\/\/vmbcosmetics.ch\/en\/wp-json\/wp\/v2\/media?parent=7062"}],"wp:term":[{"taxonomy":"product_brand","embeddable":true,"href":"http:\/\/vmbcosmetics.ch\/en\/wp-json\/wp\/v2\/product_brand?post=7062"},{"taxonomy":"product_cat","embeddable":true,"href":"http:\/\/vmbcosmetics.ch\/en\/wp-json\/wp\/v2\/product_cat?post=7062"},{"taxonomy":"product_tag","embeddable":true,"href":"http:\/\/vmbcosmetics.ch\/en\/wp-json\/wp\/v2\/product_tag?post=7062"}],"curies":[{"name":"wp","href":"https:\/\/api.w.org\/{rel}","templated":true}]}}