{"id":7013,"date":"2021-02-14T16:06:09","date_gmt":"2021-02-14T16:06:09","guid":{"rendered":"https:\/\/vmbshop.ch\/?post_type=product&#038;p=7013"},"modified":"2023-08-21T22:41:05","modified_gmt":"2023-08-21T22:41:05","slug":"diamond-cutter-dd2076","status":"publish","type":"product","link":"http:\/\/vmbcosmetics.ch\/en\/product\/diamond-cutter-dd2076\/","title":{"rendered":"Diamond cutter DD2076"},"content":{"rendered":"","protected":false},"excerpt":{"rendered":"<div id=\"car-parts-model\"><strong>Short description<\/strong>:<br \/>\nType: nail drill<br \/>\nMaterial: stainless steel, diamond<br \/>\nPackaging: Each piece in a plastic tube<br \/>\nsilver<br \/>\nWeight: approx. 5g<br \/>\nShaft size: 3\/32 inch<\/div>\n<div>Size: 2.0*7.6mm<\/div>\n<div>Grain: M<\/div>\n<div><\/div>\n<div>The cutters are coated with long-lasting, friction-resistant polycrystalline diamonds, which are set on a stainless steel stick.<br \/>\nThe cutters can remove dead skin and calluses around nails quickly and efficiently. They can also be used for cuticle treatments.<\/div>\n<div><\/div>\n<div>\n<p><strong>Proper care<\/strong><br \/>\nFollow these steps to clean and disinfect your diamond drill bits:<\/p>\n<p>- Step 1<br \/>\nClean your diamond bits to remove dust from the surface by cleaning them with a small cleaning brush.<\/p>\n<p>- Step 2<br \/>\nSoak your drill bits in 75% alcohol to disinfect them.<br \/>\n** Be careful not to soak your drill bits for too long as this could remove the beautiful coating on the top!<br \/>\n**Do not use strong acids or strong oxidizing disinfectants.<\/p>\n<p>- Step 3<br \/>\nDry your drill bits completely and store them.<\/p>\n<\/div>","protected":false},"featured_media":14764,"comment_status":"closed","ping_status":"closed","template":"","meta":[],"product_brand":[],"product_cat":[138],"product_tag":[],"class_list":{"0":"post-7013","1":"product","2":"type-product","3":"status-publish","4":"has-post-thumbnail","6":"product_cat-fraeser-und-schleifer","8":"first","9":"instock","10":"taxable","11":"shipping-taxable","12":"purchasable","13":"product-type-simple"},"yoast_head":"<!-- This site is optimized with the Yoast SEO plugin v26.4 - https:\/\/yoast.com\/wordpress\/plugins\/seo\/ -->\n<title>Diamant Fr\u00e4ser DD2076 - VMB Cosmetics Shop | Produkte f\u00fcr N\u00e4gel<\/title>\n<meta name=\"robots\" content=\"index, follow, max-snippet:-1, max-image-preview:large, max-video-preview:-1\" \/>\n<link rel=\"canonical\" href=\"https:\/\/vmbcosmetics.ch\/en\/product\/diamond-cutter-dd2076\/\" \/>\n<meta property=\"og:locale\" content=\"en_US\" \/>\n<meta property=\"og:type\" content=\"article\" \/>\n<meta property=\"og:title\" content=\"Diamant Fr\u00e4ser DD2076 - VMB Cosmetics Shop | Produkte f\u00fcr N\u00e4gel\" \/>\n<meta property=\"og:description\" content=\"Kurzbeschreibung: Art: Nageldrill Material: Edelstahl, Diamant Verpackung: Jedes St\u00fcck in einem Kunststoffr\u00f6hrchen Farbe: Silber Gewicht: ca. 5g Gr\u00f6sse des Schaftes: 3\/32 &quot;Zoll Gr\u00f6sse:\u00a0 2.0*7.6mm K\u00f6rnung:\u00a0 M  Die Fr\u00e4ser sind mit langlebigen, reibungsbest\u00e4ndigen polykristallinen Diamanten beschichtet, welche auf einen Edelstahl-Stick gesetzt werden. Die Fr\u00e4ser k\u00f6nnen tote Haut und Schwielen um N\u00e4gel schnell und effizient entfernen. Sie k\u00f6nnen auch f\u00fcr Nagelhaut Behandlungen verwendet werden.    Richtige Pflege Befolgen Sie diese Schritte, um Ihre Diamantbohrer zu reinigen und zu desinfizieren:  - Schritt 1 Reinigen Sie Ihre Diamantbohrer, um den Staub von der Oberfl\u00e4che zu entfernen, indem Sie sie mit einer kleinen Reinigungsb\u00fcrste reinigen.  - Schritt 2 Weichen Sie Ihre Bohrkronen in 75%igem Alkohol ein, um sie zu desinfizieren. ** Achten Sie darauf, dass Sie Ihre Bohrkronen nicht zu lange einweichen, da dies die sch\u00f6ne Beschichtung auf der Oberseite entfernen k\u00f6nnte! ** Verwenden Sie keine starken S\u00e4uren oder stark oxidierende Desinfektionsmittel.  - Schritt 3 Trocknen Sie Ihre Bohrer vollst\u00e4ndig und bewahren Sie sie auf.\" \/>\n<meta property=\"og:url\" content=\"https:\/\/vmbcosmetics.ch\/en\/product\/diamond-cutter-dd2076\/\" \/>\n<meta property=\"og:site_name\" content=\"VMB Cosmetics Shop | Produkte f\u00fcr N\u00e4gel\" \/>\n<meta property=\"article:modified_time\" content=\"2023-08-21T22:41:05+00:00\" \/>\n<meta property=\"og:image\" content=\"https:\/\/vmbcosmetics.ch\/wp-content\/uploads\/2023\/08\/DD2076.png\" \/>\n\t<meta property=\"og:image:width\" content=\"384\" \/>\n\t<meta property=\"og:image:height\" content=\"485\" \/>\n\t<meta property=\"og:image:type\" content=\"image\/png\" \/>\n<meta name=\"twitter:card\" content=\"summary_large_image\" \/>\n<script type=\"application\/ld+json\" class=\"yoast-schema-graph\">{\"@context\":\"https:\/\/schema.org\",\"@graph\":[{\"@type\":\"WebPage\",\"@id\":\"https:\/\/vmbcosmetics.ch\/produkt\/diamant-fraeser-dd2076\/\",\"url\":\"https:\/\/vmbcosmetics.ch\/produkt\/diamant-fraeser-dd2076\/\",\"name\":\"Diamant Fr\u00e4ser DD2076 - VMB Cosmetics Shop | Produkte f\u00fcr N\u00e4gel\",\"isPartOf\":{\"@id\":\"https:\/\/vmbcosmetics.ch\/#website\"},\"primaryImageOfPage\":{\"@id\":\"https:\/\/vmbcosmetics.ch\/produkt\/diamant-fraeser-dd2076\/#primaryimage\"},\"image\":{\"@id\":\"https:\/\/vmbcosmetics.ch\/produkt\/diamant-fraeser-dd2076\/#primaryimage\"},\"thumbnailUrl\":\"https:\/\/vmbcosmetics.ch\/wp-content\/uploads\/2023\/08\/DD2076.png\",\"datePublished\":\"2021-02-14T16:06:09+00:00\",\"dateModified\":\"2023-08-21T22:41:05+00:00\",\"breadcrumb\":{\"@id\":\"https:\/\/vmbcosmetics.ch\/produkt\/diamant-fraeser-dd2076\/#breadcrumb\"},\"inLanguage\":\"en-US\",\"potentialAction\":[{\"@type\":\"ReadAction\",\"target\":[\"https:\/\/vmbcosmetics.ch\/produkt\/diamant-fraeser-dd2076\/\"]}]},{\"@type\":\"ImageObject\",\"inLanguage\":\"en-US\",\"@id\":\"https:\/\/vmbcosmetics.ch\/produkt\/diamant-fraeser-dd2076\/#primaryimage\",\"url\":\"https:\/\/vmbcosmetics.ch\/wp-content\/uploads\/2023\/08\/DD2076.png\",\"contentUrl\":\"https:\/\/vmbcosmetics.ch\/wp-content\/uploads\/2023\/08\/DD2076.png\",\"width\":384,\"height\":485},{\"@type\":\"BreadcrumbList\",\"@id\":\"https:\/\/vmbcosmetics.ch\/produkt\/diamant-fraeser-dd2076\/#breadcrumb\",\"itemListElement\":[{\"@type\":\"ListItem\",\"position\":1,\"name\":\"In\u00edcio\",\"item\":\"https:\/\/vmbcosmetics.ch\/\"},{\"@type\":\"ListItem\",\"position\":2,\"name\":\"Shop\",\"item\":\"https:\/\/vmbcosmetics.ch\/shop\/\"},{\"@type\":\"ListItem\",\"position\":3,\"name\":\"Diamant Fr\u00e4ser DD2076\"}]},{\"@type\":\"WebSite\",\"@id\":\"https:\/\/vmbcosmetics.ch\/#website\",\"url\":\"https:\/\/vmbcosmetics.ch\/\",\"name\":\"VMB Cosmetics Shop | Produkte f\u00fcr N\u00e4gel\",\"description\":\"Die besten Produkte f\u00fcr die N\u00e4gel finden Sie hier. Wir haben eine Vielzahl von Farben und Zubeh\u00f6r f\u00fcr Ihre N\u00e4gel.\",\"potentialAction\":[{\"@type\":\"SearchAction\",\"target\":{\"@type\":\"EntryPoint\",\"urlTemplate\":\"https:\/\/vmbcosmetics.ch\/?s={search_term_string}\"},\"query-input\":{\"@type\":\"PropertyValueSpecification\",\"valueRequired\":true,\"valueName\":\"search_term_string\"}}],\"inLanguage\":\"en-US\"}]}<\/script>\n<!-- \/ Yoast SEO plugin. -->","yoast_head_json":{"title":"Diamond cutter DD2076 - VMB Cosmetics Shop | Products for nails","robots":{"index":"index","follow":"follow","max-snippet":"max-snippet:-1","max-image-preview":"max-image-preview:large","max-video-preview":"max-video-preview:-1"},"canonical":"https:\/\/vmbcosmetics.ch\/en\/product\/diamond-cutter-dd2076\/","og_locale":"en_US","og_type":"article","og_title":"Diamant Fr\u00e4ser DD2076 - VMB Cosmetics Shop | Produkte f\u00fcr N\u00e4gel","og_description":"Kurzbeschreibung: Art: Nageldrill Material: Edelstahl, Diamant Verpackung: Jedes St\u00fcck in einem Kunststoffr\u00f6hrchen Farbe: Silber Gewicht: ca. 5g Gr\u00f6sse des Schaftes: 3\/32 \"Zoll Gr\u00f6sse:\u00a0 2.0*7.6mm K\u00f6rnung:\u00a0 M  Die Fr\u00e4ser sind mit langlebigen, reibungsbest\u00e4ndigen polykristallinen Diamanten beschichtet, welche auf einen Edelstahl-Stick gesetzt werden. Die Fr\u00e4ser k\u00f6nnen tote Haut und Schwielen um N\u00e4gel schnell und effizient entfernen. Sie k\u00f6nnen auch f\u00fcr Nagelhaut Behandlungen verwendet werden.    Richtige Pflege Befolgen Sie diese Schritte, um Ihre Diamantbohrer zu reinigen und zu desinfizieren:  - Schritt 1 Reinigen Sie Ihre Diamantbohrer, um den Staub von der Oberfl\u00e4che zu entfernen, indem Sie sie mit einer kleinen Reinigungsb\u00fcrste reinigen.  - Schritt 2 Weichen Sie Ihre Bohrkronen in 75%igem Alkohol ein, um sie zu desinfizieren. ** Achten Sie darauf, dass Sie Ihre Bohrkronen nicht zu lange einweichen, da dies die sch\u00f6ne Beschichtung auf der Oberseite entfernen k\u00f6nnte! ** Verwenden Sie keine starken S\u00e4uren oder stark oxidierende Desinfektionsmittel.  - Schritt 3 Trocknen Sie Ihre Bohrer vollst\u00e4ndig und bewahren Sie sie auf.","og_url":"https:\/\/vmbcosmetics.ch\/en\/product\/diamond-cutter-dd2076\/","og_site_name":"VMB Cosmetics Shop | Produkte f\u00fcr N\u00e4gel","article_modified_time":"2023-08-21T22:41:05+00:00","og_image":[{"width":384,"height":485,"url":"https:\/\/vmbcosmetics.ch\/wp-content\/uploads\/2023\/08\/DD2076.png","type":"image\/png"}],"twitter_card":"summary_large_image","schema":{"@context":"https:\/\/schema.org","@graph":[{"@type":"WebPage","@id":"https:\/\/vmbcosmetics.ch\/produkt\/diamant-fraeser-dd2076\/","url":"https:\/\/vmbcosmetics.ch\/produkt\/diamant-fraeser-dd2076\/","name":"Diamond cutter DD2076 - VMB Cosmetics Shop | Products for nails","isPartOf":{"@id":"https:\/\/vmbcosmetics.ch\/#website"},"primaryImageOfPage":{"@id":"https:\/\/vmbcosmetics.ch\/produkt\/diamant-fraeser-dd2076\/#primaryimage"},"image":{"@id":"https:\/\/vmbcosmetics.ch\/produkt\/diamant-fraeser-dd2076\/#primaryimage"},"thumbnailUrl":"https:\/\/vmbcosmetics.ch\/wp-content\/uploads\/2023\/08\/DD2076.png","datePublished":"2021-02-14T16:06:09+00:00","dateModified":"2023-08-21T22:41:05+00:00","breadcrumb":{"@id":"https:\/\/vmbcosmetics.ch\/produkt\/diamant-fraeser-dd2076\/#breadcrumb"},"inLanguage":"en-US","potentialAction":[{"@type":"ReadAction","target":["https:\/\/vmbcosmetics.ch\/produkt\/diamant-fraeser-dd2076\/"]}]},{"@type":"ImageObject","inLanguage":"en-US","@id":"https:\/\/vmbcosmetics.ch\/produkt\/diamant-fraeser-dd2076\/#primaryimage","url":"https:\/\/vmbcosmetics.ch\/wp-content\/uploads\/2023\/08\/DD2076.png","contentUrl":"https:\/\/vmbcosmetics.ch\/wp-content\/uploads\/2023\/08\/DD2076.png","width":384,"height":485},{"@type":"BreadcrumbList","@id":"https:\/\/vmbcosmetics.ch\/produkt\/diamant-fraeser-dd2076\/#breadcrumb","itemListElement":[{"@type":"ListItem","position":1,"name":"In\u00edcio","item":"https:\/\/vmbcosmetics.ch\/"},{"@type":"ListItem","position":2,"name":"Shop","item":"https:\/\/vmbcosmetics.ch\/shop\/"},{"@type":"ListItem","position":3,"name":"Diamant Fr\u00e4ser DD2076"}]},{"@type":"WebSite","@id":"https:\/\/vmbcosmetics.ch\/#website","url":"https:\/\/vmbcosmetics.ch\/","name":"VMB Cosmetics Shop | Products for nails","description":"You can find the best products for nails here. We have a variety of colors and accessories for your nails.","potentialAction":[{"@type":"SearchAction","target":{"@type":"EntryPoint","urlTemplate":"https:\/\/vmbcosmetics.ch\/?s={search_term_string}"},"query-input":{"@type":"PropertyValueSpecification","valueRequired":true,"valueName":"search_term_string"}}],"inLanguage":"en-US"}]}},"_links":{"self":[{"href":"http:\/\/vmbcosmetics.ch\/en\/wp-json\/wp\/v2\/product\/7013","targetHints":{"allow":["GET"]}}],"collection":[{"href":"http:\/\/vmbcosmetics.ch\/en\/wp-json\/wp\/v2\/product"}],"about":[{"href":"http:\/\/vmbcosmetics.ch\/en\/wp-json\/wp\/v2\/types\/product"}],"replies":[{"embeddable":true,"href":"http:\/\/vmbcosmetics.ch\/en\/wp-json\/wp\/v2\/comments?post=7013"}],"wp:featuredmedia":[{"embeddable":true,"href":"http:\/\/vmbcosmetics.ch\/en\/wp-json\/wp\/v2\/media\/14764"}],"wp:attachment":[{"href":"http:\/\/vmbcosmetics.ch\/en\/wp-json\/wp\/v2\/media?parent=7013"}],"wp:term":[{"taxonomy":"product_brand","embeddable":true,"href":"http:\/\/vmbcosmetics.ch\/en\/wp-json\/wp\/v2\/product_brand?post=7013"},{"taxonomy":"product_cat","embeddable":true,"href":"http:\/\/vmbcosmetics.ch\/en\/wp-json\/wp\/v2\/product_cat?post=7013"},{"taxonomy":"product_tag","embeddable":true,"href":"http:\/\/vmbcosmetics.ch\/en\/wp-json\/wp\/v2\/product_tag?post=7013"}],"curies":[{"name":"wp","href":"https:\/\/api.w.org\/{rel}","templated":true}]}}