{"id":4468,"date":"2020-05-05T08:38:57","date_gmt":"2020-05-05T08:38:57","guid":{"rendered":"https:\/\/vmbshop.ch\/?post_type=product&#038;p=4468"},"modified":"2023-09-13T21:33:57","modified_gmt":"2023-09-13T21:33:57","slug":"nail-cutter-golden-stz-j09","status":"publish","type":"product","link":"http:\/\/vmbcosmetics.ch\/en\/product\/nail-cutter-golden-stz-j09\/","title":{"rendered":"Nail cutter golden"},"content":{"rendered":"","protected":false},"excerpt":{"rendered":"<p>Professional cutting tip<\/p>\n<p>&nbsp;<\/p>\n<p>3\/32\u2033 shaft for electric nail machine<\/p>\n<p>&nbsp;<\/p>\n<p>Carbide tool for electric nail cutters<\/p>","protected":false},"featured_media":14473,"comment_status":"closed","ping_status":"closed","template":"","meta":[],"product_brand":[],"product_cat":[138],"product_tag":[],"class_list":{"0":"post-4468","1":"product","2":"type-product","3":"status-publish","4":"has-post-thumbnail","6":"product_cat-fraeser-und-schleifer","8":"first","9":"instock","10":"taxable","11":"shipping-taxable","12":"purchasable","13":"product-type-simple"},"yoast_head":"<!-- This site is optimized with the Yoast SEO plugin v26.4 - https:\/\/yoast.com\/wordpress\/plugins\/seo\/ -->\n<title>Nagelfr\u00e4ser goldig - VMB Cosmetics Shop | Produkte f\u00fcr N\u00e4gel<\/title>\n<meta name=\"robots\" content=\"index, follow, max-snippet:-1, max-image-preview:large, max-video-preview:-1\" \/>\n<link rel=\"canonical\" href=\"https:\/\/vmbcosmetics.ch\/en\/product\/nail-cutter-golden-stz-j09\/\" \/>\n<meta property=\"og:locale\" content=\"en_US\" \/>\n<meta property=\"og:type\" content=\"article\" \/>\n<meta property=\"og:title\" content=\"Nagelfr\u00e4ser goldig - VMB Cosmetics Shop | Produkte f\u00fcr N\u00e4gel\" \/>\n<meta property=\"og:description\" content=\"Professionelle Schneidspitze  &nbsp;  3\/32&quot; Schaft f\u00fcr elektrische Nagelmaschine  &nbsp;  Hartmetall Werkzeug f\u00fcr elektrische Nagelfr\u00e4ser\" \/>\n<meta property=\"og:url\" content=\"https:\/\/vmbcosmetics.ch\/en\/product\/nail-cutter-golden-stz-j09\/\" \/>\n<meta property=\"og:site_name\" content=\"VMB Cosmetics Shop | Produkte f\u00fcr N\u00e4gel\" \/>\n<meta property=\"article:modified_time\" content=\"2023-09-13T21:33:57+00:00\" \/>\n<meta property=\"og:image\" content=\"https:\/\/vmbcosmetics.ch\/wp-content\/uploads\/2023\/08\/AE-TRSTZ-J09.png\" \/>\n\t<meta property=\"og:image:width\" content=\"424\" \/>\n\t<meta property=\"og:image:height\" content=\"393\" \/>\n\t<meta property=\"og:image:type\" content=\"image\/png\" \/>\n<meta name=\"twitter:card\" content=\"summary_large_image\" \/>\n<script type=\"application\/ld+json\" class=\"yoast-schema-graph\">{\"@context\":\"https:\/\/schema.org\",\"@graph\":[{\"@type\":\"WebPage\",\"@id\":\"https:\/\/vmbcosmetics.ch\/produkt\/nagelfraeser-goldig-stz-j09\/\",\"url\":\"https:\/\/vmbcosmetics.ch\/produkt\/nagelfraeser-goldig-stz-j09\/\",\"name\":\"Nagelfr\u00e4ser goldig - VMB Cosmetics Shop | Produkte f\u00fcr N\u00e4gel\",\"isPartOf\":{\"@id\":\"https:\/\/vmbcosmetics.ch\/#website\"},\"primaryImageOfPage\":{\"@id\":\"https:\/\/vmbcosmetics.ch\/produkt\/nagelfraeser-goldig-stz-j09\/#primaryimage\"},\"image\":{\"@id\":\"https:\/\/vmbcosmetics.ch\/produkt\/nagelfraeser-goldig-stz-j09\/#primaryimage\"},\"thumbnailUrl\":\"https:\/\/vmbcosmetics.ch\/wp-content\/uploads\/2023\/08\/AE-TRSTZ-J09.png\",\"datePublished\":\"2020-05-05T08:38:57+00:00\",\"dateModified\":\"2023-09-13T21:33:57+00:00\",\"breadcrumb\":{\"@id\":\"https:\/\/vmbcosmetics.ch\/produkt\/nagelfraeser-goldig-stz-j09\/#breadcrumb\"},\"inLanguage\":\"en-US\",\"potentialAction\":[{\"@type\":\"ReadAction\",\"target\":[\"https:\/\/vmbcosmetics.ch\/produkt\/nagelfraeser-goldig-stz-j09\/\"]}]},{\"@type\":\"ImageObject\",\"inLanguage\":\"en-US\",\"@id\":\"https:\/\/vmbcosmetics.ch\/produkt\/nagelfraeser-goldig-stz-j09\/#primaryimage\",\"url\":\"https:\/\/vmbcosmetics.ch\/wp-content\/uploads\/2023\/08\/AE-TRSTZ-J09.png\",\"contentUrl\":\"https:\/\/vmbcosmetics.ch\/wp-content\/uploads\/2023\/08\/AE-TRSTZ-J09.png\",\"width\":424,\"height\":393},{\"@type\":\"BreadcrumbList\",\"@id\":\"https:\/\/vmbcosmetics.ch\/produkt\/nagelfraeser-goldig-stz-j09\/#breadcrumb\",\"itemListElement\":[{\"@type\":\"ListItem\",\"position\":1,\"name\":\"In\u00edcio\",\"item\":\"https:\/\/vmbcosmetics.ch\/\"},{\"@type\":\"ListItem\",\"position\":2,\"name\":\"Shop\",\"item\":\"https:\/\/vmbcosmetics.ch\/shop\/\"},{\"@type\":\"ListItem\",\"position\":3,\"name\":\"Nagelfr\u00e4ser goldig\"}]},{\"@type\":\"WebSite\",\"@id\":\"https:\/\/vmbcosmetics.ch\/#website\",\"url\":\"https:\/\/vmbcosmetics.ch\/\",\"name\":\"VMB Cosmetics Shop | Produkte f\u00fcr N\u00e4gel\",\"description\":\"Die besten Produkte f\u00fcr die N\u00e4gel finden Sie hier. Wir haben eine Vielzahl von Farben und Zubeh\u00f6r f\u00fcr Ihre N\u00e4gel.\",\"potentialAction\":[{\"@type\":\"SearchAction\",\"target\":{\"@type\":\"EntryPoint\",\"urlTemplate\":\"https:\/\/vmbcosmetics.ch\/?s={search_term_string}\"},\"query-input\":{\"@type\":\"PropertyValueSpecification\",\"valueRequired\":true,\"valueName\":\"search_term_string\"}}],\"inLanguage\":\"en-US\"}]}<\/script>\n<!-- \/ Yoast SEO plugin. -->","yoast_head_json":{"title":"Nail cutters golden - VMB Cosmetics Shop | Products for nails","robots":{"index":"index","follow":"follow","max-snippet":"max-snippet:-1","max-image-preview":"max-image-preview:large","max-video-preview":"max-video-preview:-1"},"canonical":"https:\/\/vmbcosmetics.ch\/en\/product\/nail-cutter-golden-stz-j09\/","og_locale":"en_US","og_type":"article","og_title":"Nagelfr\u00e4ser goldig - VMB Cosmetics Shop | Produkte f\u00fcr N\u00e4gel","og_description":"Professionelle Schneidspitze  &nbsp;  3\/32\" Schaft f\u00fcr elektrische Nagelmaschine  &nbsp;  Hartmetall Werkzeug f\u00fcr elektrische Nagelfr\u00e4ser","og_url":"https:\/\/vmbcosmetics.ch\/en\/product\/nail-cutter-golden-stz-j09\/","og_site_name":"VMB Cosmetics Shop | Produkte f\u00fcr N\u00e4gel","article_modified_time":"2023-09-13T21:33:57+00:00","og_image":[{"width":424,"height":393,"url":"https:\/\/vmbcosmetics.ch\/wp-content\/uploads\/2023\/08\/AE-TRSTZ-J09.png","type":"image\/png"}],"twitter_card":"summary_large_image","schema":{"@context":"https:\/\/schema.org","@graph":[{"@type":"WebPage","@id":"https:\/\/vmbcosmetics.ch\/produkt\/nagelfraeser-goldig-stz-j09\/","url":"https:\/\/vmbcosmetics.ch\/produkt\/nagelfraeser-goldig-stz-j09\/","name":"Nail cutters golden - VMB Cosmetics Shop | Products for nails","isPartOf":{"@id":"https:\/\/vmbcosmetics.ch\/#website"},"primaryImageOfPage":{"@id":"https:\/\/vmbcosmetics.ch\/produkt\/nagelfraeser-goldig-stz-j09\/#primaryimage"},"image":{"@id":"https:\/\/vmbcosmetics.ch\/produkt\/nagelfraeser-goldig-stz-j09\/#primaryimage"},"thumbnailUrl":"https:\/\/vmbcosmetics.ch\/wp-content\/uploads\/2023\/08\/AE-TRSTZ-J09.png","datePublished":"2020-05-05T08:38:57+00:00","dateModified":"2023-09-13T21:33:57+00:00","breadcrumb":{"@id":"https:\/\/vmbcosmetics.ch\/produkt\/nagelfraeser-goldig-stz-j09\/#breadcrumb"},"inLanguage":"en-US","potentialAction":[{"@type":"ReadAction","target":["https:\/\/vmbcosmetics.ch\/produkt\/nagelfraeser-goldig-stz-j09\/"]}]},{"@type":"ImageObject","inLanguage":"en-US","@id":"https:\/\/vmbcosmetics.ch\/produkt\/nagelfraeser-goldig-stz-j09\/#primaryimage","url":"https:\/\/vmbcosmetics.ch\/wp-content\/uploads\/2023\/08\/AE-TRSTZ-J09.png","contentUrl":"https:\/\/vmbcosmetics.ch\/wp-content\/uploads\/2023\/08\/AE-TRSTZ-J09.png","width":424,"height":393},{"@type":"BreadcrumbList","@id":"https:\/\/vmbcosmetics.ch\/produkt\/nagelfraeser-goldig-stz-j09\/#breadcrumb","itemListElement":[{"@type":"ListItem","position":1,"name":"In\u00edcio","item":"https:\/\/vmbcosmetics.ch\/"},{"@type":"ListItem","position":2,"name":"Shop","item":"https:\/\/vmbcosmetics.ch\/shop\/"},{"@type":"ListItem","position":3,"name":"Nagelfr\u00e4ser goldig"}]},{"@type":"WebSite","@id":"https:\/\/vmbcosmetics.ch\/#website","url":"https:\/\/vmbcosmetics.ch\/","name":"VMB Cosmetics Shop | Products for nails","description":"You can find the best products for nails here. We have a variety of colors and accessories for your nails.","potentialAction":[{"@type":"SearchAction","target":{"@type":"EntryPoint","urlTemplate":"https:\/\/vmbcosmetics.ch\/?s={search_term_string}"},"query-input":{"@type":"PropertyValueSpecification","valueRequired":true,"valueName":"search_term_string"}}],"inLanguage":"en-US"}]}},"_links":{"self":[{"href":"http:\/\/vmbcosmetics.ch\/en\/wp-json\/wp\/v2\/product\/4468","targetHints":{"allow":["GET"]}}],"collection":[{"href":"http:\/\/vmbcosmetics.ch\/en\/wp-json\/wp\/v2\/product"}],"about":[{"href":"http:\/\/vmbcosmetics.ch\/en\/wp-json\/wp\/v2\/types\/product"}],"replies":[{"embeddable":true,"href":"http:\/\/vmbcosmetics.ch\/en\/wp-json\/wp\/v2\/comments?post=4468"}],"wp:featuredmedia":[{"embeddable":true,"href":"http:\/\/vmbcosmetics.ch\/en\/wp-json\/wp\/v2\/media\/14473"}],"wp:attachment":[{"href":"http:\/\/vmbcosmetics.ch\/en\/wp-json\/wp\/v2\/media?parent=4468"}],"wp:term":[{"taxonomy":"product_brand","embeddable":true,"href":"http:\/\/vmbcosmetics.ch\/en\/wp-json\/wp\/v2\/product_brand?post=4468"},{"taxonomy":"product_cat","embeddable":true,"href":"http:\/\/vmbcosmetics.ch\/en\/wp-json\/wp\/v2\/product_cat?post=4468"},{"taxonomy":"product_tag","embeddable":true,"href":"http:\/\/vmbcosmetics.ch\/en\/wp-json\/wp\/v2\/product_tag?post=4468"}],"curies":[{"name":"wp","href":"https:\/\/api.w.org\/{rel}","templated":true}]}}