{"id":4420,"date":"2020-05-05T08:38:50","date_gmt":"2020-05-05T08:38:50","guid":{"rendered":"https:\/\/vmbshop.ch\/?post_type=product&#038;p=4420"},"modified":"2023-09-11T21:13:34","modified_gmt":"2023-09-11T21:13:34","slug":"small-dusting-brush","status":"publish","type":"product","link":"http:\/\/vmbcosmetics.ch\/en\/product\/small-dusting-brush\/","title":{"rendered":"Small dust brush"},"content":{"rendered":"","protected":false},"excerpt":{"rendered":"<p>New UV Nail Art Dust Powder Brush<\/p>\n<p>&nbsp;<\/p>\n<p>Material: Acylic Nylon Brush<\/p>\n<p>Diameter 2.2 cm, length 11 cm,<\/p>\n<p>Ergonomically designed, easy to use.<\/p>\n<p>Best effect, clean with peeling cream.<\/p>\n<p>Easily remove dust particles while applying nail polish.<\/p>\n<p>Nylon wool is soft and skin-friendly. You can also try them on your face and palms.<\/p>\n<p>Blush brush can also be used.<\/p>\n<p>Colors: Red, Pink, Green, Orange, Purple (Random Color)<\/p>","protected":false},"featured_media":14427,"comment_status":"closed","ping_status":"closed","template":"","meta":[],"product_brand":[],"product_cat":[132],"product_tag":[],"class_list":{"0":"post-4420","1":"product","2":"type-product","3":"status-publish","4":"has-post-thumbnail","6":"product_cat-pinsel-und-buersten","8":"first","9":"instock","10":"taxable","11":"shipping-taxable","12":"purchasable","13":"product-type-simple"},"yoast_head":"<!-- This site is optimized with the Yoast SEO plugin v26.4 - https:\/\/yoast.com\/wordpress\/plugins\/seo\/ -->\n<title>Kleiner Staubpinsel - VMB Cosmetics Shop | Produkte f\u00fcr N\u00e4gel<\/title>\n<meta name=\"robots\" content=\"index, follow, max-snippet:-1, max-image-preview:large, max-video-preview:-1\" \/>\n<link rel=\"canonical\" href=\"https:\/\/vmbcosmetics.ch\/en\/product\/small-dusting-brush\/\" \/>\n<meta property=\"og:locale\" content=\"en_US\" \/>\n<meta property=\"og:type\" content=\"article\" \/>\n<meta property=\"og:title\" content=\"Kleiner Staubpinsel - VMB Cosmetics Shop | Produkte f\u00fcr N\u00e4gel\" \/>\n<meta property=\"og:description\" content=\"Neuer UV Nail Art Staubpulver Pinsel  &nbsp;  Material: Acylic Nylon Brush  Durchmesser 2,2 cm, L\u00e4nge 11 cm,  Ergonomisch gestaltet, einfach zu bedienen.  Beste Wirkung, mit Peelingcreme reinigen.  Entfernen Sie die Staubpartikel leicht w\u00e4hrend dem Auftragen des Nagellacks.  Nylonwolle ist weich und hautfreundlich. Sie k\u00f6nnen sie auch im Gesicht und auf den Handfl\u00e4chen ausprobieren.  Rougepinsel kann auch verwendet werden.  Farben: Rot, Pink, Gr\u00fcn, Orange, Lila (zuf\u00e4llige Farbe)\" \/>\n<meta property=\"og:url\" content=\"https:\/\/vmbcosmetics.ch\/en\/product\/small-dusting-brush\/\" \/>\n<meta property=\"og:site_name\" content=\"VMB Cosmetics Shop | Produkte f\u00fcr N\u00e4gel\" \/>\n<meta property=\"article:modified_time\" content=\"2023-09-11T21:13:34+00:00\" \/>\n<meta property=\"og:image\" content=\"https:\/\/vmbcosmetics.ch\/wp-content\/uploads\/2023\/08\/pincel_po_pequeno.jpg\" \/>\n\t<meta property=\"og:image:width\" content=\"1115\" \/>\n\t<meta property=\"og:image:height\" content=\"1042\" \/>\n\t<meta property=\"og:image:type\" content=\"image\/jpeg\" \/>\n<meta name=\"twitter:card\" content=\"summary_large_image\" \/>\n<script type=\"application\/ld+json\" class=\"yoast-schema-graph\">{\"@context\":\"https:\/\/schema.org\",\"@graph\":[{\"@type\":\"WebPage\",\"@id\":\"https:\/\/vmbcosmetics.ch\/produkt\/kleiner-staubpinsel\/\",\"url\":\"https:\/\/vmbcosmetics.ch\/produkt\/kleiner-staubpinsel\/\",\"name\":\"Kleiner Staubpinsel - VMB Cosmetics Shop | Produkte f\u00fcr N\u00e4gel\",\"isPartOf\":{\"@id\":\"https:\/\/vmbcosmetics.ch\/#website\"},\"primaryImageOfPage\":{\"@id\":\"https:\/\/vmbcosmetics.ch\/produkt\/kleiner-staubpinsel\/#primaryimage\"},\"image\":{\"@id\":\"https:\/\/vmbcosmetics.ch\/produkt\/kleiner-staubpinsel\/#primaryimage\"},\"thumbnailUrl\":\"https:\/\/vmbcosmetics.ch\/wp-content\/uploads\/2023\/08\/pincel_po_pequeno.jpg\",\"datePublished\":\"2020-05-05T08:38:50+00:00\",\"dateModified\":\"2023-09-11T21:13:34+00:00\",\"breadcrumb\":{\"@id\":\"https:\/\/vmbcosmetics.ch\/produkt\/kleiner-staubpinsel\/#breadcrumb\"},\"inLanguage\":\"en-US\",\"potentialAction\":[{\"@type\":\"ReadAction\",\"target\":[\"https:\/\/vmbcosmetics.ch\/produkt\/kleiner-staubpinsel\/\"]}]},{\"@type\":\"ImageObject\",\"inLanguage\":\"en-US\",\"@id\":\"https:\/\/vmbcosmetics.ch\/produkt\/kleiner-staubpinsel\/#primaryimage\",\"url\":\"https:\/\/vmbcosmetics.ch\/wp-content\/uploads\/2023\/08\/pincel_po_pequeno.jpg\",\"contentUrl\":\"https:\/\/vmbcosmetics.ch\/wp-content\/uploads\/2023\/08\/pincel_po_pequeno.jpg\",\"width\":1115,\"height\":1042},{\"@type\":\"BreadcrumbList\",\"@id\":\"https:\/\/vmbcosmetics.ch\/produkt\/kleiner-staubpinsel\/#breadcrumb\",\"itemListElement\":[{\"@type\":\"ListItem\",\"position\":1,\"name\":\"In\u00edcio\",\"item\":\"https:\/\/vmbcosmetics.ch\/\"},{\"@type\":\"ListItem\",\"position\":2,\"name\":\"Shop\",\"item\":\"https:\/\/vmbcosmetics.ch\/shop\/\"},{\"@type\":\"ListItem\",\"position\":3,\"name\":\"Kleiner Staubpinsel\"}]},{\"@type\":\"WebSite\",\"@id\":\"https:\/\/vmbcosmetics.ch\/#website\",\"url\":\"https:\/\/vmbcosmetics.ch\/\",\"name\":\"VMB Cosmetics Shop | Produkte f\u00fcr N\u00e4gel\",\"description\":\"Die besten Produkte f\u00fcr die N\u00e4gel finden Sie hier. Wir haben eine Vielzahl von Farben und Zubeh\u00f6r f\u00fcr Ihre N\u00e4gel.\",\"potentialAction\":[{\"@type\":\"SearchAction\",\"target\":{\"@type\":\"EntryPoint\",\"urlTemplate\":\"https:\/\/vmbcosmetics.ch\/?s={search_term_string}\"},\"query-input\":{\"@type\":\"PropertyValueSpecification\",\"valueRequired\":true,\"valueName\":\"search_term_string\"}}],\"inLanguage\":\"en-US\"}]}<\/script>\n<!-- \/ Yoast SEO plugin. -->","yoast_head_json":{"title":"Small dusting brush - VMB Cosmetics Shop | Products for nails","robots":{"index":"index","follow":"follow","max-snippet":"max-snippet:-1","max-image-preview":"max-image-preview:large","max-video-preview":"max-video-preview:-1"},"canonical":"https:\/\/vmbcosmetics.ch\/en\/product\/small-dusting-brush\/","og_locale":"en_US","og_type":"article","og_title":"Kleiner Staubpinsel - VMB Cosmetics Shop | Produkte f\u00fcr N\u00e4gel","og_description":"Neuer UV Nail Art Staubpulver Pinsel  &nbsp;  Material: Acylic Nylon Brush  Durchmesser 2,2 cm, L\u00e4nge 11 cm,  Ergonomisch gestaltet, einfach zu bedienen.  Beste Wirkung, mit Peelingcreme reinigen.  Entfernen Sie die Staubpartikel leicht w\u00e4hrend dem Auftragen des Nagellacks.  Nylonwolle ist weich und hautfreundlich. Sie k\u00f6nnen sie auch im Gesicht und auf den Handfl\u00e4chen ausprobieren.  Rougepinsel kann auch verwendet werden.  Farben: Rot, Pink, Gr\u00fcn, Orange, Lila (zuf\u00e4llige Farbe)","og_url":"https:\/\/vmbcosmetics.ch\/en\/product\/small-dusting-brush\/","og_site_name":"VMB Cosmetics Shop | Produkte f\u00fcr N\u00e4gel","article_modified_time":"2023-09-11T21:13:34+00:00","og_image":[{"width":1115,"height":1042,"url":"https:\/\/vmbcosmetics.ch\/wp-content\/uploads\/2023\/08\/pincel_po_pequeno.jpg","type":"image\/jpeg"}],"twitter_card":"summary_large_image","schema":{"@context":"https:\/\/schema.org","@graph":[{"@type":"WebPage","@id":"https:\/\/vmbcosmetics.ch\/produkt\/kleiner-staubpinsel\/","url":"https:\/\/vmbcosmetics.ch\/produkt\/kleiner-staubpinsel\/","name":"Small dusting brush - VMB Cosmetics Shop | Products for nails","isPartOf":{"@id":"https:\/\/vmbcosmetics.ch\/#website"},"primaryImageOfPage":{"@id":"https:\/\/vmbcosmetics.ch\/produkt\/kleiner-staubpinsel\/#primaryimage"},"image":{"@id":"https:\/\/vmbcosmetics.ch\/produkt\/kleiner-staubpinsel\/#primaryimage"},"thumbnailUrl":"https:\/\/vmbcosmetics.ch\/wp-content\/uploads\/2023\/08\/pincel_po_pequeno.jpg","datePublished":"2020-05-05T08:38:50+00:00","dateModified":"2023-09-11T21:13:34+00:00","breadcrumb":{"@id":"https:\/\/vmbcosmetics.ch\/produkt\/kleiner-staubpinsel\/#breadcrumb"},"inLanguage":"en-US","potentialAction":[{"@type":"ReadAction","target":["https:\/\/vmbcosmetics.ch\/produkt\/kleiner-staubpinsel\/"]}]},{"@type":"ImageObject","inLanguage":"en-US","@id":"https:\/\/vmbcosmetics.ch\/produkt\/kleiner-staubpinsel\/#primaryimage","url":"https:\/\/vmbcosmetics.ch\/wp-content\/uploads\/2023\/08\/pincel_po_pequeno.jpg","contentUrl":"https:\/\/vmbcosmetics.ch\/wp-content\/uploads\/2023\/08\/pincel_po_pequeno.jpg","width":1115,"height":1042},{"@type":"BreadcrumbList","@id":"https:\/\/vmbcosmetics.ch\/produkt\/kleiner-staubpinsel\/#breadcrumb","itemListElement":[{"@type":"ListItem","position":1,"name":"In\u00edcio","item":"https:\/\/vmbcosmetics.ch\/"},{"@type":"ListItem","position":2,"name":"Shop","item":"https:\/\/vmbcosmetics.ch\/shop\/"},{"@type":"ListItem","position":3,"name":"Kleiner Staubpinsel"}]},{"@type":"WebSite","@id":"https:\/\/vmbcosmetics.ch\/#website","url":"https:\/\/vmbcosmetics.ch\/","name":"VMB Cosmetics Shop | Products for nails","description":"You can find the best products for nails here. We have a variety of colors and accessories for your nails.","potentialAction":[{"@type":"SearchAction","target":{"@type":"EntryPoint","urlTemplate":"https:\/\/vmbcosmetics.ch\/?s={search_term_string}"},"query-input":{"@type":"PropertyValueSpecification","valueRequired":true,"valueName":"search_term_string"}}],"inLanguage":"en-US"}]}},"_links":{"self":[{"href":"http:\/\/vmbcosmetics.ch\/en\/wp-json\/wp\/v2\/product\/4420","targetHints":{"allow":["GET"]}}],"collection":[{"href":"http:\/\/vmbcosmetics.ch\/en\/wp-json\/wp\/v2\/product"}],"about":[{"href":"http:\/\/vmbcosmetics.ch\/en\/wp-json\/wp\/v2\/types\/product"}],"replies":[{"embeddable":true,"href":"http:\/\/vmbcosmetics.ch\/en\/wp-json\/wp\/v2\/comments?post=4420"}],"wp:featuredmedia":[{"embeddable":true,"href":"http:\/\/vmbcosmetics.ch\/en\/wp-json\/wp\/v2\/media\/14427"}],"wp:attachment":[{"href":"http:\/\/vmbcosmetics.ch\/en\/wp-json\/wp\/v2\/media?parent=4420"}],"wp:term":[{"taxonomy":"product_brand","embeddable":true,"href":"http:\/\/vmbcosmetics.ch\/en\/wp-json\/wp\/v2\/product_brand?post=4420"},{"taxonomy":"product_cat","embeddable":true,"href":"http:\/\/vmbcosmetics.ch\/en\/wp-json\/wp\/v2\/product_cat?post=4420"},{"taxonomy":"product_tag","embeddable":true,"href":"http:\/\/vmbcosmetics.ch\/en\/wp-json\/wp\/v2\/product_tag?post=4420"}],"curies":[{"name":"wp","href":"https:\/\/api.w.org\/{rel}","templated":true}]}}